{"id":4033,"date":"2025-10-16T09:47:45","date_gmt":"2025-10-16T06:47:45","guid":{"rendered":"https:\/\/tammetorubbq.ee\/?post_type=product&#038;p=4033"},"modified":"2026-04-17T02:00:01","modified_gmt":"2026-04-16T23:00:01","slug":"ninja-foodi-3in1-tehosekoitin-kasimixer-silppuri-silppuri","status":"publish","type":"product","link":"https:\/\/tammetorubbq.ee\/fi\/product-2\/ninja-foodi-3in1-tehosekoitin-kasimixer-silppuri-silppuri\/","title":{"rendered":"Ninja Foodi 3in1 - sekoitin, sauvasekoitin, leikkuri"},"content":{"rendered":"<table class=\"woocommerce-product-attributes shop_attributes\" aria-label=\"Tuotteen tiedot\">\n<tbody>\n<tr class=\"woocommerce-product-attributes-item woocommerce-product-attributes-item--weight\">\n<th class=\"woocommerce-product-attributes-item__label\" style=\"text-align: left;\" scope=\"row\">Paino<\/th>\n<td class=\"woocommerce-product-attributes-item__value\">2 kg<\/td>\n<\/tr>\n<tr class=\"woocommerce-product-attributes-item woocommerce-product-attributes-item--dimensions\">\n<th class=\"woocommerce-product-attributes-item__label\" scope=\"row\">Mitat<\/th>\n<td class=\"woocommerce-product-attributes-item__value\">30 \u00d7 41 \u00d7 27 cm<\/td>\n<\/tr>\n<\/tbody>\n<\/table>\n<p>&nbsp;<\/p>\n<p data-start=\"112\" data-end=\"348\"><strong data-start=\"112\" data-end=\"121\">Ninja<\/strong>\u00a0<strong>tavaramerkki<\/strong>\u00a0on tunnettu yhdysvaltalainen kodinkonemerkki, jonka omistaa yhti\u00f6\u00a0<strong data-start=\"187\" data-end=\"201\">SharkNinja<\/strong>. Tuotemerkki\u00e4 arvostetaan sen\u00a0<strong data-start=\"225\" data-end=\"269\">\u00e4lykk\u00e4it\u00e4 ja k\u00e4ytt\u00e4j\u00e4yst\u00e4v\u00e4llisi\u00e4 ratkaisuja.<\/strong>\u00a0jotka tekev\u00e4t jokap\u00e4iv\u00e4isest\u00e4 ruoanlaitosta helpompaa ja tehokkaampaa.<\/p>\n<p data-start=\"350\" data-end=\"651\">Ninja-sarjaan kuuluu\u00a0<strong data-start=\"380\" data-end=\"434\">tehosekoittimet, ruoank\u00e4sittelykoneet, friteerauskoneet, monitoimikeittimet.<\/strong>\u00a0ja yh\u00e4 useammin my\u00f6s\u00a0<strong data-start=\"452\" data-end=\"474\">ulkokeitti\u00f6laitteet<\/strong>. Kaikki tuotteet on suunniteltu yhdist\u00e4m\u00e4\u00e4n\u00a0<strong data-start=\"507\" data-end=\"564\">toiminnallisuus, luotettavuus ja innovatiivinen suunnittelu<\/strong>tarjota paras ty\u00f6kalu jokaiseen keitti\u00f6\u00f6n - kotona ja ammattikeitti\u00f6ss\u00e4.<\/p>","protected":false},"excerpt":{"rendered":"<p data-start=\"134\" data-end=\"513\"><strong data-start=\"134\" data-end=\"210\">Yksi laite, kolme toimintoa - leikkaa, sekoita ja vatkaa kuin ammattilainen.<\/strong><\/p>\n<p data-start=\"134\" data-end=\"513\">Ninja Food 3-in-1 -ruoanvalmistusj\u00e4rjestelm\u00e4 yhdist\u00e4\u00e4 yhdess\u00e4 kompaktissa laitteessa. <strong data-start=\"281\" data-end=\"319\">sekoitin, sauvasekoitin ja hakkuri<\/strong>, joka tarjoaa kaiken tarvittavan ruoan valmistamiseen nopeasti ja tehokkaasti. Smart <strong data-start=\"402\" data-end=\"415\">PowerBase<\/strong> tunnistaa automaattisesti, mit\u00e4 lis\u00e4varustetta k\u00e4yt\u00e4t, ja s\u00e4\u00e4t\u00e4\u00e4 nopeuden teht\u00e4v\u00e4n mukaan.<\/p>\n<h4 data-start=\"520\" data-end=\"546\"><strong data-start=\"525\" data-end=\"546\">T\u00e4rkeimm\u00e4t ominaisuudet<\/strong><\/h4>\n<ul data-start=\"547\" data-end=\"916\">\n<li data-start=\"547\" data-end=\"611\">\n<p data-start=\"549\" data-end=\"611\"><strong data-start=\"549\" data-end=\"576\">3-in-one-toiminnallisuus:<\/strong> sekoitin, sauvasekoitin ja hakkuri<\/p>\n<\/li>\n<li data-start=\"612\" data-end=\"696\">\n<p data-start=\"614\" data-end=\"696\"><strong data-start=\"614\" data-end=\"639\">POWERBASE-tekniikka<\/strong> - tunnistaa lis\u00e4varusteet ja s\u00e4\u00e4t\u00e4\u00e4 nopeutta automaattisesti<\/p>\n<\/li>\n<li data-start=\"697\" data-end=\"781\">\n<p data-start=\"699\" data-end=\"781\"><strong data-start=\"699\" data-end=\"721\">SmartTorque-moottori<\/strong> - sekoittaa jopa paksut ja raskaat ruoat ongelmitta<\/p>\n<\/li>\n<li data-start=\"782\" data-end=\"851\">\n<p data-start=\"784\" data-end=\"851\"><strong data-start=\"784\" data-end=\"808\">S\u00e4\u00e4dett\u00e4v\u00e4 nopeus:<\/strong> 2 sekoitusnopeutta ja 5 sekoitustapaa<\/p>\n<\/li>\n<li data-start=\"852\" data-end=\"916\">\n<p data-start=\"854\" data-end=\"916\"><strong data-start=\"854\" data-end=\"888\">Astianpesukoneessa pest\u00e4v\u00e4t osat<\/strong> - helppo ja nopea huolto<\/p>\n<\/li>\n<\/ul>\n<h4 data-start=\"923\" data-end=\"942\"><strong data-start=\"928\" data-end=\"942\">Toimittaa<\/strong><\/h4>\n<ul data-start=\"943\" data-end=\"1191\">\n<li data-start=\"943\" data-end=\"1021\">\n<p data-start=\"945\" data-end=\"1021\"><strong data-start=\"945\" data-end=\"958\">Muller<\/strong> ruostumattomasta ter\u00e4ksest\u00e4 valmistetulla suuttimella silkkisi\u00e4 keittoja ja soseja varten<\/p>\n<\/li>\n<li data-start=\"1022\" data-end=\"1107\">\n<p data-start=\"1024\" data-end=\"1107\"><strong data-start=\"1024\" data-end=\"1038\">Sauvasekoitin<\/strong> 2 vatkainta ja vispil\u00e4 - sopii taikinoille, munille ja kermavaahdolle.<\/p>\n<\/li>\n<li data-start=\"1108\" data-end=\"1191\">\n<p data-start=\"1110\" data-end=\"1191\"><strong data-start=\"1110\" data-end=\"1121\">Hakija<\/strong> 700 ml:n kulho ja s\u00e4ilytyskansi - nopeaan ja tasaiseen tulokseen.<\/p>\n<\/li>\n<\/ul>\n<h4 data-start=\"1198\" data-end=\"1224\"><strong data-start=\"1203\" data-end=\"1224\">Tekniset tiedot<\/strong><\/h4>\n<ul data-start=\"1225\" data-end=\"1421\">\n<li data-start=\"1225\" data-end=\"1247\">\n<p data-start=\"1227\" data-end=\"1247\">Teho: <strong data-start=\"1236\" data-end=\"1245\">850 W<\/strong><\/p>\n<\/li>\n<li data-start=\"1248\" data-end=\"1288\">\n<p data-start=\"1250\" data-end=\"1288\">Suurin nopeus: <strong data-start=\"1270\" data-end=\"1286\">15 500 rpm<\/strong><\/p>\n<\/li>\n<li data-start=\"1289\" data-end=\"1324\">\n<p data-start=\"1291\" data-end=\"1324\">Nopeuksien m\u00e4\u00e4r\u00e4: <strong data-start=\"1305\" data-end=\"1322\">2 + turbokeitto<\/strong><\/p>\n<\/li>\n<li data-start=\"1325\" data-end=\"1358\">\n<p data-start=\"1327\" data-end=\"1358\">Virtajohdon pituus: <strong data-start=\"1347\" data-end=\"1356\">1,5 m<\/strong><\/p>\n<\/li>\n<li data-start=\"1359\" data-end=\"1402\">\n<p data-start=\"1361\" data-end=\"1402\">Materiaali: <strong data-start=\"1371\" data-end=\"1400\">ruostumaton ter\u00e4s ja muovi<\/strong><\/p>\n<\/li>\n<li data-start=\"1403\" data-end=\"1421\">\n<p data-start=\"1405\" data-end=\"1421\">V\u00e4ri: <strong data-start=\"1411\" data-end=\"1419\">on<\/strong><\/p>\n<\/li>\n<\/ul>\n<h4 data-start=\"1428\" data-end=\"1445\"><strong data-start=\"1433\" data-end=\"1445\">Lis\u00e4tietoja<\/strong><\/h4>\n<ul data-start=\"1446\" data-end=\"1673\">\n<li data-start=\"1446\" data-end=\"1517\">\n<p data-start=\"1448\" data-end=\"1517\">Toiminnot: murskaaminen, taikinan sekoittaminen, vatkaaminen ja sekoittaminen.<\/p>\n<\/li>\n<li data-start=\"1518\" data-end=\"1577\">\n<p data-start=\"1520\" data-end=\"1577\">Kaikki irrotettavat osat ovat <strong data-start=\"1546\" data-end=\"1575\">astianpesukoneen kest\u00e4v\u00e4<\/strong><\/p>\n<\/li>\n<li data-start=\"1578\" data-end=\"1673\">\n<p data-start=\"1580\" data-end=\"1673\">Ihanteellinen jokap\u00e4iv\u00e4iseen ruoanlaittoon sek\u00e4 monimutkaisempien ruokien valmistukseen.<\/p>\n<\/li>\n<\/ul>\n<p><img loading=\"lazy\" decoding=\"async\" class=\"wp-image-3980\" src=\"http:\/\/tammetorubbq.ee\/wp-content\/uploads\/2025\/10\/Ninja-logo-300x300.webp\" alt=\"Ninja-logo\" width=\"180\" height=\"180\" srcset=\"https:\/\/tammetorubbq.ee\/wp-content\/uploads\/2025\/10\/Ninja-logo-300x300.webp 300w, https:\/\/tammetorubbq.ee\/wp-content\/uploads\/2025\/10\/Ninja-logo-150x150.webp 150w, https:\/\/tammetorubbq.ee\/wp-content\/uploads\/2025\/10\/Ninja-logo-12x12.webp 12w, https:\/\/tammetorubbq.ee\/wp-content\/uploads\/2025\/10\/Ninja-logo-600x600.webp 600w, https:\/\/tammetorubbq.ee\/wp-content\/uploads\/2025\/10\/Ninja-logo-64x64.webp 64w, https:\/\/tammetorubbq.ee\/wp-content\/uploads\/2025\/10\/Ninja-logo.webp 680w\" sizes=\"auto, (max-width: 180px) 100vw, 180px\" \/><\/p>\n<p><a href=\"https:\/\/tammetorubbq.ee\/fi\/maksa-myohemmin\/\"><strong>OSTA NYT, MAKSA MY\u00d6HEMMIN<\/strong><\/a>\u00a0- korotonta!<\/p>\n<p><img loading=\"lazy\" decoding=\"async\" class=\"alignnone wp-image-2646\" src=\"http:\/\/tammetorubbq.ee\/wp-content\/uploads\/2023\/12\/inbank-wordmark.png\" alt=\"\" width=\"167\" height=\"75\" srcset=\"https:\/\/tammetorubbq.ee\/wp-content\/uploads\/2023\/12\/inbank-wordmark.png 300w, https:\/\/tammetorubbq.ee\/wp-content\/uploads\/2023\/12\/inbank-wordmark-18x8.png 18w, https:\/\/tammetorubbq.ee\/wp-content\/uploads\/2023\/12\/inbank-wordmark-64x29.png 64w\" sizes=\"auto, (max-width: 167px) 100vw, 167px\" \/><\/p>\n<p>Tarjoamme my\u00f6s mahdollisuuden maksaa my\u00f6hemmin - yhdess\u00e4, kahdessa tai kolmessa samansuuruisessa er\u00e4ss\u00e4 ilman korkoa tai lis\u00e4maksua.<\/p>\n<p>L\u00f6yd\u00e4t valikoiman eri maksuvaihtoehtoja ostoskoristamme.<\/p>","protected":false},"featured_media":4037,"comment_status":"open","ping_status":"closed","template":"","meta":{"_uf_show_specific_survey":0,"_uf_disable_surveys":false},"pwb-brand":[214],"product_brand":[],"product_cat":[194,198],"product_tag":[221,220,303,219],"class_list":{"0":"post-4033","1":"product","2":"type-product","3":"status-publish","4":"has-post-thumbnail","6":"pwb-brand-ninja","7":"product_cat-ninja-koogiseadmed","8":"product_cat-blenderid-ja-koogikombainid","9":"product_tag-hakkija","10":"product_tag-kasimikser","11":"product_tag-ninja","12":"product_tag-saumikser","14":"first","15":"outofstock","16":"taxable","17":"shipping-taxable","18":"purchasable","19":"product-type-simple"},"brands":[{"id":214,"name":"Ninja","slug":"ninja"}],"_links":{"self":[{"href":"https:\/\/tammetorubbq.ee\/fi\/wp-json\/wp\/v2\/product\/4033","targetHints":{"allow":["GET"]}}],"collection":[{"href":"https:\/\/tammetorubbq.ee\/fi\/wp-json\/wp\/v2\/product"}],"about":[{"href":"https:\/\/tammetorubbq.ee\/fi\/wp-json\/wp\/v2\/types\/product"}],"replies":[{"embeddable":true,"href":"https:\/\/tammetorubbq.ee\/fi\/wp-json\/wp\/v2\/comments?post=4033"}],"wp:featuredmedia":[{"embeddable":true,"href":"https:\/\/tammetorubbq.ee\/fi\/wp-json\/wp\/v2\/media\/4037"}],"wp:attachment":[{"href":"https:\/\/tammetorubbq.ee\/fi\/wp-json\/wp\/v2\/media?parent=4033"}],"wp:term":[{"taxonomy":"pwb-brand","embeddable":true,"href":"https:\/\/tammetorubbq.ee\/fi\/wp-json\/wp\/v2\/pwb-brand?post=4033"},{"taxonomy":"product_brand","embeddable":true,"href":"https:\/\/tammetorubbq.ee\/fi\/wp-json\/wp\/v2\/product_brand?post=4033"},{"taxonomy":"product_cat","embeddable":true,"href":"https:\/\/tammetorubbq.ee\/fi\/wp-json\/wp\/v2\/product_cat?post=4033"},{"taxonomy":"product_tag","embeddable":true,"href":"https:\/\/tammetorubbq.ee\/fi\/wp-json\/wp\/v2\/product_tag?post=4033"}],"curies":[{"name":"wp","href":"https:\/\/api.w.org\/{rel}","templated":true}]}}