{"id":404,"date":"2023-12-03T11:29:41","date_gmt":"2023-12-03T09:29:41","guid":{"rendered":"https:\/\/tammetorubbq.ee\/?post_type=product&#038;p=404"},"modified":"2026-04-20T00:00:05","modified_gmt":"2026-04-19T21:00:05","slug":"bbq-succahi-savuinen-peto","status":"publish","type":"product","link":"https:\/\/tammetorubbq.ee\/fi\/product-2\/bbq-succahi-savuinen-peto\/","title":{"rendered":"BBQ Smoky Beast suitsukepoltin"},"content":{"rendered":"<p><strong>Savuinen peto<\/strong>\u00a0on kapasiteetiltaan suurempi kuin suurimmissa Kamado-keraamisissa grillimalleissa (merkint\u00e4 XL, Big Joe\/Pro Joe). N\u00e4iden kahden grillin kokonaispinta-ala on 5865 cm2.<\/p>\n<p>Grilli\u00e4 ei tarvitse s\u00e4ilytt\u00e4\u00e4 tai peitt\u00e4\u00e4 sis\u00e4tiloissa talven ajaksi, sill\u00e4 Cor-Ten ja ruostumaton ter\u00e4s kest\u00e4v\u00e4t kaikki s\u00e4\u00e4olosuhteet. Ter\u00e4s kest\u00e4\u00e4 my\u00f6s hyvin l\u00e4mp\u00f6tilan vaihteluita - murtumista tai halkeilua ei tarvitse pel\u00e4t\u00e4.<\/p>\n<p>Jos haluat siirt\u00e4\u00e4 grillisi paikasta toiseen tai lainata sit\u00e4 yst\u00e4v\u00e4lle tai naapurille, se on helppoa: grilli voidaan kuljettaa kuorma-auton laatikossa. Se ei ole herkk\u00e4 tuote, jota pit\u00e4isi k\u00e4sitell\u00e4 eritt\u00e4in varovasti.<\/p>\n<p>&nbsp;<\/p>\n<p><strong>Tekniset tiedot:<\/strong><\/p>\n<p>Hintaan sis\u00e4ltyy: hiilikylpyamme, grillibrikettimoduuli, sivuhyllyt.<strong><br \/>\n<\/strong><br \/>\nGrilli on valmistettu 3 mm:n Cor-Ten-ter\u00e4ksest\u00e4, paino 101 kg.<br \/>\nKeitto- ja l\u00e4mmityskammiot ovat erotettavissa toisistaan, ja savupiiput ovat erotettavissa toisistaan.<br \/>\nGrillit eiv\u00e4t ole maalattuja.<\/p>\n<p>S\u00e4rkym\u00e4tt\u00f6m\u00e4t saranat (5 mm ruostumatonta ter\u00e4st\u00e4).<\/p>\n<p>Leivinpellin koko on 70 x 50 cm.<\/p>\n<p>Kaksi eritasoista vuokaa, joiden mitat ovat 68\u00d749 cm ja 68\u00d734 cm. Materiaali ruostumatonta ter\u00e4st\u00e4.<\/p>\n<p>Kapasiteetti: kahteen telineeseen mahtuu kerrallaan noin 20 kg kulinaarisia kylkiluita.<\/p>\n<p>Molemmilla puolilla olevat savupiiput takaavat l\u00e4mm\u00f6n tasaisen jakautumisen.<\/p>\n<p>Vesi lis\u00e4t\u00e4\u00e4n vesihauteeseen erityisen putken kautta, eik\u00e4 uunia tarvitse avata.<\/p>\n<p>Rasva valuu uunista ulos kaltevaa kaukaloa pitkin ja tippuu erityiseen \u00e4mp\u00e4riin.<\/p>\n<p>Savupiippujen yl\u00e4osassa on luukut, joilla uunin l\u00e4mp\u00f6tilaa voidaan s\u00e4\u00e4t\u00e4\u00e4.<\/p>\n<p>Grilli on varustettu ulkoisella l\u00e4mp\u00f6mittarilla (asteikko 0-300 C).<\/p>\n<p>Tulisijan syvyys 48 cm, valurautapohja.<\/p>\n<p>Lieden etupuolella on 20\u00d720 cm:n keittolevy moppikastikkeiden l\u00e4mmitt\u00e4mist\u00e4 varten.<\/p>\n<p>Ovi voidaan kiinnitt\u00e4\u00e4 kahteen asentoon - hyv\u00e4 tapa s\u00e4\u00e4t\u00e4\u00e4 l\u00e4mp\u00f6tilaa.<\/p>\n<p>Kaksoissein\u00e4inen kattilan ovi parantaa l\u00e4mm\u00f6nkest\u00e4vyytt\u00e4.<\/p>\n<p>&nbsp;<\/p>\n<p>Smoky Beast -materiaali: Cor-Ten-ter\u00e4s on l\u00e4hes puhdasta hiiliter\u00e4st\u00e4, mutta se on k\u00e4sitelty siten, ett\u00e4 sen pintaan muodostuu suojakerros, joka kest\u00e4\u00e4 elementtej\u00e4. Cor-Ten on aluksi harmaata, sitten punaruskeaa (ruosteen kaltainen s\u00e4vy), ja se tummuu ajan my\u00f6t\u00e4. Oikein k\u00e4ytettyn\u00e4 Cor-Ten-ter\u00e4s on ilmeik\u00e4s, pitk\u00e4ik\u00e4inen ja huoltovapaa, ja se kest\u00e4\u00e4 aikaa ainutlaatuisella tavalla.<\/p>","protected":false},"excerpt":{"rendered":"<h5><strong>Klassikaline kahe korstnaga BBQ-suitsuahi, millega k\u00fcpsetades saab parimaid maitseelamusi.<\/strong><\/h5>\n<p>Valmistatakse k\u00e4sit\u00f6\u00f6na Cor-Ten terasest. BBQ-k\u00fcpsetamiseks saab ahju k\u00fctta nii puude- kui grillbriketiga.<\/p>\n<p>Lisaks saab kasutada ka <strong>s\u00f6egrillina<\/strong>. Kui BBQ k\u00fcpsetamiseks v\u00f5i suitsutamiseks tuleb kuumus alt k\u00fcttekoldest, siis grillimise jaoks on spetsiaalne s\u00f6evann, mis paigaldatakse k\u00fcpsetusrestide alla.<\/p>\n<p>Cor-Ten-ter\u00e4ksen punaruskea v\u00e4ri yhdistyy ruostumattomasta ter\u00e4ksest\u00e4 valmistettuihin yksityiskohtiin, ja Smoky Beast erottuu silmiinpist\u00e4v\u00e4ll\u00e4 ulkon\u00e4\u00f6ll\u00e4\u00e4n. Sis\u00e4lt\u00f6 ei ole ulkon\u00e4k\u00f6\u00e4 huonompi, sill\u00e4 edellisen sukupolven mallit ovat voittaneet lukuisia grillauskilpailuja.<\/p>\n<p><strong>NB! <\/strong>Alates 2025 aprillist on tuhasahtel ning rasva-, vee-, ja s\u00f6evannid valmistatud roostevabast terasest. Grillihooaja alguses ei pea tegema enam vannidele roostehooldust!<\/p>\n<p>&nbsp;<\/p>\n<p><img loading=\"lazy\" decoding=\"async\" class=\"alignnone wp-image-951\" src=\"http:\/\/tammetorubbq.ee\/wp-content\/uploads\/2023\/11\/GrillSymbol.png\" alt=\"\" width=\"153\" height=\"42\" srcset=\"https:\/\/tammetorubbq.ee\/wp-content\/uploads\/2023\/11\/GrillSymbol.png 273w, https:\/\/tammetorubbq.ee\/wp-content\/uploads\/2023\/11\/GrillSymbol-18x5.png 18w, https:\/\/tammetorubbq.ee\/wp-content\/uploads\/2023\/11\/GrillSymbol-64x18.png 64w\" sizes=\"auto, (max-width: 153px) 100vw, 153px\" \/><\/p>\n<p>&nbsp;<\/p>\n<p><a href=\"https:\/\/tammetorubbq.ee\/fi\/maksa-myohemmin\/\"><strong>OSTA NYT, MAKSA MY\u00d6HEMMIN<\/strong><\/a>\u00a0- korotonta!<\/p>\n<p><img loading=\"lazy\" decoding=\"async\" class=\"alignnone wp-image-2646\" src=\"http:\/\/tammetorubbq.ee\/wp-content\/uploads\/2023\/12\/inbank-wordmark.png\" alt=\"\" width=\"167\" height=\"75\" srcset=\"https:\/\/tammetorubbq.ee\/wp-content\/uploads\/2023\/12\/inbank-wordmark.png 300w, https:\/\/tammetorubbq.ee\/wp-content\/uploads\/2023\/12\/inbank-wordmark-18x8.png 18w, https:\/\/tammetorubbq.ee\/wp-content\/uploads\/2023\/12\/inbank-wordmark-64x29.png 64w\" sizes=\"auto, (max-width: 167px) 100vw, 167px\" \/><\/p>\n<p>Tarjoamme my\u00f6s mahdollisuuden maksaa my\u00f6hemmin - yhdess\u00e4, kahdessa tai kolmessa samansuuruisessa er\u00e4ss\u00e4 ilman korkoa tai lis\u00e4maksua.<\/p>\n<p>L\u00f6yd\u00e4t valikoiman eri maksuvaihtoehtoja ostoskoristamme.<\/p>","protected":false},"featured_media":405,"comment_status":"open","ping_status":"closed","template":"","meta":{"_uf_show_specific_survey":0,"_uf_disable_surveys":false},"pwb-brand":[92],"product_brand":[396],"product_cat":[57,53],"product_tag":[77,147,78,76],"class_list":{"0":"post-404","1":"product","2":"type-product","3":"status-publish","4":"has-post-thumbnail","6":"pwb-brand-grillsymbol","7":"product_brand-grillsymbol","8":"product_cat-bbq-suitsuahjud","9":"product_cat-grillid","10":"product_tag-bbq-ahi","11":"product_tag-grillsymbol","12":"product_tag-soegrill","13":"product_tag-suitsuahi","15":"first","16":"instock","17":"taxable","18":"shipping-taxable","19":"purchasable","20":"product-type-simple"},"brands":[{"id":92,"name":"GrillSymbol","slug":"grilli-symboli"}],"_links":{"self":[{"href":"https:\/\/tammetorubbq.ee\/fi\/wp-json\/wp\/v2\/product\/404","targetHints":{"allow":["GET"]}}],"collection":[{"href":"https:\/\/tammetorubbq.ee\/fi\/wp-json\/wp\/v2\/product"}],"about":[{"href":"https:\/\/tammetorubbq.ee\/fi\/wp-json\/wp\/v2\/types\/product"}],"replies":[{"embeddable":true,"href":"https:\/\/tammetorubbq.ee\/fi\/wp-json\/wp\/v2\/comments?post=404"}],"wp:featuredmedia":[{"embeddable":true,"href":"https:\/\/tammetorubbq.ee\/fi\/wp-json\/wp\/v2\/media\/405"}],"wp:attachment":[{"href":"https:\/\/tammetorubbq.ee\/fi\/wp-json\/wp\/v2\/media?parent=404"}],"wp:term":[{"taxonomy":"pwb-brand","embeddable":true,"href":"https:\/\/tammetorubbq.ee\/fi\/wp-json\/wp\/v2\/pwb-brand?post=404"},{"taxonomy":"product_brand","embeddable":true,"href":"https:\/\/tammetorubbq.ee\/fi\/wp-json\/wp\/v2\/product_brand?post=404"},{"taxonomy":"product_cat","embeddable":true,"href":"https:\/\/tammetorubbq.ee\/fi\/wp-json\/wp\/v2\/product_cat?post=404"},{"taxonomy":"product_tag","embeddable":true,"href":"https:\/\/tammetorubbq.ee\/fi\/wp-json\/wp\/v2\/product_tag?post=404"}],"curies":[{"name":"wp","href":"https:\/\/api.w.org\/{rel}","templated":true}]}}