{"id":4044,"date":"2025-10-16T10:02:14","date_gmt":"2025-10-16T07:02:14","guid":{"rendered":"https:\/\/tammetorubbq.ee\/?post_type=product&#038;p=4044"},"modified":"2026-04-17T07:00:20","modified_gmt":"2026-04-17T04:00:20","slug":"ninja-blnder-detect-power-pro","status":"publish","type":"product","link":"https:\/\/tammetorubbq.ee\/fi\/product-2\/ninja-blnder-detect-power-pro\/","title":{"rendered":"Ninja blnder Detect\u2122 Power Pro"},"content":{"rendered":"<table class=\"woocommerce-product-attributes shop_attributes\" aria-label=\"Tuotteen tiedot\">\n<tbody>\n<tr class=\"woocommerce-product-attributes-item woocommerce-product-attributes-item--weight\">\n<th class=\"woocommerce-product-attributes-item__label\" style=\"text-align: left;\" scope=\"row\">Paino<\/th>\n<td class=\"woocommerce-product-attributes-item__value\">3,9 kg<\/td>\n<\/tr>\n<tr class=\"woocommerce-product-attributes-item woocommerce-product-attributes-item--dimensions\">\n<th class=\"woocommerce-product-attributes-item__label\" scope=\"row\">Mitat<\/th>\n<td class=\"woocommerce-product-attributes-item__value\">17,5 \u00d7 21 \u00d7 44,5 cm.<\/td>\n<\/tr>\n<\/tbody>\n<\/table>\n<p>&nbsp;<\/p>\n<p data-start=\"112\" data-end=\"348\"><strong data-start=\"112\" data-end=\"121\">Ninja<\/strong>\u00a0<strong>tavaramerkki<\/strong>\u00a0on tunnettu yhdysvaltalainen kodinkonemerkki, jonka omistaa yhti\u00f6\u00a0<strong data-start=\"187\" data-end=\"201\">SharkNinja<\/strong>. Tuotemerkki\u00e4 arvostetaan sen\u00a0<strong data-start=\"225\" data-end=\"269\">\u00e4lykk\u00e4it\u00e4 ja k\u00e4ytt\u00e4j\u00e4yst\u00e4v\u00e4llisi\u00e4 ratkaisuja.<\/strong>\u00a0jotka tekev\u00e4t jokap\u00e4iv\u00e4isest\u00e4 ruoanlaitosta helpompaa ja tehokkaampaa.<\/p>\n<p data-start=\"350\" data-end=\"651\">Ninja-sarjaan kuuluu\u00a0<strong data-start=\"380\" data-end=\"434\">tehosekoittimet, ruoank\u00e4sittelykoneet, friteerauskoneet, monitoimikeittimet.<\/strong>\u00a0ja yh\u00e4 useammin my\u00f6s\u00a0<strong data-start=\"452\" data-end=\"474\">ulkokeitti\u00f6laitteet<\/strong>. Kaikki tuotteet on suunniteltu yhdist\u00e4m\u00e4\u00e4n\u00a0<strong data-start=\"507\" data-end=\"564\">toiminnallisuus, luotettavuus ja innovatiivinen suunnittelu<\/strong>tarjota paras ty\u00f6kalu jokaiseen keitti\u00f6\u00f6n - kotona ja ammattikeitti\u00f6ss\u00e4.<\/p>","protected":false},"excerpt":{"rendered":"<p><strong data-start=\"203\" data-end=\"231\">Targem. Voimakkaampi. Tarkempi.<\/strong><\/p>\n<p>Ninja Detect\u2122 Power Blender Pro on \u00e4lyk\u00e4s ja tehokas keitti\u00f6kone, jossa yhdistyv\u00e4t klassisen tehosekoittimen ja henkil\u00f6kohtaisen smoothie-valmistajan toiminnot. Kiitos <strong data-start=\"380\" data-end=\"409\">BlendSense\u2122-teknologia<\/strong> tunnistaa automaattisesti ainesosien m\u00e4\u00e4r\u00e4n ja tiheyden ja s\u00e4\u00e4t\u00e4\u00e4 nopeutta, aikaa ja tehoa, jotta saat joka kerta t\u00e4ydellisen lopputuloksen - olipa kyseess\u00e4 sitten smoothie, keitto tai pakastejuoma.<\/p>\n<h4 data-start=\"605\" data-end=\"631\"><strong data-start=\"610\" data-end=\"631\">T\u00e4rkeimm\u00e4t ominaisuudet<\/strong><\/h4>\n<ul data-start=\"632\" data-end=\"1216\">\n<li data-start=\"632\" data-end=\"724\">\n<p data-start=\"634\" data-end=\"724\"><strong data-start=\"634\" data-end=\"661\">BlendSense\u2122-teknologia<\/strong> - tunnistaa ainesosat automaattisesti ja s\u00e4\u00e4t\u00e4\u00e4 toimintatilan.<\/p>\n<\/li>\n<li data-start=\"725\" data-end=\"811\">\n<p data-start=\"727\" data-end=\"811\"><strong data-start=\"727\" data-end=\"772\">10 manuaalista nopeutta + pulssitila<\/strong> tarkkaa johdonmukaisuuden valvontaa varten<\/p>\n<\/li>\n<li data-start=\"812\" data-end=\"891\">\n<p data-start=\"814\" data-end=\"891\"><strong data-start=\"814\" data-end=\"838\">Tehokas 1200 W moottori<\/strong> murskaa hetkess\u00e4 jopa raskaat ja pakastetut ainekset<\/p>\n<\/li>\n<li data-start=\"892\" data-end=\"970\">\n<p data-start=\"894\" data-end=\"970\"><strong data-start=\"894\" data-end=\"915\">2,1 L sekoituskannu<\/strong> (1,9 L tilavuus), jossa k\u00e4tev\u00e4 kahva ja kaatosuihku.<\/p>\n<\/li>\n<li data-start=\"971\" data-end=\"1049\">\n<p data-start=\"973\" data-end=\"1049\"><strong data-start=\"973\" data-end=\"1004\">15 esiasetettua ohjelmaa<\/strong> eri reseptej\u00e4 ja ainesosia varten<\/p>\n<\/li>\n<li data-start=\"1050\" data-end=\"1143\">\n<p data-start=\"1052\" data-end=\"1143\"><strong data-start=\"1052\" data-end=\"1104\">Kolmikerroksinen ruostumattomasta ter\u00e4ksest\u00e4 valmistettu sarja<\/strong> takaa tasaisen ja silkkisen tuloksen<\/p>\n<\/li>\n<li data-start=\"1144\" data-end=\"1216\">\n<p data-start=\"1146\" data-end=\"1216\"><strong data-start=\"1146\" data-end=\"1180\">Astianpesukoneessa pest\u00e4v\u00e4t osat<\/strong> nopea ja helppo puhdistus<\/p>\n<\/li>\n<\/ul>\n<h4 data-start=\"1223\" data-end=\"1269\"><strong data-start=\"1228\" data-end=\"1269\">Miten BlendSense\u2122-teknologia toimii<\/strong><\/h4>\n<ul data-start=\"1270\" data-end=\"1544\">\n<li data-start=\"1270\" data-end=\"1354\">\n<p data-start=\"1272\" data-end=\"1354\"><strong data-start=\"1272\" data-end=\"1298\">V\u00e4\u00e4nt\u00f6momentin tunnistus<\/strong> s\u00e4\u00e4t\u00e4\u00e4 tehon ainesosien tiheyden mukaan.<\/p>\n<\/li>\n<li data-start=\"1355\" data-end=\"1442\">\n<p data-start=\"1357\" data-end=\"1442\"><strong data-start=\"1357\" data-end=\"1373\">J\u00e4\u00e4n havaitseminen<\/strong> optimoi murskauskapasiteetin j\u00e4\u00e4dytettyj\u00e4 juomia ja smoothieita varten.<\/p>\n<\/li>\n<li data-start=\"1443\" data-end=\"1544\">\n<p data-start=\"1445\" data-end=\"1544\"><strong data-start=\"1445\" data-end=\"1464\">M\u00e4\u00e4r\u00e4n havaitseminen<\/strong> s\u00e4\u00e4t\u00e4\u00e4 automaattisesti sekoitusnopeutta ja -aikaa ihanteellisen lopputuloksen saavuttamiseksi.<\/p>\n<\/li>\n<\/ul>\n<h4 data-start=\"1551\" data-end=\"1577\"><strong data-start=\"1556\" data-end=\"1577\">Tekniset tiedot<\/strong><\/h4>\n<ul data-start=\"1578\" data-end=\"1802\">\n<li data-start=\"1578\" data-end=\"1601\">\n<p data-start=\"1580\" data-end=\"1601\">Teho: <strong data-start=\"1589\" data-end=\"1599\">1200 W<\/strong><\/p>\n<\/li>\n<li data-start=\"1602\" data-end=\"1641\">\n<p data-start=\"1604\" data-end=\"1641\">Kannun tilavuus: <strong data-start=\"1616\" data-end=\"1639\">1,9 L (tilavuus)<\/strong><\/p>\n<\/li>\n<li data-start=\"1642\" data-end=\"1666\">\n<p data-start=\"1644\" data-end=\"1666\">Nopeuksien m\u00e4\u00e4r\u00e4: <strong data-start=\"1658\" data-end=\"1664\">10<\/strong><\/p>\n<\/li>\n<li data-start=\"1667\" data-end=\"1697\">\n<p data-start=\"1669\" data-end=\"1697\">Pulssitila: <strong data-start=\"1688\" data-end=\"1695\">Kyll\u00e4<\/strong><\/p>\n<\/li>\n<li data-start=\"1698\" data-end=\"1725\">\n<p data-start=\"1700\" data-end=\"1725\">Ohjelmien m\u00e4\u00e4r\u00e4: <strong data-start=\"1717\" data-end=\"1723\">15<\/strong><\/p>\n<\/li>\n<li data-start=\"1726\" data-end=\"1771\">\n<p data-start=\"1728\" data-end=\"1771\">Materiaali: <strong data-start=\"1738\" data-end=\"1769\">muovia ja ruostumatonta ter\u00e4st\u00e4<\/strong><\/p>\n<\/li>\n<li data-start=\"1772\" data-end=\"1802\">\n<p data-start=\"1774\" data-end=\"1802\">V\u00e4ri: <strong data-start=\"1780\" data-end=\"1800\">musta ja hopea<\/strong><\/p>\n<\/li>\n<\/ul>\n<h4 data-start=\"1809\" data-end=\"1826\"><strong data-start=\"1814\" data-end=\"1826\">Lis\u00e4tietoja<\/strong><\/h4>\n<ul data-start=\"1827\" data-end=\"2019\">\n<li data-start=\"1827\" data-end=\"1906\">\n<p data-start=\"1829\" data-end=\"1906\">Tehosekoittimen toiminnot: j\u00e4\u00e4n murskaaminen, sekoittaminen, smoothiet, kastikkeet ja keitot.<\/p>\n<\/li>\n<li data-start=\"1907\" data-end=\"1941\">\n<p data-start=\"1909\" data-end=\"1941\">Sis\u00e4lt\u00e4\u00e4: 2,1 litran kannu ja kansi.<\/p>\n<\/li>\n<li data-start=\"1942\" data-end=\"2019\">\n<p data-start=\"1944\" data-end=\"2019\">Erityisominaisuudet: BlendSense\u2122-tekniikka ja esiasetetut automaattiohjelmat.<\/p>\n<\/li>\n<\/ul>\n<p><img loading=\"lazy\" decoding=\"async\" class=\"wp-image-3980\" src=\"http:\/\/tammetorubbq.ee\/wp-content\/uploads\/2025\/10\/Ninja-logo-300x300.webp\" alt=\"Ninja-logo\" width=\"180\" height=\"180\" srcset=\"https:\/\/tammetorubbq.ee\/wp-content\/uploads\/2025\/10\/Ninja-logo-300x300.webp 300w, https:\/\/tammetorubbq.ee\/wp-content\/uploads\/2025\/10\/Ninja-logo-150x150.webp 150w, https:\/\/tammetorubbq.ee\/wp-content\/uploads\/2025\/10\/Ninja-logo-12x12.webp 12w, https:\/\/tammetorubbq.ee\/wp-content\/uploads\/2025\/10\/Ninja-logo-600x600.webp 600w, https:\/\/tammetorubbq.ee\/wp-content\/uploads\/2025\/10\/Ninja-logo-64x64.webp 64w, https:\/\/tammetorubbq.ee\/wp-content\/uploads\/2025\/10\/Ninja-logo.webp 680w\" sizes=\"auto, (max-width: 180px) 100vw, 180px\" \/><\/p>\n<p><a href=\"https:\/\/tammetorubbq.ee\/fi\/maksa-myohemmin\/\"><strong>OSTA NYT, MAKSA MY\u00d6HEMMIN<\/strong><\/a>\u00a0- korotonta!<\/p>\n<p><img loading=\"lazy\" decoding=\"async\" class=\"alignnone wp-image-2646\" src=\"http:\/\/tammetorubbq.ee\/wp-content\/uploads\/2023\/12\/inbank-wordmark.png\" alt=\"\" width=\"167\" height=\"75\" srcset=\"https:\/\/tammetorubbq.ee\/wp-content\/uploads\/2023\/12\/inbank-wordmark.png 300w, https:\/\/tammetorubbq.ee\/wp-content\/uploads\/2023\/12\/inbank-wordmark-18x8.png 18w, https:\/\/tammetorubbq.ee\/wp-content\/uploads\/2023\/12\/inbank-wordmark-64x29.png 64w\" sizes=\"auto, (max-width: 167px) 100vw, 167px\" \/><\/p>\n<p>Tarjoamme my\u00f6s mahdollisuuden maksaa my\u00f6hemmin - yhdess\u00e4, kahdessa tai kolmessa samansuuruisessa er\u00e4ss\u00e4 ilman korkoa tai lis\u00e4maksua.<\/p>\n<p>L\u00f6yd\u00e4t valikoiman eri maksuvaihtoehtoja ostoskoristamme.<\/p>","protected":false},"featured_media":4050,"comment_status":"open","ping_status":"closed","template":"","meta":{"_uf_show_specific_survey":0,"_uf_disable_surveys":false},"pwb-brand":[214],"product_brand":[],"product_cat":[194,198],"product_tag":[218],"class_list":{"0":"post-4044","1":"product","2":"type-product","3":"status-publish","4":"has-post-thumbnail","6":"pwb-brand-ninja","7":"product_cat-ninja-koogiseadmed","8":"product_cat-blenderid-ja-koogikombainid","9":"product_tag-blender","11":"first","12":"instock","13":"taxable","14":"shipping-taxable","15":"purchasable","16":"product-type-simple"},"brands":[{"id":214,"name":"Ninja","slug":"ninja"}],"_links":{"self":[{"href":"https:\/\/tammetorubbq.ee\/fi\/wp-json\/wp\/v2\/product\/4044","targetHints":{"allow":["GET"]}}],"collection":[{"href":"https:\/\/tammetorubbq.ee\/fi\/wp-json\/wp\/v2\/product"}],"about":[{"href":"https:\/\/tammetorubbq.ee\/fi\/wp-json\/wp\/v2\/types\/product"}],"replies":[{"embeddable":true,"href":"https:\/\/tammetorubbq.ee\/fi\/wp-json\/wp\/v2\/comments?post=4044"}],"wp:featuredmedia":[{"embeddable":true,"href":"https:\/\/tammetorubbq.ee\/fi\/wp-json\/wp\/v2\/media\/4050"}],"wp:attachment":[{"href":"https:\/\/tammetorubbq.ee\/fi\/wp-json\/wp\/v2\/media?parent=4044"}],"wp:term":[{"taxonomy":"pwb-brand","embeddable":true,"href":"https:\/\/tammetorubbq.ee\/fi\/wp-json\/wp\/v2\/pwb-brand?post=4044"},{"taxonomy":"product_brand","embeddable":true,"href":"https:\/\/tammetorubbq.ee\/fi\/wp-json\/wp\/v2\/product_brand?post=4044"},{"taxonomy":"product_cat","embeddable":true,"href":"https:\/\/tammetorubbq.ee\/fi\/wp-json\/wp\/v2\/product_cat?post=4044"},{"taxonomy":"product_tag","embeddable":true,"href":"https:\/\/tammetorubbq.ee\/fi\/wp-json\/wp\/v2\/product_tag?post=4044"}],"curies":[{"name":"wp","href":"https:\/\/api.w.org\/{rel}","templated":true}]}}