{"id":4058,"date":"2025-10-16T10:24:20","date_gmt":"2025-10-16T07:24:20","guid":{"rendered":"https:\/\/tammetorubbq.ee\/?post_type=product&#038;p=4058"},"modified":"2026-04-17T04:02:18","modified_gmt":"2026-04-17T01:02:18","slug":"ninja-blender-detect-duo-power-pro","status":"publish","type":"product","link":"https:\/\/tammetorubbq.ee\/fi\/product-2\/ninja-blender-detect-duo-power-pro\/","title":{"rendered":"Ninja-sekoitin Detect\u2122 Duo\u00ae Power Pro"},"content":{"rendered":"<table class=\"woocommerce-product-attributes shop_attributes\" aria-label=\"Tuotteen tiedot\">\n<tbody>\n<tr class=\"woocommerce-product-attributes-item woocommerce-product-attributes-item--weight\">\n<th class=\"woocommerce-product-attributes-item__label\" style=\"text-align: left;\" scope=\"row\">Paino<\/th>\n<td class=\"woocommerce-product-attributes-item__value\">4,83 kg<\/td>\n<\/tr>\n<tr class=\"woocommerce-product-attributes-item woocommerce-product-attributes-item--dimensions\">\n<th class=\"woocommerce-product-attributes-item__label\" scope=\"row\">Mitat<\/th>\n<td class=\"woocommerce-product-attributes-item__value\">17,5 \u00d7 21 \u00d7 44,5 cm.<\/td>\n<\/tr>\n<\/tbody>\n<\/table>\n<p>&nbsp;<\/p>\n<p data-start=\"112\" data-end=\"348\"><strong data-start=\"112\" data-end=\"121\">Ninja<\/strong>\u00a0<strong>tavaramerkki<\/strong>\u00a0on tunnettu yhdysvaltalainen kodinkonemerkki, jonka omistaa yhti\u00f6\u00a0<strong data-start=\"187\" data-end=\"201\">SharkNinja<\/strong>. Tuotemerkki\u00e4 arvostetaan sen\u00a0<strong data-start=\"225\" data-end=\"269\">\u00e4lykk\u00e4it\u00e4 ja k\u00e4ytt\u00e4j\u00e4yst\u00e4v\u00e4llisi\u00e4 ratkaisuja.<\/strong>\u00a0jotka tekev\u00e4t jokap\u00e4iv\u00e4isest\u00e4 ruoanlaitosta helpompaa ja tehokkaampaa.<\/p>\n<p data-start=\"350\" data-end=\"651\">Ninja-sarjaan kuuluu\u00a0<strong data-start=\"380\" data-end=\"434\">tehosekoittimet, ruoank\u00e4sittelykoneet, friteerauskoneet, monitoimikeittimet.<\/strong>\u00a0ja yh\u00e4 useammin my\u00f6s\u00a0<strong data-start=\"452\" data-end=\"474\">ulkokeitti\u00f6laitteet<\/strong>. Kaikki tuotteet on suunniteltu yhdist\u00e4m\u00e4\u00e4n\u00a0<strong data-start=\"507\" data-end=\"564\">toiminnallisuus, luotettavuus ja innovatiivinen suunnittelu<\/strong>tarjota paras ty\u00f6kalu jokaiseen keitti\u00f6\u00f6n - kotona ja ammattikeitti\u00f6ss\u00e4.<\/p>","protected":false},"excerpt":{"rendered":"<p>Ninja Detect Duo Power Blender Pro yhdist\u00e4\u00e4 perinteisen tehosekoittimen ja henkil\u00f6kohtaisen smoothie-valmistajan toiminnot. Kiitos <strong data-start=\"318\" data-end=\"346\">BlendSense-tekniikka<\/strong> s\u00e4\u00e4t\u00e4\u00e4 automaattisesti nopeutta, aikaa ja tehoa varmistaen tasaisen ja t\u00e4ydellisen tuloksen joka kerta. Ihanteellinen smoothieiden, cocktailien, kastikkeiden ja j\u00e4\u00e4dytettyjen juomien valmistukseen kotona tai matkalla.<\/p>\n<h4 data-start=\"564\" data-end=\"590\"><strong data-start=\"569\" data-end=\"590\">T\u00e4rkeimm\u00e4t ominaisuudet<\/strong><\/h4>\n<ul data-start=\"591\" data-end=\"1205\">\n<li data-start=\"591\" data-end=\"677\">\n<p data-start=\"593\" data-end=\"677\"><strong data-start=\"593\" data-end=\"619\">BlendSense-tekniikka<\/strong> tunnistaa ainesosat ja s\u00e4\u00e4t\u00e4\u00e4 asetukset automaattisesti<\/p>\n<\/li>\n<li data-start=\"678\" data-end=\"760\">\n<p data-start=\"680\" data-end=\"760\"><strong data-start=\"680\" data-end=\"704\">Tehokas 1200 W moottori<\/strong> murskaa nopeasti jopa raskaat ja pakastetut ainekset<\/p>\n<\/li>\n<li data-start=\"761\" data-end=\"828\">\n<p data-start=\"763\" data-end=\"828\"><strong data-start=\"763\" data-end=\"784\">2,1 litran t\u00f6lkki<\/strong> (enint\u00e4\u00e4n 1,9 litraa), jossa on k\u00e4tev\u00e4 kahva.<\/p>\n<\/li>\n<li data-start=\"829\" data-end=\"911\">\n<p data-start=\"831\" data-end=\"911\"><strong data-start=\"831\" data-end=\"851\">700 ml matkakorkki<\/strong> smoothieita ja cocktaileja varten, jossa on tiivis kansi<\/p>\n<\/li>\n<li data-start=\"912\" data-end=\"997\">\n<p data-start=\"914\" data-end=\"997\"><strong data-start=\"914\" data-end=\"958\">Ruostumattomasta ter\u00e4ksest\u00e4 valmistetut kolmikerroksiset ter\u00e4t<\/strong> varmistaa tasaisen ja nopean murskauksen<\/p>\n<\/li>\n<li data-start=\"998\" data-end=\"1067\">\n<p data-start=\"1000\" data-end=\"1067\"><strong data-start=\"1000\" data-end=\"1045\">10 manuaalista nopeutta + pulssitila<\/strong> tarkkaa valvontaa varten<\/p>\n<\/li>\n<li data-start=\"1068\" data-end=\"1145\">\n<p data-start=\"1070\" data-end=\"1145\"><strong data-start=\"1070\" data-end=\"1099\">Esiasetetut ohjelmat<\/strong> lihan, p\u00e4hkin\u00f6iden ja vihannesten k\u00e4sittelyyn<\/p>\n<\/li>\n<li data-start=\"1146\" data-end=\"1205\">\n<p data-start=\"1148\" data-end=\"1205\">Kaikki irrotettavat osat ovat <strong data-start=\"1174\" data-end=\"1203\">astianpesukoneen kest\u00e4v\u00e4<\/strong><\/p>\n<\/li>\n<\/ul>\n<h4 data-start=\"1212\" data-end=\"1238\"><strong data-start=\"1217\" data-end=\"1238\">Tekniset tiedot<\/strong><\/h4>\n<ul data-start=\"1239\" data-end=\"1470\">\n<li data-start=\"1239\" data-end=\"1262\">\n<p data-start=\"1241\" data-end=\"1262\">Teho: <strong data-start=\"1250\" data-end=\"1260\">1200 W<\/strong><\/p>\n<\/li>\n<li data-start=\"1263\" data-end=\"1288\">\n<p data-start=\"1265\" data-end=\"1288\">Kannun tilavuus: <strong data-start=\"1277\" data-end=\"1286\">1,9 L<\/strong><\/p>\n<\/li>\n<li data-start=\"1289\" data-end=\"1313\">\n<p data-start=\"1291\" data-end=\"1313\">Nopeuksien m\u00e4\u00e4r\u00e4: <strong data-start=\"1305\" data-end=\"1311\">10<\/strong><\/p>\n<\/li>\n<li data-start=\"1314\" data-end=\"1344\">\n<p data-start=\"1316\" data-end=\"1344\">Pulssitila: <strong data-start=\"1335\" data-end=\"1342\">Kyll\u00e4<\/strong><\/p>\n<\/li>\n<li data-start=\"1345\" data-end=\"1379\">\n<p data-start=\"1347\" data-end=\"1379\">Itsepuhdistusjakso: <strong data-start=\"1371\" data-end=\"1377\">ei<\/strong><\/p>\n<\/li>\n<li data-start=\"1380\" data-end=\"1398\">\n<p data-start=\"1382\" data-end=\"1398\">V\u00e4ri: <strong data-start=\"1388\" data-end=\"1396\">on<\/strong><\/p>\n<\/li>\n<li data-start=\"1399\" data-end=\"1470\">\n<p data-start=\"1401\" data-end=\"1470\">Mukana: <strong data-start=\"1413\" data-end=\"1468\">2,1 litran kannu ja kansi, 700 ml:n kaatosuutin ja yl\u00e4kansi.<\/strong><\/p>\n<\/li>\n<\/ul>\n<h4 data-start=\"1477\" data-end=\"1494\"><strong data-start=\"1482\" data-end=\"1494\">Lis\u00e4tietoja<\/strong><\/h4>\n<ul data-start=\"1495\" data-end=\"1653\">\n<li data-start=\"1495\" data-end=\"1549\">\n<p data-start=\"1497\" data-end=\"1549\">Tehosekoittimen toiminnot: j\u00e4\u00e4n murskaaminen ja sekoittaminen<\/p>\n<\/li>\n<li data-start=\"1550\" data-end=\"1653\">\n<p data-start=\"1552\" data-end=\"1653\">Erityisominaisuudet: <strong data-start=\"1565\" data-end=\"1591\">BlendSense-tekniikka<\/strong>, esiasetetut ohjelmat ja mukauttamismahdollisuudet<\/p>\n<\/li>\n<\/ul>\n<p><img loading=\"lazy\" decoding=\"async\" class=\"wp-image-3980\" src=\"http:\/\/tammetorubbq.ee\/wp-content\/uploads\/2025\/10\/Ninja-logo-300x300.webp\" alt=\"Ninja-logo\" width=\"180\" height=\"180\" srcset=\"https:\/\/tammetorubbq.ee\/wp-content\/uploads\/2025\/10\/Ninja-logo-300x300.webp 300w, https:\/\/tammetorubbq.ee\/wp-content\/uploads\/2025\/10\/Ninja-logo-150x150.webp 150w, https:\/\/tammetorubbq.ee\/wp-content\/uploads\/2025\/10\/Ninja-logo-12x12.webp 12w, https:\/\/tammetorubbq.ee\/wp-content\/uploads\/2025\/10\/Ninja-logo-600x600.webp 600w, https:\/\/tammetorubbq.ee\/wp-content\/uploads\/2025\/10\/Ninja-logo-64x64.webp 64w, https:\/\/tammetorubbq.ee\/wp-content\/uploads\/2025\/10\/Ninja-logo.webp 680w\" sizes=\"auto, (max-width: 180px) 100vw, 180px\" \/><\/p>\n<p><a href=\"https:\/\/tammetorubbq.ee\/fi\/maksa-myohemmin\/\"><strong>OSTA NYT, MAKSA MY\u00d6HEMMIN<\/strong><\/a>\u00a0- korotonta!<\/p>\n<p><img loading=\"lazy\" decoding=\"async\" class=\"alignnone wp-image-2646\" src=\"http:\/\/tammetorubbq.ee\/wp-content\/uploads\/2023\/12\/inbank-wordmark.png\" alt=\"\" width=\"167\" height=\"75\" srcset=\"https:\/\/tammetorubbq.ee\/wp-content\/uploads\/2023\/12\/inbank-wordmark.png 300w, https:\/\/tammetorubbq.ee\/wp-content\/uploads\/2023\/12\/inbank-wordmark-18x8.png 18w, https:\/\/tammetorubbq.ee\/wp-content\/uploads\/2023\/12\/inbank-wordmark-64x29.png 64w\" sizes=\"auto, (max-width: 167px) 100vw, 167px\" \/><\/p>\n<p>Tarjoamme my\u00f6s mahdollisuuden maksaa my\u00f6hemmin - yhdess\u00e4, kahdessa tai kolmessa samansuuruisessa er\u00e4ss\u00e4 ilman korkoa tai lis\u00e4maksua.<\/p>\n<p>L\u00f6yd\u00e4t valikoiman eri maksuvaihtoehtoja ostoskoristamme.<\/p>","protected":false},"featured_media":4059,"comment_status":"open","ping_status":"closed","template":"","meta":{"_uf_show_specific_survey":0,"_uf_disable_surveys":false},"pwb-brand":[214],"product_brand":[],"product_cat":[194,198],"product_tag":[218],"class_list":{"0":"post-4058","1":"product","2":"type-product","3":"status-publish","4":"has-post-thumbnail","6":"pwb-brand-ninja","7":"product_cat-ninja-koogiseadmed","8":"product_cat-blenderid-ja-koogikombainid","9":"product_tag-blender","11":"first","12":"instock","13":"taxable","14":"shipping-taxable","15":"purchasable","16":"product-type-simple"},"brands":[{"id":214,"name":"Ninja","slug":"ninja"}],"_links":{"self":[{"href":"https:\/\/tammetorubbq.ee\/fi\/wp-json\/wp\/v2\/product\/4058","targetHints":{"allow":["GET"]}}],"collection":[{"href":"https:\/\/tammetorubbq.ee\/fi\/wp-json\/wp\/v2\/product"}],"about":[{"href":"https:\/\/tammetorubbq.ee\/fi\/wp-json\/wp\/v2\/types\/product"}],"replies":[{"embeddable":true,"href":"https:\/\/tammetorubbq.ee\/fi\/wp-json\/wp\/v2\/comments?post=4058"}],"wp:featuredmedia":[{"embeddable":true,"href":"https:\/\/tammetorubbq.ee\/fi\/wp-json\/wp\/v2\/media\/4059"}],"wp:attachment":[{"href":"https:\/\/tammetorubbq.ee\/fi\/wp-json\/wp\/v2\/media?parent=4058"}],"wp:term":[{"taxonomy":"pwb-brand","embeddable":true,"href":"https:\/\/tammetorubbq.ee\/fi\/wp-json\/wp\/v2\/pwb-brand?post=4058"},{"taxonomy":"product_brand","embeddable":true,"href":"https:\/\/tammetorubbq.ee\/fi\/wp-json\/wp\/v2\/product_brand?post=4058"},{"taxonomy":"product_cat","embeddable":true,"href":"https:\/\/tammetorubbq.ee\/fi\/wp-json\/wp\/v2\/product_cat?post=4058"},{"taxonomy":"product_tag","embeddable":true,"href":"https:\/\/tammetorubbq.ee\/fi\/wp-json\/wp\/v2\/product_tag?post=4058"}],"curies":[{"name":"wp","href":"https:\/\/api.w.org\/{rel}","templated":true}]}}