{"id":4060,"date":"2025-10-16T10:35:50","date_gmt":"2025-10-16T07:35:50","guid":{"rendered":"https:\/\/tammetorubbq.ee\/?post_type=product&#038;p=4060"},"modified":"2026-04-17T00:00:21","modified_gmt":"2026-04-16T21:00:21","slug":"ninja-blenderi-ruokaprosessori-havaitsee-3in1-tehon","status":"publish","type":"product","link":"https:\/\/tammetorubbq.ee\/fi\/product-2\/ninja-blenderi-ruokaprosessori-havaitsee-3in1-tehon\/","title":{"rendered":"Ninja tehosekoitin ja ruokaprosessori Detect 3in1 Power"},"content":{"rendered":"<table class=\"woocommerce-product-attributes shop_attributes\" aria-label=\"Tuotteen tiedot\">\n<tbody>\n<tr class=\"woocommerce-product-attributes-item woocommerce-product-attributes-item--weight\">\n<th class=\"woocommerce-product-attributes-item__label\" style=\"text-align: left;\" scope=\"row\">Paino<\/th>\n<td class=\"woocommerce-product-attributes-item__value\">6,3 kg<\/td>\n<\/tr>\n<tr class=\"woocommerce-product-attributes-item woocommerce-product-attributes-item--dimensions\">\n<th class=\"woocommerce-product-attributes-item__label\" scope=\"row\">Mitat<\/th>\n<td class=\"woocommerce-product-attributes-item__value\">17,5 \u00d7 21 \u00d7 44,5 cm.<\/td>\n<\/tr>\n<\/tbody>\n<\/table>\n<p>&nbsp;<\/p>\n<p data-start=\"112\" data-end=\"348\"><strong data-start=\"112\" data-end=\"121\">Ninja<\/strong>\u00a0<strong>tavaramerkki<\/strong>\u00a0on tunnettu yhdysvaltalainen kodinkonemerkki, jonka omistaa yhti\u00f6\u00a0<strong data-start=\"187\" data-end=\"201\">SharkNinja<\/strong>. Tuotemerkki\u00e4 arvostetaan sen\u00a0<strong data-start=\"225\" data-end=\"269\">\u00e4lykk\u00e4it\u00e4 ja k\u00e4ytt\u00e4j\u00e4yst\u00e4v\u00e4llisi\u00e4 ratkaisuja.<\/strong>\u00a0jotka tekev\u00e4t jokap\u00e4iv\u00e4isest\u00e4 ruoanlaitosta helpompaa ja tehokkaampaa.<\/p>\n<p data-start=\"350\" data-end=\"651\">Ninja-sarjaan kuuluu\u00a0<strong data-start=\"380\" data-end=\"434\">tehosekoittimet, ruoank\u00e4sittelykoneet, friteerauskoneet, monitoimikeittimet.<\/strong>\u00a0ja yh\u00e4 useammin my\u00f6s\u00a0<strong data-start=\"452\" data-end=\"474\">ulkokeitti\u00f6laitteet<\/strong>. Kaikki tuotteet on suunniteltu yhdist\u00e4m\u00e4\u00e4n\u00a0<strong data-start=\"507\" data-end=\"564\">toiminnallisuus, luotettavuus ja innovatiivinen suunnittelu<\/strong>tarjota paras ty\u00f6kalu jokaiseen keitti\u00f6\u00f6n - kotona ja ammattikeitti\u00f6ss\u00e4.<\/p>","protected":false},"excerpt":{"rendered":"<p><strong data-start=\"168\" data-end=\"234\">Monipuolinen keitti\u00f6kone kotiin ja kannettavaan k\u00e4ytt\u00f6\u00f6n.<\/strong><\/p>\n<p>Ninja Detect 3-in-1 yhdist\u00e4\u00e4 perinteisen tehosekoittimen, henkil\u00f6kohtaisen smoothie-valmistajan ja ruoank\u00e4sittelylaitteen toiminnot yhdess\u00e4 laitteessa. <strong data-start=\"361\" data-end=\"387\">BlendSense-tekniikka<\/strong> tunnistaa ainesosat ja s\u00e4\u00e4t\u00e4\u00e4 automaattisesti nopeutta, tehoa ja k\u00e4yntiaikaa, jotta saavutetaan t\u00e4ydellinen koostumus joka kerta. Ihanteellinen smoothieille, kastikkeille, vihanneksille ja p\u00e4hkin\u00f6ille.<\/p>\n<h4 data-start=\"586\" data-end=\"612\"><strong data-start=\"591\" data-end=\"612\">T\u00e4rkeimm\u00e4t ominaisuudet<\/strong><\/h4>\n<ul data-start=\"613\" data-end=\"1202\">\n<li data-start=\"613\" data-end=\"692\">\n<p data-start=\"615\" data-end=\"692\"><strong data-start=\"615\" data-end=\"641\">BlendSense-tekniikka<\/strong> s\u00e4\u00e4t\u00e4\u00e4 asetukset automaattisesti ainesosien mukaan<\/p>\n<\/li>\n<li data-start=\"693\" data-end=\"766\">\n<p data-start=\"695\" data-end=\"766\"><strong data-start=\"695\" data-end=\"719\">1200 W tehokas moottori<\/strong> murskaa raskaat ja kovat ainekset vaivattomasti<\/p>\n<\/li>\n<li data-start=\"767\" data-end=\"893\">\n<p data-start=\"769\" data-end=\"893\"><strong data-start=\"769\" data-end=\"797\">2,1 litran sekoituskannu<\/strong> ja <strong data-start=\"801\" data-end=\"836\">1,9 litran ruokaprosessorin s\u00e4ili\u00f6<\/strong> soveltuu sek\u00e4 pienille ett\u00e4 suurille m\u00e4\u00e4rille<\/p>\n<\/li>\n<li data-start=\"894\" data-end=\"974\">\n<p data-start=\"896\" data-end=\"974\"><strong data-start=\"896\" data-end=\"916\">700 ml matkakorkki<\/strong> smoothieita ja kastikkeita varten, jossa on tiivis kansi<\/p>\n<\/li>\n<li data-start=\"975\" data-end=\"1048\">\n<p data-start=\"977\" data-end=\"1048\">Esiasetetut ohjelmat lihan, vihannesten ja p\u00e4hkin\u00f6iden k\u00e4sittelyyn<\/p>\n<\/li>\n<li data-start=\"1049\" data-end=\"1142\">\n<p data-start=\"1051\" data-end=\"1142\">Monipuoliset ter\u00e4t: <strong data-start=\"1071\" data-end=\"1140\">Leikkuuter\u00e4, taikinater\u00e4 ja kaksipuolinen viipalointi- ja raastelevy.<\/strong><\/p>\n<\/li>\n<li data-start=\"1143\" data-end=\"1202\">\n<p data-start=\"1145\" data-end=\"1202\">Kaikki irrotettavat osat ovat <strong data-start=\"1171\" data-end=\"1200\">astianpesukoneen kest\u00e4v\u00e4<\/strong><\/p>\n<\/li>\n<\/ul>\n<h4 data-start=\"1209\" data-end=\"1235\"><strong data-start=\"1214\" data-end=\"1235\">Tekniset tiedot<\/strong><\/h4>\n<ul data-start=\"1236\" data-end=\"1382\">\n<li data-start=\"1236\" data-end=\"1259\">\n<p data-start=\"1238\" data-end=\"1259\">Teho: <strong data-start=\"1247\" data-end=\"1257\">1200 W<\/strong><\/p>\n<\/li>\n<li data-start=\"1260\" data-end=\"1292\">\n<p data-start=\"1262\" data-end=\"1292\">Tehosekoittimen kannun tilavuus: <strong data-start=\"1281\" data-end=\"1290\">2,1 L<\/strong><\/p>\n<\/li>\n<li data-start=\"1293\" data-end=\"1332\">\n<p data-start=\"1295\" data-end=\"1332\">Ruokaprosessorin kapasiteetti: <strong data-start=\"1321\" data-end=\"1330\">1,9 L<\/strong><\/p>\n<\/li>\n<li data-start=\"1333\" data-end=\"1363\">\n<p data-start=\"1335\" data-end=\"1363\">Pulssitila: <strong data-start=\"1354\" data-end=\"1361\">Kyll\u00e4<\/strong><\/p>\n<\/li>\n<li data-start=\"1364\" data-end=\"1382\">\n<p data-start=\"1366\" data-end=\"1382\">V\u00e4ri: <strong data-start=\"1372\" data-end=\"1380\">on<\/strong><\/p>\n<\/li>\n<\/ul>\n<h4 data-start=\"1389\" data-end=\"1408\"><strong data-start=\"1394\" data-end=\"1408\">Toimittaa<\/strong><\/h4>\n<ul data-start=\"1409\" data-end=\"1625\">\n<li data-start=\"1409\" data-end=\"1445\">\n<p data-start=\"1411\" data-end=\"1445\">2,1 litran tehosekoituskannu ja kansi<\/p>\n<\/li>\n<li data-start=\"1446\" data-end=\"1474\">\n<p data-start=\"1448\" data-end=\"1474\">700 ml:n korkit kaatosuulakkeella<\/p>\n<\/li>\n<li data-start=\"1475\" data-end=\"1518\">\n<p data-start=\"1477\" data-end=\"1518\">1,9 litran ruokaprosessorin kannellinen kannellinen kannu<\/p>\n<\/li>\n<li data-start=\"1519\" data-end=\"1551\">\n<p data-start=\"1521\" data-end=\"1551\">Hybrid Edge\u2122-ter\u00e4sarja<\/p>\n<\/li>\n<li data-start=\"1552\" data-end=\"1568\">\n<p data-start=\"1554\" data-end=\"1568\">Noutopalvelu<\/p>\n<\/li>\n<li data-start=\"1569\" data-end=\"1583\">\n<p data-start=\"1571\" data-end=\"1583\">Taignatera<\/p>\n<\/li>\n<li data-start=\"1584\" data-end=\"1625\">\n<p data-start=\"1586\" data-end=\"1625\">Kaksipuolinen viipalointi- ja raastelevy<\/p>\n<\/li>\n<\/ul>\n<p><img loading=\"lazy\" decoding=\"async\" class=\"wp-image-3980\" src=\"http:\/\/tammetorubbq.ee\/wp-content\/uploads\/2025\/10\/Ninja-logo-300x300.webp\" alt=\"Ninja-logo\" width=\"180\" height=\"180\" srcset=\"https:\/\/tammetorubbq.ee\/wp-content\/uploads\/2025\/10\/Ninja-logo-300x300.webp 300w, https:\/\/tammetorubbq.ee\/wp-content\/uploads\/2025\/10\/Ninja-logo-150x150.webp 150w, https:\/\/tammetorubbq.ee\/wp-content\/uploads\/2025\/10\/Ninja-logo-12x12.webp 12w, https:\/\/tammetorubbq.ee\/wp-content\/uploads\/2025\/10\/Ninja-logo-600x600.webp 600w, https:\/\/tammetorubbq.ee\/wp-content\/uploads\/2025\/10\/Ninja-logo-64x64.webp 64w, https:\/\/tammetorubbq.ee\/wp-content\/uploads\/2025\/10\/Ninja-logo.webp 680w\" sizes=\"auto, (max-width: 180px) 100vw, 180px\" \/><\/p>\n<p><a href=\"https:\/\/tammetorubbq.ee\/fi\/maksa-myohemmin\/\"><strong>OSTA NYT, MAKSA MY\u00d6HEMMIN<\/strong><\/a>\u00a0- korotonta!<\/p>\n<p><img loading=\"lazy\" decoding=\"async\" class=\"alignnone wp-image-2646\" src=\"http:\/\/tammetorubbq.ee\/wp-content\/uploads\/2023\/12\/inbank-wordmark.png\" alt=\"\" width=\"167\" height=\"75\" srcset=\"https:\/\/tammetorubbq.ee\/wp-content\/uploads\/2023\/12\/inbank-wordmark.png 300w, https:\/\/tammetorubbq.ee\/wp-content\/uploads\/2023\/12\/inbank-wordmark-18x8.png 18w, https:\/\/tammetorubbq.ee\/wp-content\/uploads\/2023\/12\/inbank-wordmark-64x29.png 64w\" sizes=\"auto, (max-width: 167px) 100vw, 167px\" \/><\/p>\n<p>Tarjoamme my\u00f6s mahdollisuuden maksaa my\u00f6hemmin - yhdess\u00e4, kahdessa tai kolmessa samansuuruisessa er\u00e4ss\u00e4 ilman korkoa tai lis\u00e4maksua.<\/p>\n<p>L\u00f6yd\u00e4t valikoiman eri maksuvaihtoehtoja ostoskoristamme.<\/p>","protected":false},"featured_media":4061,"comment_status":"open","ping_status":"closed","template":"","meta":{"_uf_show_specific_survey":0,"_uf_disable_surveys":false},"pwb-brand":[214],"product_brand":[],"product_cat":[194,198],"product_tag":[218,222],"class_list":{"0":"post-4060","1":"product","2":"type-product","3":"status-publish","4":"has-post-thumbnail","6":"pwb-brand-ninja","7":"product_cat-ninja-koogiseadmed","8":"product_cat-blenderid-ja-koogikombainid","9":"product_tag-blender","10":"product_tag-koogikombain","12":"first","13":"instock","14":"taxable","15":"shipping-taxable","16":"purchasable","17":"product-type-simple"},"brands":[{"id":214,"name":"Ninja","slug":"ninja"}],"_links":{"self":[{"href":"https:\/\/tammetorubbq.ee\/fi\/wp-json\/wp\/v2\/product\/4060","targetHints":{"allow":["GET"]}}],"collection":[{"href":"https:\/\/tammetorubbq.ee\/fi\/wp-json\/wp\/v2\/product"}],"about":[{"href":"https:\/\/tammetorubbq.ee\/fi\/wp-json\/wp\/v2\/types\/product"}],"replies":[{"embeddable":true,"href":"https:\/\/tammetorubbq.ee\/fi\/wp-json\/wp\/v2\/comments?post=4060"}],"wp:featuredmedia":[{"embeddable":true,"href":"https:\/\/tammetorubbq.ee\/fi\/wp-json\/wp\/v2\/media\/4061"}],"wp:attachment":[{"href":"https:\/\/tammetorubbq.ee\/fi\/wp-json\/wp\/v2\/media?parent=4060"}],"wp:term":[{"taxonomy":"pwb-brand","embeddable":true,"href":"https:\/\/tammetorubbq.ee\/fi\/wp-json\/wp\/v2\/pwb-brand?post=4060"},{"taxonomy":"product_brand","embeddable":true,"href":"https:\/\/tammetorubbq.ee\/fi\/wp-json\/wp\/v2\/product_brand?post=4060"},{"taxonomy":"product_cat","embeddable":true,"href":"https:\/\/tammetorubbq.ee\/fi\/wp-json\/wp\/v2\/product_cat?post=4060"},{"taxonomy":"product_tag","embeddable":true,"href":"https:\/\/tammetorubbq.ee\/fi\/wp-json\/wp\/v2\/product_tag?post=4060"}],"curies":[{"name":"wp","href":"https:\/\/api.w.org\/{rel}","templated":true}]}}