{"id":4073,"date":"2025-10-16T13:32:30","date_gmt":"2025-10-16T10:32:30","guid":{"rendered":"https:\/\/tammetorubbq.ee\/?post_type=product&#038;p=4073"},"modified":"2026-04-16T21:00:11","modified_gmt":"2026-04-16T18:00:11","slug":"ninja-kuumailmapannu-foodi-dual-zone-76l-musta","status":"publish","type":"product","link":"https:\/\/tammetorubbq.ee\/fi\/product-2\/ninja-kuumailmapannu-foodi-dual-zone-76l-musta\/","title":{"rendered":"Ninja Hot Air Fuser Hood Dual Zone 7,6L (musta)"},"content":{"rendered":"<table class=\"woocommerce-product-attributes shop_attributes\" aria-label=\"Tuotteen tiedot\">\n<tbody>\n<tr class=\"woocommerce-product-attributes-item woocommerce-product-attributes-item--weight\">\n<th class=\"woocommerce-product-attributes-item__label\" style=\"text-align: left;\" scope=\"row\">Paino<\/th>\n<td class=\"woocommerce-product-attributes-item__value\">8,2 kg<\/td>\n<\/tr>\n<tr class=\"woocommerce-product-attributes-item woocommerce-product-attributes-item--dimensions\">\n<th class=\"woocommerce-product-attributes-item__label\" scope=\"row\">Mitat<\/th>\n<td class=\"woocommerce-product-attributes-item__value\">26,5 \u00d7 38 \u00d7 31,5 cm.<\/td>\n<\/tr>\n<\/tbody>\n<\/table>\n<p>&nbsp;<\/p>\n<p data-start=\"112\" data-end=\"348\"><strong data-start=\"112\" data-end=\"121\">Ninja<\/strong>\u00a0<strong>tavaramerkki<\/strong>\u00a0on tunnettu yhdysvaltalainen kodinkonemerkki, jonka omistaa yhti\u00f6\u00a0<strong data-start=\"187\" data-end=\"201\">SharkNinja<\/strong>. Tuotemerkki\u00e4 arvostetaan sen\u00a0<strong data-start=\"225\" data-end=\"269\">\u00e4lykk\u00e4it\u00e4 ja k\u00e4ytt\u00e4j\u00e4yst\u00e4v\u00e4llisi\u00e4 ratkaisuja.<\/strong>\u00a0jotka tekev\u00e4t jokap\u00e4iv\u00e4isest\u00e4 ruoanlaitosta helpompaa ja tehokkaampaa.<\/p>\n<p data-start=\"350\" data-end=\"651\">Ninja-sarjaan kuuluu\u00a0<strong data-start=\"380\" data-end=\"434\">tehosekoittimet, ruoank\u00e4sittelykoneet, friteerauskoneet, monitoimikeittimet.<\/strong>\u00a0ja yh\u00e4 useammin my\u00f6s\u00a0<strong data-start=\"452\" data-end=\"474\">ulkokeitti\u00f6laitteet<\/strong>. Kaikki tuotteet on suunniteltu yhdist\u00e4m\u00e4\u00e4n\u00a0<strong data-start=\"507\" data-end=\"564\">toiminnallisuus, luotettavuus ja innovatiivinen suunnittelu<\/strong>tarjota paras ty\u00f6kalu jokaiseen keitti\u00f6\u00f6n - kotona ja ammattikeitti\u00f6ss\u00e4.<\/p>","protected":false},"excerpt":{"rendered":"<p data-start=\"157\" data-end=\"496\">Ajoitus on keitti\u00f6ss\u00e4 ratkaisevan t\u00e4rke\u00e4\u00e4. Ninja Foodin Dual Zone -kuumailmapannulla voit kypsent\u00e4\u00e4 erilaisia ruokia - olipa kyse sitten kalasta ja ranskalaisista, lihasta ja vihanneksista tai hampurilaisista ja lisukkeista - kahdella erillisell\u00e4 kypsennysalueella samanaikaisesti. SYNC-toiminnon ansiosta kaikki ruoat kypsyv\u00e4t samaan aikaan, vaikka kypsennysajat ja -l\u00e4mp\u00f6tilat olisivat erilaiset.<\/p>\n<p data-start=\"498\" data-end=\"839\">Laitteen kokonaistilavuus on 7,6 litraa - kukin keittokori on 3,8 litraa. 2400 W:n teho ja s\u00e4\u00e4dett\u00e4v\u00e4 l\u00e4mp\u00f6tila 240 \u00b0C:een asti takaavat nopean ja tarkan kypsennyksen. Helppok\u00e4ytt\u00f6inen LCD-n\u00e4yt\u00f6n ja kuuden automaattisen ohjelman ansiosta. Kaikki irrotettavat osat ovat tarttumattomia ja astianpesukoneen kest\u00e4vi\u00e4, joten puhdistus on nopeaa ja k\u00e4tev\u00e4\u00e4.<\/p>\n<p data-start=\"841\" data-end=\"855\"><strong data-start=\"841\" data-end=\"853\">Ominaisuudet<\/strong><\/p>\n<ul data-start=\"856\" data-end=\"1329\">\n<li data-start=\"856\" data-end=\"875\">\n<p data-start=\"858\" data-end=\"875\">Teho: 2400 W<\/p>\n<\/li>\n<li data-start=\"876\" data-end=\"909\">\n<p data-start=\"878\" data-end=\"909\">Suurin kapasiteetti: 3200 g<\/p>\n<\/li>\n<li data-start=\"910\" data-end=\"1017\">\n<p data-start=\"912\" data-end=\"1017\">6 automaattista ohjelmaa: kuumailmaparilointi, paahtaminen, leivonta, l\u00e4mmitys, kuivaus, extra rapea.<\/p>\n<\/li>\n<li data-start=\"1018\" data-end=\"1073\">\n<p data-start=\"1020\" data-end=\"1073\">2 \u00d7 3,8 litran tarttumattomat leivontakupit (yhteens\u00e4 7,6 litraa).<\/p>\n<\/li>\n<li data-start=\"1074\" data-end=\"1108\">\n<p data-start=\"1076\" data-end=\"1108\">2 monikapasiteettista paistolevy\u00e4<\/p>\n<\/li>\n<li data-start=\"1109\" data-end=\"1148\">\n<p data-start=\"1111\" data-end=\"1148\">S\u00e4\u00e4dett\u00e4v\u00e4 l\u00e4mp\u00f6tila: 40-240 \u00b0C<\/p>\n<\/li>\n<li data-start=\"1149\" data-end=\"1217\">\n<p data-start=\"1151\" data-end=\"1217\">Automaattinen SYNC-toiminto kahden vy\u00f6hykkeen samanaikaiseen kypsennykseen<\/p>\n<\/li>\n<li data-start=\"1218\" data-end=\"1250\">\n<p data-start=\"1220\" data-end=\"1250\">L\u00e4mmitt\u00e4m\u00e4t\u00f6n kotelo, ajastin<\/p>\n<\/li>\n<li data-start=\"1251\" data-end=\"1294\">\n<p data-start=\"1253\" data-end=\"1294\">LCD-n\u00e4ytt\u00f6 ja elektroninen ohjauspaneeli<\/p>\n<\/li>\n<li data-start=\"1295\" data-end=\"1329\">\n<p data-start=\"1297\" data-end=\"1329\">Astianpesukoneessa pest\u00e4v\u00e4t osat<\/p>\n<\/li>\n<\/ul>\n<p><img loading=\"lazy\" decoding=\"async\" class=\"wp-image-3980\" src=\"http:\/\/tammetorubbq.ee\/wp-content\/uploads\/2025\/10\/Ninja-logo-300x300.webp\" alt=\"Ninja-logo\" width=\"180\" height=\"180\" srcset=\"https:\/\/tammetorubbq.ee\/wp-content\/uploads\/2025\/10\/Ninja-logo-300x300.webp 300w, https:\/\/tammetorubbq.ee\/wp-content\/uploads\/2025\/10\/Ninja-logo-150x150.webp 150w, https:\/\/tammetorubbq.ee\/wp-content\/uploads\/2025\/10\/Ninja-logo-12x12.webp 12w, https:\/\/tammetorubbq.ee\/wp-content\/uploads\/2025\/10\/Ninja-logo-600x600.webp 600w, https:\/\/tammetorubbq.ee\/wp-content\/uploads\/2025\/10\/Ninja-logo-64x64.webp 64w, https:\/\/tammetorubbq.ee\/wp-content\/uploads\/2025\/10\/Ninja-logo.webp 680w\" sizes=\"auto, (max-width: 180px) 100vw, 180px\" \/><\/p>\n<p><a href=\"https:\/\/tammetorubbq.ee\/fi\/maksa-myohemmin\/\"><strong>OSTA NYT, MAKSA MY\u00d6HEMMIN<\/strong><\/a>\u00a0- korotonta!<\/p>\n<p><img loading=\"lazy\" decoding=\"async\" class=\"alignnone wp-image-2646\" src=\"http:\/\/tammetorubbq.ee\/wp-content\/uploads\/2023\/12\/inbank-wordmark.png\" alt=\"\" width=\"167\" height=\"75\" srcset=\"https:\/\/tammetorubbq.ee\/wp-content\/uploads\/2023\/12\/inbank-wordmark.png 300w, https:\/\/tammetorubbq.ee\/wp-content\/uploads\/2023\/12\/inbank-wordmark-18x8.png 18w, https:\/\/tammetorubbq.ee\/wp-content\/uploads\/2023\/12\/inbank-wordmark-64x29.png 64w\" sizes=\"auto, (max-width: 167px) 100vw, 167px\" \/><\/p>\n<p>Tarjoamme my\u00f6s mahdollisuuden maksaa my\u00f6hemmin - yhdess\u00e4, kahdessa tai kolmessa samansuuruisessa er\u00e4ss\u00e4 ilman korkoa tai lis\u00e4maksua.<\/p>\n<p>L\u00f6yd\u00e4t valikoiman eri maksuvaihtoehtoja ostoskoristamme.<\/p>","protected":false},"featured_media":4077,"comment_status":"open","ping_status":"closed","template":"","meta":{"_uf_show_specific_survey":0,"_uf_disable_surveys":false},"pwb-brand":[214],"product_brand":[],"product_cat":[194,196],"product_tag":[223],"class_list":{"0":"post-4073","1":"product","2":"type-product","3":"status-publish","4":"has-post-thumbnail","6":"pwb-brand-ninja","7":"product_cat-ninja-koogiseadmed","8":"product_cat-kuumaohufrituurid","9":"product_tag-kuumaohufrituur","11":"first","12":"instock","13":"taxable","14":"shipping-taxable","15":"purchasable","16":"product-type-simple"},"brands":[{"id":214,"name":"Ninja","slug":"ninja"}],"_links":{"self":[{"href":"https:\/\/tammetorubbq.ee\/fi\/wp-json\/wp\/v2\/product\/4073","targetHints":{"allow":["GET"]}}],"collection":[{"href":"https:\/\/tammetorubbq.ee\/fi\/wp-json\/wp\/v2\/product"}],"about":[{"href":"https:\/\/tammetorubbq.ee\/fi\/wp-json\/wp\/v2\/types\/product"}],"replies":[{"embeddable":true,"href":"https:\/\/tammetorubbq.ee\/fi\/wp-json\/wp\/v2\/comments?post=4073"}],"wp:featuredmedia":[{"embeddable":true,"href":"https:\/\/tammetorubbq.ee\/fi\/wp-json\/wp\/v2\/media\/4077"}],"wp:attachment":[{"href":"https:\/\/tammetorubbq.ee\/fi\/wp-json\/wp\/v2\/media?parent=4073"}],"wp:term":[{"taxonomy":"pwb-brand","embeddable":true,"href":"https:\/\/tammetorubbq.ee\/fi\/wp-json\/wp\/v2\/pwb-brand?post=4073"},{"taxonomy":"product_brand","embeddable":true,"href":"https:\/\/tammetorubbq.ee\/fi\/wp-json\/wp\/v2\/product_brand?post=4073"},{"taxonomy":"product_cat","embeddable":true,"href":"https:\/\/tammetorubbq.ee\/fi\/wp-json\/wp\/v2\/product_cat?post=4073"},{"taxonomy":"product_tag","embeddable":true,"href":"https:\/\/tammetorubbq.ee\/fi\/wp-json\/wp\/v2\/product_tag?post=4073"}],"curies":[{"name":"wp","href":"https:\/\/api.w.org\/{rel}","templated":true}]}}