{"id":4078,"date":"2025-10-16T13:36:44","date_gmt":"2025-10-16T10:36:44","guid":{"rendered":"https:\/\/tammetorubbq.ee\/?post_type=product&#038;p=4078"},"modified":"2026-04-17T00:00:02","modified_gmt":"2026-04-16T21:00:02","slug":"ninja-kuumailmapannu-air-fryer-max-pro-62l-valkoinen","status":"publish","type":"product","link":"https:\/\/tammetorubbq.ee\/fi\/product-2\/ninja-kuumailmapannu-air-fryer-max-pro-62l-valkoinen\/","title":{"rendered":"Ninja Hot Air Fryer Air Fryer MAX PRO 6,2L (valkoinen)"},"content":{"rendered":"<table class=\"woocommerce-product-attributes shop_attributes\" aria-label=\"Tuotteen tiedot\">\n<tbody>\n<tr class=\"woocommerce-product-attributes-item woocommerce-product-attributes-item--weight\">\n<th class=\"woocommerce-product-attributes-item__label\" style=\"text-align: left;\" scope=\"row\">Paino<\/th>\n<td class=\"woocommerce-product-attributes-item__value\">5,8 kg<\/td>\n<\/tr>\n<tr class=\"woocommerce-product-attributes-item woocommerce-product-attributes-item--dimensions\">\n<th class=\"woocommerce-product-attributes-item__label\" scope=\"row\">Mitat<\/th>\n<td class=\"woocommerce-product-attributes-item__value\">36 \u00d7 28 \u00d7 30,5 cm<\/td>\n<\/tr>\n<\/tbody>\n<\/table>\n<p>&nbsp;<\/p>\n<p data-start=\"112\" data-end=\"348\"><strong data-start=\"112\" data-end=\"121\">Ninja<\/strong>\u00a0<strong>tavaramerkki<\/strong>\u00a0on tunnettu yhdysvaltalainen kodinkonemerkki, jonka omistaa yhti\u00f6\u00a0<strong data-start=\"187\" data-end=\"201\">SharkNinja<\/strong>. Tuotemerkki\u00e4 arvostetaan sen\u00a0<strong data-start=\"225\" data-end=\"269\">\u00e4lykk\u00e4it\u00e4 ja k\u00e4ytt\u00e4j\u00e4yst\u00e4v\u00e4llisi\u00e4 ratkaisuja.<\/strong>\u00a0jotka tekev\u00e4t jokap\u00e4iv\u00e4isest\u00e4 ruoanlaitosta helpompaa ja tehokkaampaa.<\/p>\n<p data-start=\"350\" data-end=\"651\">Ninja-sarjaan kuuluu\u00a0<strong data-start=\"380\" data-end=\"434\">tehosekoittimet, ruoank\u00e4sittelykoneet, friteerauskoneet, monitoimikeittimet.<\/strong>\u00a0ja yh\u00e4 useammin my\u00f6s\u00a0<strong data-start=\"452\" data-end=\"474\">ulkokeitti\u00f6laitteet<\/strong>. Kaikki tuotteet on suunniteltu yhdist\u00e4m\u00e4\u00e4n\u00a0<strong data-start=\"507\" data-end=\"564\">toiminnallisuus, luotettavuus ja innovatiivinen suunnittelu<\/strong>tarjota paras ty\u00f6kalu jokaiseen keitti\u00f6\u00f6n - kotona ja ammattikeitti\u00f6ss\u00e4.<\/p>","protected":false},"excerpt":{"rendered":"<p data-start=\"158\" data-end=\"511\">Etsitk\u00f6 tilaa s\u00e4\u00e4st\u00e4v\u00e4\u00e4 ilmankeitint\u00e4, jossa voi valmistaa ruokaa koko perheelle? Ninja Air Fryer MAX PRO -ilmankeittimeen mahtuu 6,2 litran koriin jopa 2 kg kanaa tai 1,4 kg ranskalaisia, mik\u00e4 sopii t\u00e4ydellisesti jopa nelj\u00e4lle hengelle. S\u00e4\u00e4dett\u00e4v\u00e4n Crisper Plate -levyn ansiosta voit kypsent\u00e4\u00e4 ruokasi kahdella tavalla: tasaisen rapeaksi pohjasta tai nopeaan ruskistukseen.<\/p>\n<p data-start=\"513\" data-end=\"806\">Ninja Air Fryer k\u00e4ytt\u00e4\u00e4 jopa 60% v\u00e4hemm\u00e4n energiaa kuin perinteinen uuni, mik\u00e4 takaa pienemm\u00e4t energialaskut ja yht\u00e4 herkulliset tulokset. Laitteessa on kuusi kypsennystoimintoa, selke\u00e4 LCD-n\u00e4ytt\u00f6 ja kaikki irrotettavat osat ovat tarttumattomia ja astianpesukoneen kest\u00e4vi\u00e4, joten sit\u00e4 on helppo k\u00e4ytt\u00e4\u00e4 ja huoltaa.<\/p>\n<p data-start=\"808\" data-end=\"822\"><strong data-start=\"808\" data-end=\"820\">Ominaisuudet<\/strong><\/p>\n<ul data-start=\"823\" data-end=\"1264\">\n<li data-start=\"823\" data-end=\"842\">\n<p data-start=\"825\" data-end=\"842\">Teho: 2000 W<\/p>\n<\/li>\n<li data-start=\"843\" data-end=\"876\">\n<p data-start=\"845\" data-end=\"876\">Maksimikapasiteetti: 2000 g<\/p>\n<\/li>\n<li data-start=\"877\" data-end=\"976\">\n<p data-start=\"879\" data-end=\"976\">6 ohjelmaa: kuumailmapannu, paahtaminen, leivonta, l\u00e4mmitys, kuivaus, extra rapea.<\/p>\n<\/li>\n<li data-start=\"977\" data-end=\"1016\">\n<p data-start=\"979\" data-end=\"1016\">S\u00e4\u00e4dett\u00e4v\u00e4 l\u00e4mp\u00f6tila: 40-240 \u00b0C<\/p>\n<\/li>\n<li data-start=\"1017\" data-end=\"1064\">\n<p data-start=\"1019\" data-end=\"1064\">6,2 litran uunikori, joka sopii jopa 2 kg:n ruoalle.<\/p>\n<\/li>\n<li data-start=\"1065\" data-end=\"1121\">\n<p data-start=\"1067\" data-end=\"1121\">S\u00e4\u00e4dett\u00e4v\u00e4 kypsennyslevy kahdelle kypsennystasolle<\/p>\n<\/li>\n<li data-start=\"1122\" data-end=\"1160\">\n<p data-start=\"1124\" data-end=\"1160\">LCD-n\u00e4ytt\u00f6 ja digitaalinen ohjaus<\/p>\n<\/li>\n<li data-start=\"1161\" data-end=\"1193\">\n<p data-start=\"1163\" data-end=\"1193\">L\u00e4mmitt\u00e4m\u00e4t\u00f6n kotelo, ajastin<\/p>\n<\/li>\n<li data-start=\"1194\" data-end=\"1245\">\n<p data-start=\"1196\" data-end=\"1245\">Tarttumattomat ja astianpesukoneessa pest\u00e4v\u00e4t osat<\/p>\n<\/li>\n<li data-start=\"1246\" data-end=\"1264\">\n<p data-start=\"1248\" data-end=\"1264\">1 leivontakori<\/p>\n<\/li>\n<\/ul>\n<p><img loading=\"lazy\" decoding=\"async\" class=\"wp-image-3980\" src=\"http:\/\/tammetorubbq.ee\/wp-content\/uploads\/2025\/10\/Ninja-logo-300x300.webp\" alt=\"Ninja-logo\" width=\"180\" height=\"180\" srcset=\"https:\/\/tammetorubbq.ee\/wp-content\/uploads\/2025\/10\/Ninja-logo-300x300.webp 300w, https:\/\/tammetorubbq.ee\/wp-content\/uploads\/2025\/10\/Ninja-logo-150x150.webp 150w, https:\/\/tammetorubbq.ee\/wp-content\/uploads\/2025\/10\/Ninja-logo-12x12.webp 12w, https:\/\/tammetorubbq.ee\/wp-content\/uploads\/2025\/10\/Ninja-logo-600x600.webp 600w, https:\/\/tammetorubbq.ee\/wp-content\/uploads\/2025\/10\/Ninja-logo-64x64.webp 64w, https:\/\/tammetorubbq.ee\/wp-content\/uploads\/2025\/10\/Ninja-logo.webp 680w\" sizes=\"auto, (max-width: 180px) 100vw, 180px\" \/><\/p>\n<p><a href=\"https:\/\/tammetorubbq.ee\/fi\/maksa-myohemmin\/\"><strong>OSTA NYT, MAKSA MY\u00d6HEMMIN<\/strong><\/a>\u00a0- korotonta!<\/p>\n<p><img loading=\"lazy\" decoding=\"async\" class=\"alignnone wp-image-2646\" src=\"http:\/\/tammetorubbq.ee\/wp-content\/uploads\/2023\/12\/inbank-wordmark.png\" alt=\"\" width=\"167\" height=\"75\" srcset=\"https:\/\/tammetorubbq.ee\/wp-content\/uploads\/2023\/12\/inbank-wordmark.png 300w, https:\/\/tammetorubbq.ee\/wp-content\/uploads\/2023\/12\/inbank-wordmark-18x8.png 18w, https:\/\/tammetorubbq.ee\/wp-content\/uploads\/2023\/12\/inbank-wordmark-64x29.png 64w\" sizes=\"auto, (max-width: 167px) 100vw, 167px\" \/><\/p>\n<p>Tarjoamme my\u00f6s mahdollisuuden maksaa my\u00f6hemmin - yhdess\u00e4, kahdessa tai kolmessa samansuuruisessa er\u00e4ss\u00e4 ilman korkoa tai lis\u00e4maksua.<\/p>\n<p>L\u00f6yd\u00e4t valikoiman eri maksuvaihtoehtoja ostoskoristamme.<\/p>","protected":false},"featured_media":4081,"comment_status":"open","ping_status":"closed","template":"","meta":{"_uf_show_specific_survey":0,"_uf_disable_surveys":false},"pwb-brand":[214],"product_brand":[],"product_cat":[194,196],"product_tag":[223],"class_list":{"0":"post-4078","1":"product","2":"type-product","3":"status-publish","4":"has-post-thumbnail","6":"pwb-brand-ninja","7":"product_cat-ninja-koogiseadmed","8":"product_cat-kuumaohufrituurid","9":"product_tag-kuumaohufrituur","11":"first","12":"instock","13":"taxable","14":"shipping-taxable","15":"purchasable","16":"product-type-simple"},"brands":[{"id":214,"name":"Ninja","slug":"ninja"}],"_links":{"self":[{"href":"https:\/\/tammetorubbq.ee\/fi\/wp-json\/wp\/v2\/product\/4078","targetHints":{"allow":["GET"]}}],"collection":[{"href":"https:\/\/tammetorubbq.ee\/fi\/wp-json\/wp\/v2\/product"}],"about":[{"href":"https:\/\/tammetorubbq.ee\/fi\/wp-json\/wp\/v2\/types\/product"}],"replies":[{"embeddable":true,"href":"https:\/\/tammetorubbq.ee\/fi\/wp-json\/wp\/v2\/comments?post=4078"}],"wp:featuredmedia":[{"embeddable":true,"href":"https:\/\/tammetorubbq.ee\/fi\/wp-json\/wp\/v2\/media\/4081"}],"wp:attachment":[{"href":"https:\/\/tammetorubbq.ee\/fi\/wp-json\/wp\/v2\/media?parent=4078"}],"wp:term":[{"taxonomy":"pwb-brand","embeddable":true,"href":"https:\/\/tammetorubbq.ee\/fi\/wp-json\/wp\/v2\/pwb-brand?post=4078"},{"taxonomy":"product_brand","embeddable":true,"href":"https:\/\/tammetorubbq.ee\/fi\/wp-json\/wp\/v2\/product_brand?post=4078"},{"taxonomy":"product_cat","embeddable":true,"href":"https:\/\/tammetorubbq.ee\/fi\/wp-json\/wp\/v2\/product_cat?post=4078"},{"taxonomy":"product_tag","embeddable":true,"href":"https:\/\/tammetorubbq.ee\/fi\/wp-json\/wp\/v2\/product_tag?post=4078"}],"curies":[{"name":"wp","href":"https:\/\/api.w.org\/{rel}","templated":true}]}}