{"id":408,"date":"2023-12-03T11:39:33","date_gmt":"2023-12-03T09:39:33","guid":{"rendered":"https:\/\/tammetorubbq.ee\/?post_type=product&#038;p=408"},"modified":"2026-04-29T13:00:20","modified_gmt":"2026-04-29T10:00:20","slug":"bbq-succahi-savuinen-peto-xl","status":"publish","type":"product","link":"https:\/\/tammetorubbq.ee\/fi\/toode\/bbq-suitsuahi-smoky-beast-xl\/","title":{"rendered":"BBQ savustamo Smoky Beast XL"},"content":{"rendered":"<p><strong>Savuinen peto XL<\/strong>\u00a0malli on useita kertoja suurempi kuin suurimmat Kamado-keraamiset grillit (merkint\u00e4 2XL, Pro Joe). N\u00e4iden kahden grillin kokonaispinta-ala on 12 900 cm2 (tai 1,29 m2).<\/p>\n<p>Uuniin mahtuu kerrallaan noin 70 kg lihaa.<\/p>\n<p>&nbsp;<\/p>\n<p>Smoky Beast XL:\u00e4\u00e4 k\u00e4ytt\u00e4v\u00e4t ravintolat, pitopalvelun tarjoilijat ja harrastajakokit, joiden on tarjottava ruokaa kymmenille tai sadoille ihmisille. Uunin kapasiteetin ansiosta on mahdollista kypsent\u00e4\u00e4 yli 200 liha-annosta kerrallaan yhdess\u00e4 er\u00e4ss\u00e4.<\/p>\n<p>&nbsp;<\/p>\n<p>Cor-Ten-ter\u00e4ksen punaruskea v\u00e4ri yhdistyy ruostumattomasta ter\u00e4ksest\u00e4 valmistettuihin yksityiskohtiin, ja Smoky Beast XL -grilli erottuu joukosta n\u00e4ytt\u00e4v\u00e4ll\u00e4 ulkon\u00e4\u00f6ll\u00e4\u00e4n. Sen koko tekee siit\u00e4 kuitenkin viel\u00e4kin huomiota her\u00e4tt\u00e4v\u00e4mm\u00e4n, ja sen tuottaman ruoan maku sulattaa syd\u00e4mesi.<\/p>\n<p>Hintaan sis\u00e4ltyy: hiilipannut (2 kpl), grillibrikettimoduuli, sis\u00e4\u00e4nrakennetut hyllyt.<\/p>\n<p>&nbsp;<\/p>\n<p>Grilli on valmistettu 3 mm:n Cor-Ten-ter\u00e4ksest\u00e4, paino 200 kg.<\/p>\n<p>Toimitetaan koottuna, vain savupiiput on kiinnitett\u00e4v\u00e4.<\/p>\n<p>Keitto- ja l\u00e4mmityskammiot ovat erotettavissa toisistaan, ja savupiiput ovat erotettavissa toisistaan.<\/p>\n<p>Grillit eiv\u00e4t ole maalattuja.<\/p>\n<p>Rungossa on halkaisijaltaan 10 cm:n py\u00f6r\u00e4t, joiden ansiosta grilli py\u00f6rii kovalla alustalla.<\/p>\n<p>S\u00e4rkym\u00e4tt\u00f6m\u00e4t saranat (5 mm ruostumatonta ter\u00e4st\u00e4).<\/p>\n<p>Leivinuunin koko on 118 x 60 cm.<\/p>\n<p>Kaksi eritasoista vuokaa, joiden mitat ovat 118\u00d760 cm ja 118\u00d750 cm. Materiaali ruostumatonta ter\u00e4st\u00e4.<\/p>\n<p>Leivontatelineiden kokonaispinta-ala on 12 900 cm2 (tai 1,29 m2).<\/p>\n<p>Kapasiteetti: kahteen telineeseen mahtuu kerrallaan jopa 70 kg lihaa.<\/p>\n<p>Molemmilla puolilla olevat savupiiput takaavat l\u00e4mm\u00f6n tasaisen jakautumisen.<\/p>\n<p>Vesi lis\u00e4t\u00e4\u00e4n vesihauteeseen erityisen putken kautta, eik\u00e4 uunia tarvitse avata.<\/p>\n<p>Rasva valuu uunista ulos kaltevaa kaukaloa pitkin ja tippuu erityiseen \u00e4mp\u00e4riin.<\/p>\n<p>Savupiippujen yl\u00e4osassa on luukut, joilla uunin l\u00e4mp\u00f6tilaa voidaan s\u00e4\u00e4t\u00e4\u00e4.<\/p>\n<p>Grilli on varustettu ulkoisella l\u00e4mp\u00f6mittarilla (asteikko 0-300 C).<\/p>\n<p>Tulisijan syvyys 48 cm, valurautapohja.<\/p>\n<p>Lieden etupuolella on 20\u00d720 cm:n keittolevy moppikastikkeiden l\u00e4mmitt\u00e4mist\u00e4 varten.<\/p>\n<p>Ovi voidaan kiinnitt\u00e4\u00e4 kahteen asentoon - hyv\u00e4 tapa s\u00e4\u00e4t\u00e4\u00e4 l\u00e4mp\u00f6tilaa.<\/p>\n<p>Kaksoissein\u00e4inen kattilan ovi parantaa l\u00e4mm\u00f6nkest\u00e4vyytt\u00e4.<\/p>\n<p>&nbsp;<\/p>\n<p>BBQ-grilli materiaali: Cor-Ten-ter\u00e4s on l\u00e4hes puhdasta hiiliter\u00e4st\u00e4, mutta se on k\u00e4sitelty siten, ett\u00e4 sen pintaan muodostuu suojakerros, joka kest\u00e4\u00e4 elementtej\u00e4. Cor-Ten on aluksi harmaata, muuttuu sitten punaruskeaksi (ruosteen kaltainen s\u00e4vy) ja tummuu ajan my\u00f6t\u00e4. Oikein k\u00e4ytettyn\u00e4 Cor-Ten-ter\u00e4s on ilmeik\u00e4s, pitk\u00e4ik\u00e4inen ja huoltovapaa, ja se kest\u00e4\u00e4 aikaa ainutlaatuisella tavalla.<\/p>","protected":false},"excerpt":{"rendered":"<p>Eritt\u00e4in suurikapasiteettinen klassinen grilli, jossa on kaksi savupiippua parhaan ruoanlaittokokemuksen takaamiseksi. K\u00e4sintehty Cor-Ten-ter\u00e4ksest\u00e4. BBQ-savustusta varten uuni voidaan l\u00e4mmitt\u00e4\u00e4 puulla tai grillibriketeill\u00e4. Voidaan k\u00e4ytt\u00e4\u00e4 my\u00f6s hiiligrillin\u00e4.<strong>.<\/strong>\u00a0Grillausta tai savustamista varten l\u00e4mp\u00f6 tulee lieden pohjasta, kun taas grillausta varten on erityinen hiilipannu, joka asennetaan ritil\u00f6iden alle.<\/p>\n<p><img loading=\"lazy\" decoding=\"async\" class=\"alignnone wp-image-951\" src=\"http:\/\/tammetorubbq.ee\/wp-content\/uploads\/2023\/11\/GrillSymbol.png\" alt=\"\" width=\"154\" height=\"42\" srcset=\"https:\/\/tammetorubbq.ee\/wp-content\/uploads\/2023\/11\/GrillSymbol.png 273w, https:\/\/tammetorubbq.ee\/wp-content\/uploads\/2023\/11\/GrillSymbol-18x5.png 18w, https:\/\/tammetorubbq.ee\/wp-content\/uploads\/2023\/11\/GrillSymbol-64x18.png 64w\" sizes=\"auto, (max-width: 154px) 100vw, 154px\" \/><\/p>\n<p>&nbsp;<\/p>\n<p><a href=\"https:\/\/tammetorubbq.ee\/fi\/maksa-myohemmin\/\"><strong>OSTA NYT, MAKSA MY\u00d6HEMMIN<\/strong><\/a>\u00a0- korotonta!<\/p>\n<p><img loading=\"lazy\" decoding=\"async\" class=\"alignnone wp-image-2646\" src=\"http:\/\/tammetorubbq.ee\/wp-content\/uploads\/2023\/12\/inbank-wordmark.png\" alt=\"\" width=\"167\" height=\"75\" srcset=\"https:\/\/tammetorubbq.ee\/wp-content\/uploads\/2023\/12\/inbank-wordmark.png 300w, https:\/\/tammetorubbq.ee\/wp-content\/uploads\/2023\/12\/inbank-wordmark-18x8.png 18w, https:\/\/tammetorubbq.ee\/wp-content\/uploads\/2023\/12\/inbank-wordmark-64x29.png 64w\" sizes=\"auto, (max-width: 167px) 100vw, 167px\" \/><\/p>\n<p>Tarjoamme my\u00f6s mahdollisuuden maksaa my\u00f6hemmin - yhdess\u00e4, kahdessa tai kolmessa samansuuruisessa er\u00e4ss\u00e4 ilman korkoa tai lis\u00e4maksua.<\/p>\n<p>L\u00f6yd\u00e4t valikoiman eri maksuvaihtoehtoja ostoskoristamme.<\/p>","protected":false},"featured_media":409,"comment_status":"open","ping_status":"closed","template":"","meta":{"_uf_show_specific_survey":0,"_uf_disable_surveys":false},"pwb-brand":[92],"product_brand":[396],"product_cat":[57,53],"product_tag":[77,147,78,76],"class_list":{"0":"post-408","1":"product","2":"type-product","3":"status-publish","4":"has-post-thumbnail","6":"pwb-brand-grillsymbol","7":"product_brand-grillsymbol","8":"product_cat-bbq-suitsuahjud","9":"product_cat-grillid","10":"product_tag-bbq-ahi","11":"product_tag-grillsymbol","12":"product_tag-soegrill","13":"product_tag-suitsuahi","15":"first","16":"instock","17":"taxable","18":"shipping-taxable","19":"purchasable","20":"product-type-simple"},"brands":[{"id":92,"name":"GrillSymbol","slug":"grilli-symboli"}],"_links":{"self":[{"href":"https:\/\/tammetorubbq.ee\/fi\/wp-json\/wp\/v2\/product\/408","targetHints":{"allow":["GET"]}}],"collection":[{"href":"https:\/\/tammetorubbq.ee\/fi\/wp-json\/wp\/v2\/product"}],"about":[{"href":"https:\/\/tammetorubbq.ee\/fi\/wp-json\/wp\/v2\/types\/product"}],"replies":[{"embeddable":true,"href":"https:\/\/tammetorubbq.ee\/fi\/wp-json\/wp\/v2\/comments?post=408"}],"wp:featuredmedia":[{"embeddable":true,"href":"https:\/\/tammetorubbq.ee\/fi\/wp-json\/wp\/v2\/media\/409"}],"wp:attachment":[{"href":"https:\/\/tammetorubbq.ee\/fi\/wp-json\/wp\/v2\/media?parent=408"}],"wp:term":[{"taxonomy":"pwb-brand","embeddable":true,"href":"https:\/\/tammetorubbq.ee\/fi\/wp-json\/wp\/v2\/pwb-brand?post=408"},{"taxonomy":"product_brand","embeddable":true,"href":"https:\/\/tammetorubbq.ee\/fi\/wp-json\/wp\/v2\/product_brand?post=408"},{"taxonomy":"product_cat","embeddable":true,"href":"https:\/\/tammetorubbq.ee\/fi\/wp-json\/wp\/v2\/product_cat?post=408"},{"taxonomy":"product_tag","embeddable":true,"href":"https:\/\/tammetorubbq.ee\/fi\/wp-json\/wp\/v2\/product_tag?post=408"}],"curies":[{"name":"wp","href":"https:\/\/api.w.org\/{rel}","templated":true}]}}