{"id":4090,"date":"2025-10-16T14:03:24","date_gmt":"2025-10-16T11:03:24","guid":{"rendered":"https:\/\/tammetorubbq.ee\/?post_type=product&#038;p=4090"},"modified":"2026-04-16T23:00:36","modified_gmt":"2026-04-16T20:00:36","slug":"ninja-hot-fryer-ilmafritti-38l-harmaa","status":"publish","type":"product","link":"https:\/\/tammetorubbq.ee\/fi\/product-2\/ninja-hot-fryer-ilmafritti-38l-harmaa\/","title":{"rendered":"Ninja Hot Air Fryer Air Fryer 3,8L (harmaa)"},"content":{"rendered":"<table class=\"woocommerce-product-attributes shop_attributes\" aria-label=\"Tuotteen tiedot\">\n<tbody>\n<tr class=\"woocommerce-product-attributes-item woocommerce-product-attributes-item--weight\">\n<th class=\"woocommerce-product-attributes-item__label\" style=\"text-align: left;\" scope=\"row\">Paino<\/th>\n<td class=\"woocommerce-product-attributes-item__value\">4,4 kg<\/td>\n<\/tr>\n<tr class=\"woocommerce-product-attributes-item woocommerce-product-attributes-item--dimensions\">\n<th class=\"woocommerce-product-attributes-item__label\" scope=\"row\">Mitat<\/th>\n<td class=\"woocommerce-product-attributes-item__value\">33,8 \u00d7 27,9 \u00d7 34,5 cm.<\/td>\n<\/tr>\n<\/tbody>\n<\/table>\n<p>&nbsp;<\/p>\n<p data-start=\"112\" data-end=\"348\"><strong data-start=\"112\" data-end=\"121\">Ninja<\/strong>\u00a0<strong>tavaramerkki<\/strong>\u00a0on tunnettu yhdysvaltalainen kodinkonemerkki, jonka omistaa yhti\u00f6\u00a0<strong data-start=\"187\" data-end=\"201\">SharkNinja<\/strong>. Tuotemerkki\u00e4 arvostetaan sen\u00a0<strong data-start=\"225\" data-end=\"269\">\u00e4lykk\u00e4it\u00e4 ja k\u00e4ytt\u00e4j\u00e4yst\u00e4v\u00e4llisi\u00e4 ratkaisuja.<\/strong>\u00a0jotka tekev\u00e4t jokap\u00e4iv\u00e4isest\u00e4 ruoanlaitosta helpompaa ja tehokkaampaa.<\/p>\n<p data-start=\"350\" data-end=\"651\">Ninja-sarjaan kuuluu\u00a0<strong data-start=\"380\" data-end=\"434\">tehosekoittimet, ruoank\u00e4sittelykoneet, friteerauskoneet, monitoimikeittimet.<\/strong>\u00a0ja yh\u00e4 useammin my\u00f6s\u00a0<strong data-start=\"452\" data-end=\"474\">ulkokeitti\u00f6laitteet<\/strong>. Kaikki tuotteet on suunniteltu yhdist\u00e4m\u00e4\u00e4n\u00a0<strong data-start=\"507\" data-end=\"564\">toiminnallisuus, luotettavuus ja innovatiivinen suunnittelu<\/strong>tarjota paras ty\u00f6kalu jokaiseen keitti\u00f6\u00f6n - kotona ja ammattikeitti\u00f6ss\u00e4.<\/p>","protected":false},"excerpt":{"rendered":"<p data-start=\"137\" data-end=\"468\">Tutustu nopeaan ja helppoon tapaan valmistaa herkullisia ruokia ja v\u00e4lipaloja k\u00e4ytt\u00e4m\u00e4ll\u00e4 v\u00e4h\u00e4n tai ei lainkaan \u00f6ljy\u00e4. Ninja Air Fryer v\u00e4hent\u00e4\u00e4 rasvan m\u00e4\u00e4r\u00e4\u00e4 jopa 75% tavanomaiseen paistamiseen verrattuna s\u00e4ilytt\u00e4en samalla rapean rakenteen ja upean maun - olipa kyseess\u00e4 sitten kultaiset ranskalaiset, paahdetut vihannekset tai muut suosikit.<\/p>\n<p data-start=\"470\" data-end=\"849\">Se on paljon muutakin kuin pelkk\u00e4 friteerauskone - nelj\u00e4ll\u00e4 keittotoiminnolla voit my\u00f6s paahtaa, l\u00e4mmitt\u00e4\u00e4 ja kuivata ruokaa. Keraamisella pinnoitteella p\u00e4\u00e4llystettyyn 3,8 litran paistinpannuun mahtuu jopa 900 g ruokaa, ja se on helppo puhdistaa, sill\u00e4 kaikki irrotettavat osat ovat astianpesukoneen kest\u00e4vi\u00e4. Kompakti muotoilu ja yksinkertaiset LCD-ohjaimet tekev\u00e4t paistinpannusta ihanteellisen jokap\u00e4iv\u00e4iseen k\u00e4ytt\u00f6\u00f6n.<\/p>\n<p data-start=\"851\" data-end=\"865\"><strong data-start=\"851\" data-end=\"863\">Ominaisuudet<\/strong><\/p>\n<ul data-start=\"866\" data-end=\"1250\">\n<li data-start=\"866\" data-end=\"885\">\n<p data-start=\"868\" data-end=\"885\">Teho: 1550 W<\/p>\n<\/li>\n<li data-start=\"886\" data-end=\"961\">\n<p data-start=\"888\" data-end=\"961\">4 toimintoa: kuumailmaparilointi, paahtaminen, l\u00e4mmitys, kuivaus.<\/p>\n<\/li>\n<li data-start=\"962\" data-end=\"1001\">\n<p data-start=\"964\" data-end=\"1001\">S\u00e4\u00e4dett\u00e4v\u00e4 l\u00e4mp\u00f6tila: 40-210 \u00b0C<\/p>\n<\/li>\n<li data-start=\"1002\" data-end=\"1047\">\n<p data-start=\"1004\" data-end=\"1047\">3,8 litran paistinpannu ja paistovuoka<\/p>\n<\/li>\n<li data-start=\"1048\" data-end=\"1076\">\n<p data-start=\"1050\" data-end=\"1076\">S\u00e4ilytt\u00e4\u00e4 jopa 900 g ruokaa<\/p>\n<\/li>\n<li data-start=\"1077\" data-end=\"1109\">\n<p data-start=\"1079\" data-end=\"1109\">L\u00e4mmitt\u00e4m\u00e4t\u00f6n kotelo, ajastin<\/p>\n<\/li>\n<li data-start=\"1110\" data-end=\"1187\">\n<p data-start=\"1112\" data-end=\"1187\">Tarttumaton viimeistely, kaikki irrotettavat osat astianpesukoneenkest\u00e4vi\u00e4<\/p>\n<\/li>\n<li data-start=\"1188\" data-end=\"1231\">\n<p data-start=\"1190\" data-end=\"1231\">LCD-n\u00e4ytt\u00f6 ja elektroninen ohjauspaneeli<\/p>\n<\/li>\n<li data-start=\"1232\" data-end=\"1250\">\n<p data-start=\"1234\" data-end=\"1250\">Korien lukum\u00e4\u00e4r\u00e4: 1<\/p>\n<\/li>\n<\/ul>\n<p><img loading=\"lazy\" decoding=\"async\" class=\"wp-image-3980\" src=\"http:\/\/tammetorubbq.ee\/wp-content\/uploads\/2025\/10\/Ninja-logo-300x300.webp\" alt=\"Ninja-logo\" width=\"180\" height=\"180\" srcset=\"https:\/\/tammetorubbq.ee\/wp-content\/uploads\/2025\/10\/Ninja-logo-300x300.webp 300w, https:\/\/tammetorubbq.ee\/wp-content\/uploads\/2025\/10\/Ninja-logo-150x150.webp 150w, https:\/\/tammetorubbq.ee\/wp-content\/uploads\/2025\/10\/Ninja-logo-12x12.webp 12w, https:\/\/tammetorubbq.ee\/wp-content\/uploads\/2025\/10\/Ninja-logo-600x600.webp 600w, https:\/\/tammetorubbq.ee\/wp-content\/uploads\/2025\/10\/Ninja-logo-64x64.webp 64w, https:\/\/tammetorubbq.ee\/wp-content\/uploads\/2025\/10\/Ninja-logo.webp 680w\" sizes=\"auto, (max-width: 180px) 100vw, 180px\" \/><\/p>\n<p><a href=\"https:\/\/tammetorubbq.ee\/fi\/maksa-myohemmin\/\"><strong>OSTA NYT, MAKSA MY\u00d6HEMMIN<\/strong><\/a>\u00a0- korotonta!<\/p>\n<p><img loading=\"lazy\" decoding=\"async\" class=\"alignnone wp-image-2646\" src=\"http:\/\/tammetorubbq.ee\/wp-content\/uploads\/2023\/12\/inbank-wordmark.png\" alt=\"\" width=\"167\" height=\"75\" srcset=\"https:\/\/tammetorubbq.ee\/wp-content\/uploads\/2023\/12\/inbank-wordmark.png 300w, https:\/\/tammetorubbq.ee\/wp-content\/uploads\/2023\/12\/inbank-wordmark-18x8.png 18w, https:\/\/tammetorubbq.ee\/wp-content\/uploads\/2023\/12\/inbank-wordmark-64x29.png 64w\" sizes=\"auto, (max-width: 167px) 100vw, 167px\" \/><\/p>\n<p>Tarjoamme my\u00f6s mahdollisuuden maksaa my\u00f6hemmin - yhdess\u00e4, kahdessa tai kolmessa samansuuruisessa er\u00e4ss\u00e4 ilman korkoa tai lis\u00e4maksua.<\/p>\n<p>L\u00f6yd\u00e4t valikoiman eri maksuvaihtoehtoja ostoskoristamme.<\/p>","protected":false},"featured_media":4093,"comment_status":"open","ping_status":"closed","template":"","meta":{"_uf_show_specific_survey":0,"_uf_disable_surveys":false},"pwb-brand":[214],"product_brand":[],"product_cat":[194,196],"product_tag":[223],"class_list":{"0":"post-4090","1":"product","2":"type-product","3":"status-publish","4":"has-post-thumbnail","6":"pwb-brand-ninja","7":"product_cat-ninja-koogiseadmed","8":"product_cat-kuumaohufrituurid","9":"product_tag-kuumaohufrituur","11":"first","12":"outofstock","13":"taxable","14":"shipping-taxable","15":"purchasable","16":"product-type-simple"},"brands":[{"id":214,"name":"Ninja","slug":"ninja"}],"_links":{"self":[{"href":"https:\/\/tammetorubbq.ee\/fi\/wp-json\/wp\/v2\/product\/4090","targetHints":{"allow":["GET"]}}],"collection":[{"href":"https:\/\/tammetorubbq.ee\/fi\/wp-json\/wp\/v2\/product"}],"about":[{"href":"https:\/\/tammetorubbq.ee\/fi\/wp-json\/wp\/v2\/types\/product"}],"replies":[{"embeddable":true,"href":"https:\/\/tammetorubbq.ee\/fi\/wp-json\/wp\/v2\/comments?post=4090"}],"wp:featuredmedia":[{"embeddable":true,"href":"https:\/\/tammetorubbq.ee\/fi\/wp-json\/wp\/v2\/media\/4093"}],"wp:attachment":[{"href":"https:\/\/tammetorubbq.ee\/fi\/wp-json\/wp\/v2\/media?parent=4090"}],"wp:term":[{"taxonomy":"pwb-brand","embeddable":true,"href":"https:\/\/tammetorubbq.ee\/fi\/wp-json\/wp\/v2\/pwb-brand?post=4090"},{"taxonomy":"product_brand","embeddable":true,"href":"https:\/\/tammetorubbq.ee\/fi\/wp-json\/wp\/v2\/product_brand?post=4090"},{"taxonomy":"product_cat","embeddable":true,"href":"https:\/\/tammetorubbq.ee\/fi\/wp-json\/wp\/v2\/product_cat?post=4090"},{"taxonomy":"product_tag","embeddable":true,"href":"https:\/\/tammetorubbq.ee\/fi\/wp-json\/wp\/v2\/product_tag?post=4090"}],"curies":[{"name":"wp","href":"https:\/\/api.w.org\/{rel}","templated":true}]}}