{"id":4106,"date":"2025-10-16T14:38:50","date_gmt":"2025-10-16T11:38:50","guid":{"rendered":"https:\/\/tammetorubbq.ee\/?post_type=product&#038;p=4106"},"modified":"2026-04-16T20:00:15","modified_gmt":"2026-04-16T17:00:15","slug":"ninja-woodfire-pro-connect-sahkogrilli-jossa-on-savustin-ja-paistinpannu","status":"publish","type":"product","link":"https:\/\/tammetorubbq.ee\/fi\/product-2\/ninja-woodfire-pro-connect-sahkogrilli-jossa-on-savustin-ja-paistinpannu\/","title":{"rendered":"Ninja Woodfire Pro Connect s\u00e4hk\u00f6inen grilli, savustin ja ilmankiertoilmalaite"},"content":{"rendered":"<table class=\"woocommerce-product-attributes shop_attributes\" aria-label=\"Tuotteen tiedot\">\n<tbody>\n<tr class=\"woocommerce-product-attributes-item woocommerce-product-attributes-item--weight\">\n<th class=\"woocommerce-product-attributes-item__label\" style=\"text-align: left;\" scope=\"row\">Paino<\/th>\n<td class=\"woocommerce-product-attributes-item__value\">18,3 kg<\/td>\n<\/tr>\n<tr class=\"woocommerce-product-attributes-item woocommerce-product-attributes-item--dimensions\">\n<th class=\"woocommerce-product-attributes-item__label\" scope=\"row\">Mitat<\/th>\n<td class=\"woocommerce-product-attributes-item__value\">51 \u00d7 57 \u00d7 41 cm<\/td>\n<\/tr>\n<\/tbody>\n<\/table>\n<p>&nbsp;<\/p>\n<p data-start=\"112\" data-end=\"348\"><strong data-start=\"112\" data-end=\"121\">Ninja<\/strong>\u00a0<strong>tavaramerkki<\/strong>\u00a0on tunnettu yhdysvaltalainen kodinkonemerkki, jonka omistaa yhti\u00f6\u00a0<strong data-start=\"187\" data-end=\"201\">SharkNinja<\/strong>. Tuotemerkki\u00e4 arvostetaan sen\u00a0<strong data-start=\"225\" data-end=\"269\">\u00e4lykk\u00e4it\u00e4 ja k\u00e4ytt\u00e4j\u00e4yst\u00e4v\u00e4llisi\u00e4 ratkaisuja.<\/strong>\u00a0jotka tekev\u00e4t jokap\u00e4iv\u00e4isest\u00e4 ruoanlaitosta helpompaa ja tehokkaampaa.<\/p>\n<p data-start=\"350\" data-end=\"651\">Ninja-sarjaan kuuluu\u00a0<strong data-start=\"380\" data-end=\"434\">tehosekoittimet, ruoank\u00e4sittelykoneet, friteerauskoneet, monitoimikeittimet.<\/strong>\u00a0ja yh\u00e4 useammin my\u00f6s\u00a0<strong data-start=\"452\" data-end=\"474\">ulkokeitti\u00f6laitteet<\/strong>. Kaikki tuotteet on suunniteltu yhdist\u00e4m\u00e4\u00e4n\u00a0<strong data-start=\"507\" data-end=\"564\">toiminnallisuus, luotettavuus ja innovatiivinen suunnittelu<\/strong>tarjota paras ty\u00f6kalu jokaiseen keitti\u00f6\u00f6n - kotona ja ammattikeitti\u00f6ss\u00e4.<\/p>\n<p><iframe loading=\"lazy\" title=\"Ulkogrilli | Tutustu Ninja Woodfire\u2122 -ulkogrilliin\" width=\"500\" height=\"281\" src=\"https:\/\/www.youtube.com\/embed\/VnBPKYraHWU?feature=oembed\" frameborder=\"0\" allow=\"accelerometer; autoplay; clipboard-write; encrypted-media; gyroscope; picture-in-picture; web-share\" referrerpolicy=\"strict-origin-when-cross-origin\" allowfullscreen><\/iframe><\/p>","protected":false},"excerpt":{"rendered":"<p data-start=\"182\" data-end=\"554\">Ninja Woodfire Pro Connect on \u00e4lyk\u00e4s ja monipuolinen ulkogrilli, joka. <strong>yhdist\u00e4\u00e4 grillaus-, savustus- ja ilmak\u00e4ristystoiminnot.<\/strong>. Laite toimii s\u00e4hk\u00f6ll\u00e4 ja 100% luonnollisilla Woodfire-puupelleteill\u00e4, jotka antavat ruoalle aidon savuisen BBQ-maun. Wi-Fi- ja Bluetooth-yhteydell\u00e4 varustetun Ninja Pro Connect -sovelluksen ansiosta voit seurata ja ohjata ruoanlaittoa suoraan puhelimestasi.<\/p>\n<p data-start=\"556\" data-end=\"675\">Sen s\u00e4\u00e4nkest\u00e4v\u00e4 (IPX4) rakenne tekee siit\u00e4 ihanteellisen ymp\u00e4rivuotiseen k\u00e4ytt\u00f6\u00f6n terassilla, parvekkeella, puutarhassa tai leirint\u00e4alueella.<\/p>\n<p data-start=\"677\" data-end=\"695\"><strong data-start=\"677\" data-end=\"693\">T\u00e4rkeimm\u00e4t ominaisuudet<\/strong><\/p>\n<ul data-start=\"696\" data-end=\"1240\">\n<li data-start=\"696\" data-end=\"814\">\n<p data-start=\"698\" data-end=\"814\">7 kypsennystoimintoa: grillaus, savustus, ilmak\u00e4ristys, paahtaminen, leivonta, kuivaus, ylikuumeneminen.<\/p>\n<\/li>\n<li data-start=\"815\" data-end=\"904\">\n<p data-start=\"817\" data-end=\"904\">Ninja Pro Connect -sovellus (Wi-Fi + Bluetooth): kauko-ohjaus ja reaaliaikaiset ilmoitukset.<\/p>\n<\/li>\n<li data-start=\"905\" data-end=\"975\">\n<p data-start=\"907\" data-end=\"975\">Sis\u00e4\u00e4nrakennettu elintarvikel\u00e4mp\u00f6mittari, jossa on automaattinen l\u00e4mp\u00f6tilan seuranta<\/p>\n<\/li>\n<li data-start=\"976\" data-end=\"1035\">\n<p data-start=\"978\" data-end=\"1035\">Woodfire Smoker 100% luonnon puupelleteille<\/p>\n<\/li>\n<li data-start=\"1036\" data-end=\"1077\">\n<p data-start=\"1038\" data-end=\"1077\">S\u00e4hk\u00f6 - ei tarvita hiilt\u00e4 tai kaasua<\/p>\n<\/li>\n<li data-start=\"1078\" data-end=\"1154\">\n<p data-start=\"1080\" data-end=\"1154\">S\u00e4\u00e4nkest\u00e4v\u00e4 kotelo (IPX4) ymp\u00e4rivuotiseen ulkok\u00e4ytt\u00f6\u00f6n.<\/p>\n<\/li>\n<li data-start=\"1155\" data-end=\"1240\">\n<p data-start=\"1157\" data-end=\"1240\">Sis\u00e4lt\u00e4\u00e4: 2 pakettia pellettej\u00e4, pelletin lapio, rapautuskori ja reseptivihko.<\/p>\n<\/li>\n<\/ul>\n<p data-start=\"1242\" data-end=\"1262\"><strong data-start=\"1242\" data-end=\"1260\">Tekniset tiedot<\/strong><\/p>\n<ul data-start=\"1263\" data-end=\"1630\">\n<li data-start=\"1263\" data-end=\"1291\">\n<p data-start=\"1265\" data-end=\"1291\">Grillityyppi: s\u00e4hk\u00f6grilli<\/p>\n<\/li>\n<li data-start=\"1292\" data-end=\"1314\">\n<p data-start=\"1294\" data-end=\"1314\">Grillin pinta-ala: 1305 cm\u00b2<\/p>\n<\/li>\n<li data-start=\"1315\" data-end=\"1347\">\n<p data-start=\"1317\" data-end=\"1347\">Paistoalueen koko: 45 \u00d7 29 cm<\/p>\n<\/li>\n<li data-start=\"1348\" data-end=\"1364\">\n<p data-start=\"1350\" data-end=\"1364\">Kannella: kyll\u00e4<\/p>\n<\/li>\n<li data-start=\"1365\" data-end=\"1384\">\n<p data-start=\"1367\" data-end=\"1384\">Teho: 1700 W<\/p>\n<\/li>\n<li data-start=\"1385\" data-end=\"1413\">\n<p data-start=\"1387\" data-end=\"1413\">Termostaatti: s\u00e4\u00e4dett\u00e4v\u00e4<\/p>\n<\/li>\n<li data-start=\"1414\" data-end=\"1465\">\n<p data-start=\"1416\" data-end=\"1465\">L\u00e4mmityselementit, joissa on konvektiotuulettimet<\/p>\n<\/li>\n<li data-start=\"1466\" data-end=\"1508\">\n<p data-start=\"1468\" data-end=\"1508\">LED-l\u00e4mp\u00f6tilan ilmaisimet ja LCD-n\u00e4ytt\u00f6<\/p>\n<\/li>\n<li data-start=\"1509\" data-end=\"1546\">\n<p data-start=\"1511\" data-end=\"1546\">Ajastin ja automaattinen sammutus<\/p>\n<\/li>\n<li data-start=\"1547\" data-end=\"1573\">\n<p data-start=\"1549\" data-end=\"1573\">Liukastumista est\u00e4v\u00e4t jalat<\/p>\n<\/li>\n<li data-start=\"1574\" data-end=\"1630\">\n<p data-start=\"1576\" data-end=\"1630\">Irrotettavat tarttumattomat grillilevyt ja tippa-alusta<\/p>\n<\/li>\n<\/ul>\n<p data-start=\"1632\" data-end=\"1647\"><strong data-start=\"1632\" data-end=\"1645\">Kapasiteetti<\/strong><\/p>\n<ul data-start=\"1648\" data-end=\"1715\">\n<li data-start=\"1648\" data-end=\"1715\">\n<p data-start=\"1650\" data-end=\"1715\">Jopa 10 hampurilaista, 40 hot dogia tai 2 \u00d7 3 kg kokonaista kanaa kerrallaan.<\/p>\n<\/li>\n<\/ul>\n<p data-start=\"1717\" data-end=\"1919\"><strong data-start=\"1717\" data-end=\"1738\">Pellettien k\u00e4ytt\u00f6<\/strong><br data-start=\"1738\" data-end=\"1741\" \/>K\u00e4ytet\u00e4\u00e4n vain<a href=\"https:\/\/tammetorubbq.ee\/fi\/tuotetunniste\/ninja-puupelletit\/\"><strong> Ninja Woodfire lehtipuupelletit<\/strong><\/a>. Pelletit antavat ruoalle savun makua, eiv\u00e4t l\u00e4mp\u00f6\u00e4. Pakkauksessa olevat paketit riitt\u00e4v\u00e4t kuuteen paahtopaistiin.<\/p>\n<p><img loading=\"lazy\" decoding=\"async\" class=\"wp-image-3980\" src=\"http:\/\/tammetorubbq.ee\/wp-content\/uploads\/2025\/10\/Ninja-logo-300x300.webp\" alt=\"Ninja-logo\" width=\"180\" height=\"180\" srcset=\"https:\/\/tammetorubbq.ee\/wp-content\/uploads\/2025\/10\/Ninja-logo-300x300.webp 300w, https:\/\/tammetorubbq.ee\/wp-content\/uploads\/2025\/10\/Ninja-logo-150x150.webp 150w, https:\/\/tammetorubbq.ee\/wp-content\/uploads\/2025\/10\/Ninja-logo-12x12.webp 12w, https:\/\/tammetorubbq.ee\/wp-content\/uploads\/2025\/10\/Ninja-logo-600x600.webp 600w, https:\/\/tammetorubbq.ee\/wp-content\/uploads\/2025\/10\/Ninja-logo-64x64.webp 64w, https:\/\/tammetorubbq.ee\/wp-content\/uploads\/2025\/10\/Ninja-logo.webp 680w\" sizes=\"auto, (max-width: 180px) 100vw, 180px\" \/><\/p>\n<p><a href=\"https:\/\/tammetorubbq.ee\/fi\/maksa-myohemmin\/\"><strong>OSTA NYT, MAKSA MY\u00d6HEMMIN<\/strong><\/a>\u00a0- korotonta!<\/p>\n<p><img loading=\"lazy\" decoding=\"async\" class=\"alignnone wp-image-2646\" src=\"http:\/\/tammetorubbq.ee\/wp-content\/uploads\/2023\/12\/inbank-wordmark.png\" alt=\"\" width=\"167\" height=\"75\" srcset=\"https:\/\/tammetorubbq.ee\/wp-content\/uploads\/2023\/12\/inbank-wordmark.png 300w, https:\/\/tammetorubbq.ee\/wp-content\/uploads\/2023\/12\/inbank-wordmark-18x8.png 18w, https:\/\/tammetorubbq.ee\/wp-content\/uploads\/2023\/12\/inbank-wordmark-64x29.png 64w\" sizes=\"auto, (max-width: 167px) 100vw, 167px\" \/><\/p>\n<p>Tarjoamme my\u00f6s mahdollisuuden maksaa my\u00f6hemmin - yhdess\u00e4, kahdessa tai kolmessa samansuuruisessa er\u00e4ss\u00e4 ilman korkoa tai lis\u00e4maksua.<\/p>\n<p>L\u00f6yd\u00e4t valikoiman eri maksuvaihtoehtoja ostoskoristamme.<\/p>\n<p data-start=\"1717\" data-end=\"1919\">","protected":false},"featured_media":4115,"comment_status":"open","ping_status":"closed","template":"","meta":{"_uf_show_specific_survey":0,"_uf_disable_surveys":false},"pwb-brand":[214],"product_brand":[],"product_cat":[194,57,108,195,196,56],"product_tag":[109,223,135],"class_list":{"0":"post-4106","1":"product","2":"type-product","3":"status-publish","4":"has-post-thumbnail","6":"pwb-brand-ninja","7":"product_cat-ninja-koogiseadmed","8":"product_cat-bbq-suitsuahjud","9":"product_cat-elektrigrillid","10":"product_cat-elektrilised-grillid-suitsutajad","11":"product_cat-kuumaohufrituurid","12":"product_cat-pelletgrillid","13":"product_tag-elektrigrill","14":"product_tag-kuumaohufrituur","15":"product_tag-pelletgrillid","17":"first","18":"instock","19":"taxable","20":"shipping-taxable","21":"purchasable","22":"product-type-simple"},"brands":[{"id":214,"name":"Ninja","slug":"ninja"}],"_links":{"self":[{"href":"https:\/\/tammetorubbq.ee\/fi\/wp-json\/wp\/v2\/product\/4106","targetHints":{"allow":["GET"]}}],"collection":[{"href":"https:\/\/tammetorubbq.ee\/fi\/wp-json\/wp\/v2\/product"}],"about":[{"href":"https:\/\/tammetorubbq.ee\/fi\/wp-json\/wp\/v2\/types\/product"}],"replies":[{"embeddable":true,"href":"https:\/\/tammetorubbq.ee\/fi\/wp-json\/wp\/v2\/comments?post=4106"}],"wp:featuredmedia":[{"embeddable":true,"href":"https:\/\/tammetorubbq.ee\/fi\/wp-json\/wp\/v2\/media\/4115"}],"wp:attachment":[{"href":"https:\/\/tammetorubbq.ee\/fi\/wp-json\/wp\/v2\/media?parent=4106"}],"wp:term":[{"taxonomy":"pwb-brand","embeddable":true,"href":"https:\/\/tammetorubbq.ee\/fi\/wp-json\/wp\/v2\/pwb-brand?post=4106"},{"taxonomy":"product_brand","embeddable":true,"href":"https:\/\/tammetorubbq.ee\/fi\/wp-json\/wp\/v2\/product_brand?post=4106"},{"taxonomy":"product_cat","embeddable":true,"href":"https:\/\/tammetorubbq.ee\/fi\/wp-json\/wp\/v2\/product_cat?post=4106"},{"taxonomy":"product_tag","embeddable":true,"href":"https:\/\/tammetorubbq.ee\/fi\/wp-json\/wp\/v2\/product_tag?post=4106"}],"curies":[{"name":"wp","href":"https:\/\/api.w.org\/{rel}","templated":true}]}}