{"id":4117,"date":"2025-10-16T14:47:15","date_gmt":"2025-10-16T11:47:15","guid":{"rendered":"https:\/\/tammetorubbq.ee\/?post_type=product&#038;p=4117"},"modified":"2026-04-16T23:00:17","modified_gmt":"2026-04-16T20:00:17","slug":"ninja-woodfire-pro-xl-sahkogrilli-jossa-on-savustin-ja-paistinpannu","status":"publish","type":"product","link":"https:\/\/tammetorubbq.ee\/fi\/product-2\/ninja-woodfire-pro-xl-sahkogrilli-jossa-on-savustin-ja-paistinpannu\/","title":{"rendered":"Ninja Woodfire Pro XL s\u00e4hk\u00f6grilli, savustin ja ilmankuumentaja"},"content":{"rendered":"<table class=\"woocommerce-product-attributes shop_attributes\" aria-label=\"Tuotteen tiedot\">\n<tbody>\n<tr class=\"woocommerce-product-attributes-item woocommerce-product-attributes-item--weight\">\n<th class=\"woocommerce-product-attributes-item__label\" style=\"text-align: left;\" scope=\"row\">Paino<\/th>\n<td class=\"woocommerce-product-attributes-item__value\">18 kg<\/td>\n<\/tr>\n<tr class=\"woocommerce-product-attributes-item woocommerce-product-attributes-item--dimensions\">\n<th class=\"woocommerce-product-attributes-item__label\" scope=\"row\">Mitat<\/th>\n<td class=\"woocommerce-product-attributes-item__value\">51 \u00d7 57 \u00d7 41 cm<\/td>\n<\/tr>\n<\/tbody>\n<\/table>\n<p data-start=\"112\" data-end=\"348\"><strong data-start=\"112\" data-end=\"121\">Ninja<\/strong>\u00a0<strong>tavaramerkki<\/strong>\u00a0on tunnettu yhdysvaltalainen kodinkonemerkki, jonka omistaa yhti\u00f6\u00a0<strong data-start=\"187\" data-end=\"201\">SharkNinja<\/strong>. Tuotemerkki\u00e4 arvostetaan sen\u00a0<strong data-start=\"225\" data-end=\"269\">\u00e4lykk\u00e4it\u00e4 ja k\u00e4ytt\u00e4j\u00e4yst\u00e4v\u00e4llisi\u00e4 ratkaisuja.<\/strong>\u00a0jotka tekev\u00e4t jokap\u00e4iv\u00e4isest\u00e4 ruoanlaitosta helpompaa ja tehokkaampaa.<\/p>\n<p data-start=\"350\" data-end=\"651\">Ninja-sarjaan kuuluu\u00a0<strong data-start=\"380\" data-end=\"434\">tehosekoittimet, ruoank\u00e4sittelykoneet, friteerauskoneet, monitoimikeittimet.<\/strong>\u00a0ja yh\u00e4 useammin my\u00f6s\u00a0<strong data-start=\"452\" data-end=\"474\">ulkokeitti\u00f6laitteet<\/strong>. Kaikki tuotteet on suunniteltu yhdist\u00e4m\u00e4\u00e4n\u00a0<strong data-start=\"507\" data-end=\"564\">toiminnallisuus, luotettavuus ja innovatiivinen suunnittelu<\/strong>tarjota paras ty\u00f6kalu jokaiseen keitti\u00f6\u00f6n - kotona ja ammattikeitti\u00f6ss\u00e4.<\/p>\n<p><iframe loading=\"lazy\" title=\"Ulkogrilli | Tutustu Ninja Woodfire\u2122 -ulkogrilliin\" src=\"https:\/\/www.youtube.com\/embed\/VnBPKYraHWU?feature=oembed\" width=\"500\" height=\"281\" frameborder=\"0\" allowfullscreen=\"allowfullscreen\" data-mce-fragment=\"1\"><\/iframe><\/p>","protected":false},"excerpt":{"rendered":"<p data-start=\"172\" data-end=\"537\">Ninja Woodfire Pro XL on suuren kapasiteetin ulkokeittolaite, joka. <strong>yhdist\u00e4\u00e4 s\u00e4hk\u00f6grillin, savustimen, ilmak\u00e4ristimen ja paahtimen toiminnot.<\/strong>. \u00c4lyk\u00e4s ruoanvalmistusj\u00e4rjestelm\u00e4, jossa on sis\u00e4\u00e4nrakennettu ruoanl\u00e4mp\u00f6mittari, takaa tarkan ja herkullisen lopputuloksen joka kerta. S\u00e4hk\u00f6k\u00e4ytt\u00f6inen laite ei vaadi polttoainetta tai kaasua, joten se sopii k\u00e4ytett\u00e4v\u00e4ksi ymp\u00e4ri vuoden - terassilla, parvekkeella tai puutarhassa.<\/p>\n<p data-start=\"539\" data-end=\"557\"><strong data-start=\"539\" data-end=\"555\">T\u00e4rkeimm\u00e4t ominaisuudet<\/strong><\/p>\n<ul data-start=\"558\" data-end=\"1008\">\n<li data-start=\"558\" data-end=\"632\">\n<p data-start=\"560\" data-end=\"632\">4 kypsennystoimintoa: grillaus, savustaminen, ilmak\u00e4ristys, paahtaminen.<\/p>\n<\/li>\n<li data-start=\"633\" data-end=\"675\">\n<p data-start=\"635\" data-end=\"675\">\u00c4lyk\u00e4s sis\u00e4\u00e4nrakennettu ruoanl\u00e4mp\u00f6mittari<\/p>\n<\/li>\n<li data-start=\"676\" data-end=\"735\">\n<p data-start=\"678\" data-end=\"735\">Woodfire Smoker 100% luonnon puupelleteille<\/p>\n<\/li>\n<li data-start=\"736\" data-end=\"791\">\n<p data-start=\"738\" data-end=\"791\">S\u00e4hk\u00f6 (1,6 m:n kaapeli) - ei vaadi liekki\u00e4 tai kaasua.<\/p>\n<\/li>\n<li data-start=\"792\" data-end=\"875\">\n<p data-start=\"794\" data-end=\"875\">S\u00e4\u00e4nkest\u00e4v\u00e4 kotelo (IPX4), sopii ymp\u00e4rivuotiseen ulkok\u00e4ytt\u00f6\u00f6n.<\/p>\n<\/li>\n<li data-start=\"876\" data-end=\"922\">\n<p data-start=\"878\" data-end=\"922\">Nopea l\u00e4mpeneminen ja vakaa l\u00e4mp\u00f6tila<\/p>\n<\/li>\n<li data-start=\"923\" data-end=\"1008\">\n<p data-start=\"925\" data-end=\"1008\">Sis\u00e4lt\u00e4\u00e4: 2 pakettia pellettej\u00e4, pelletin lapio, rapautuskori ja reseptivihko.<\/p>\n<\/li>\n<\/ul>\n<p data-start=\"1010\" data-end=\"1030\"><strong data-start=\"1010\" data-end=\"1028\">Tekniset tiedot<\/strong><\/p>\n<ul data-start=\"1031\" data-end=\"1502\">\n<li data-start=\"1031\" data-end=\"1059\">\n<p data-start=\"1033\" data-end=\"1059\">Grillityyppi: s\u00e4hk\u00f6grilli<\/p>\n<\/li>\n<li data-start=\"1060\" data-end=\"1082\">\n<p data-start=\"1062\" data-end=\"1082\">Grillin pinta-ala: 1395 cm\u00b2<\/p>\n<\/li>\n<li data-start=\"1083\" data-end=\"1115\">\n<p data-start=\"1085\" data-end=\"1115\">Paistoalueen koko: 45 \u00d7 31 cm<\/p>\n<\/li>\n<li data-start=\"1116\" data-end=\"1132\">\n<p data-start=\"1118\" data-end=\"1132\">Kannella: kyll\u00e4<\/p>\n<\/li>\n<li data-start=\"1133\" data-end=\"1152\">\n<p data-start=\"1135\" data-end=\"1152\">Teho: 2400 W<\/p>\n<\/li>\n<li data-start=\"1153\" data-end=\"1193\">\n<p data-start=\"1155\" data-end=\"1193\">S\u00e4\u00e4dett\u00e4v\u00e4 termostaatti: jopa 240 \u00b0C<\/p>\n<\/li>\n<li data-start=\"1194\" data-end=\"1223\">\n<p data-start=\"1196\" data-end=\"1223\">Konvektioj\u00e4rjestelm\u00e4: kyll\u00e4<\/p>\n<\/li>\n<li data-start=\"1224\" data-end=\"1257\">\n<p data-start=\"1226\" data-end=\"1257\">LED-l\u00e4mp\u00f6tilan ilmaisimet: kyll\u00e4<\/p>\n<\/li>\n<li data-start=\"1258\" data-end=\"1290\">\n<p data-start=\"1260\" data-end=\"1290\">Automaattinen sammutus: kyll\u00e4<\/p>\n<\/li>\n<li data-start=\"1291\" data-end=\"1502\">\n<p data-start=\"1293\" data-end=\"1502\">Erityisominaisuudet:<br data-start=\"1305\" data-end=\"1308\" \/>- sis\u00e4\u00e4nrakennettu BBQ-l\u00e4mp\u00f6mittari<br data-start=\"1340\" data-end=\"1343\" \/>- Irrotettavat tarttumattomat pinnat<br data-start=\"1379\" data-end=\"1382\" \/>- liukastumista est\u00e4v\u00e4t jalat<br data-start=\"1407\" data-end=\"1410\" \/>- helposti puhdistettava rakenne<br data-start=\"1447\" data-end=\"1450\" \/>- s\u00e4\u00e4nkest\u00e4v\u00e4 kotelo<br data-start=\"1475\" data-end=\"1478\" \/>- 4 ruoanlaitto-ohjelmaa<\/p>\n<\/li>\n<\/ul>\n<p data-start=\"1504\" data-end=\"1519\"><strong data-start=\"1504\" data-end=\"1517\">Kapasiteetti<\/strong><\/p>\n<ul data-start=\"1520\" data-end=\"1581\">\n<li data-start=\"1520\" data-end=\"1581\">\n<p data-start=\"1522\" data-end=\"1581\">Jopa 10 hampurilaista, 6 pihvi\u00e4 tai 2-3 kg broileria kerrallaan.<\/p>\n<\/li>\n<\/ul>\n<p data-start=\"1583\" data-end=\"1821\"><strong data-start=\"1583\" data-end=\"1604\">Pellettien k\u00e4ytt\u00f6<\/strong><br data-start=\"1604\" data-end=\"1607\" \/>K\u00e4ytet\u00e4\u00e4n vain <a href=\"https:\/\/tammetorubbq.ee\/fi\/tuotetunniste\/ninja-puupelletit\/\"><strong>Ninja Woodfire lehtipuupelletit<\/strong><\/a>, jotka antavat ruoalle todellisen savun maun, eiv\u00e4t kuumuutta. Yksi kauhallinen pellettej\u00e4 antaa tarpeeksi savua yhdeksi paistokerraksi. Mukana kaksi aloituspakkausta.<\/p>\n<p><img loading=\"lazy\" decoding=\"async\" class=\"wp-image-3980\" src=\"http:\/\/tammetorubbq.ee\/wp-content\/uploads\/2025\/10\/Ninja-logo-300x300.webp\" alt=\"Ninja-logo\" width=\"180\" height=\"180\" srcset=\"https:\/\/tammetorubbq.ee\/wp-content\/uploads\/2025\/10\/Ninja-logo-300x300.webp 300w, https:\/\/tammetorubbq.ee\/wp-content\/uploads\/2025\/10\/Ninja-logo-150x150.webp 150w, https:\/\/tammetorubbq.ee\/wp-content\/uploads\/2025\/10\/Ninja-logo-12x12.webp 12w, https:\/\/tammetorubbq.ee\/wp-content\/uploads\/2025\/10\/Ninja-logo-600x600.webp 600w, https:\/\/tammetorubbq.ee\/wp-content\/uploads\/2025\/10\/Ninja-logo-64x64.webp 64w, https:\/\/tammetorubbq.ee\/wp-content\/uploads\/2025\/10\/Ninja-logo.webp 680w\" sizes=\"auto, (max-width: 180px) 100vw, 180px\" \/><\/p>\n<p><a href=\"https:\/\/tammetorubbq.ee\/fi\/maksa-myohemmin\/\"><strong>OSTA NYT, MAKSA MY\u00d6HEMMIN<\/strong><\/a>\u00a0- korotonta!<\/p>\n<p><img loading=\"lazy\" decoding=\"async\" class=\"alignnone wp-image-2646\" src=\"http:\/\/tammetorubbq.ee\/wp-content\/uploads\/2023\/12\/inbank-wordmark.png\" alt=\"\" width=\"167\" height=\"75\" srcset=\"https:\/\/tammetorubbq.ee\/wp-content\/uploads\/2023\/12\/inbank-wordmark.png 300w, https:\/\/tammetorubbq.ee\/wp-content\/uploads\/2023\/12\/inbank-wordmark-18x8.png 18w, https:\/\/tammetorubbq.ee\/wp-content\/uploads\/2023\/12\/inbank-wordmark-64x29.png 64w\" sizes=\"auto, (max-width: 167px) 100vw, 167px\" \/><\/p>\n<p>Tarjoamme my\u00f6s mahdollisuuden maksaa my\u00f6hemmin - yhdess\u00e4, kahdessa tai kolmessa samansuuruisessa er\u00e4ss\u00e4 ilman korkoa tai lis\u00e4maksua.<\/p>\n<p>L\u00f6yd\u00e4t valikoiman eri maksuvaihtoehtoja ostoskoristamme.<\/p>","protected":false},"featured_media":4122,"comment_status":"open","ping_status":"closed","template":"","meta":{"_uf_show_specific_survey":0,"_uf_disable_surveys":false},"pwb-brand":[214],"product_brand":[],"product_cat":[194,108,195,196,56],"product_tag":[109,223,135],"class_list":{"0":"post-4117","1":"product","2":"type-product","3":"status-publish","4":"has-post-thumbnail","6":"pwb-brand-ninja","7":"product_cat-ninja-koogiseadmed","8":"product_cat-elektrigrillid","9":"product_cat-elektrilised-grillid-suitsutajad","10":"product_cat-kuumaohufrituurid","11":"product_cat-pelletgrillid","12":"product_tag-elektrigrill","13":"product_tag-kuumaohufrituur","14":"product_tag-pelletgrillid","16":"first","17":"instock","18":"taxable","19":"shipping-taxable","20":"purchasable","21":"product-type-simple"},"brands":[{"id":214,"name":"Ninja","slug":"ninja"}],"_links":{"self":[{"href":"https:\/\/tammetorubbq.ee\/fi\/wp-json\/wp\/v2\/product\/4117","targetHints":{"allow":["GET"]}}],"collection":[{"href":"https:\/\/tammetorubbq.ee\/fi\/wp-json\/wp\/v2\/product"}],"about":[{"href":"https:\/\/tammetorubbq.ee\/fi\/wp-json\/wp\/v2\/types\/product"}],"replies":[{"embeddable":true,"href":"https:\/\/tammetorubbq.ee\/fi\/wp-json\/wp\/v2\/comments?post=4117"}],"wp:featuredmedia":[{"embeddable":true,"href":"https:\/\/tammetorubbq.ee\/fi\/wp-json\/wp\/v2\/media\/4122"}],"wp:attachment":[{"href":"https:\/\/tammetorubbq.ee\/fi\/wp-json\/wp\/v2\/media?parent=4117"}],"wp:term":[{"taxonomy":"pwb-brand","embeddable":true,"href":"https:\/\/tammetorubbq.ee\/fi\/wp-json\/wp\/v2\/pwb-brand?post=4117"},{"taxonomy":"product_brand","embeddable":true,"href":"https:\/\/tammetorubbq.ee\/fi\/wp-json\/wp\/v2\/product_brand?post=4117"},{"taxonomy":"product_cat","embeddable":true,"href":"https:\/\/tammetorubbq.ee\/fi\/wp-json\/wp\/v2\/product_cat?post=4117"},{"taxonomy":"product_tag","embeddable":true,"href":"https:\/\/tammetorubbq.ee\/fi\/wp-json\/wp\/v2\/product_tag?post=4117"}],"curies":[{"name":"wp","href":"https:\/\/api.w.org\/{rel}","templated":true}]}}