{"id":4147,"date":"2025-10-27T14:37:29","date_gmt":"2025-10-27T12:37:29","guid":{"rendered":"https:\/\/tammetorubbq.ee\/?post_type=product&#038;p=4147"},"modified":"2026-04-29T09:00:22","modified_gmt":"2026-04-29T06:00:22","slug":"char-griller-kannettava-grilli-saippua-grilli-savustin","status":"publish","type":"product","link":"https:\/\/tammetorubbq.ee\/fi\/toode\/char-griller-kaasaskantav-soegrill-suitsukast\/","title":{"rendered":"Char-Griller kannettava hiiligrilli &amp; savustuslaatikko"},"content":{"rendered":"<table class=\"woocommerce-product-attributes shop_attributes\" aria-label=\"Tuotteen tiedot\">\n<tbody>\n<tr class=\"woocommerce-product-attributes-item woocommerce-product-attributes-item--weight\">\n<th class=\"woocommerce-product-attributes-item__label\" style=\"text-align: left;\" scope=\"row\">Paino<\/th>\n<td class=\"woocommerce-product-attributes-item__value\">19 kg<\/td>\n<\/tr>\n<tr class=\"woocommerce-product-attributes-item woocommerce-product-attributes-item--dimensions\">\n<th class=\"woocommerce-product-attributes-item__label\" scope=\"row\">Mitat<\/th>\n<td class=\"woocommerce-product-attributes-item__value\">54 \u00d7 48 \u00d7 48 cm<\/td>\n<\/tr>\n<\/tbody>\n<\/table>\n<h4 data-start=\"1465\" data-end=\"1491\"><strong data-start=\"1470\" data-end=\"1491\">Tekniset tiedot<\/strong><\/h4>\n<ul data-start=\"1492\" data-end=\"1727\">\n<li data-start=\"1492\" data-end=\"1537\">\n<p data-start=\"1494\" data-end=\"1537\"><strong data-start=\"1494\" data-end=\"1509\">Grillipind:<\/strong> 250 suorakulmiota \/ ~1613 cm\u00b2<\/p>\n<\/li>\n<li data-start=\"1538\" data-end=\"1564\">\n<p data-start=\"1540\" data-end=\"1564\"><strong data-start=\"1540\" data-end=\"1551\">Restid:<\/strong> vahvaa valurautaa<\/p>\n<\/li>\n<li data-start=\"1565\" data-end=\"1603\">\n<p data-start=\"1567\" data-end=\"1603\"><strong data-start=\"1567\" data-end=\"1580\">Materiaali:<\/strong> jauhemaalattu ter\u00e4s<\/p>\n<\/li>\n<li data-start=\"1604\" data-end=\"1655\">\n<p data-start=\"1606\" data-end=\"1655\"><strong data-start=\"1606\" data-end=\"1622\">Kuinka k\u00e4ytt\u00e4\u00e4:<\/strong> vapaasti seisova grilli tai savustin<\/p>\n<\/li>\n<li data-start=\"1656\" data-end=\"1727\">\n<p data-start=\"1658\" data-end=\"1727\"><strong data-start=\"1658\" data-end=\"1678\">Sopivat mallit:<\/strong> 5030, 5050, 5650, 2121, 2123, 2137, 2827, 2828<\/p>\n<\/li>\n<\/ul>","protected":false},"excerpt":{"rendered":"<p><strong data-start=\"317\" data-end=\"374\">Teksasilaista savua - milloin ja miss\u00e4 tahansa!<\/strong><\/p>\n<p>Kannettava Char-Griller\u00ae-hiiligrilli on monipuolinen laite, joka toimii sek\u00e4... <strong data-start=\"450\" data-end=\"472\">vapaasti seisovana grillin\u00e4<\/strong> sek\u00e4 <strong data-start=\"480\" data-end=\"504\">sivusavukotelona<\/strong> Char-Griller tynnyrigrillej\u00e4 varten. Ihanteellinen matkoille, retkeilyyn tai vakavammalle grillaajalle.<\/p>\n<h4 data-start=\"622\" data-end=\"648\"><strong data-start=\"627\" data-end=\"648\">T\u00e4rkeimm\u00e4t ominaisuudet<\/strong><\/h4>\n<p data-start=\"650\" data-end=\"802\">\ud83d\udd25 <strong data-start=\"653\" data-end=\"675\">2-in-1-toiminto:<\/strong><br data-start=\"675\" data-end=\"678\" \/>Toimii sek\u00e4 <strong data-start=\"689\" data-end=\"708\">erillisen\u00e4 grillin\u00e4<\/strong> sek\u00e4 <strong data-start=\"716\" data-end=\"733\">savukammioksi<\/strong> (sopii malleihin 5030, 5050, 5650, 2121, 2123, 2137, 2827 ja 2828).<\/p>\n<p data-start=\"804\" data-end=\"974\">\ud83c\udf54 <strong data-start=\"807\" data-end=\"838\">Paljon tilaa grillaamiseen:<\/strong><br data-start=\"838\" data-end=\"841\" \/>250 suorakaiteen muotoinen (n. 1613 cm\u00b2) keittotaso, jossa on kest\u00e4v\u00e4t <strong data-start=\"897\" data-end=\"914\">marmorikuulilla<\/strong> - riitt\u00e4v\u00e4sti tilaa <strong data-start=\"938\" data-end=\"952\">12 hampurilaista<\/strong> grillausta varten samaan aikaan.<\/p>\n<p data-start=\"976\" data-end=\"1118\">\ud83d\udcaa <strong data-start=\"979\" data-end=\"1009\">Kest\u00e4v\u00e4 rakenne:<\/strong><br data-start=\"1009\" data-end=\"1012\" \/>Valmistettu <strong data-start=\"1024\" data-end=\"1059\">paksu pulverimaalattu ter\u00e4s<\/strong>, mik\u00e4 takaa erinomaisen l\u00e4mm\u00f6ns\u00e4\u00e4telyn ja pitk\u00e4n k\u00e4ytt\u00f6i\u00e4n.<\/p>\n<p data-start=\"1120\" data-end=\"1278\">\ud83d\ude97 <strong data-start=\"1123\" data-end=\"1150\">Helposti siirrett\u00e4viss\u00e4:<\/strong><br data-start=\"1150\" data-end=\"1153\" \/>Kompakti rakenne ja <strong data-start=\"1173\" data-end=\"1195\">mukavat kahvat<\/strong> tekee siit\u00e4 ihanteellisen grillin matkoille, karavaanarille tai ulkoilmatapahtumiin.<\/p>\n<p data-start=\"1280\" data-end=\"1458\">\u2699\ufe0f <strong data-start=\"1283\" data-end=\"1312\">Helppo k\u00e4ytt\u00e4\u00e4 ja yll\u00e4pit\u00e4\u00e4:<\/strong><br data-start=\"1312\" data-end=\"1315\" \/>Kaksi s\u00e4\u00e4dett\u00e4v\u00e4\u00e4 <strong data-start=\"1334\" data-end=\"1348\">ilmaventtiilill\u00e4<\/strong> voit s\u00e4\u00e4t\u00e4\u00e4 l\u00e4mp\u00f6tilaa tarkasti, ja <strong data-start=\"1393\" data-end=\"1418\">irrotettava tuhkakuppi<\/strong> tekee puhdistamisesta nopeaa ja helppoa.<\/p>\n<p data-start=\"1280\" data-end=\"1458\"><strong data-start=\"965\" data-end=\"994\">Pident\u00e4\u00e4 grillin k\u00e4ytt\u00f6ik\u00e4\u00e4<\/strong> ja pid\u00e4 se aina puhtaana ja k\u00e4ytt\u00f6valmiina - valitse <a href=\"https:\/\/tammetorubbq.ee\/fi\/product-2\/char-griller-saankestava-suojus-kannettavalle-grillille-ja-savustusuunille\/\"><strong>alkuper\u00e4inen s\u00e4\u00e4nkest\u00e4v\u00e4 Char-Griller suojus<\/strong><\/a>!<\/p>\n<p><img loading=\"lazy\" decoding=\"async\" class=\"size-full wp-image-1726\" src=\"http:\/\/tammetorubbq.ee\/wp-content\/uploads\/2024\/05\/char-griller_brandmark_1x.png\" alt=\"hiillostin\" width=\"195\" height=\"195\" srcset=\"https:\/\/tammetorubbq.ee\/wp-content\/uploads\/2024\/05\/char-griller_brandmark_1x.png 195w, https:\/\/tammetorubbq.ee\/wp-content\/uploads\/2024\/05\/char-griller_brandmark_1x-150x150.png 150w, https:\/\/tammetorubbq.ee\/wp-content\/uploads\/2024\/05\/char-griller_brandmark_1x-12x12.png 12w, https:\/\/tammetorubbq.ee\/wp-content\/uploads\/2024\/05\/char-griller_brandmark_1x-64x64.png 64w\" sizes=\"auto, (max-width: 195px) 100vw, 195px\" \/><\/p>","protected":false},"featured_media":4148,"comment_status":"open","ping_status":"closed","template":"","meta":{"_uf_show_specific_survey":0,"_uf_disable_surveys":false},"pwb-brand":[95],"product_brand":[],"product_cat":[53,57,169],"product_tag":[78],"class_list":{"0":"post-4147","1":"product","2":"type-product","3":"status-publish","4":"has-post-thumbnail","6":"pwb-brand-chargriller","7":"product_cat-grillid","8":"product_cat-bbq-suitsuahjud","9":"product_cat-soegrillid","10":"product_tag-soegrill","12":"first","13":"instock","14":"taxable","15":"shipping-taxable","16":"purchasable","17":"product-type-simple"},"brands":[{"id":95,"name":"CharGriller","slug":"chargriller"}],"_links":{"self":[{"href":"https:\/\/tammetorubbq.ee\/fi\/wp-json\/wp\/v2\/product\/4147","targetHints":{"allow":["GET"]}}],"collection":[{"href":"https:\/\/tammetorubbq.ee\/fi\/wp-json\/wp\/v2\/product"}],"about":[{"href":"https:\/\/tammetorubbq.ee\/fi\/wp-json\/wp\/v2\/types\/product"}],"replies":[{"embeddable":true,"href":"https:\/\/tammetorubbq.ee\/fi\/wp-json\/wp\/v2\/comments?post=4147"}],"wp:featuredmedia":[{"embeddable":true,"href":"https:\/\/tammetorubbq.ee\/fi\/wp-json\/wp\/v2\/media\/4148"}],"wp:attachment":[{"href":"https:\/\/tammetorubbq.ee\/fi\/wp-json\/wp\/v2\/media?parent=4147"}],"wp:term":[{"taxonomy":"pwb-brand","embeddable":true,"href":"https:\/\/tammetorubbq.ee\/fi\/wp-json\/wp\/v2\/pwb-brand?post=4147"},{"taxonomy":"product_brand","embeddable":true,"href":"https:\/\/tammetorubbq.ee\/fi\/wp-json\/wp\/v2\/product_brand?post=4147"},{"taxonomy":"product_cat","embeddable":true,"href":"https:\/\/tammetorubbq.ee\/fi\/wp-json\/wp\/v2\/product_cat?post=4147"},{"taxonomy":"product_tag","embeddable":true,"href":"https:\/\/tammetorubbq.ee\/fi\/wp-json\/wp\/v2\/product_tag?post=4147"}],"curies":[{"name":"wp","href":"https:\/\/api.w.org\/{rel}","templated":true}]}}