{"id":4150,"date":"2025-10-27T14:46:33","date_gmt":"2025-10-27T12:46:33","guid":{"rendered":"https:\/\/tammetorubbq.ee\/?post_type=product&#038;p=4150"},"modified":"2026-04-30T23:00:23","modified_gmt":"2026-04-30T20:00:23","slug":"char-griller-saankestava-suojus-kannettavalle-grillille-ja-savustusuunille","status":"publish","type":"product","link":"https:\/\/tammetorubbq.ee\/fi\/toode\/char-griller-kaasaskantava-soegrilli-ja-suitsuahju-ilmastikukindel-kate\/","title":{"rendered":"Char-Griller kannettava hiiligrilli ja savustin s\u00e4\u00e4nkest\u00e4v\u00e4 suojus"},"content":{"rendered":"<p><strong data-start=\"830\" data-end=\"848\">Mitat: <\/strong><strong data-start=\"851\" data-end=\"878\">2,54 \u00d7 26,16 \u00d7 29,97 cm.<\/strong><\/p>","protected":false},"excerpt":{"rendered":"<p><strong data-start=\"271\" data-end=\"307\">Suojaa grillisi kaikilta s\u00e4\u00e4olosuhteilta!<\/strong><\/p>\n<p>T\u00e4m\u00e4 kest\u00e4v\u00e4 Char-Griller\u00ae-suojus on suunniteltu erityisesti kannettaviin hiiligrilleihin ja savustimiin (sivugrillit), jotta ne pysyv\u00e4t suojassa sateelta, auringolta, tuulelta ja p\u00f6lylt\u00e4.<\/p>\n<h4 data-start=\"498\" data-end=\"515\"><strong data-start=\"503\" data-end=\"515\">Ominaisuudet<\/strong><\/h4>\n<p data-start=\"517\" data-end=\"706\">\ud83d\udee1\ufe0f <strong data-start=\"521\" data-end=\"550\">S\u00e4\u00e4nkest\u00e4v\u00e4 materiaali:<\/strong><br data-start=\"550\" data-end=\"553\" \/>Valmistettu korkealaatuisesta <strong data-start=\"579\" data-end=\"621\">polyesterin ja polyvinyylikloridin seosta<\/strong>, joka kest\u00e4\u00e4 vett\u00e4 ja UV-s\u00e4teily\u00e4 ja suojaa grilli\u00e4 korroosiolta ja haalistumiselta.<\/p>\n<p data-start=\"708\" data-end=\"825\">\ud83c\udf2c\ufe0f <strong data-start=\"712\" data-end=\"731\">Vahva kiinnitys:<\/strong><br data-start=\"731\" data-end=\"734\" \/>Varustettu <strong data-start=\"745\" data-end=\"766\">asennuskannattimella<\/strong>joka pit\u00e4\u00e4 suojuksen tukevasti paikallaan kovassakin tuulessa.<\/p>\n<p data-start=\"827\" data-end=\"958\">\ud83d\udccf <strong data-start=\"830\" data-end=\"848\">Tarkat mitat:<\/strong><br data-start=\"848\" data-end=\"851\" \/><strong data-start=\"851\" data-end=\"878\">2,54 \u00d7 26,16 \u00d7 29,97 cm.<\/strong> - ihanteellinen kannettaviin Char-Griller-hiiligrilleihin ja savustimiin.<\/p>\n<p data-start=\"827\" data-end=\"958\"><strong data-start=\"965\" data-end=\"994\">Pident\u00e4\u00e4 grillin k\u00e4ytt\u00f6ik\u00e4\u00e4<\/strong> ja pid\u00e4 se aina puhtaana ja k\u00e4ytt\u00f6valmiina - valitse alkuper\u00e4inen Char-Griller-kansi!<\/p>\n<p data-start=\"827\" data-end=\"958\"><img loading=\"lazy\" decoding=\"async\" class=\"size-full wp-image-1726\" src=\"http:\/\/tammetorubbq.ee\/wp-content\/uploads\/2024\/05\/char-griller_brandmark_1x.png\" alt=\"hiillostin\" width=\"195\" height=\"195\" srcset=\"https:\/\/tammetorubbq.ee\/wp-content\/uploads\/2024\/05\/char-griller_brandmark_1x.png 195w, https:\/\/tammetorubbq.ee\/wp-content\/uploads\/2024\/05\/char-griller_brandmark_1x-150x150.png 150w, https:\/\/tammetorubbq.ee\/wp-content\/uploads\/2024\/05\/char-griller_brandmark_1x-12x12.png 12w, https:\/\/tammetorubbq.ee\/wp-content\/uploads\/2024\/05\/char-griller_brandmark_1x-64x64.png 64w\" sizes=\"auto, (max-width: 195px) 100vw, 195px\" \/><\/p>","protected":false},"featured_media":4151,"comment_status":"open","ping_status":"closed","template":"","meta":{"_uf_show_specific_survey":0,"_uf_disable_surveys":false},"pwb-brand":[95],"product_brand":[],"product_cat":[53,88],"product_tag":[227,239,78],"class_list":{"0":"post-4150","1":"product","2":"type-product","3":"status-publish","4":"has-post-thumbnail","6":"pwb-brand-chargriller","7":"product_cat-grillid","8":"product_cat-grillide-lisatarvikud","9":"product_tag-grillikate","10":"product_tag-ilmastikukindel-kate","11":"product_tag-soegrill","13":"first","14":"instock","15":"taxable","16":"shipping-taxable","17":"purchasable","18":"product-type-simple"},"brands":[{"id":95,"name":"CharGriller","slug":"chargriller"}],"_links":{"self":[{"href":"https:\/\/tammetorubbq.ee\/fi\/wp-json\/wp\/v2\/product\/4150","targetHints":{"allow":["GET"]}}],"collection":[{"href":"https:\/\/tammetorubbq.ee\/fi\/wp-json\/wp\/v2\/product"}],"about":[{"href":"https:\/\/tammetorubbq.ee\/fi\/wp-json\/wp\/v2\/types\/product"}],"replies":[{"embeddable":true,"href":"https:\/\/tammetorubbq.ee\/fi\/wp-json\/wp\/v2\/comments?post=4150"}],"wp:featuredmedia":[{"embeddable":true,"href":"https:\/\/tammetorubbq.ee\/fi\/wp-json\/wp\/v2\/media\/4151"}],"wp:attachment":[{"href":"https:\/\/tammetorubbq.ee\/fi\/wp-json\/wp\/v2\/media?parent=4150"}],"wp:term":[{"taxonomy":"pwb-brand","embeddable":true,"href":"https:\/\/tammetorubbq.ee\/fi\/wp-json\/wp\/v2\/pwb-brand?post=4150"},{"taxonomy":"product_brand","embeddable":true,"href":"https:\/\/tammetorubbq.ee\/fi\/wp-json\/wp\/v2\/product_brand?post=4150"},{"taxonomy":"product_cat","embeddable":true,"href":"https:\/\/tammetorubbq.ee\/fi\/wp-json\/wp\/v2\/product_cat?post=4150"},{"taxonomy":"product_tag","embeddable":true,"href":"https:\/\/tammetorubbq.ee\/fi\/wp-json\/wp\/v2\/product_tag?post=4150"}],"curies":[{"name":"wp","href":"https:\/\/api.w.org\/{rel}","templated":true}]}}