{"id":4292,"date":"2025-11-24T11:49:53","date_gmt":"2025-11-24T09:49:53","guid":{"rendered":"https:\/\/tammetorubbq.ee\/?post_type=product&#038;p=4292"},"modified":"2026-04-15T08:00:06","modified_gmt":"2026-04-15T05:00:06","slug":"maldon-meresoola-helbed-125g","status":"publish","type":"product","link":"https:\/\/tammetorubbq.ee\/fi\/product-2\/maldon-meresoola-helbed-125g\/","title":{"rendered":"Maldon meresoola helbed 125g"},"content":{"rendered":"<p>Vuodesta 1882 l\u00e4htien Osbornen perheyritys Maldon Salt Company Limited on tuottanut maailman arvostetuinta luonnollista merisuolapirtel\u00f6\u00e4. Maldonin hiutalesuolat ovat Organic Food Federationin hyv\u00e4ksymi\u00e4 ja Kosher-sertifioituja. Maldon-suoloja on saatavana l\u00e4hes kaikkialla maailmassa, ja ne ovat laadun ehdotonta huippua!<\/p>\n<ul>\n<li>Maldon sopii lihan, kalan, \u00e4yri\u00e4isten, vihannesten, kastikkeiden, keittojen ja marinadien maustamiseen. Sit\u00e4 k\u00e4ytet\u00e4\u00e4n kuitenkin p\u00e4\u00e4asiassa antamaan ruoalle lopullinen maku, esimerkiksi ravistamalla lihaa juuri ennen sy\u00f6mist\u00e4.<\/li>\n<li>Maldonin suolahiutaleet vapauttavat suolaisuutensa hieman makealla vivahteella ja tuovat ruokaan lis\u00e4\u00e4 herkullista rakennetta ja suussa sulavaa rapeutta.<\/li>\n<li>Maldonin pehme\u00e4t, rapeat ja ihanan ohuet suolahiutaleet ovat raikkaan intensiivisi\u00e4 ja puhtaan makuisia ja sis\u00e4lt\u00e4v\u00e4t t\u00e4ydellisen tasapainon luonnollisia mineraaleja, jotka parantavat mit\u00e4 tahansa ruokaa!<\/li>\n<li>Kun k\u00e4yt\u00e4t Maldon-hiutaleita, k\u00e4yt\u00e4t v\u00e4hemm\u00e4n suolaa kuin muuten, koska hiutaleet ovat eritt\u00e4in ohuita ja ne lis\u00e4t\u00e4\u00e4n lihaan p\u00e4\u00e4asiassa grillauksen\/paahtamisen j\u00e4lkeen (juuri ennen sy\u00f6mist\u00e4), joten suolaa lis\u00e4t\u00e4\u00e4n yleens\u00e4 paljon v\u00e4hemm\u00e4n. Suolan rapeus suussa avaa my\u00f6s makuhermojamme ja saa lihan (ruoan) maistumaan paljon paremmalta.<\/li>\n<\/ul>\n<p>My\u00f6s Maldonin suolan k\u00e4ytt\u00f6 on tullut yh\u00e4 suositummaksi Virossa.<\/p>","protected":false},"excerpt":{"rendered":"<p>Maldonin pehme\u00e4t ja rapeat merisuolahiutaleet sis\u00e4lt\u00e4v\u00e4t t\u00e4ydellisen tasapainon luonnollisia mineraaleja, jotka antavat raikkaan intensiivisen ja puhtaan maun, joka parantaa kaikkia ruokia.<\/p>\n<ul>\n<li>Maailman parasta ainutlaatuista laatua!<\/li>\n<li>Tuotettu Englannissa (vuodesta 1882)<\/li>\n<li>Suolassa on t\u00e4ydellinen mineraalien tasapaino, ja se on luonnollista ilman lis\u00e4aineita.<\/li>\n<li>Erottuvan n\u00e4k\u00f6iset pyramidin muotoiset, eritt\u00e4in ohuet suolakiteet.<\/li>\n<li>Maldonin hiutalesuola on maahantuojan Enn Tobrelutsun vankka suosikki!<\/li>\n<li>Maldon Salt Company on ollut kuninkaallisen perheen virallinen merisuolan toimittaja vuodesta 2012!<\/li>\n<\/ul>\n<p><img loading=\"lazy\" decoding=\"async\" class=\"wp-image-1589\" src=\"http:\/\/tammetorubbq.ee\/wp-content\/uploads\/2024\/04\/Maldon-salt-logo-300x225.png\" alt=\"Maldonin suola\" width=\"229\" height=\"172\" srcset=\"https:\/\/tammetorubbq.ee\/wp-content\/uploads\/2024\/04\/Maldon-salt-logo-300x225.png 300w, https:\/\/tammetorubbq.ee\/wp-content\/uploads\/2024\/04\/Maldon-salt-logo-16x12.png 16w, https:\/\/tammetorubbq.ee\/wp-content\/uploads\/2024\/04\/Maldon-salt-logo-64x48.png 64w, https:\/\/tammetorubbq.ee\/wp-content\/uploads\/2024\/04\/Maldon-salt-logo.png 600w\" sizes=\"auto, (max-width: 229px) 100vw, 229px\" \/><\/p>","protected":false},"featured_media":4254,"comment_status":"open","ping_status":"closed","template":"","meta":{"_uf_show_specific_survey":0,"_uf_disable_surveys":false},"pwb-brand":[91],"product_brand":[],"product_cat":[90],"product_tag":[311,237],"class_list":{"0":"post-4292","1":"product","2":"type-product","3":"status-publish","4":"has-post-thumbnail","6":"pwb-brand-maldon","7":"product_cat-soolad","8":"product_tag-maldon","9":"product_tag-meresool","11":"first","12":"instock","13":"taxable","14":"shipping-taxable","15":"purchasable","16":"product-type-simple"},"brands":[{"id":91,"name":"Maldon","slug":"maldon"}],"_links":{"self":[{"href":"https:\/\/tammetorubbq.ee\/fi\/wp-json\/wp\/v2\/product\/4292","targetHints":{"allow":["GET"]}}],"collection":[{"href":"https:\/\/tammetorubbq.ee\/fi\/wp-json\/wp\/v2\/product"}],"about":[{"href":"https:\/\/tammetorubbq.ee\/fi\/wp-json\/wp\/v2\/types\/product"}],"replies":[{"embeddable":true,"href":"https:\/\/tammetorubbq.ee\/fi\/wp-json\/wp\/v2\/comments?post=4292"}],"wp:featuredmedia":[{"embeddable":true,"href":"https:\/\/tammetorubbq.ee\/fi\/wp-json\/wp\/v2\/media\/4254"}],"wp:attachment":[{"href":"https:\/\/tammetorubbq.ee\/fi\/wp-json\/wp\/v2\/media?parent=4292"}],"wp:term":[{"taxonomy":"pwb-brand","embeddable":true,"href":"https:\/\/tammetorubbq.ee\/fi\/wp-json\/wp\/v2\/pwb-brand?post=4292"},{"taxonomy":"product_brand","embeddable":true,"href":"https:\/\/tammetorubbq.ee\/fi\/wp-json\/wp\/v2\/product_brand?post=4292"},{"taxonomy":"product_cat","embeddable":true,"href":"https:\/\/tammetorubbq.ee\/fi\/wp-json\/wp\/v2\/product_cat?post=4292"},{"taxonomy":"product_tag","embeddable":true,"href":"https:\/\/tammetorubbq.ee\/fi\/wp-json\/wp\/v2\/product_tag?post=4292"}],"curies":[{"name":"wp","href":"https:\/\/api.w.org\/{rel}","templated":true}]}}