{"id":430,"date":"2023-12-03T11:57:05","date_gmt":"2023-12-03T09:57:05","guid":{"rendered":"https:\/\/tammetorubbq.ee\/?post_type=product&#038;p=430"},"modified":"2026-04-15T03:00:08","modified_gmt":"2026-04-15T00:00:08","slug":"kamado-joe-classic-ii-stand-alone","status":"publish","type":"product","link":"https:\/\/tammetorubbq.ee\/fi\/product-2\/kamado-joe-classic-ii-stand-alone\/","title":{"rendered":"Kamado Joe Classic II Stand Alone"},"content":{"rendered":"<p>Keraaminen Kamado Joe -grilli \/ bbq-uuni, joka on edell\u00e4k\u00e4vij\u00e4 Kamado-grillien maailmassa ja my\u00f6s innovaatiossa. T\u00e4ydellinen koko takapihan grillaukseen sek\u00e4 matalalla ett\u00e4 korkealla l\u00e4mm\u00f6ll\u00e4 sek\u00e4 savustamiseen. Grilliss\u00e4 on paksusein\u00e4inen kuumuutta kest\u00e4v\u00e4 keraaminen runko, joka lukitsee savun ja kosteuden kaikissa l\u00e4mp\u00f6tiloissa. Helposti avattavassa kupolissa on vastapainotettu \"Air Lift\"-sarana ja s\u00e4\u00e4nkest\u00e4v\u00e4\/tiivis \"Konrol Tower\"-yl\u00e4aukko. Keittoteline on valmistettu eritt\u00e4in korkealaatuisesta 304 ruostumattomasta ter\u00e4ksest\u00e4. Classic II:n vakiovarusteena on my\u00f6s joustava Divide &amp; Conquer\u00ae -j\u00e4rjestelm\u00e4, monipaneelinen keraaminen tulipes\u00e4, luotettava py\u00f6rill\u00e4 varustettu sinkitty ter\u00e4srunko ja patentoitu ulosvedett\u00e4v\u00e4 tuhkakuppi, joka helpottaa grillin puhdistamista.<\/p>\n<p>&nbsp;<\/p>\n<p>Pakkaus sis\u00e4lt\u00e4\u00e4<\/p>\n<ul>\n<li>18\" (46 cm) keraaminen grilli Stand Alone -versio, eli ilman kehyst\u00e4 ja ilman sivupaneeleita.<\/li>\n<li>Viimeistelty tihe\u00e4 polyuretaanikahva<\/li>\n<li>Kolmitasoinen \"Divide &amp; Conquer\u00ae\" -j\u00e4rjestelm\u00e4 joustavaan kypsennykseen, ts. sis\u00e4lt\u00e4\u00e4 2-osaisen puolikuun muotoisen keraamisen l\u00e4mp\u00f6levittimen (l\u00e4mm\u00f6njakajan) ja 2-osaiset puolikuun muotoiset grilliritil\u00e4t ruostumattomasta ter\u00e4ksest\u00e4 (304) (halkaisija 46 cm) - lis\u00e4varusteena saatavana lis\u00e4\u00e4 grilliritil\u00f6it\u00e4.<\/li>\n<li>Patentoitu sis\u00e4\u00e4nvedett\u00e4v\u00e4 ruostumattomasta ter\u00e4ksest\u00e4 (304) valmistettu tuhkakuppi helpottaa grillin puhdistusta.<\/li>\n<li>Sis\u00e4\u00e4nrakennettu l\u00e4mp\u00f6mittari<\/li>\n<li>Alumiininen tuuletusaukko \"Kontrol Tower\"<\/li>\n<li>\"Hing Air Lift\" (eli kansi, jossa on amord).<\/li>\n<li>AMP Monipaneelinen (ts. moniosainen, ei-tuhoava) tulipes\u00e4.<\/li>\n<li>L\u00e4mm\u00f6nkest\u00e4v\u00e4 lasikuitukuori, jossa on lankaverkko.<\/li>\n<li>Ruostumattomasta ter\u00e4ksest\u00e4 (304) valmistettu kannen kiinnitysklipsi<\/li>\n<li>Ruostumattomasta ter\u00e4ksest\u00e4 valmistettu tarviketeline \"Accessory Rack\" (tarviketeline)<\/li>\n<li>Grilliritil\u00e4n nostotangot<\/li>\n<li>Tuharoop<\/li>\n<\/ul>\n<p>&nbsp;<\/p>\n<p>&nbsp;<\/p>\n<p>Paino 86 kg<\/p>\n<p>PAKKAUKSEN MITAT 66 \u00d7 79 \u00d7 87 cm<\/p>\n<p>Kokonaismitat 118 (l) x 121 (h) x 71 (s) cm.<\/p>\n<p>Pinta \u00d8 46 cm, st 651cm\u00b2.<\/p>\n<p>L\u00c4MP\u00d6TILA-ALUE 80 - 400 \u00b0C<\/p>\n<p>Tilan pinta-ala lattia mukaan lukien 1034 cm2<\/p>\n<p>H\u00c4LYTYSALUE, JOSSA ON KAKSI REIK\u00c4\u00c4 \/ KUORMAUSREIK\u00c4 1291 cm2 \/ 1677 cm2<\/p>\n<p>TUOTTAJA \u00a0\u00a0\u00a0\u00a0\u00a0\u00a0\u00a0\u00a0\u00a0\u00a0\u00a0\u00a0\u00a0\u00a0\u00a0\u00a0\u00a0\u00a0\u00a0\u00a0\u00a0\u00a0\u00a0\u00a0\u00a0\u00a0\u00a0\u00a0\u00a0\u00a0\u00a0\u00a0\u00a0\u00a0\u00a0\u00a0\u00a0\u00a0\u00a0\u00a0\u00a0\u00a0\u00a0\u00a0\u00a0\u00a0\u00a0\u00a0\u00a0\u00a0\u00a0\u00a0\u00a0\u00a0\u00a0\u00a0\u00a0\u00a0\u00a0\u00a0\u00a0\u00a0\u00a0\u00a0\u00a0\u00a0\u00a0\u00a0\u00a0\u00a0\u00a0\u00a0\u00a0\u00a0\u00a0\u00a0\u00a0\u00a0\u00a0\u00a0\u00a0\u00a0\u00a0\u00a0\u00a0\u00a0\u00a0\u00a0\u00a0\u00a0\u00a0\u00a0\u00a0\u00a0 <strong>Kamado Joe<\/strong><\/p>\n<p>HUOMAUTUS: Kamado Joen keraamisilla osilla on rajoitettu elinik\u00e4inen takuu (takuuehdot: <a href=\"http:\/\/tammetorubbq.ee\/wp-content\/uploads\/2023\/12\/Kamado_Joe_garantii-1.docx\" target=\"_blank\" rel=\"noopener\">katso t\u00e4st\u00e4<\/a>); mukaan lukien keraamiset laatat, l\u00e4mp\u00f6heijastimet ja tiivistyslaatat 3 vuotta; metalli ja valurauta 5 vuotta; l\u00e4mp\u00f6mittari ja tiivisteet 1 vuosi.<\/p>","protected":false},"excerpt":{"rendered":"<h4>Kaasa kingitus + TASUTA tarne.<\/h4>\n<ul>\n<li>Maailman parasta laatua!<\/li>\n<li>Parasta vastinetta rahalle!<\/li>\n<li><strong>Ylivoimaisesti paras valinta keraamisissa grilleiss\u00e4!<\/strong><\/li>\n<li>Myydyin Kamado Joe Classic -grilli Stand Alone -versio, eli ilman runkoa ja ilman sivupaneeleita.<\/li>\n<li>Grilliritil\u00e4 \u00d8 47 cm (18\"), uunin sis\u00e4puoli \u00d8 50 cm, uunin ulkopuoli \u00d8 57 cm, paino 86 kg.<\/li>\n<\/ul>\n<p>Kindlasti soovitame ka juurde osta\u00a0<a href=\"https:\/\/tammetorubbq.ee\/fi\/product-2\/kamado-joe-classic-dome-stand-alone-ilmastikukindel-grillikate\/\"><strong>ilmastikukindla grillikatte<\/strong><\/a>\u00a0mis pakub usaldusv\u00e4\u00e4rset kaitset vihma, lume, p\u00e4ikese ja mustuse eest, pikendades grilli eluiga ning hoides selle puhtana j\u00e4rgmiseks kasutuskorraks.<\/p>\n<p><span style=\"color: #000000;\"><strong>Oleme tootja Kamado Joe ametlik esindaja, edasim\u00fc\u00fcja Eestis!<\/strong><\/span><\/p>\n<p><img loading=\"lazy\" decoding=\"async\" class=\"wp-image-1531\" src=\"http:\/\/tammetorubbq.ee\/wp-content\/uploads\/2024\/03\/kamado-joe-logo-300x40.webp\" alt=\"Kamado Joe -logo\" width=\"180\" height=\"24\" srcset=\"https:\/\/tammetorubbq.ee\/wp-content\/uploads\/2024\/03\/kamado-joe-logo-300x40.webp 300w, https:\/\/tammetorubbq.ee\/wp-content\/uploads\/2024\/03\/kamado-joe-logo-768x104.webp 768w, https:\/\/tammetorubbq.ee\/wp-content\/uploads\/2024\/03\/kamado-joe-logo-18x2.webp 18w, https:\/\/tammetorubbq.ee\/wp-content\/uploads\/2024\/03\/kamado-joe-logo-600x81.webp 600w, https:\/\/tammetorubbq.ee\/wp-content\/uploads\/2024\/03\/kamado-joe-logo-64x9.webp 64w, https:\/\/tammetorubbq.ee\/wp-content\/uploads\/2024\/03\/kamado-joe-logo.webp 1024w\" sizes=\"auto, (max-width: 180px) 100vw, 180px\" \/><\/p>\n<p><a href=\"https:\/\/tammetorubbq.ee\/fi\/maksa-myohemmin\/\"><strong>OSTA NYT, MAKSA MY\u00d6HEMMIN<\/strong><\/a> - korotonta!<\/p>\n<p><img loading=\"lazy\" decoding=\"async\" class=\"alignnone wp-image-2646\" src=\"http:\/\/tammetorubbq.ee\/wp-content\/uploads\/2023\/12\/inbank-wordmark.png\" alt=\"Inbank\" width=\"167\" height=\"75\" srcset=\"https:\/\/tammetorubbq.ee\/wp-content\/uploads\/2023\/12\/inbank-wordmark.png 300w, https:\/\/tammetorubbq.ee\/wp-content\/uploads\/2023\/12\/inbank-wordmark-18x8.png 18w, https:\/\/tammetorubbq.ee\/wp-content\/uploads\/2023\/12\/inbank-wordmark-64x29.png 64w\" sizes=\"auto, (max-width: 167px) 100vw, 167px\" \/><\/p>\n<p>Tarjoamme my\u00f6s mahdollisuuden maksaa my\u00f6hemmin - yhdess\u00e4, kahdessa tai kolmessa samansuuruisessa er\u00e4ss\u00e4 ilman korkoa tai lis\u00e4maksua.<\/p>\n<p>L\u00f6yd\u00e4t valikoiman eri maksuvaihtoehtoja ostoskoristamme.<\/p>","protected":false},"featured_media":5725,"comment_status":"open","ping_status":"closed","template":"","meta":{"_uf_show_specific_survey":0,"_uf_disable_surveys":false},"pwb-brand":[69],"product_brand":[],"product_cat":[53,55],"product_tag":[126,325,316,127,78],"class_list":{"0":"post-430","1":"product","2":"type-product","3":"status-publish","4":"has-post-thumbnail","6":"pwb-brand-kamado-joe","7":"product_cat-grillid","8":"product_cat-keraamilised-grillid","9":"product_tag-kamado-joe","10":"product_tag-kamado-joe-classic","11":"product_tag-kamado-joe-keraamiline-grill","12":"product_tag-keraamilised-grillid","13":"product_tag-soegrill","15":"first","16":"instock","17":"taxable","18":"shipping-taxable","19":"purchasable","20":"product-type-simple"},"brands":[{"id":69,"name":"Kamado Joe","slug":"kamado-joe"}],"_links":{"self":[{"href":"https:\/\/tammetorubbq.ee\/fi\/wp-json\/wp\/v2\/product\/430","targetHints":{"allow":["GET"]}}],"collection":[{"href":"https:\/\/tammetorubbq.ee\/fi\/wp-json\/wp\/v2\/product"}],"about":[{"href":"https:\/\/tammetorubbq.ee\/fi\/wp-json\/wp\/v2\/types\/product"}],"replies":[{"embeddable":true,"href":"https:\/\/tammetorubbq.ee\/fi\/wp-json\/wp\/v2\/comments?post=430"}],"wp:featuredmedia":[{"embeddable":true,"href":"https:\/\/tammetorubbq.ee\/fi\/wp-json\/wp\/v2\/media\/5725"}],"wp:attachment":[{"href":"https:\/\/tammetorubbq.ee\/fi\/wp-json\/wp\/v2\/media?parent=430"}],"wp:term":[{"taxonomy":"pwb-brand","embeddable":true,"href":"https:\/\/tammetorubbq.ee\/fi\/wp-json\/wp\/v2\/pwb-brand?post=430"},{"taxonomy":"product_brand","embeddable":true,"href":"https:\/\/tammetorubbq.ee\/fi\/wp-json\/wp\/v2\/product_brand?post=430"},{"taxonomy":"product_cat","embeddable":true,"href":"https:\/\/tammetorubbq.ee\/fi\/wp-json\/wp\/v2\/product_cat?post=430"},{"taxonomy":"product_tag","embeddable":true,"href":"https:\/\/tammetorubbq.ee\/fi\/wp-json\/wp\/v2\/product_tag?post=430"}],"curies":[{"name":"wp","href":"https:\/\/api.w.org\/{rel}","templated":true}]}}