{"id":443,"date":"2023-12-03T12:06:54","date_gmt":"2023-12-03T10:06:54","guid":{"rendered":"https:\/\/tammetorubbq.ee\/?post_type=product&#038;p=443"},"modified":"2026-04-15T00:00:14","modified_gmt":"2026-04-14T21:00:14","slug":"kamado-joe-classic-ii","status":"publish","type":"product","link":"https:\/\/tammetorubbq.ee\/fi\/product-2\/kamado-joe-classic-ii\/","title":{"rendered":"Kamado Joe Classic II"},"content":{"rendered":"<p><strong>Setti sis\u00e4lt\u00e4\u00e4:<\/strong><\/p>\n<ul>\n<li>18\" (46 cm) keraaminen grilli, jossa on galvanoitu ter\u00e4srunko ja lukittavat py\u00f6r\u00e4t.<\/li>\n<li>Viimeistellyt taittuvat korkeatiheyksiset polyuretaanisivuhyllyt ja kahva<\/li>\n<li>Kolmitasoinen \"Divide &amp; Conquer\u00ae\" -j\u00e4rjestelm\u00e4 joustavaan kypsennykseen, ts. sis\u00e4lt\u00e4\u00e4 2-osaisen puolikuun muotoisen keraamisen l\u00e4mp\u00f6levittimen (l\u00e4mm\u00f6njakajan) ja 2-osaiset puolikuun muotoiset grilliritil\u00e4t ruostumattomasta ter\u00e4ksest\u00e4 (304) (halkaisija 46 cm) - lis\u00e4varusteena saatavana lis\u00e4\u00e4 grilliritil\u00f6it\u00e4.<\/li>\n<li>Patentoitu sis\u00e4\u00e4nvedett\u00e4v\u00e4 ruostumattomasta ter\u00e4ksest\u00e4 (304) valmistettu tuhkakuppi helpottaa grillin puhdistusta.<\/li>\n<li>Sis\u00e4\u00e4nrakennettu l\u00e4mp\u00f6mittari<\/li>\n<li>Alumiininen tuuletusaukko \"Kontrol Tower\"<\/li>\n<li>\"Hing Air Lift\" (eli kansi, jossa on amord).<\/li>\n<li>AMP Monipaneelinen (ts. moniosainen, ei-tuhoava) tulipes\u00e4.<\/li>\n<li>L\u00e4mm\u00f6nkest\u00e4v\u00e4 lasikuitukuori, jossa on lankaverkko.<\/li>\n<li>Ruostumattomasta ter\u00e4ksest\u00e4 (304) valmistettu kannen kiinnitysklipsi<\/li>\n<li>Ruostumattomasta ter\u00e4ksest\u00e4 valmistettu tarviketeline \"Accessory Rack\" (tarviketeline)<\/li>\n<li>Grilliritil\u00e4n nostotangot<\/li>\n<li>Tuharoop<\/li>\n<\/ul>\n<p>HUOMAUTUS: Kamado Joen keraamisilla osilla on rajoitettu elinik\u00e4inen takuu (takuuehdot: <a href=\"http:\/\/tammetorubbq.ee\/wp-content\/uploads\/2023\/12\/Kamado_Joe_garantii-1.docx\" target=\"_blank\" rel=\"noopener\">katso t\u00e4st\u00e4<\/a>); mukaan lukien keraamiset laatat, l\u00e4mp\u00f6heijastimet ja tiivistyslaatat 3 vuotta; metalli ja valurauta 5 vuotta; l\u00e4mp\u00f6mittari ja tiivisteet 1 vuosi.<\/p>\n<p>&nbsp;<\/p>\n<p><strong>Tekniset tiedot<\/strong><\/p>\n<p>PAINO 105,23 kg<\/p>\n<p>PAKKAUKSEN MITAT 84 \u00d7 75 \u00d7 88 cm<\/p>\n<p>PINTA \u00d8 \u00d8 \u00d8 46 cm, st 651cm\u00b2.<\/p>\n<p>L\u00c4MP\u00d6TILA-ALUE 80 - 400 \u00b0C<\/p>\n<p>Kokonaismitat 118 (l) x 121 (h) x 71 (s) cm.<\/p>\n<p>Tilan pinta-ala lattia mukaan lukien 1034 cm2<\/p>\n<p>H\u00c4LYTYSALUE KAHDELLA HIDDLELL\u00c4 \/ KUORMAUSHIDDLELL\u00c4 1291 cm2 \/ 1677 cm2<\/p>\n<p>TUOTE Kamado Joe<\/p>\n<p>&nbsp;<\/p>\n<p><strong>Garantii<\/strong> &#8211; Kamado Joe keraamilistele osadele kehtib piiratud eluaegne garantii (garantiitingimused: <strong><a href=\"https:\/\/tammetorubbq.ee\/wp-content\/uploads\/2026\/02\/Kamado_Joe_garantii.pdf\">katso t\u00e4st\u00e4<\/a><\/strong>); mukaan lukien keraamiset laatat, l\u00e4mp\u00f6heijastimet ja tiivistyslaatat 3 vuotta; metalli ja valurauta 5 vuotta; l\u00e4mp\u00f6mittari ja tiivisteet 1 vuosi.<\/p>","protected":false},"excerpt":{"rendered":"<h4>Kaasa kingitus + TASUTA tarne.<\/h4>\n<p class=\"\" data-start=\"0\" data-end=\"58\"><strong data-start=\"0\" data-end=\"58\">Kamado Joe Classic II - Innovatiivinen keraaminen hiiligrilli<\/strong><\/p>\n<p class=\"\" data-start=\"60\" data-end=\"395\">Kamado Joe Classic II on edell\u00e4k\u00e4vij\u00e4 Kamado-grillien maailmassa, ja se tarjoaa innovatiivisia ominaisuuksia, jotka tekev\u00e4t grillauksesta ja ruoanlaitosta poikkeuksellisen k\u00e4tev\u00e4\u00e4 ja joustavaa. T\u00e4m\u00e4 grilli on ihanteellinen takapihak\u00e4ytt\u00f6\u00f6n, sill\u00e4 se tarjoaa vaihtoehtoja sek\u00e4 matala- ett\u00e4 korkeal\u00e4mp\u00f6iseen grillaukseen, ruoanlaittoon ja savustukseen.<\/p>\n<p class=\"\" data-start=\"416\" data-end=\"627\"><strong data-start=\"416\" data-end=\"438\">Keraaminen runko<\/strong> - Kamado Joe Classic II:ssa on paksusein\u00e4inen kuumuutta kest\u00e4v\u00e4 keraaminen runko, joka voi lukita savun ja kosteuden mihin tahansa l\u00e4mp\u00f6tilaan, mik\u00e4 takaa tarkasti hallitun ja tasaisen kypsymisen.<\/p>\n<p class=\"\" data-start=\"631\" data-end=\"834\"><strong data-start=\"631\" data-end=\"648\">Air Lift ripustaminen<\/strong> - Grilliss\u00e4 on ainutlaatuinen vastapainon sarana, jonka ansiosta kupu on helppo ja vaivaton avata. Sen \"Air Lift\" -j\u00e4rjestelm\u00e4 v\u00e4hent\u00e4\u00e4 kannen avaamisen vaikeutta ja tekee grillaamisesta entist\u00e4 mukavampaa.<\/p>\n<p class=\"\" data-start=\"838\" data-end=\"1044\"><strong data-start=\"838\" data-end=\"855\">Valvontatorni<\/strong> - Grilliss\u00e4 on s\u00e4\u00e4nkest\u00e4v\u00e4, eritt\u00e4in tarkka yl\u00e4puolinen tuuletusaukko, joka mahdollistaa tarkan l\u00e4mp\u00f6tilan s\u00e4\u00e4d\u00f6n t\u00e4ydellist\u00e4 grillausta varten kaikissa s\u00e4\u00e4olosuhteissa.<\/p>\n<p class=\"\" data-start=\"1048\" data-end=\"1215\"><strong data-start=\"1048\" data-end=\"1064\">Leivinpelti<\/strong> - Kamado Joe Classic II -grilli on valmistettu korkealaatuisesta ruostumattomasta ter\u00e4ksest\u00e4 (304), joka takaa pitk\u00e4aikaisen kest\u00e4vyyden ja luotettavuuden.<\/p>\n<p class=\"\" data-start=\"1219\" data-end=\"1472\"><strong data-start=\"1219\" data-end=\"1248\">Divide &amp; Conquer\u00ae -j\u00e4rjestelm\u00e4<\/strong> - T\u00e4m\u00e4n joustavan keittoj\u00e4rjestelm\u00e4n avulla voit k\u00e4ytt\u00e4\u00e4 eri keittolevyj\u00e4 ja -tasoja ruoan kypsent\u00e4miseen eri l\u00e4mp\u00f6tiloissa samanaikaisesti, mik\u00e4 lis\u00e4\u00e4 ruoanvalmistuksen joustavuutta entisest\u00e4\u00e4n.<\/p>\n<p class=\"\" data-start=\"1476\" data-end=\"1664\"><strong data-start=\"1476\" data-end=\"1501\">Keraaminen takka<\/strong> - Kamado Joe Classic II:ssa on monilevyinen keraaminen tulipes\u00e4, joka takaa tasaisen ja tasaisen l\u00e4mm\u00f6ntuoton, jotta jokainen hiilen ja savun palanen k\u00e4ytet\u00e4\u00e4n tehokkaasti.<\/p>\n<p class=\"\" data-start=\"1668\" data-end=\"1808\"><strong data-start=\"1668\" data-end=\"1689\">Py\u00f6rill\u00e4 varustettu alustarakenne<\/strong> - Grilli on varustettu tukevalla py\u00f6rill\u00e4 varustetulla galvanoidusta ter\u00e4ksest\u00e4 valmistetulla pohjarungolla, jonka ansiosta sit\u00e4 on helppo siirt\u00e4\u00e4 ja sijoittaa.<\/p>\n<p class=\"\" data-start=\"1812\" data-end=\"1965\"><strong data-start=\"1812\" data-end=\"1840\">Irrotettava tuhkakuppi<\/strong> - Kamado Joe Classic II -grilliss\u00e4 on patentoitu ulosvedett\u00e4v\u00e4 tuhkakuppi, joka helpottaa ja helpottaa grillin puhdistamista.<\/p>\n<h5 data-start=\"1967\" data-end=\"2269\">Kamado Joe Classic II on t\u00e4ydellinen valinta kaikille laatua, innovaatiota ja monipuolisuutta arvostaville grillaajille. T\u00e4m\u00e4 grilli sopii t\u00e4ydellisesti jokap\u00e4iv\u00e4iseen grillaamiseen, savustamiseen, leivontaan ja jopa kakkujen valmistukseen, sill\u00e4 se tarjoaa kaiken, mit\u00e4 tarvitset t\u00e4ydelliseen grillauskokemukseen.<\/h5>\n<ul>\n<li>Maailman parasta laatua!<\/li>\n<li>Parasta vastinetta rahalle!<\/li>\n<li><strong>Ylivoimaisesti paras valinta keraamisissa grilleiss\u00e4!<\/strong><\/li>\n<li>Myydyin Kamado Joe -grilli!<\/li>\n<li>Grilliritil\u00e4 \u00d8 47 cm (18\"), uunin sis\u00e4puoli \u00d8 50 cm, uunin ulkopuoli \u00d8 57 cm, paino 105 kg.<\/li>\n<\/ul>\n<p>Kindlasti soovitame ka juurde osta\u00a0<a href=\"https:\/\/tammetorubbq.ee\/fi\/product-2\/kamado-joe-classic-ilmastikukindel-grillikate\/\"><strong>ilmastikukindla grillikatte<\/strong><\/a>\u00a0mis pakub usaldusv\u00e4\u00e4rset kaitset vihma, lume, p\u00e4ikese ja mustuse eest, pikendades grilli eluiga ning hoides selle puhtana j\u00e4rgmiseks kasutuskorraks.<\/p>\n<p><span style=\"color: #000000;\"><strong>Oleme tootja Kamado Joe ametlik esindaja, edasim\u00fc\u00fcja Eestis!<\/strong><\/span><\/p>\n<p><img loading=\"lazy\" decoding=\"async\" class=\"wp-image-1531\" src=\"http:\/\/tammetorubbq.ee\/wp-content\/uploads\/2024\/03\/kamado-joe-logo-300x40.webp\" alt=\"Kamado Joe -logo\" width=\"180\" height=\"24\" srcset=\"https:\/\/tammetorubbq.ee\/wp-content\/uploads\/2024\/03\/kamado-joe-logo-300x40.webp 300w, https:\/\/tammetorubbq.ee\/wp-content\/uploads\/2024\/03\/kamado-joe-logo-768x104.webp 768w, https:\/\/tammetorubbq.ee\/wp-content\/uploads\/2024\/03\/kamado-joe-logo-18x2.webp 18w, https:\/\/tammetorubbq.ee\/wp-content\/uploads\/2024\/03\/kamado-joe-logo-600x81.webp 600w, https:\/\/tammetorubbq.ee\/wp-content\/uploads\/2024\/03\/kamado-joe-logo-64x9.webp 64w, https:\/\/tammetorubbq.ee\/wp-content\/uploads\/2024\/03\/kamado-joe-logo.webp 1024w\" sizes=\"auto, (max-width: 180px) 100vw, 180px\" \/><\/p>\n<p><a href=\"https:\/\/tammetorubbq.ee\/fi\/maksa-myohemmin\/\"><strong>OSTA NYT, MAKSA MY\u00d6HEMMIN<\/strong><\/a> - korotonta!<\/p>\n<p><img loading=\"lazy\" decoding=\"async\" class=\"alignnone wp-image-2646\" src=\"http:\/\/tammetorubbq.ee\/wp-content\/uploads\/2023\/12\/inbank-wordmark.png\" alt=\"Inbank\" width=\"167\" height=\"75\" srcset=\"https:\/\/tammetorubbq.ee\/wp-content\/uploads\/2023\/12\/inbank-wordmark.png 300w, https:\/\/tammetorubbq.ee\/wp-content\/uploads\/2023\/12\/inbank-wordmark-18x8.png 18w, https:\/\/tammetorubbq.ee\/wp-content\/uploads\/2023\/12\/inbank-wordmark-64x29.png 64w\" sizes=\"auto, (max-width: 167px) 100vw, 167px\" \/><\/p>\n<p>Tarjoamme my\u00f6s mahdollisuuden maksaa my\u00f6hemmin - yhdess\u00e4, kahdessa tai kolmessa samansuuruisessa er\u00e4ss\u00e4 ilman korkoa tai lis\u00e4maksua.<\/p>\n<p>L\u00f6yd\u00e4t valikoiman eri maksuvaihtoehtoja ostoskoristamme.<\/p>","protected":false},"featured_media":431,"comment_status":"open","ping_status":"closed","template":"","meta":{"_uf_show_specific_survey":0,"_uf_disable_surveys":false},"pwb-brand":[69],"product_brand":[],"product_cat":[53,55],"product_tag":[126,325,316,127,78],"class_list":{"0":"post-443","1":"product","2":"type-product","3":"status-publish","4":"has-post-thumbnail","6":"pwb-brand-kamado-joe","7":"product_cat-grillid","8":"product_cat-keraamilised-grillid","9":"product_tag-kamado-joe","10":"product_tag-kamado-joe-classic","11":"product_tag-kamado-joe-keraamiline-grill","12":"product_tag-keraamilised-grillid","13":"product_tag-soegrill","15":"first","16":"instock","17":"taxable","18":"shipping-taxable","19":"purchasable","20":"product-type-simple"},"brands":[{"id":69,"name":"Kamado Joe","slug":"kamado-joe"}],"_links":{"self":[{"href":"https:\/\/tammetorubbq.ee\/fi\/wp-json\/wp\/v2\/product\/443","targetHints":{"allow":["GET"]}}],"collection":[{"href":"https:\/\/tammetorubbq.ee\/fi\/wp-json\/wp\/v2\/product"}],"about":[{"href":"https:\/\/tammetorubbq.ee\/fi\/wp-json\/wp\/v2\/types\/product"}],"replies":[{"embeddable":true,"href":"https:\/\/tammetorubbq.ee\/fi\/wp-json\/wp\/v2\/comments?post=443"}],"wp:featuredmedia":[{"embeddable":true,"href":"https:\/\/tammetorubbq.ee\/fi\/wp-json\/wp\/v2\/media\/431"}],"wp:attachment":[{"href":"https:\/\/tammetorubbq.ee\/fi\/wp-json\/wp\/v2\/media?parent=443"}],"wp:term":[{"taxonomy":"pwb-brand","embeddable":true,"href":"https:\/\/tammetorubbq.ee\/fi\/wp-json\/wp\/v2\/pwb-brand?post=443"},{"taxonomy":"product_brand","embeddable":true,"href":"https:\/\/tammetorubbq.ee\/fi\/wp-json\/wp\/v2\/product_brand?post=443"},{"taxonomy":"product_cat","embeddable":true,"href":"https:\/\/tammetorubbq.ee\/fi\/wp-json\/wp\/v2\/product_cat?post=443"},{"taxonomy":"product_tag","embeddable":true,"href":"https:\/\/tammetorubbq.ee\/fi\/wp-json\/wp\/v2\/product_tag?post=443"}],"curies":[{"name":"wp","href":"https:\/\/api.w.org\/{rel}","templated":true}]}}