{"id":444,"date":"2023-12-03T12:10:50","date_gmt":"2023-12-03T10:10:50","guid":{"rendered":"https:\/\/tammetorubbq.ee\/?post_type=product&#038;p=444"},"modified":"2026-04-14T22:00:39","modified_gmt":"2026-04-14T19:00:39","slug":"kamado-joe-classic-iii-stand-alone","status":"publish","type":"product","link":"https:\/\/tammetorubbq.ee\/fi\/product-2\/kamado-joe-classic-iii-stand-alone\/","title":{"rendered":"Kamado Joe Classic III Stand Alone"},"content":{"rendered":"<p>Classic III -sarja sis\u00e4lt\u00e4\u00e4 uusimman innovaation - vallankumouksellisen hyperbolisen savukammion sis\u00e4ll\u00f6n \"<em>SloRoller<\/em>\", joka k\u00e4ytt\u00e4\u00e4 py\u00f6riv\u00e4\u00e4 ilmavirtaustekniikkaa - s\u00e4\u00e4telee l\u00e4mp\u00f6\u00e4 ja savua. Se on suunniteltu parantamaan ruoan makua ja rakennetta matalassa ja hitaassa kypsennyksess\u00e4 enint\u00e4\u00e4n 260 \u00b0C:een asti. Se voidaan helposti korvata keraamisella l\u00e4mm\u00f6nohjaimella tai poistaa kokonaan, jos haluat ruskistaa tai grillata korkeammalla l\u00e4mm\u00f6ll\u00e4. Edelt\u00e4j\u00e4ns\u00e4, Classic II -grillin tavoin siin\u00e4 on paksusein\u00e4inen kuumuutta kest\u00e4v\u00e4 keraaminen kotelo, joka sitoo savun ja kosteuden kaikissa l\u00e4mp\u00f6tiloissa. Helposti avattavassa kupolissa on vastapainon sarana (nimelt\u00e4\u00e4n \"arbor\").\"\"<em>Air Lift\"<\/em>\u00a0ja s\u00e4\u00e4nkest\u00e4v\u00e4 \/ eritt\u00e4in tarkka yl\u00e4osan tuuletusaukko \"<em>Valvontatorni<\/em>\". Leivontateline on valmistettu eritt\u00e4in korkealaatuisesta 304 ruostumattomasta ter\u00e4ksest\u00e4. Classic III:n muita innovaatioita ovat muun muassa nelitasoinen monitoiminen keittoj\u00e4rjestelm\u00e4 \"<em>Jaa &amp;<\/em>\u00a0Conquer\u00ae\", jossa on ruostumattomasta ter\u00e4ksest\u00e4 valmistettu hiilikori, edistyksellinen monilevyinen keraaminen tulipes\u00e4 ja patentoitu sis\u00e4\u00e4nvedett\u00e4v\u00e4 tuhka-astia.<\/p>\n<p><strong>Setti sis\u00e4lt\u00e4\u00e4: <\/strong><\/p>\n<ul>\n<li>18\" (46 cm) keraaminen grilliuuni<\/li>\n<li>Patentoitu hyperbolinen savukammio \"SloRoller\".<\/li>\n<li>Tihe\u00e4 polyuretaanikahva<\/li>\n<li>Nelitasoinen \"Divide &amp; Conquer\u00ae\" -j\u00e4rjestelm\u00e4 joustavaan ruoanlaittoon, eli siihen kuuluu 2 kpl puolikuun muotoisia keraamisia l\u00e4mp\u00f6levittimi\u00e4 (l\u00e4mm\u00f6njakajia) ja 2 kpl ruostumattomasta ter\u00e4ksest\u00e4 (304) valmistettua puolikuun muotoista grilliritil\u00e4\u00e4 (halkaisija 46 cm) - lis\u00e4varusteena on saatavana lis\u00e4ritil\u00f6it\u00e4.<\/li>\n<li>Patentoitu sis\u00e4\u00e4nvedett\u00e4v\u00e4 ruostumattomasta ter\u00e4ksest\u00e4 (304) valmistettu tuhkakuppi helpottaa grillin puhdistusta.<\/li>\n<li>Sis\u00e4\u00e4nrakennettu l\u00e4mp\u00f6mittari<\/li>\n<li>Alumiininen tuuletusaukko \"Kontrol Tower\"<\/li>\n<li>Hing \"Air Lift\" (eli kansi, jossa on vaimennin).<\/li>\n<li>AMP Monipaneelinen (ts. moniosainen, ei-tuhoava) tulipes\u00e4.<\/li>\n<li>Ruostumattomasta ter\u00e4ksest\u00e4 (304) valmistettu hiilikori takaa entist\u00e4 tasaisemman hiilen hehkun.<\/li>\n<li>L\u00e4mm\u00f6nkest\u00e4v\u00e4 lasikuitukuori, jossa on lankaverkko.<\/li>\n<li>Ruostumattomasta ter\u00e4ksest\u00e4 (304) valmistettu kannen sulkupuristin<\/li>\n<li>Ruostumattomasta ter\u00e4ksest\u00e4 valmistettu tarviketeline \"Accessory Rack\" (tarviketeline)<\/li>\n<li>Grilliritil\u00e4n nostotangot<\/li>\n<li>Tuharoop<\/li>\n<\/ul>\n<p>&nbsp;<\/p>\n<p><strong>Tekniset tiedot<\/strong><\/p>\n<p>Paino 109 kg<\/p>\n<p>PAKKAUKSEN MITAT 111 x 84 x 75 cm<\/p>\n<p>Kokonaismitat 119 (l) x 123 (h) x 73 (s) cm.<\/p>\n<p>PINTA \u00d8 \u00d8 \u00d8 46 cm, st 651cm\u00b2<\/p>\n<p>L\u00c4MP\u00d6TILA 80 - 400 \u00b0C (SloRollerin kanssa enint\u00e4\u00e4n 260 \u00b0C).<\/p>\n<p>ILMASTOINTIPINTA LATTIAAN SIS\u00c4LTYV\u00c4 PINTA 1034cm\u00b2<\/p>\n<p>KAHDELLA GRILLILLILL\u00c4 KOKKITILA 1291cm\u00b2<\/p>\n<p>ILMASTOINTITILA KAHDELLA RUNGOLLA JA PINTATILALLA 1677cm\u00b2<\/p>\n<p>ILMASTOINTIALUE KOLMELLA RUNGOLLA JA PINTATILALLA 2320cm\u00b2<\/p>\n<p>TUOTE Kamado Joe<\/p>\n<p>&nbsp;<\/p>\n<p><strong>Garantii<\/strong> &#8211; Kamado Joe keraamilistele osadele kehtib piiratud eluaegne garantii (garantiitingimused: <strong><a href=\"https:\/\/tammetorubbq.ee\/wp-content\/uploads\/2026\/02\/Kamado_Joe_garantii.pdf\">katso t\u00e4st\u00e4<\/a><\/strong>); mukaan lukien keraamiset laatat, l\u00e4mp\u00f6heijastimet ja tiivistyslaatat 3 vuotta; metalli ja valurauta 5 vuotta; l\u00e4mp\u00f6mittari ja tiivisteet 1 vuosi.<\/p>","protected":false},"excerpt":{"rendered":"<h4>Kaasa kingitus + TASUTA tarne.<\/h4>\n<ul>\n<li>Maailmanluokan laatu<\/li>\n<li>Parasta vastinetta rahalle!<\/li>\n<li><strong>Ylivoimaisesti paras valinta keraamisissa grilleiss\u00e4!<\/strong><\/li>\n<li>Uusi Stand Alone -versio myydyimm\u00e4st\u00e4 Kamado Joe -grillist\u00e4, eli ilman runkoa ja ilman sivupaneeleita.<\/li>\n<li>Grilliritil\u00e4 \u00d8 47 cm (18\"), uunin sis\u00e4puoli \u00d8 50 cm, uunin ulkopuoli \u00d8 57 cm, paino 109 kg.<\/li>\n<\/ul>\n<p>Kindlasti soovitame ka juurde osta\u00a0<a href=\"https:\/\/tammetorubbq.ee\/fi\/product-2\/kamado-joe-classic-dome-stand-alone-ilmastikukindel-grillikate\/\"><strong>ilmastikukindla grillikatte<\/strong><\/a>\u00a0mis pakub usaldusv\u00e4\u00e4rset kaitset vihma, lume, p\u00e4ikese ja mustuse eest, pikendades grilli eluiga ning hoides selle puhtana j\u00e4rgmiseks kasutuskorraks.<\/p>\n<p><span style=\"color: #000000;\"><strong>Oleme tootja Kamado Joe ametlik esindaja, edasim\u00fc\u00fcja Eestis!<\/strong><\/span><\/p>\n<p><img loading=\"lazy\" decoding=\"async\" class=\"alignnone wp-image-1531\" src=\"http:\/\/tammetorubbq.ee\/wp-content\/uploads\/2024\/03\/kamado-joe-logo-300x40.webp\" alt=\"Kamado Joe -logo\" width=\"180\" height=\"24\" srcset=\"https:\/\/tammetorubbq.ee\/wp-content\/uploads\/2024\/03\/kamado-joe-logo-300x40.webp 300w, https:\/\/tammetorubbq.ee\/wp-content\/uploads\/2024\/03\/kamado-joe-logo-768x104.webp 768w, https:\/\/tammetorubbq.ee\/wp-content\/uploads\/2024\/03\/kamado-joe-logo-18x2.webp 18w, https:\/\/tammetorubbq.ee\/wp-content\/uploads\/2024\/03\/kamado-joe-logo-600x81.webp 600w, https:\/\/tammetorubbq.ee\/wp-content\/uploads\/2024\/03\/kamado-joe-logo-64x9.webp 64w, https:\/\/tammetorubbq.ee\/wp-content\/uploads\/2024\/03\/kamado-joe-logo.webp 1024w\" sizes=\"auto, (max-width: 180px) 100vw, 180px\" \/><\/p>\n<p><a href=\"https:\/\/tammetorubbq.ee\/fi\/maksa-myohemmin\/\"><strong>OSTA NYT, MAKSA MY\u00d6HEMMIN<\/strong><\/a> - korotonta!<\/p>\n<p><img loading=\"lazy\" decoding=\"async\" class=\"alignnone wp-image-2646\" src=\"http:\/\/www.tammetorubbq.ee\/wp-content\/uploads\/2023\/12\/inbank-wordmark.png\" alt=\"Inbank\" width=\"169\" height=\"76\" srcset=\"https:\/\/tammetorubbq.ee\/wp-content\/uploads\/2023\/12\/inbank-wordmark.png 300w, https:\/\/tammetorubbq.ee\/wp-content\/uploads\/2023\/12\/inbank-wordmark-18x8.png 18w, https:\/\/tammetorubbq.ee\/wp-content\/uploads\/2023\/12\/inbank-wordmark-64x29.png 64w\" sizes=\"auto, (max-width: 169px) 100vw, 169px\" \/><\/p>\n<p>Tarjoamme my\u00f6s mahdollisuuden maksaa my\u00f6hemmin - yhdess\u00e4, kahdessa tai kolmessa samansuuruisessa er\u00e4ss\u00e4 ilman korkoa tai lis\u00e4maksua.<\/p>\n<p>L\u00f6yd\u00e4t valikoiman eri maksuvaihtoehtoja ostoskoristamme.<\/p>","protected":false},"featured_media":445,"comment_status":"open","ping_status":"closed","template":"","meta":{"_uf_show_specific_survey":0,"_uf_disable_surveys":false},"pwb-brand":[69],"product_brand":[],"product_cat":[53,55],"product_tag":[126,325,316,127,78],"class_list":{"0":"post-444","1":"product","2":"type-product","3":"status-publish","4":"has-post-thumbnail","6":"pwb-brand-kamado-joe","7":"product_cat-grillid","8":"product_cat-keraamilised-grillid","9":"product_tag-kamado-joe","10":"product_tag-kamado-joe-classic","11":"product_tag-kamado-joe-keraamiline-grill","12":"product_tag-keraamilised-grillid","13":"product_tag-soegrill","15":"first","16":"instock","17":"taxable","18":"shipping-taxable","19":"purchasable","20":"product-type-simple"},"brands":[{"id":69,"name":"Kamado Joe","slug":"kamado-joe"}],"_links":{"self":[{"href":"https:\/\/tammetorubbq.ee\/fi\/wp-json\/wp\/v2\/product\/444","targetHints":{"allow":["GET"]}}],"collection":[{"href":"https:\/\/tammetorubbq.ee\/fi\/wp-json\/wp\/v2\/product"}],"about":[{"href":"https:\/\/tammetorubbq.ee\/fi\/wp-json\/wp\/v2\/types\/product"}],"replies":[{"embeddable":true,"href":"https:\/\/tammetorubbq.ee\/fi\/wp-json\/wp\/v2\/comments?post=444"}],"wp:featuredmedia":[{"embeddable":true,"href":"https:\/\/tammetorubbq.ee\/fi\/wp-json\/wp\/v2\/media\/445"}],"wp:attachment":[{"href":"https:\/\/tammetorubbq.ee\/fi\/wp-json\/wp\/v2\/media?parent=444"}],"wp:term":[{"taxonomy":"pwb-brand","embeddable":true,"href":"https:\/\/tammetorubbq.ee\/fi\/wp-json\/wp\/v2\/pwb-brand?post=444"},{"taxonomy":"product_brand","embeddable":true,"href":"https:\/\/tammetorubbq.ee\/fi\/wp-json\/wp\/v2\/product_brand?post=444"},{"taxonomy":"product_cat","embeddable":true,"href":"https:\/\/tammetorubbq.ee\/fi\/wp-json\/wp\/v2\/product_cat?post=444"},{"taxonomy":"product_tag","embeddable":true,"href":"https:\/\/tammetorubbq.ee\/fi\/wp-json\/wp\/v2\/product_tag?post=444"}],"curies":[{"name":"wp","href":"https:\/\/api.w.org\/{rel}","templated":true}]}}