{"id":4568,"date":"2025-12-03T11:01:56","date_gmt":"2025-12-03T09:01:56","guid":{"rendered":"https:\/\/tammetorubbq.ee\/?post_type=product&#038;p=4568"},"modified":"2026-04-19T18:00:46","modified_gmt":"2026-04-19T15:00:46","slug":"jack-daniels-original-bbq-kaste-553g","status":"publish","type":"product","link":"https:\/\/tammetorubbq.ee\/fi\/product-2\/jack-daniels-original-bbq-kaste-553g\/","title":{"rendered":"Jack Daniel`s Original BBQ kaste 553g"},"content":{"rendered":"<p>T\u00e4iesti vaba kunstlikest lisaainetest: <strong data-start=\"909\" data-end=\"1026\">ei sisalda konserveerivaid aineid, ei sisalda k\u00f5rge fruktoosisisaldusega maisisiirupit ega tavalist maisisiirupit<\/strong> ning on <strong data-start=\"1035\" data-end=\"1051\">gluteeniton<\/strong>.<\/p>\n<p><strong data-start=\"107\" data-end=\"123\">Ainesosat:<\/strong> roosuhkur, vesi, tomatipasta (kontsentreeritud tomatid), destilleeritud \u00e4\u00e4dikas, melass, tamarindikontsentraat, looduslik hikkori suitsu maitseaine, sool, kollane sinep (sinepiseemned, \u00e4\u00e4dikas, v\u00fcrtsid), maisit\u00e4rklis, ananassimahla kontsentraat, Jack Daniel\u2019s Tennessee viski, kuivatatud k\u00fc\u00fcslauk, kuivatatud sibul, v\u00fcrtsid, karamellv\u00e4rv.<\/p>\n<p>&nbsp;<\/p>\n<p><strong>Jack Daniel\u2019s BBQ kastmed ei ole lihtsalt \u00fche br\u00e4ndi juures m\u00fc\u00fcdav majonees v\u00f5i kaste<\/strong> &#8211; need kannavad endas Ameerika BBQ p\u00e4randit: viskifirma ajaloolist viski traditsiooni, BBQ maitse kunsti ja kogukonna vaimu, mis on aastak\u00fcmneid arenenud. Samuti annab neile kastmetele ka t\u00e4iendava t\u00e4henduse ja kultuurilise v\u00e4\u00e4rtuse fakt, et sama nimi kannab legendeerlikku BBQ v\u00f5istlust, kus parimad BBQ meistrid \u00fcle maailma kohtuvad &#8211; mis t\u00f5stab kastme staatust \u201clihtsast kastmest\u201d auhinnatud BBQ kunsti osaks.<\/p>\n<p>&nbsp;<\/p>\n<div style=\"width: 1920px;\" class=\"wp-video\"><video class=\"wp-video-shortcode\" id=\"video-4568-1\" width=\"1920\" height=\"1080\" preload=\"metadata\" controls=\"controls\"><source type=\"video\/mp4\" src=\"http:\/\/tammetorubbq.ee\/wp-content\/uploads\/2023\/11\/Jack-Daniels-BBQ-sauces.mp4?_=1\" \/><a href=\"http:\/\/tammetorubbq.ee\/wp-content\/uploads\/2023\/11\/Jack-Daniels-BBQ-sauces.mp4\">http:\/\/tammetorubbq.ee\/wp-content\/uploads\/2023\/11\/Jack-Daniels-BBQ-sauces.mp4<\/a><\/video><\/div>","protected":false},"excerpt":{"rendered":"<p><strong data-start=\"90\" data-end=\"126\">Jack Daniel\u2019s Original BBQ kaste<\/strong> on t\u00f5eline Ameerika l\u00f5unaosariikide BBQ klassika &#8211; rikkalikult magus, kergelt suitsune, \u00f5rnalt \u00e4\u00e4dikaselt v\u00e4rske ning viimistletud iseloomuliku Jack Daniel\u2019s Tennessee viski maitsenoodiga. Kastme maitse p\u00f5hineb <strong data-start=\"338\" data-end=\"377\">Tennessee-stiilis BBQ traditsioonil<\/strong>, mis on tuntud tumeda suhkru, tomati, melassi ja kerge suitsususe tasakaalu poolest.<\/p>\n<p>See kaste toob iga roa maitsesse s\u00fcgavust ja t\u00e4iuslikku magusa-suitsust harmooniat. Kasuta seda marinaadina, glasuurina grillimisel v\u00f5i dipikastmena \u2014 sobib suurep\u00e4raselt ribide, kana, sealiha, veiseliha, burgerite, grillvorstide, pitsade ning isegi k\u00f6\u00f6giviljadega. T\u00e4nu oma mitmek\u00fclgsusele muudab see lihtsad road h\u00f5lpsalt t\u00f5eliselt nauditavateks BBQ-elamusteks.<\/p>\n<p>\ud83d\udca1 <strong>Ammattilaisten vinkki:<\/strong> Parima tulemuse saavutamiseks m\u00e4\u00e4ri kaste lihale grillimise viimases faasis, et suhkrud karamelliseeruksid, kuid ei p\u00f5leks \u2014 nii saad eriti l\u00e4ikiva ja maitsek\u00fcllase glasuurikihi.<\/p>\n<p><img loading=\"lazy\" decoding=\"async\" class=\"wp-image-4570\" src=\"http:\/\/tammetorubbq.ee\/wp-content\/uploads\/2025\/12\/jack-daniels-logo-png-1-300x233.png\" alt=\"Jack Daniel&#96;s logo\" width=\"147\" height=\"114\" srcset=\"https:\/\/tammetorubbq.ee\/wp-content\/uploads\/2025\/12\/jack-daniels-logo-png-1-300x233.png 300w, https:\/\/tammetorubbq.ee\/wp-content\/uploads\/2025\/12\/jack-daniels-logo-png-1-15x12.png 15w, https:\/\/tammetorubbq.ee\/wp-content\/uploads\/2025\/12\/jack-daniels-logo-png-1-600x465.png 600w, https:\/\/tammetorubbq.ee\/wp-content\/uploads\/2025\/12\/jack-daniels-logo-png-1-64x50.png 64w, https:\/\/tammetorubbq.ee\/wp-content\/uploads\/2025\/12\/jack-daniels-logo-png-1.png 700w\" sizes=\"auto, (max-width: 147px) 100vw, 147px\" \/><\/p>","protected":false},"featured_media":4580,"comment_status":"closed","ping_status":"closed","template":"","meta":{"_uf_show_specific_survey":0,"_uf_disable_surveys":false},"pwb-brand":[249],"product_brand":[],"product_cat":[22],"product_tag":[250,138,251,335,118,121,166,114,122,119,165],"class_list":{"0":"post-4568","1":"product","2":"type-product","3":"status-publish","4":"has-post-thumbnail","6":"pwb-brand-jack-daniels","7":"product_cat-kastmed-ja-marinaadid","8":"product_tag-bbq-kaste","9":"product_tag-burger","10":"product_tag-jack-daniels","11":"product_tag-jack-daniels-original","12":"product_tag-kanaliha","13":"product_tag-koogiviljad","14":"product_tag-rebitudliha","15":"product_tag-sealiha","16":"product_tag-searibi","17":"product_tag-veiseliha","18":"product_tag-veiseribi","20":"first","21":"instock","22":"taxable","23":"shipping-taxable","24":"purchasable","25":"product-type-simple"},"brands":[{"id":249,"name":"Jack Daniel`s","slug":"jack-daniels"}],"_links":{"self":[{"href":"https:\/\/tammetorubbq.ee\/fi\/wp-json\/wp\/v2\/product\/4568","targetHints":{"allow":["GET"]}}],"collection":[{"href":"https:\/\/tammetorubbq.ee\/fi\/wp-json\/wp\/v2\/product"}],"about":[{"href":"https:\/\/tammetorubbq.ee\/fi\/wp-json\/wp\/v2\/types\/product"}],"replies":[{"embeddable":true,"href":"https:\/\/tammetorubbq.ee\/fi\/wp-json\/wp\/v2\/comments?post=4568"}],"wp:featuredmedia":[{"embeddable":true,"href":"https:\/\/tammetorubbq.ee\/fi\/wp-json\/wp\/v2\/media\/4580"}],"wp:attachment":[{"href":"https:\/\/tammetorubbq.ee\/fi\/wp-json\/wp\/v2\/media?parent=4568"}],"wp:term":[{"taxonomy":"pwb-brand","embeddable":true,"href":"https:\/\/tammetorubbq.ee\/fi\/wp-json\/wp\/v2\/pwb-brand?post=4568"},{"taxonomy":"product_brand","embeddable":true,"href":"https:\/\/tammetorubbq.ee\/fi\/wp-json\/wp\/v2\/product_brand?post=4568"},{"taxonomy":"product_cat","embeddable":true,"href":"https:\/\/tammetorubbq.ee\/fi\/wp-json\/wp\/v2\/product_cat?post=4568"},{"taxonomy":"product_tag","embeddable":true,"href":"https:\/\/tammetorubbq.ee\/fi\/wp-json\/wp\/v2\/product_tag?post=4568"}],"curies":[{"name":"wp","href":"https:\/\/api.w.org\/{rel}","templated":true}]}}