{"id":4573,"date":"2025-12-03T11:25:25","date_gmt":"2025-12-03T09:25:25","guid":{"rendered":"https:\/\/tammetorubbq.ee\/?post_type=product&#038;p=4573"},"modified":"2026-04-19T18:00:34","modified_gmt":"2026-04-19T15:00:34","slug":"jack-daniels-honey-bbq-kaste-553g","status":"publish","type":"product","link":"https:\/\/tammetorubbq.ee\/fi\/product-2\/jack-daniels-honey-bbq-kaste-553g\/","title":{"rendered":"Jack Daniel`s Honey BBQ kaste 553g"},"content":{"rendered":"<p><strong data-start=\"98\" data-end=\"114\">Ainesosat:<\/strong> tomatid, suhkur, mesi (9\u202f%), \u00e4\u00e4dikas, tamarindikontsentraat, invertsuhkrusiirup, melass, sool, kollane sinep (sinepiseemned, vesi, \u00e4\u00e4dikas, sool, v\u00fcrtsid), modifitseeritud maisit\u00e4rklis, suitsuaroom, ananassimahla kontsentraat, karamelliseeritud suhkur, Jack Daniel\u2019s Tennessee viski (0,3\u20130,5\u202f%), kuivatatud k\u00fc\u00fcslauk, paksendaja (pektiin), v\u00fcrtsid ja maitseained, kuivatatud sibul, dekstroos.<\/p>\n<p>&nbsp;<\/p>\n<p><strong>Jack Daniel\u2019s BBQ kastmed ei ole lihtsalt \u00fche br\u00e4ndi juures m\u00fc\u00fcdav majonees v\u00f5i kaste<\/strong>\u00a0\u2013 need kannavad endas Ameerika BBQ p\u00e4randit: viskifirma ajaloolist viski traditsiooni, BBQ maitse kunsti ja kogukonna vaimu, mis on aastak\u00fcmneid arenenud. Samuti annab neile kastmetele ka t\u00e4iendava t\u00e4henduse ja kultuurilise v\u00e4\u00e4rtuse fakt, et sama nimi kannab legendeerlikku BBQ v\u00f5istlust, kus parimad BBQ meistrid \u00fcle maailma kohtuvad \u2013 mis t\u00f5stab kastme staatust \u201clihtsast kastmest\u201d auhinnatud BBQ kunsti osaks.<\/p>\n<p>&nbsp;<\/p>\n<div style=\"width: 1920px;\" class=\"wp-video\"><video class=\"wp-video-shortcode\" id=\"video-4573-1\" width=\"1920\" height=\"1080\" preload=\"metadata\" controls=\"controls\"><source type=\"video\/mp4\" src=\"http:\/\/tammetorubbq.ee\/wp-content\/uploads\/2023\/11\/Jack-Daniels-BBQ-sauces.mp4?_=1\" \/><a href=\"http:\/\/tammetorubbq.ee\/wp-content\/uploads\/2023\/11\/Jack-Daniels-BBQ-sauces.mp4\">http:\/\/tammetorubbq.ee\/wp-content\/uploads\/2023\/11\/Jack-Daniels-BBQ-sauces.mp4<\/a><\/video><\/div>","protected":false},"excerpt":{"rendered":"<p data-start=\"91\" data-end=\"610\"><strong>Jack Daniel`s Honey \ud83c\udf6f BBQ kaste<\/strong> on pehme ja tasakaalustatud BBQ-kaste, mis toob grillroogadesse rikkaliku kombinatsiooni magusast ja suitsusest. Kastme maitse p\u00f5hineb <strong data-start=\"260\" data-end=\"299\">Tennessee-stiilis BBQ traditsioonil<\/strong>, tuntud oma tumeda suhkru, mee, tomati ja kerge suitsuse noodiga ning viimistletud Jack Daniel\u2019s Tennessee viski peene n\u00fcansiga. Kastme maitseprofiil \u00fchendab mee pehmuse, tumeda suhkru s\u00fcgavuse, tomati ja \u00e4\u00e4dika tasakaalu ning kerge ananassi ja tamarindi puuviljasuse, millele j\u00e4rgneb mahe piprane j\u00e4relmaik.<\/p>\n<p data-start=\"612\" data-end=\"822\" data-is-last-node=\"\" data-is-only-node=\"\">See kaste sobib ideaalselt marinaadina, glasuuriks grillimise l\u00f5pus v\u00f5i dipikastmeks \u2014 rikastab ribisid, kana\u2011tiibu, burgereid, sealiha, veiseliha ja isegi k\u00f6\u00f6givilju, muutes igap\u00e4evase BBQ-elamuse t\u00e4iuslikuks.<\/p>\n<p data-start=\"612\" data-end=\"822\" data-is-last-node=\"\" data-is-only-node=\"\"><strong data-start=\"794\" data-end=\"806\">\ud83d\udca1 Pro-vinkki:<\/strong> Parima tulemuse saavutamiseks m\u00e4\u00e4ri kastet liha viimase 5\u201310 minuti jooksul grillimisel, et suhkrud karamelliseeruksid, kuid ei k\u00f5rgeks \u2014 nii saad t\u00e4idlase ja l\u00e4ikiva glasuurikihi, mis r\u00f5hutab mee magusust ja suitsust n\u00fcanssi.<\/p>\n<p data-start=\"612\" data-end=\"822\" data-is-last-node=\"\" data-is-only-node=\"\"><img loading=\"lazy\" decoding=\"async\" class=\"wp-image-4570\" src=\"http:\/\/tammetorubbq.ee\/wp-content\/uploads\/2025\/12\/jack-daniels-logo-png-1-300x233.png\" alt=\"Jack Daniel&#96;s logo\" width=\"147\" height=\"114\" srcset=\"https:\/\/tammetorubbq.ee\/wp-content\/uploads\/2025\/12\/jack-daniels-logo-png-1-300x233.png 300w, https:\/\/tammetorubbq.ee\/wp-content\/uploads\/2025\/12\/jack-daniels-logo-png-1-15x12.png 15w, https:\/\/tammetorubbq.ee\/wp-content\/uploads\/2025\/12\/jack-daniels-logo-png-1-600x465.png 600w, https:\/\/tammetorubbq.ee\/wp-content\/uploads\/2025\/12\/jack-daniels-logo-png-1-64x50.png 64w, https:\/\/tammetorubbq.ee\/wp-content\/uploads\/2025\/12\/jack-daniels-logo-png-1.png 700w\" sizes=\"auto, (max-width: 147px) 100vw, 147px\" \/><\/p>","protected":false},"featured_media":4577,"comment_status":"closed","ping_status":"closed","template":"","meta":{"_uf_show_specific_survey":0,"_uf_disable_surveys":false},"pwb-brand":[249],"product_brand":[],"product_cat":[22],"product_tag":[250,138,251,336,118,121,166,114,122,119,165],"class_list":{"0":"post-4573","1":"product","2":"type-product","3":"status-publish","4":"has-post-thumbnail","6":"pwb-brand-jack-daniels","7":"product_cat-kastmed-ja-marinaadid","8":"product_tag-bbq-kaste","9":"product_tag-burger","10":"product_tag-jack-daniels","11":"product_tag-jack-daniels-honey","12":"product_tag-kanaliha","13":"product_tag-koogiviljad","14":"product_tag-rebitudliha","15":"product_tag-sealiha","16":"product_tag-searibi","17":"product_tag-veiseliha","18":"product_tag-veiseribi","20":"first","21":"instock","22":"taxable","23":"shipping-taxable","24":"purchasable","25":"product-type-simple"},"brands":[{"id":249,"name":"Jack Daniel`s","slug":"jack-daniels"}],"_links":{"self":[{"href":"https:\/\/tammetorubbq.ee\/fi\/wp-json\/wp\/v2\/product\/4573","targetHints":{"allow":["GET"]}}],"collection":[{"href":"https:\/\/tammetorubbq.ee\/fi\/wp-json\/wp\/v2\/product"}],"about":[{"href":"https:\/\/tammetorubbq.ee\/fi\/wp-json\/wp\/v2\/types\/product"}],"replies":[{"embeddable":true,"href":"https:\/\/tammetorubbq.ee\/fi\/wp-json\/wp\/v2\/comments?post=4573"}],"wp:featuredmedia":[{"embeddable":true,"href":"https:\/\/tammetorubbq.ee\/fi\/wp-json\/wp\/v2\/media\/4577"}],"wp:attachment":[{"href":"https:\/\/tammetorubbq.ee\/fi\/wp-json\/wp\/v2\/media?parent=4573"}],"wp:term":[{"taxonomy":"pwb-brand","embeddable":true,"href":"https:\/\/tammetorubbq.ee\/fi\/wp-json\/wp\/v2\/pwb-brand?post=4573"},{"taxonomy":"product_brand","embeddable":true,"href":"https:\/\/tammetorubbq.ee\/fi\/wp-json\/wp\/v2\/product_brand?post=4573"},{"taxonomy":"product_cat","embeddable":true,"href":"https:\/\/tammetorubbq.ee\/fi\/wp-json\/wp\/v2\/product_cat?post=4573"},{"taxonomy":"product_tag","embeddable":true,"href":"https:\/\/tammetorubbq.ee\/fi\/wp-json\/wp\/v2\/product_tag?post=4573"}],"curies":[{"name":"wp","href":"https:\/\/api.w.org\/{rel}","templated":true}]}}