{"id":458,"date":"2023-12-03T12:27:52","date_gmt":"2023-12-03T10:27:52","guid":{"rendered":"https:\/\/tammetorubbq.ee\/?post_type=product&#038;p=458"},"modified":"2026-04-15T03:00:06","modified_gmt":"2026-04-15T00:00:06","slug":"kamado-joe-konnected-joe","status":"publish","type":"product","link":"https:\/\/tammetorubbq.ee\/fi\/product-2\/kamado-joe-konnected-joe\/","title":{"rendered":"Kamado Joe Konnected Classic Joe"},"content":{"rendered":"<p>Koe uusi keraamisen grillauksen aikakausi Kamado Joe Konnected Joe\u2122 -digitaalisella hiiligrillill\u00e4. Konnected Joe\u2122 tekee grillin sytytt\u00e4misest\u00e4 helppoa. Sytyt\u00e4 hiilet yksinkertaisesti painamalla Automatic Fire Start (AFS\u2122) -painiketta. Aseta haluamasi kypsennysl\u00e4mp\u00f6tila digitaalisella Kontrol Board\u2122-ohjauspaneelilla\u2122 tai Kamado Joe -sovelluksella ja anna Kontrol Fan\u2122 -tuulettimen tehd\u00e4 loput ty\u00f6st\u00e4. Monien kypsennystoimintojen ansiosta Konnected Joe\u2122 antaa sinun nauttia Kamado grillauksesta parhaimmillaan. Automaattinen kypsennystila tarjoaa t\u00e4yden digitaalisen hallinnan, tai kokeile klassista tilaa ilman automatiikkaa perinteist\u00e4 Kamado-kokemusta varten.<\/p>\n<p><strong>T\u00c4YNN\u00c4 OMINAISUUKSIA!<\/strong><\/p>\n<ul>\n<li>46 cm:n WiFi-keraaminen grilli, jossa on 1613 cm\u00b2:n paistopinta paistopinta<\/li>\n<li>AFS (Automatic Fire Starter) -painike, jolla hiilet voidaan sytytt\u00e4\u00e4 v\u00e4litt\u00f6m\u00e4sti.<\/li>\n<li>Digitaalinen ohjauspaneeli l\u00e4mp\u00f6tilakuvaajia, varoituksia ja useita kypsennystiloja varten.<\/li>\n<li>Kamado Joe -sovelluksella voit asettaa l\u00e4mp\u00f6tilan ja ajan, seurata lihan ominaisuuksia ja l\u00f6yt\u00e4\u00e4 uusia reseptej\u00e4.<\/li>\n<li>Kontrol Fan yll\u00e4pit\u00e4\u00e4 automaattisesti haluamasi l\u00e4mp\u00f6tilan 107 \u00b0C:sta 370 \u00b0C:een.<\/li>\n<li>Automaattinen kypsennystila digitaalisesti yhdistetty\u00e4 kypsennyst\u00e4 varten tai manuaalinen kypsennystila perinteist\u00e4 kamadogrillausta varten.<\/li>\n<li>Kontrol Tower\u2122 -tuuletin yll\u00e4pit\u00e4\u00e4 tasaisen ilmavirran, kun kansi avataan ja suljetaan.<\/li>\n<li>Sis\u00e4lt\u00e4\u00e4 nostokahvat grillin helppoa ja turvallista nostamista varten.<\/li>\n<li>Air Lift\u2122-sarana v\u00e4hent\u00e4\u00e4 merkitt\u00e4v\u00e4sti kupolin eli grillikannen painoa.<\/li>\n<li>2-tasoinen Divide &amp; Conquer -monitoimikeittoj\u00e4rjestelm\u00e4 eri ruokien kypsennykseen eri l\u00e4mp\u00f6tiloissa.<\/li>\n<li>Raskas ja tukeva jauhemaalattu ter\u00e4srunko, jossa on lukittavat py\u00f6r\u00e4t.<\/li>\n<li>Muut mukana tulevat ominaisuudet ja lis\u00e4varusteet: ruostumattomasta ter\u00e4ksest\u00e4 valmistettu kannen tulppa, Advanced Multi-panel (AMP) -tulipes\u00e4, ruostumattomasta ter\u00e4ksest\u00e4 valmistetut keittotelineet, taitettavat alumiiniset sivuhyllyt, grilliritil\u00e4n nostin tai pihdit grilliritil\u00e4n nostamista varten, tuhka-astia, l\u00e4mp\u00f6levyt (puolikuun muotoiset kivilevyt), lis\u00e4varusteena k\u00e4ytett\u00e4v\u00e4 kela ja 1 lihanerotin.<\/li>\n<li>Konnected Joe\u2122 on yhteensopiva kentt\u00e4keitti\u00f6iden kanssa, eli sit\u00e4 voidaan k\u00e4ytt\u00e4\u00e4 my\u00f6s itsen\u00e4isesti. Lis\u00e4tietoja on k\u00e4ytt\u00f6oppaassa.<\/li>\n<li>Yhteensopiva Classic Joe\u2122 -suojien ja -lis\u00e4varusteiden kanssa, mutta ei Classic Joe -hiilikorin kanssa.<\/li>\n<\/ul>\n<p>&nbsp;<\/p>\n<p><strong>Tekniset tiedot<\/strong><\/p>\n<p>Leveys: 119 cm<\/p>\n<p>Korkeus: 122 cm<\/p>\n<p>Grillin paino: 98 kg<\/p>\n<p>L\u00e4mp\u00f6tila-alue: 100\u00b0C - 400\u00b0C<\/p>\n<p>Keittopinta: 46 cm grilliritil\u00e4n halkaisija<\/p>\n<p>&nbsp;<\/p>\n<p>HUOMAUTUS: Kamado Joen keraamisilla osilla on rajoitettu elinik\u00e4inen takuu (takuuehdot: <a href=\"http:\/\/tammetorubbq.ee\/wp-content\/uploads\/2023\/12\/Kamado_Joe_garantii-1.docx\" target=\"_blank\" rel=\"noopener\">katso t\u00e4st\u00e4<\/a>); mukaan lukien keraamiset laatat, l\u00e4mp\u00f6heijastimet ja tiivistyslaatat 3 vuotta; metalli ja valurauta 5 vuotta; l\u00e4mp\u00f6mittari ja tiivisteet 1 vuosi.<\/p>\n<p>&nbsp;<\/p>","protected":false},"excerpt":{"rendered":"<h4>Kaasa kingitus + TASUTA tarne.<\/h4>\n<p><strong>KONNECTED JOE\u2122 DIGITAALNE KERAAMILINE S\u00d6EGRILL JA SUITSUAHI K\u00d5IK \u00dcHES!<\/strong><\/p>\n<p>Innovatiivinen ainutlaatuinen Kamado Joe\u2122 digitaalinen keraaminen grilliuuni<\/p>\n<ul>\n<li>Maailman parasta laatua! Paras vastine rahalle!<\/li>\n<li><strong>Ylivoimaisesti paras valinta keraamisissa grilleiss\u00e4!<\/strong><\/li>\n<li>Sytytet\u00e4\u00e4n puuhiili napista!<\/li>\n<li>Yhteyden muodostaminen sovellukseen!<\/li>\n<li>Digitaalinen ohjauspaneeli!<\/li>\n<li>Graafinen tabloo l\u00e4mp\u00f6tilan s\u00e4\u00e4t\u00f6\u00e4 varten!<\/li>\n<li>Grilliritil\u00e4 \u00d8 47 cm (18\"), uunin sis\u00e4pinta \u00d8 50 cm, uunin ulkopinta \u00d8 57 cm, paino 98 kg.<\/li>\n<\/ul>\n<p><span style=\"color: #000000;\"><strong>Oleme tootja Kamado Joe ametlik esindaja, edasim\u00fc\u00fcja Eestis!<\/strong><\/span><\/p>\n<p><img loading=\"lazy\" decoding=\"async\" class=\"alignnone wp-image-1531\" src=\"http:\/\/tammetorubbq.ee\/wp-content\/uploads\/2024\/03\/kamado-joe-logo-300x40.webp\" alt=\"Kamado Joe -logo\" width=\"180\" height=\"24\" srcset=\"https:\/\/tammetorubbq.ee\/wp-content\/uploads\/2024\/03\/kamado-joe-logo-300x40.webp 300w, https:\/\/tammetorubbq.ee\/wp-content\/uploads\/2024\/03\/kamado-joe-logo-768x104.webp 768w, https:\/\/tammetorubbq.ee\/wp-content\/uploads\/2024\/03\/kamado-joe-logo-18x2.webp 18w, https:\/\/tammetorubbq.ee\/wp-content\/uploads\/2024\/03\/kamado-joe-logo-600x81.webp 600w, https:\/\/tammetorubbq.ee\/wp-content\/uploads\/2024\/03\/kamado-joe-logo-64x9.webp 64w, https:\/\/tammetorubbq.ee\/wp-content\/uploads\/2024\/03\/kamado-joe-logo.webp 1024w\" sizes=\"auto, (max-width: 180px) 100vw, 180px\" \/><\/p>\n<p><a href=\"https:\/\/tammetorubbq.ee\/fi\/maksa-myohemmin\/\"><strong>OSTA NYT, MAKSA MY\u00d6HEMMIN<\/strong><\/a> - korotonta!<\/p>\n<p><img loading=\"lazy\" decoding=\"async\" class=\"alignnone wp-image-2646\" src=\"http:\/\/tammetorubbq.ee\/wp-content\/uploads\/2023\/12\/inbank-wordmark.png\" alt=\"Inbank\" width=\"167\" height=\"75\" srcset=\"https:\/\/tammetorubbq.ee\/wp-content\/uploads\/2023\/12\/inbank-wordmark.png 300w, https:\/\/tammetorubbq.ee\/wp-content\/uploads\/2023\/12\/inbank-wordmark-18x8.png 18w, https:\/\/tammetorubbq.ee\/wp-content\/uploads\/2023\/12\/inbank-wordmark-64x29.png 64w\" sizes=\"auto, (max-width: 167px) 100vw, 167px\" \/><\/p>\n<p>Tarjoamme my\u00f6s mahdollisuuden maksaa my\u00f6hemmin - yhdess\u00e4, kahdessa tai kolmessa samansuuruisessa er\u00e4ss\u00e4 ilman korkoa tai lis\u00e4maksua.<\/p>\n<p>L\u00f6yd\u00e4t valikoiman eri maksuvaihtoehtoja ostoskoristamme.<\/p>","protected":false},"featured_media":652,"comment_status":"open","ping_status":"closed","template":"","meta":{"_uf_show_specific_survey":0,"_uf_disable_surveys":false},"pwb-brand":[69],"product_brand":[],"product_cat":[53,55],"product_tag":[126,325,316,127,346,78],"class_list":{"0":"post-458","1":"product","2":"type-product","3":"status-publish","4":"has-post-thumbnail","6":"pwb-brand-kamado-joe","7":"product_cat-grillid","8":"product_cat-keraamilised-grillid","9":"product_tag-kamado-joe","10":"product_tag-kamado-joe-classic","11":"product_tag-kamado-joe-keraamiline-grill","12":"product_tag-keraamilised-grillid","13":"product_tag-konnected-joe","14":"product_tag-soegrill","16":"first","17":"instock","18":"taxable","19":"shipping-taxable","20":"purchasable","21":"product-type-simple"},"brands":[{"id":69,"name":"Kamado Joe","slug":"kamado-joe"}],"_links":{"self":[{"href":"https:\/\/tammetorubbq.ee\/fi\/wp-json\/wp\/v2\/product\/458","targetHints":{"allow":["GET"]}}],"collection":[{"href":"https:\/\/tammetorubbq.ee\/fi\/wp-json\/wp\/v2\/product"}],"about":[{"href":"https:\/\/tammetorubbq.ee\/fi\/wp-json\/wp\/v2\/types\/product"}],"replies":[{"embeddable":true,"href":"https:\/\/tammetorubbq.ee\/fi\/wp-json\/wp\/v2\/comments?post=458"}],"wp:featuredmedia":[{"embeddable":true,"href":"https:\/\/tammetorubbq.ee\/fi\/wp-json\/wp\/v2\/media\/652"}],"wp:attachment":[{"href":"https:\/\/tammetorubbq.ee\/fi\/wp-json\/wp\/v2\/media?parent=458"}],"wp:term":[{"taxonomy":"pwb-brand","embeddable":true,"href":"https:\/\/tammetorubbq.ee\/fi\/wp-json\/wp\/v2\/pwb-brand?post=458"},{"taxonomy":"product_brand","embeddable":true,"href":"https:\/\/tammetorubbq.ee\/fi\/wp-json\/wp\/v2\/product_brand?post=458"},{"taxonomy":"product_cat","embeddable":true,"href":"https:\/\/tammetorubbq.ee\/fi\/wp-json\/wp\/v2\/product_cat?post=458"},{"taxonomy":"product_tag","embeddable":true,"href":"https:\/\/tammetorubbq.ee\/fi\/wp-json\/wp\/v2\/product_tag?post=458"}],"curies":[{"name":"wp","href":"https:\/\/api.w.org\/{rel}","templated":true}]}}