{"id":4589,"date":"2025-12-03T11:49:57","date_gmt":"2025-12-03T09:49:57","guid":{"rendered":"https:\/\/tammetorubbq.ee\/?post_type=product&#038;p=4589"},"modified":"2026-04-19T21:00:21","modified_gmt":"2026-04-19T18:00:21","slug":"jack-daniels-sweet-spicy-bbq-kaste-280g","status":"publish","type":"product","link":"https:\/\/tammetorubbq.ee\/fi\/product-2\/jack-daniels-sweet-spicy-bbq-kaste-280g\/","title":{"rendered":"Jack Daniel`s Sweet &#038; Spicy BBQ kaste 280g"},"content":{"rendered":"<p><strong data-start=\"99\" data-end=\"115\">Ainesosat:<\/strong>\u00a0roosuhkur, vesi, chipotle\u2011kaste (chipotle\u2011chili, vesi, tomatip\u00fcree, \u00e4\u00e4dikas, sool, suhkur, k\u00fc\u00fcslauk, soja\u00f5li), tomatipasta, destilleeritud \u00e4\u00e4dikas, melass, tamarindikontsentraat (m\u00f5ningal juhul &lt;\u202f2\u202f%), looduslik hikkori suitsuaroom, sool, kollane sinep (\u00e4\u00e4dikas, vesi, sinepiseemned, sool, kurkum, paprika, v\u00fcrtsid), modifitseeritud maisit\u00e4rklis, ananassimahla kontsentraat, Jack Daniel\u2019s Tennessee viski (~0,3\u20130,5\u202f%), kuivatatud k\u00fc\u00fcslauk, kuivatatud t\u0161illipipar, pektin (paksendaja), karamelliseeritud suhkur (v\u00e4rvaine), v\u00fcrtsid, kuivatatud sibul, looduslik \u00f5unaaroom.<\/p>\n<p>&nbsp;<\/p>\n<p><strong>Jack Daniel\u2019s BBQ kastmed ei ole lihtsalt \u00fche br\u00e4ndi juures m\u00fc\u00fcdav majonees v\u00f5i kaste<\/strong>\u00a0\u2013 need kannavad endas Ameerika BBQ p\u00e4randit: viskifirma ajaloolist viski traditsiooni, BBQ maitse kunsti ja kogukonna vaimu, mis on aastak\u00fcmneid arenenud. Samuti annab neile kastmetele ka t\u00e4iendava t\u00e4henduse ja kultuurilise v\u00e4\u00e4rtuse fakt, et sama nimi kannab legendeerlikku BBQ v\u00f5istlust, kus parimad BBQ meistrid \u00fcle maailma kohtuvad \u2013 mis t\u00f5stab kastme staatust \u201clihtsast kastmest\u201d auhinnatud BBQ kunsti osaks.<\/p>\n<p>&nbsp;<\/p>\n<div class=\"wp-video\">\n<div style=\"width: 1920px;\" class=\"wp-video\"><video class=\"wp-video-shortcode\" id=\"video-4589-1\" width=\"1920\" height=\"1080\" preload=\"metadata\" controls=\"controls\"><source type=\"video\/mp4\" src=\"http:\/\/tammetorubbq.ee\/wp-content\/uploads\/2023\/11\/Jack-Daniels-BBQ-sauces.mp4?_=1\" \/><a href=\"http:\/\/tammetorubbq.ee\/wp-content\/uploads\/2023\/11\/Jack-Daniels-BBQ-sauces.mp4\">http:\/\/tammetorubbq.ee\/wp-content\/uploads\/2023\/11\/Jack-Daniels-BBQ-sauces.mp4<\/a><\/video><\/div>\n<div id=\"mep_0\" class=\"mejs-container mejs-container-keyboard-inactive wp-video-shortcode mejs-video\" tabindex=\"0\" role=\"application\" aria-label=\"Videoesitaja\">\n<div class=\"mejs-inner\">\n<div class=\"mejs-mediaelement\"><\/div>\n<div class=\"mejs-layers\">\n<div class=\"mejs-overlay mejs-layer mejs-overlay-play\"><\/div>\n<\/div>\n<\/div>\n<\/div>\n<\/div>","protected":false},"excerpt":{"rendered":"<p data-start=\"165\" data-end=\"658\"><strong>Jack Daniel`s Sweet &amp; Spicy BBQ kaste<\/strong>\u00a0on t\u00e4idlane ja tasakaalustatud BBQ-kaste, mis \u00fchendab magusa ja v\u00fcrtsika maitse t\u00e4iuslikus harmoonias. Kastme maitse p\u00f5hineb\u00a0<strong data-start=\"332\" data-end=\"371\">Tennessee-stiilis BBQ traditsioonil<\/strong>, tuntud oma tumeda suhkru, tomati, \u00e4\u00e4dika ja kerge suitsuse noodiga ning viimistletud Jack Daniel\u2019s Tennessee viski peene n\u00fcansiga. Kastme profiil \u00fchendab rikkaliku magususe, kerge suitsususe ja maheda sooja v\u00fcrtsisuse, millele j\u00e4rgneb meeldiv j\u00e4relmaik, mis \u00e4ratab BBQ-roogades maitsemeeli.<\/p>\n<p data-start=\"660\" data-end=\"889\">See kaste sobib ideaalselt marinaadina, glasuuriks grillimise l\u00f5pus v\u00f5i dipikastmeks \u2014 rikastab ribisid, kana\u2011tiibu, burgereid, sealiha, veiseliha ja isegi k\u00f6\u00f6givilju, muutes igap\u00e4evase BBQ-elamuse rikkalikuks ja meeldej\u00e4\u00e4vaks.<\/p>\n<p data-start=\"891\" data-end=\"1152\" data-is-last-node=\"\" data-is-only-node=\"\"><strong data-start=\"891\" data-end=\"903\">\ud83d\udca1 Pro-vinkki:<\/strong>\u00a0Parima tulemuse saavutamiseks m\u00e4\u00e4ri kastet liha viimase 5\u201310 minuti jooksul grillimisel, et suhkrud karamelliseeruksid ja v\u00fcrtsid esile tuleksid \u2014 saad t\u00e4idlase, magusa-suitsuse ja veidi v\u00fcrtsika glasuurikihi, mis muudab BBQ-roa veelgi maitsvamaks.<\/p>\n<p data-start=\"891\" data-end=\"1152\" data-is-last-node=\"\" data-is-only-node=\"\"><img loading=\"lazy\" decoding=\"async\" class=\"wp-image-4570\" src=\"http:\/\/tammetorubbq.ee\/wp-content\/uploads\/2025\/12\/jack-daniels-logo-png-1-300x233.png\" alt=\"Jack Daniel&#96;s logo\" width=\"147\" height=\"114\" srcset=\"https:\/\/tammetorubbq.ee\/wp-content\/uploads\/2025\/12\/jack-daniels-logo-png-1-300x233.png 300w, https:\/\/tammetorubbq.ee\/wp-content\/uploads\/2025\/12\/jack-daniels-logo-png-1-15x12.png 15w, https:\/\/tammetorubbq.ee\/wp-content\/uploads\/2025\/12\/jack-daniels-logo-png-1-600x465.png 600w, https:\/\/tammetorubbq.ee\/wp-content\/uploads\/2025\/12\/jack-daniels-logo-png-1-64x50.png 64w, https:\/\/tammetorubbq.ee\/wp-content\/uploads\/2025\/12\/jack-daniels-logo-png-1.png 700w\" sizes=\"auto, (max-width: 147px) 100vw, 147px\" \/><\/p>","protected":false},"featured_media":4590,"comment_status":"closed","ping_status":"closed","template":"","meta":{"_uf_show_specific_survey":0,"_uf_disable_surveys":false},"pwb-brand":[249],"product_brand":[],"product_cat":[22],"product_tag":[250,138,251,337,118,121,166,114,122,119,165],"class_list":{"0":"post-4589","1":"product","2":"type-product","3":"status-publish","4":"has-post-thumbnail","6":"pwb-brand-jack-daniels","7":"product_cat-kastmed-ja-marinaadid","8":"product_tag-bbq-kaste","9":"product_tag-burger","10":"product_tag-jack-daniels","11":"product_tag-jack-daniels-sweet-spicy","12":"product_tag-kanaliha","13":"product_tag-koogiviljad","14":"product_tag-rebitudliha","15":"product_tag-sealiha","16":"product_tag-searibi","17":"product_tag-veiseliha","18":"product_tag-veiseribi","20":"first","21":"instock","22":"taxable","23":"shipping-taxable","24":"purchasable","25":"product-type-simple"},"brands":[{"id":249,"name":"Jack Daniel`s","slug":"jack-daniels"}],"_links":{"self":[{"href":"https:\/\/tammetorubbq.ee\/fi\/wp-json\/wp\/v2\/product\/4589","targetHints":{"allow":["GET"]}}],"collection":[{"href":"https:\/\/tammetorubbq.ee\/fi\/wp-json\/wp\/v2\/product"}],"about":[{"href":"https:\/\/tammetorubbq.ee\/fi\/wp-json\/wp\/v2\/types\/product"}],"replies":[{"embeddable":true,"href":"https:\/\/tammetorubbq.ee\/fi\/wp-json\/wp\/v2\/comments?post=4589"}],"wp:featuredmedia":[{"embeddable":true,"href":"https:\/\/tammetorubbq.ee\/fi\/wp-json\/wp\/v2\/media\/4590"}],"wp:attachment":[{"href":"https:\/\/tammetorubbq.ee\/fi\/wp-json\/wp\/v2\/media?parent=4589"}],"wp:term":[{"taxonomy":"pwb-brand","embeddable":true,"href":"https:\/\/tammetorubbq.ee\/fi\/wp-json\/wp\/v2\/pwb-brand?post=4589"},{"taxonomy":"product_brand","embeddable":true,"href":"https:\/\/tammetorubbq.ee\/fi\/wp-json\/wp\/v2\/product_brand?post=4589"},{"taxonomy":"product_cat","embeddable":true,"href":"https:\/\/tammetorubbq.ee\/fi\/wp-json\/wp\/v2\/product_cat?post=4589"},{"taxonomy":"product_tag","embeddable":true,"href":"https:\/\/tammetorubbq.ee\/fi\/wp-json\/wp\/v2\/product_tag?post=4589"}],"curies":[{"name":"wp","href":"https:\/\/api.w.org\/{rel}","templated":true}]}}