{"id":460,"date":"2023-12-03T12:34:20","date_gmt":"2023-12-03T10:34:20","guid":{"rendered":"https:\/\/tammetorubbq.ee\/?post_type=product&#038;p=460"},"modified":"2026-04-15T01:00:18","modified_gmt":"2026-04-14T22:00:18","slug":"kamado-joe-big-ii-stand-alone","status":"publish","type":"product","link":"https:\/\/tammetorubbq.ee\/fi\/product-2\/kamado-joe-big-ii-stand-alone\/","title":{"rendered":"Kamado Joe Big II Stand Alone"},"content":{"rendered":"<p>Keraaminen Kamado Joe -grilli \/ bbq-uuni, joka on edell\u00e4k\u00e4vij\u00e4 Kamado-grillien maailmassa ja my\u00f6s innovaatiossa. T\u00e4ydellinen koko takapihan grillaukseen sek\u00e4 matalalla ett\u00e4 korkealla l\u00e4mm\u00f6ll\u00e4 sek\u00e4 savustamiseen. Grilliss\u00e4 on paksusein\u00e4inen kuumuutta kest\u00e4v\u00e4 keraaminen runko, joka lukitsee savun ja kosteuden kaikissa l\u00e4mp\u00f6tiloissa. Helposti avattavassa kupolissa on vastapainotettu \"Air Lift\"-sarana ja s\u00e4\u00e4nkest\u00e4v\u00e4\/tiivis \"Konrol Tower\"-yl\u00e4aukko. Keittoteline on valmistettu eritt\u00e4in korkealaatuisesta 304 ruostumattomasta ter\u00e4ksest\u00e4. Big II -grilliss\u00e4 on vakiona my\u00f6s joustava Divide &amp; Conquer\u00ae -kypsennysj\u00e4rjestelm\u00e4, monilevyinen keraaminen tulipes\u00e4, luotettava py\u00f6rill\u00e4 varustettu galvanoitu ter\u00e4srunko ja patentoitu ulosvedett\u00e4v\u00e4 tuhkalaatikko, joka helpottaa grillin puhdistamista.<\/p>\n<p>&nbsp;<\/p>\n<p><strong>Pakkaus sis\u00e4lt\u00e4\u00e4 <\/strong><\/p>\n<ul>\n<li>24\" (61 cm) keraaminen grilli Stand Alone -versio, eli ilman kehyst\u00e4 ja ilman sivupaneeleita.<\/li>\n<li>Viimeistelty tihe\u00e4 polyuretaanikahva<\/li>\n<li>Kolmitasoinen \"Divide &amp; Conquer\u00ae\" -j\u00e4rjestelm\u00e4 joustavaan kypsennykseen, ts. sis\u00e4lt\u00e4en 2-osaisen puolikuun muotoisen keraamisen l\u00e4mp\u00f6levittimen (l\u00e4mm\u00f6njakajan) ja 2-osaiset ruostumattomasta ter\u00e4ksest\u00e4 (304) valmistetut puolikuun muotoiset grilliritil\u00e4t (halkaisija 61 cm) - lis\u00e4varusteena saatavana lis\u00e4\u00e4 grilliritil\u00f6it\u00e4.<\/li>\n<li>Patentoitu sis\u00e4\u00e4nvedett\u00e4v\u00e4 ruostumattomasta ter\u00e4ksest\u00e4 (304) valmistettu tuhkakuppi helpottaa grillin puhdistusta.<\/li>\n<li>Sis\u00e4\u00e4nrakennettu l\u00e4mp\u00f6mittari<\/li>\n<li>Alumiininen tuuletusaukko \"Kontrol Tower\"<\/li>\n<li>\"Hing Air Lift\" (eli kansi, jossa on amord).<\/li>\n<li>AMP Monipaneelinen (ts. moniosainen, ei-tuhoava) tulipes\u00e4.<\/li>\n<li>L\u00e4mm\u00f6nkest\u00e4v\u00e4 lasikuitukuori, jossa on lankaverkko.<\/li>\n<li>Ruostumattomasta ter\u00e4ksest\u00e4 (304) valmistettu kannen kiinnitysklipsi<\/li>\n<li>Grilliritil\u00e4n nostotangot<\/li>\n<li>Tuharoop<\/li>\n<\/ul>\n<p>&nbsp;<\/p>\n<p><strong>Tekniset tiedot<\/strong><\/p>\n<p>PAINO 169 kg<\/p>\n<p>PAKKAUKSEN MITAT 90 \u00d7 90 \u00d7 100 cm<\/p>\n<p>L\u00c4MP\u00d6TILA-ALUE 82\u00b0C - 399\u00b0C<\/p>\n<p>Kokonaismitat 127 cm (pituus) x 137 cm (korkeus) x 79 cm (leveys).<\/p>\n<p>J\u00c4\u00c4HDYTYSALUE \u00d8 \u00d8 61 cm, st 923cm\u00b2<\/p>\n<p>&nbsp;<\/p>\n<p><strong>Garantii<\/strong> &#8211; Kamado Joe keraamilistele osadele kehtib piiratud eluaegne garantii (garantiitingimused: <strong><a href=\"https:\/\/tammetorubbq.ee\/wp-content\/uploads\/2026\/02\/Kamado_Joe_garantii.pdf\">katso t\u00e4st\u00e4<\/a><\/strong>); mukaan lukien keraamiset laatat, l\u00e4mp\u00f6heijastimet ja tiivistyslaatat 3 vuotta; metalli ja valurauta 5 vuotta; l\u00e4mp\u00f6mittari ja tiivisteet 1 vuosi.<\/p>","protected":false},"excerpt":{"rendered":"<h4>Kaasa kingitus + TASUTA tarne.<\/h4>\n<ul>\n<li>Maailman parasta laatua!<\/li>\n<li>Parasta vastinetta rahalle!<\/li>\n<li><strong>Ylivoimaisesti paras valinta keraamisissa grilleiss\u00e4!<\/strong><\/li>\n<li>Kamado Joe Big keraaminen grilli Stand Alone -versio, eli ilman runkoa ja ilman sivupaneeleita.<\/li>\n<li>Grilliritil\u00e4 \u00d8 61 cm (24\"), uunin sis\u00e4puoli \u00d8 63 cm, uunin ulkopuoli \u00d8 72 cm, paino 169 kg.<\/li>\n<\/ul>\n<p>Kindlasti soovitame ka juurde osta\u00a0<a href=\"https:\/\/tammetorubbq.ee\/fi\/product-2\/kamado-joe-big-dome-stand-alone-ilmastikukindel-grillikate\/\"><strong>ilmastikukindla grillikatte<\/strong><\/a>\u00a0mis pakub usaldusv\u00e4\u00e4rset kaitset vihma, lume, p\u00e4ikese ja mustuse eest, pikendades grilli eluiga ning hoides selle puhtana j\u00e4rgmiseks kasutuskorraks.<\/p>\n<p><span style=\"color: #000000;\"><strong>Oleme tootja Kamado Joe ametlik esindaja, edasim\u00fc\u00fcja Eestis!<\/strong><\/span><\/p>\n<p><img loading=\"lazy\" decoding=\"async\" class=\"wp-image-1531\" src=\"http:\/\/tammetorubbq.ee\/wp-content\/uploads\/2024\/03\/kamado-joe-logo-300x40.webp\" alt=\"Kamado Joe -logo\" width=\"180\" height=\"24\" srcset=\"https:\/\/tammetorubbq.ee\/wp-content\/uploads\/2024\/03\/kamado-joe-logo-300x40.webp 300w, https:\/\/tammetorubbq.ee\/wp-content\/uploads\/2024\/03\/kamado-joe-logo-768x104.webp 768w, https:\/\/tammetorubbq.ee\/wp-content\/uploads\/2024\/03\/kamado-joe-logo-18x2.webp 18w, https:\/\/tammetorubbq.ee\/wp-content\/uploads\/2024\/03\/kamado-joe-logo-600x81.webp 600w, https:\/\/tammetorubbq.ee\/wp-content\/uploads\/2024\/03\/kamado-joe-logo-64x9.webp 64w, https:\/\/tammetorubbq.ee\/wp-content\/uploads\/2024\/03\/kamado-joe-logo.webp 1024w\" sizes=\"auto, (max-width: 180px) 100vw, 180px\" \/><\/p>\n<p><a href=\"https:\/\/tammetorubbq.ee\/fi\/maksa-myohemmin\/\"><strong>OSTA NYT, MAKSA MY\u00d6HEMMIN<\/strong><\/a> - korotonta!<\/p>\n<p><img loading=\"lazy\" decoding=\"async\" class=\"alignnone wp-image-2646\" src=\"http:\/\/tammetorubbq.ee\/wp-content\/uploads\/2023\/12\/inbank-wordmark.png\" alt=\"Inbank\" width=\"167\" height=\"75\" srcset=\"https:\/\/tammetorubbq.ee\/wp-content\/uploads\/2023\/12\/inbank-wordmark.png 300w, https:\/\/tammetorubbq.ee\/wp-content\/uploads\/2023\/12\/inbank-wordmark-18x8.png 18w, https:\/\/tammetorubbq.ee\/wp-content\/uploads\/2023\/12\/inbank-wordmark-64x29.png 64w\" sizes=\"auto, (max-width: 167px) 100vw, 167px\" \/><\/p>\n<p>Tarjoamme my\u00f6s mahdollisuuden maksaa my\u00f6hemmin - yhdess\u00e4, kahdessa tai kolmessa samansuuruisessa er\u00e4ss\u00e4 ilman korkoa tai lis\u00e4maksua.<\/p>\n<p>L\u00f6yd\u00e4t valikoiman eri maksuvaihtoehtoja ostoskoristamme.<\/p>","protected":false},"featured_media":461,"comment_status":"open","ping_status":"closed","template":"","meta":{"_uf_show_specific_survey":0,"_uf_disable_surveys":false},"pwb-brand":[69],"product_brand":[],"product_cat":[53,55],"product_tag":[126,326,316,127,78],"class_list":{"0":"post-460","1":"product","2":"type-product","3":"status-publish","4":"has-post-thumbnail","6":"pwb-brand-kamado-joe","7":"product_cat-grillid","8":"product_cat-keraamilised-grillid","9":"product_tag-kamado-joe","10":"product_tag-kamado-joe-big-joe","11":"product_tag-kamado-joe-keraamiline-grill","12":"product_tag-keraamilised-grillid","13":"product_tag-soegrill","15":"first","16":"instock","17":"taxable","18":"shipping-taxable","19":"purchasable","20":"product-type-simple"},"brands":[{"id":69,"name":"Kamado Joe","slug":"kamado-joe"}],"_links":{"self":[{"href":"https:\/\/tammetorubbq.ee\/fi\/wp-json\/wp\/v2\/product\/460","targetHints":{"allow":["GET"]}}],"collection":[{"href":"https:\/\/tammetorubbq.ee\/fi\/wp-json\/wp\/v2\/product"}],"about":[{"href":"https:\/\/tammetorubbq.ee\/fi\/wp-json\/wp\/v2\/types\/product"}],"replies":[{"embeddable":true,"href":"https:\/\/tammetorubbq.ee\/fi\/wp-json\/wp\/v2\/comments?post=460"}],"wp:featuredmedia":[{"embeddable":true,"href":"https:\/\/tammetorubbq.ee\/fi\/wp-json\/wp\/v2\/media\/461"}],"wp:attachment":[{"href":"https:\/\/tammetorubbq.ee\/fi\/wp-json\/wp\/v2\/media?parent=460"}],"wp:term":[{"taxonomy":"pwb-brand","embeddable":true,"href":"https:\/\/tammetorubbq.ee\/fi\/wp-json\/wp\/v2\/pwb-brand?post=460"},{"taxonomy":"product_brand","embeddable":true,"href":"https:\/\/tammetorubbq.ee\/fi\/wp-json\/wp\/v2\/product_brand?post=460"},{"taxonomy":"product_cat","embeddable":true,"href":"https:\/\/tammetorubbq.ee\/fi\/wp-json\/wp\/v2\/product_cat?post=460"},{"taxonomy":"product_tag","embeddable":true,"href":"https:\/\/tammetorubbq.ee\/fi\/wp-json\/wp\/v2\/product_tag?post=460"}],"curies":[{"name":"wp","href":"https:\/\/api.w.org\/{rel}","templated":true}]}}