{"id":4606,"date":"2025-12-08T11:38:37","date_gmt":"2025-12-08T09:38:37","guid":{"rendered":"https:\/\/tammetorubbq.ee\/?post_type=product&#038;p=4606"},"modified":"2026-04-04T18:01:56","modified_gmt":"2026-04-04T15:01:56","slug":"kulmsuitsu-generaator","status":"publish","type":"product","link":"https:\/\/tammetorubbq.ee\/fi\/product-2\/kulmsuitsu-generaator\/","title":{"rendered":"Turnpike BBQ k\u00fclmsuitsu generaator"},"content":{"rendered":"<p data-start=\"89\" data-end=\"130\"><strong data-start=\"755\" data-end=\"766\">Mitat:<\/strong> 23 x 19 x 4.5 cm<\/p>\n<h3 data-start=\"89\" data-end=\"130\"><strong>Parhaat vinkit kylm\u00e4\u00e4n tupakointiin<\/strong><\/h3>\n<p data-start=\"132\" data-end=\"397\"><strong data-start=\"132\" data-end=\"149\">Savustuspurut<\/strong><br data-start=\"149\" data-end=\"152\" \/>Nurmikon on oltava puhdas ja kuiva. Kostea hake ei pala kunnolla. S\u00e4ilyt\u00e4 purut kuivassa tilassa, kuivaa ne tarvittaessa mikroaaltouunissa (30 sekuntia kovalla l\u00e4mm\u00f6ll\u00e4) tai uunissa (90 \u00b0C 30 min. ajan). Jos purut eiv\u00e4t pala tasaisesti, k\u00e4yt\u00e4 kerroksittain 20% tammilastuja.<\/p>\n<p data-start=\"399\" data-end=\"603\"><strong data-start=\"399\" data-end=\"415\">Savukammio<\/strong><br data-start=\"415\" data-end=\"418\" \/>ProQ-generaattori toimii kaikissa kannellisissa grilleiss\u00e4 ja my\u00f6s kotitekoisissa savustuslaatikoissa. Kammion ei tarvitse olla ilmatiivis - tarvitaan vain pient\u00e4 ilmavirtausta alhaalta yl\u00f6sp\u00e4in.<\/p>\n<p data-start=\"605\" data-end=\"804\"><strong data-start=\"605\" data-end=\"622\">Valmistautuminen<\/strong><br data-start=\"622\" data-end=\"625\" \/>Tarkista, ettei generaattori ole vaurioitunut. T\u00e4yt\u00e4 purukumilla, napauta tasaiselle alustalle, paina kevyesti ja tasoita labyrintti sormella keskelt\u00e4, j\u00e4tt\u00e4en pintakerros hieman l\u00f6ys\u00e4ksi.<\/p>\n<p data-start=\"806\" data-end=\"1069\"><strong data-start=\"806\" data-end=\"819\">Sensuuri<\/strong><br data-start=\"819\" data-end=\"822\" \/>Aseta teelamppu tai suuntaa keitti\u00f6n poltin liekki\u00e4 kohti nurkkaan. Kun poltin syttyy, poista kynttil\u00e4 ja anna generaattorin palaa ulkona 5-10 minuuttia. Aseta se sitten savukammioon ja tarkista 30 minuutin kuluttua, ettei savu ole sammunut tai hyp\u00e4nnyt seuraavaan kanavaan.<\/p>\n<p data-start=\"1071\" data-end=\"1280\"><strong data-start=\"1071\" data-end=\"1092\">Kaasutuksen aikana<\/strong><br data-start=\"1092\" data-end=\"1095\" \/>Seuraa savun etenemist\u00e4 erityisesti pitk\u00e4n prosessin aikana. K\u00e4yt\u00e4 k\u00e4sineit\u00e4, kun poistat - generaattori voi olla kuuma. Kylm\u00e4savustus alle 21 \u00b0C:n l\u00e4mp\u00f6tiloissa, mieluiten viile\u00e4\u00e4n aikaan tai y\u00f6ll\u00e4.<\/p>\n<p data-start=\"1282\" data-end=\"1441\"><strong data-start=\"1282\" data-end=\"1297\">Puhdistus<\/strong><br data-start=\"1297\" data-end=\"1300\" \/>Tyhjenn\u00e4 tuhka palamattomaan astiaan. Jos hartsia tai nokea kertyy, liota generaattori saippuavedess\u00e4, harjaa ja kuivaa huolellisesti.<\/p>","protected":false},"excerpt":{"rendered":"<p data-start=\"83\" data-end=\"309\">Kas tahad ise k\u00fclmsuitsutada? Siis on k\u00fclmsuitsugeneraator lausa h\u00e4davajalik.<\/p>\n<p data-start=\"83\" data-end=\"309\">K\u00fclmsuitsugeneraatorit kasutatakse koos (peaaegu t\u00e4ielikult) suletud suitsukambriga &#8211; n\u00e4iteks kamado, barbecue, suitsuahi, suitsukapp v\u00f5i isegi tavaline pappkast.<\/p>\n<p data-start=\"83\" data-end=\"309\"><em><strong>Sopii erinomaisesti kalan, juuston, pekonin, voin ja muiden ruokien savustamiseen alhaisissa l\u00e4mp\u00f6tiloissa.<\/strong><\/em><\/p>\n<p data-start=\"311\" data-end=\"753\"><strong data-start=\"311\" data-end=\"323\">Ominaisuudet<\/strong><br data-start=\"323\" data-end=\"326\" \/>\u2022 Lihtne kasutada \u2013 t\u00e4ida generaator suitsupuruga ja s\u00fc\u00fcta \u00fches servas teek\u00fc\u00fcnlaga<br data-start=\"413\" data-end=\"416\" \/>- Sopii useimpiin BBQ-laitteisiin ja savustuslaatikoihin<br data-start=\"467\" data-end=\"470\" \/>- Soveltuu enint\u00e4\u00e4n 150 litran liedelle, paloaika enint\u00e4\u00e4n 12 tuntia.<br data-start=\"496\" data-end=\"499\" \/>- Soveltuu my\u00f6s itsetehtyihin ratkaisuihin (esim. pahvilaatikko, metallikaappi), jos ilman tulo- ja poistoaukko on k\u00e4ytett\u00e4viss\u00e4.<br data-start=\"598\" data-end=\"601\" \/>- Valmistettu ruostumattomasta ter\u00e4ksest\u00e4 - kest\u00e4v\u00e4 ja ruostumaton<br data-start=\"665\" data-end=\"668\" \/>-\u00a0<strong>NB!<\/strong>\u00a0poista teelamppu heti sytytt\u00e4misen j\u00e4lkeen.<br data-start=\"713\" data-end=\"716\" \/>- Vain ulkok\u00e4ytt\u00f6\u00f6n<\/p>\n<p data-start=\"311\" data-end=\"753\">Pienikokoinen, tehokas ja k\u00e4yt\u00e4nn\u00f6llinen ty\u00f6kalu niille, jotka haluavat kokeilla kylm\u00e4polttoa kotona.<\/p>\n<p data-start=\"311\" data-end=\"753\"><strong>\ud83d\udca1 Pro-vinkki:<\/strong> Kasuta peeneteralist suitsupuru ja koputa t\u00e4idetud generaatorit kergelt vastu lauda, et puru \u00fchtlaselt settiks ning p\u00f5lemine oleks stabiilsem ja pikema kestusega.<\/p>\n<p><img loading=\"lazy\" decoding=\"async\" class=\"wp-image-4200\" src=\"http:\/\/tammetorubbq.ee\/wp-content\/uploads\/2025\/11\/Turnpike-logo-300x109.png\" alt=\"Turnpike logo\" width=\"245\" height=\"89\" srcset=\"https:\/\/tammetorubbq.ee\/wp-content\/uploads\/2025\/11\/Turnpike-logo-300x109.png 300w, https:\/\/tammetorubbq.ee\/wp-content\/uploads\/2025\/11\/Turnpike-logo-18x7.png 18w, https:\/\/tammetorubbq.ee\/wp-content\/uploads\/2025\/11\/Turnpike-logo-64x23.png 64w, https:\/\/tammetorubbq.ee\/wp-content\/uploads\/2025\/11\/Turnpike-logo.png 390w\" sizes=\"auto, (max-width: 245px) 100vw, 245px\" \/><\/p>","protected":false},"featured_media":4607,"comment_status":"closed","ping_status":"closed","template":"","meta":{"_uf_show_specific_survey":0,"_uf_disable_surveys":false},"pwb-brand":[117],"product_brand":[],"product_cat":[30],"product_tag":[252,312],"class_list":{"0":"post-4606","1":"product","2":"type-product","3":"status-publish","4":"has-post-thumbnail","6":"pwb-brand-turnpike-bbq","7":"product_cat-grillimise-tarvikud","8":"product_tag-kulmsuitsu-generaator","9":"product_tag-kulmsuitsutamine","11":"first","12":"instock","13":"taxable","14":"shipping-taxable","15":"purchasable","16":"product-type-simple"},"brands":[{"id":117,"name":"Turnpike BBQ","slug":"turnpike-bbq"}],"_links":{"self":[{"href":"https:\/\/tammetorubbq.ee\/fi\/wp-json\/wp\/v2\/product\/4606","targetHints":{"allow":["GET"]}}],"collection":[{"href":"https:\/\/tammetorubbq.ee\/fi\/wp-json\/wp\/v2\/product"}],"about":[{"href":"https:\/\/tammetorubbq.ee\/fi\/wp-json\/wp\/v2\/types\/product"}],"replies":[{"embeddable":true,"href":"https:\/\/tammetorubbq.ee\/fi\/wp-json\/wp\/v2\/comments?post=4606"}],"wp:featuredmedia":[{"embeddable":true,"href":"https:\/\/tammetorubbq.ee\/fi\/wp-json\/wp\/v2\/media\/4607"}],"wp:attachment":[{"href":"https:\/\/tammetorubbq.ee\/fi\/wp-json\/wp\/v2\/media?parent=4606"}],"wp:term":[{"taxonomy":"pwb-brand","embeddable":true,"href":"https:\/\/tammetorubbq.ee\/fi\/wp-json\/wp\/v2\/pwb-brand?post=4606"},{"taxonomy":"product_brand","embeddable":true,"href":"https:\/\/tammetorubbq.ee\/fi\/wp-json\/wp\/v2\/product_brand?post=4606"},{"taxonomy":"product_cat","embeddable":true,"href":"https:\/\/tammetorubbq.ee\/fi\/wp-json\/wp\/v2\/product_cat?post=4606"},{"taxonomy":"product_tag","embeddable":true,"href":"https:\/\/tammetorubbq.ee\/fi\/wp-json\/wp\/v2\/product_tag?post=4606"}],"curies":[{"name":"wp","href":"https:\/\/api.w.org\/{rel}","templated":true}]}}