{"id":4733,"date":"2025-12-30T10:40:38","date_gmt":"2025-12-30T08:40:38","guid":{"rendered":"https:\/\/tammetorubbq.ee\/?post_type=product&#038;p=4733"},"modified":"2026-04-14T22:00:38","modified_gmt":"2026-04-14T19:00:38","slug":"barbecoa-sweet-asian-bbq-kaste-500ml","status":"publish","type":"product","link":"https:\/\/tammetorubbq.ee\/fi\/product-2\/barbecoa-sweet-asian-bbq-kaste-500ml\/","title":{"rendered":"Barbecoa Sweet Asian BBQ kaste 500ml"},"content":{"rendered":"<p><strong data-start=\"0\" data-end=\"17\">Ainesosat: <\/strong>vesi, suhkur, <strong data-start=\"34\" data-end=\"45\">SOJAOAD<\/strong>, <strong data-start=\"47\" data-end=\"65\">NISU (GLUTEEN)<\/strong>, suhkrusiirup, 3% mesi, modifitseeritud maisit\u00e4rklis, k\u00fc\u00fcslauk, \u00e4\u00e4dikas, sool, riisi\u00e4\u00e4dikas, 0,6% <strong data-start=\"164\" data-end=\"183\">SEESAMISEEMNEID<\/strong>, sibul, ingver, toiduhape (sidrunhape), looduslikud maitseained, v\u00e4rvained (p\u00f5letatud suhkru siirup, paprikaekstrakt), s\u00e4ilitusaine, paksendajad, p\u00e4evalille\u00f5li.<\/p>\n<p>&nbsp;<\/p>\n<p data-start=\"0\" data-end=\"53\"><strong data-start=\"0\" data-end=\"51\">Tutvu Tom Bertels\u2019i ja Barbecoa BBQ meeskonnaga<\/strong><\/p>\n<p data-start=\"55\" data-end=\"294\"><strong>Tom Bertels<\/strong> on tunnustatud Euroopa BBQ-meister, tuntud oma tipptasemel brisketi valmistamise oskuste ja rahvusvaheliste auhindade poolest. Tema retseptid toovad esile s\u00fcgava umami ja \u00f5rnalt suitsuse maitse.<\/p>\n<p data-start=\"296\" data-end=\"578\" data-is-last-node=\"\" data-is-only-node=\"\"><strong>Barbecoa BBQ meeskond<\/strong>, tegutsedes alates 2022. aastast, koosneb kirglikest BBQ-professionaalidest, kes on v\u00f5itnud mitmeid rahvusvahelisi tiitleid, sealhulgas Belgia meistritiitleid. Iga nende valmistatud liha peegeldab p\u00fchendumust, oskust ja visadust, viies BBQ-kunsti tipptasemele.<\/p>","protected":false},"excerpt":{"rendered":"<p><strong>Magus Aasia BBQ-kaste \u2013 Honey Teriyaki<\/strong><\/p>\n<p>Too oma grillile Ida maagiat Barbecoa vastupandamatu <strong data-start=\"95\" data-end=\"137\">Sweet Asian BBQ Sauce \u2013 Honey Teriyaki<\/strong> kastmega. See kaste \u00fchendab autentse teriyaki s\u00fcgava umami maitse ja mee siidise magususe \u2013 t\u00f5eline nauding nii grillile kui ka maitsemeeltele!<\/p>\n<ul data-start=\"306\" data-end=\"599\">\n<li data-start=\"306\" data-end=\"379\">\n<p data-start=\"308\" data-end=\"379\"><strong data-start=\"308\" data-end=\"325\">Dipikastmena:<\/strong> Soojas kastmes tulevad \u00fcrdid veelgi paremini esile.<\/p>\n<\/li>\n<li data-start=\"380\" data-end=\"498\">\n<p data-start=\"382\" data-end=\"498\"><strong data-start=\"382\" data-end=\"406\">Glasuur kastmena lihal:<\/strong> M\u00e4\u00e4ri liha kastmega, lase aeglaselt soojeneda ja veidi tarduda, et kaste h\u00e4sti kinnituks.<\/p>\n<\/li>\n<li data-start=\"499\" data-end=\"599\">\n<p data-start=\"501\" data-end=\"599\"><strong data-start=\"501\" data-end=\"532\">BBQ-kastmena rebitud lihal:<\/strong> Lisa kastet tortiljale v\u00f5i sega lihaga p\u00e4rast rebi valmistamist.<\/p>\n<\/li>\n<\/ul>\n<p data-start=\"601\" data-end=\"708\"><strong data-start=\"601\" data-end=\"622\">Sopii t\u00e4ydellisesti:<\/strong> Kana, sealiha, seap\u00f5sk, ribid, pulled pork, pulled kana, l\u00f5he, wok, sushi, dim sum.<\/p>\n<p data-start=\"710\" data-end=\"781\">\u26a0\ufe0f <strong data-start=\"713\" data-end=\"725\">Hoiatus:<\/strong> \u00e4ra k\u00fcpseta otsesel leegil, kaste v\u00f5ib k\u00f5rbema minna.<\/p>\n<p data-start=\"858\" data-end=\"1006\" data-is-last-node=\"\" data-is-only-node=\"\"><strong data-start=\"858\" data-end=\"870\">\ud83d\udca1Pro vinkki:<\/strong> Kasuta kastet viimaseks glasuuriks grillimisel \u2013 see tekitab lihale ilusa karamellise l\u00e4ike ja lisab s\u00fcgava maitse ilma liha kuivamata.<\/p>\n<p><img loading=\"lazy\" decoding=\"async\" class=\"size-medium wp-image-4732\" src=\"http:\/\/tammetorubbq.ee\/wp-content\/uploads\/2025\/12\/Barbecoa-logo--300x107.png\" alt=\"Barbecoa logo\" width=\"300\" height=\"107\" srcset=\"https:\/\/tammetorubbq.ee\/wp-content\/uploads\/2025\/12\/Barbecoa-logo--300x107.png 300w, https:\/\/tammetorubbq.ee\/wp-content\/uploads\/2025\/12\/Barbecoa-logo--768x274.png 768w, https:\/\/tammetorubbq.ee\/wp-content\/uploads\/2025\/12\/Barbecoa-logo--18x6.png 18w, https:\/\/tammetorubbq.ee\/wp-content\/uploads\/2025\/12\/Barbecoa-logo--600x214.png 600w, https:\/\/tammetorubbq.ee\/wp-content\/uploads\/2025\/12\/Barbecoa-logo--64x23.png 64w, https:\/\/tammetorubbq.ee\/wp-content\/uploads\/2025\/12\/Barbecoa-logo-.png 828w\" sizes=\"auto, (max-width: 300px) 100vw, 300px\" \/><\/p>","protected":false},"featured_media":4734,"comment_status":"closed","ping_status":"closed","template":"","meta":{"_uf_show_specific_survey":0,"_uf_disable_surveys":false},"pwb-brand":[256],"product_brand":[],"product_cat":[22],"product_tag":[257,259,166,114,258,122,261,260],"class_list":{"0":"post-4733","1":"product","2":"type-product","3":"status-publish","4":"has-post-thumbnail","6":"pwb-brand-barbecoa","7":"product_cat-kastmed-ja-marinaadid","8":"product_tag-barbecoa","9":"product_tag-lohe","10":"product_tag-rebitudliha","11":"product_tag-sealiha","12":"product_tag-seaposk","13":"product_tag-searibi","14":"product_tag-sushi","15":"product_tag-wok","17":"first","18":"instock","19":"taxable","20":"shipping-taxable","21":"purchasable","22":"product-type-simple"},"brands":[{"id":256,"name":"Barbecoa","slug":"barbecoa"}],"_links":{"self":[{"href":"https:\/\/tammetorubbq.ee\/fi\/wp-json\/wp\/v2\/product\/4733","targetHints":{"allow":["GET"]}}],"collection":[{"href":"https:\/\/tammetorubbq.ee\/fi\/wp-json\/wp\/v2\/product"}],"about":[{"href":"https:\/\/tammetorubbq.ee\/fi\/wp-json\/wp\/v2\/types\/product"}],"replies":[{"embeddable":true,"href":"https:\/\/tammetorubbq.ee\/fi\/wp-json\/wp\/v2\/comments?post=4733"}],"wp:featuredmedia":[{"embeddable":true,"href":"https:\/\/tammetorubbq.ee\/fi\/wp-json\/wp\/v2\/media\/4734"}],"wp:attachment":[{"href":"https:\/\/tammetorubbq.ee\/fi\/wp-json\/wp\/v2\/media?parent=4733"}],"wp:term":[{"taxonomy":"pwb-brand","embeddable":true,"href":"https:\/\/tammetorubbq.ee\/fi\/wp-json\/wp\/v2\/pwb-brand?post=4733"},{"taxonomy":"product_brand","embeddable":true,"href":"https:\/\/tammetorubbq.ee\/fi\/wp-json\/wp\/v2\/product_brand?post=4733"},{"taxonomy":"product_cat","embeddable":true,"href":"https:\/\/tammetorubbq.ee\/fi\/wp-json\/wp\/v2\/product_cat?post=4733"},{"taxonomy":"product_tag","embeddable":true,"href":"https:\/\/tammetorubbq.ee\/fi\/wp-json\/wp\/v2\/product_tag?post=4733"}],"curies":[{"name":"wp","href":"https:\/\/api.w.org\/{rel}","templated":true}]}}