{"id":4781,"date":"2026-01-04T13:34:06","date_gmt":"2026-01-04T11:34:06","guid":{"rendered":"https:\/\/tammetorubbq.ee\/?post_type=product&#038;p=4781"},"modified":"2026-04-14T22:00:45","modified_gmt":"2026-04-14T19:00:45","slug":"kinders-the-blend-rub-99g","status":"publish","type":"product","link":"https:\/\/tammetorubbq.ee\/fi\/product-2\/kinders-the-blend-rub-99g\/","title":{"rendered":"Kinder\u2019s The Blend Rub 99g"},"content":{"rendered":"<p data-start=\"838\" data-end=\"907\"><strong data-start=\"838\" data-end=\"854\">Ainesosat:<\/strong> sool, must pipar, k\u00fc\u00fcslauk (kr\u00f5be), paprikapulber.<\/p>\n<p data-start=\"909\" data-end=\"930\"><strong data-start=\"909\" data-end=\"923\">Netokogus:<\/strong> 99 g<\/p>","protected":false},"excerpt":{"rendered":"<h4 class=\"text-style-h4\">Salt, Pepper &amp; Garlic = SPG<\/h4>\n<p data-start=\"161\" data-end=\"621\">Olgu tegemist grillimise, pannil k\u00fcpsetamise v\u00f5i ahjus valmistamisega \u2013 The Blend (SPG) \u00fchendab soola, purustatud pipra ja kr\u00f5beda k\u00fc\u00fcslaugu t\u00e4iuslikus harmoonias, tuues maitsed elule. Kasuta seda oma igap\u00e4evase maitseaineseguna v\u00f5i lisa oma lemmik kastmele v\u00f5i marinaadile.<\/p>\n<p data-start=\"161\" data-end=\"621\">The Blend sobib ideaalselt: veiseliha, sealiha, kana, mereannid, k\u00f6\u00f6giviljad v\u00f5i pastaroad.<\/p>\n<p data-start=\"623\" data-end=\"836\"><strong data-start=\"623\" data-end=\"635\">\ud83d\udca1 Pro-vinkki:<\/strong> H\u00f5\u00f5ru liha v\u00f5i k\u00f6\u00f6givilju seguga v\u00e4hemalt 15\u201330 minutit enne k\u00fcpsetamist, et maitsed h\u00e4sti sisse imbuksid. Sobib ka otse grillile v\u00f5i pannile lisamiseks, et kr\u00f5bedat ja maitsek\u00fcllast tulemust saada.<\/p>\n<p data-start=\"623\" data-end=\"836\"><img loading=\"lazy\" decoding=\"async\" class=\"alignnone wp-image-4780\" src=\"http:\/\/tammetorubbq.ee\/wp-content\/uploads\/2026\/01\/kinders-logo-black.svg\" alt=\"\" width=\"178\" height=\"113\" \/><\/p>","protected":false},"featured_media":4782,"comment_status":"closed","ping_status":"closed","template":"","meta":{"_uf_show_specific_survey":0,"_uf_disable_surveys":false},"pwb-brand":[265],"product_brand":[],"product_cat":[21],"product_tag":[176,118,266,121,120,114,122,119,165],"class_list":{"0":"post-4781","1":"product","2":"type-product","3":"status-publish","4":"has-post-thumbnail","6":"pwb-brand-kinders","7":"product_cat-maitseainesegud","8":"product_tag-brisket","9":"product_tag-kanaliha","10":"product_tag-kinders","11":"product_tag-koogiviljad","12":"product_tag-mereannid","13":"product_tag-sealiha","14":"product_tag-searibi","15":"product_tag-veiseliha","16":"product_tag-veiseribi","18":"first","19":"instock","20":"taxable","21":"shipping-taxable","22":"purchasable","23":"product-type-simple"},"brands":[{"id":265,"name":"Kinder's","slug":"kinders"}],"_links":{"self":[{"href":"https:\/\/tammetorubbq.ee\/fi\/wp-json\/wp\/v2\/product\/4781","targetHints":{"allow":["GET"]}}],"collection":[{"href":"https:\/\/tammetorubbq.ee\/fi\/wp-json\/wp\/v2\/product"}],"about":[{"href":"https:\/\/tammetorubbq.ee\/fi\/wp-json\/wp\/v2\/types\/product"}],"replies":[{"embeddable":true,"href":"https:\/\/tammetorubbq.ee\/fi\/wp-json\/wp\/v2\/comments?post=4781"}],"wp:featuredmedia":[{"embeddable":true,"href":"https:\/\/tammetorubbq.ee\/fi\/wp-json\/wp\/v2\/media\/4782"}],"wp:attachment":[{"href":"https:\/\/tammetorubbq.ee\/fi\/wp-json\/wp\/v2\/media?parent=4781"}],"wp:term":[{"taxonomy":"pwb-brand","embeddable":true,"href":"https:\/\/tammetorubbq.ee\/fi\/wp-json\/wp\/v2\/pwb-brand?post=4781"},{"taxonomy":"product_brand","embeddable":true,"href":"https:\/\/tammetorubbq.ee\/fi\/wp-json\/wp\/v2\/product_brand?post=4781"},{"taxonomy":"product_cat","embeddable":true,"href":"https:\/\/tammetorubbq.ee\/fi\/wp-json\/wp\/v2\/product_cat?post=4781"},{"taxonomy":"product_tag","embeddable":true,"href":"https:\/\/tammetorubbq.ee\/fi\/wp-json\/wp\/v2\/product_tag?post=4781"}],"curies":[{"name":"wp","href":"https:\/\/api.w.org\/{rel}","templated":true}]}}