{"id":5012,"date":"2026-01-29T17:52:24","date_gmt":"2026-01-29T15:52:24","guid":{"rendered":"https:\/\/tammetorubbq.ee\/?post_type=product&#038;p=5012"},"modified":"2026-05-12T13:00:19","modified_gmt":"2026-05-12T10:00:19","slug":"enn-tobrelutsu-the-ultimate-buffalo-kaste-250g","status":"publish","type":"product","link":"https:\/\/tammetorubbq.ee\/fi\/toode\/enn-tobrelutsu-the-ultimate-buffalo-kaste-250g\/","title":{"rendered":"Enn Tobrelutsu The Ultimate Buffalo kaste 250g"},"content":{"rendered":"<p><strong>Ainesosat:<\/strong> vesi, punane jalapeno, rapsi\u00f5li, \u00e4\u00e4dikas, \u00f5una\u00e4\u00e4dikas, tomatipulber, maisijahu, suhkur, maitseained, k\u00fc\u00fcslaugupulber, paksendaja (ksantaankummi), looduslik maitseaine, s\u00e4ilitusaine (kaaliumsorbaat).<\/p>\n<p data-start=\"733\" data-end=\"938\"><strong data-start=\"733\" data-end=\"756\">Toitumisalane teave<\/strong><br data-start=\"756\" data-end=\"759\" \/>Toitumisalane teave 100 g kohta: energiasisaldus 183 kcal, rasvad 16,2 g, millest k\u00fcllastunud rasvhapped 1,0 g, s\u00fcsivesikud 7,0 g, millest suhkrud 3,7 g, valgud 0,9 g, sool 3,1 g.<\/p>\n<p data-start=\"940\" data-end=\"1023\"><strong data-start=\"940\" data-end=\"955\">S\u00e4ilitamine<\/strong><br data-start=\"955\" data-end=\"958\" \/>S\u00e4ilitada toatemperatuuril ja kaitsta otsese p\u00e4ikesevalguse eest.<\/p>","protected":false},"excerpt":{"rendered":"<p data-start=\"74\" data-end=\"126\"><strong data-start=\"74\" data-end=\"126\">The Ultimate Buffalo Sauce \/ Buffalo-kaste<\/strong><\/p>\n<p data-start=\"128\" data-end=\"423\">The Ultimate Sauce\u2019i sari on v\u00e4lja t\u00f6\u00f6tatud BBQ Entertainment grillmeistri Enn Tobrelutsu poolt, et pakkuda klassikalise Buffalo-stiiliga v\u00fcrtsikat kastet, mis sobib eriti h\u00e4sti kanaroogadega. Buffalo-kaste on oran\u017eikas, selge ja l\u00e4ikiva tekstuuriga ning tasakaalus v\u00fcrtsikuse ja happesusega.<\/p>\n<p data-start=\"425\" data-end=\"731\"><strong data-start=\"99\" data-end=\"120\">Sopii t\u00e4ydellisesti:<\/strong><br data-start=\"120\" data-end=\"123\" \/>\u2022 klassikaliste Buffalo-kanatiibade ja -kintsude glasuurimiseks<br data-start=\"186\" data-end=\"189\" \/>\u2022 kanaribade, kanaburgerite ja muude kanaroogade maitsestamiseks<br data-start=\"253\" data-end=\"256\" \/>\u2022 sealiha ja muude grillroogade glasuurimiseks, kui soovid v\u00fcrtsikamat tulemust<br data-start=\"335\" data-end=\"338\" \/>\u2022 dipikastmena juurviljapulkade, friikartulite ja kanasuupistete k\u00f5rvale<\/p>\n<p data-start=\"425\" data-end=\"731\"><img loading=\"lazy\" decoding=\"async\" class=\"\" src=\"http:\/\/tammetorubbq.ee\/wp-content\/uploads\/2025\/07\/BBQ-Entertainment-N-Catering-Enn-Tobreluts-Logo-300x127.png\" alt=\"BBQ-viihde\" width=\"234\" height=\"99\" \/><\/p>","protected":false},"featured_media":5013,"comment_status":"closed","ping_status":"closed","template":"","meta":{"_uf_show_specific_survey":0,"_uf_disable_surveys":false},"pwb-brand":[183],"product_brand":[407],"product_cat":[22,20],"product_tag":[138,280,118,159,121,114],"class_list":{"0":"post-5012","1":"product","2":"type-product","3":"status-publish","4":"has-post-thumbnail","6":"pwb-brand-bbq-entertainment","7":"product_brand-bbq-entertainment","8":"product_cat-kastmed-ja-marinaadid","9":"product_cat-kampaania","10":"product_tag-burger","11":"product_tag-enn-tobreluts","12":"product_tag-kanaliha","13":"product_tag-kanatiivad","14":"product_tag-koogiviljad","15":"product_tag-sealiha","17":"first","18":"instock","19":"sale","20":"taxable","21":"shipping-taxable","22":"purchasable","23":"product-type-simple"},"brands":[{"id":183,"name":"BBQ Viihde","slug":"bbq-entertainment"}],"_links":{"self":[{"href":"https:\/\/tammetorubbq.ee\/fi\/wp-json\/wp\/v2\/product\/5012","targetHints":{"allow":["GET"]}}],"collection":[{"href":"https:\/\/tammetorubbq.ee\/fi\/wp-json\/wp\/v2\/product"}],"about":[{"href":"https:\/\/tammetorubbq.ee\/fi\/wp-json\/wp\/v2\/types\/product"}],"replies":[{"embeddable":true,"href":"https:\/\/tammetorubbq.ee\/fi\/wp-json\/wp\/v2\/comments?post=5012"}],"wp:featuredmedia":[{"embeddable":true,"href":"https:\/\/tammetorubbq.ee\/fi\/wp-json\/wp\/v2\/media\/5013"}],"wp:attachment":[{"href":"https:\/\/tammetorubbq.ee\/fi\/wp-json\/wp\/v2\/media?parent=5012"}],"wp:term":[{"taxonomy":"pwb-brand","embeddable":true,"href":"https:\/\/tammetorubbq.ee\/fi\/wp-json\/wp\/v2\/pwb-brand?post=5012"},{"taxonomy":"product_brand","embeddable":true,"href":"https:\/\/tammetorubbq.ee\/fi\/wp-json\/wp\/v2\/product_brand?post=5012"},{"taxonomy":"product_cat","embeddable":true,"href":"https:\/\/tammetorubbq.ee\/fi\/wp-json\/wp\/v2\/product_cat?post=5012"},{"taxonomy":"product_tag","embeddable":true,"href":"https:\/\/tammetorubbq.ee\/fi\/wp-json\/wp\/v2\/product_tag?post=5012"}],"curies":[{"name":"wp","href":"https:\/\/api.w.org\/{rel}","templated":true}]}}