{"id":5142,"date":"2026-01-31T14:20:10","date_gmt":"2026-01-31T12:20:10","guid":{"rendered":"https:\/\/tammetorubbq.ee\/?post_type=product&#038;p=5142"},"modified":"2026-04-06T02:00:47","modified_gmt":"2026-04-05T23:00:47","slug":"smeg-veekeedukann-50ndate-stiil-roosa","status":"publish","type":"product","link":"https:\/\/tammetorubbq.ee\/fi\/product-2\/smeg-veekeedukann-50ndate-stiil-roosa\/","title":{"rendered":"Smeg veekeedukann 50`ndate stiil (roosa)"},"content":{"rendered":"<h3 class=\"text-xl font-semibold\">Tekniset tiedot<\/h3>\n<div class=\"divider m-1\"><\/div>\n<table class=\"table text-base\">\n<tbody>\n<tr>\n<th class=\"align-top w-1\/2 pl-0 py-1\">Merkki<\/th>\n<td class=\"align-top w-1\/2 py-1\">Smeg<\/td>\n<\/tr>\n<tr>\n<th class=\"align-top w-1\/2 pl-0 py-1\">Veekeedukannu t\u00fc\u00fcp<\/th>\n<td class=\"align-top w-1\/2 py-1\">Veekeedukann pliidiplaadile<\/td>\n<\/tr>\n<tr>\n<th class=\"align-top w-1\/2 pl-0 py-1\">Disain<\/th>\n<td class=\"align-top w-1\/2 py-1\">50\u00b4ndate stiil<\/td>\n<\/tr>\n<tr>\n<th class=\"align-top w-1\/2 pl-0 py-1\">V\u00e4rvus<\/th>\n<td class=\"align-top w-1\/2 py-1\">Roosa<\/td>\n<\/tr>\n<tr>\n<th class=\"align-top w-1\/2 pl-0 py-1\">Maht l<\/th>\n<td class=\"align-top w-1\/2 py-1\">2,3<\/td>\n<\/tr>\n<tr>\n<th class=\"align-top w-1\/2 pl-0 py-1\">Materiaali per\u00e4isin<\/th>\n<td class=\"align-top w-1\/2 py-1\">rv-teras<\/td>\n<\/tr>\n<tr>\n<th class=\"align-top w-1\/2 pl-0 py-1\">Pakendi k\u00f5rgus<\/th>\n<td class=\"align-top w-1\/2 py-1\">24,5<\/td>\n<\/tr>\n<tr>\n<th class=\"align-top w-1\/2 pl-0 py-1\">Pakendi laius<\/th>\n<td class=\"align-top w-1\/2 py-1\">24,5<\/td>\n<\/tr>\n<tr>\n<th class=\"align-top w-1\/2 pl-0 py-1\">Pakendi s\u00fcgavus<\/th>\n<td class=\"align-top w-1\/2 py-1\">31,7<\/td>\n<\/tr>\n<\/tbody>\n<\/table>\n<h3 data-start=\"107\" data-end=\"150\">Smeg \u2013 stiil ja kvaliteet teie k\u00f6\u00f6gis<\/h3>\n<p data-start=\"152\" data-end=\"502\">Avastage Smeg v\u00e4ikeelektroonika, mis \u00fchendab\u00a0<strong>Itaalia disain<\/strong>i, funktsionaalsuse ja kvaliteedi. Alates retrostiilis r\u00f6steritest ja kohvimasinatest kuni modernsete blenderite ja veekeetjateni \u2013 Smeg tooted toovad teie k\u00f6\u00f6ki erilise elegantsi. Iga seade on loodud vastupidavaks ja mugavaks kasutamiseks, pakkudes samal ajal stiilset visuaalset elamust.<\/p>\n<p data-start=\"504\" data-end=\"611\">Valige Smeg ja muutke igap\u00e4evane toiduvalmistamine nauditavaks \u2013 sest hea disain ei ole kunagi \u00fcleliigne.<\/p>","protected":false},"excerpt":{"rendered":"<h3 data-start=\"108\" data-end=\"267\"><strong>Too oma igap\u00e4evasesse kohvi- v\u00f5i teerituaali veidi stiili.<\/strong><\/h3>\n<p data-start=\"108\" data-end=\"267\">T\u00e4nu erilise auruvilega kuulete alati, millal vesi on valmis, muutes iga p\u00e4eva natuke erilisemaks.<\/p>\n<p data-start=\"269\" data-end=\"612\">See vilistav veekeedukann \u00fchendab stiili ja praktilisuse, sobides igasse k\u00f6\u00f6ki. 2,3\u202fl mahutavus teeb selle ideaalseks kuumade jookide valmistamiseks nii pere koosviibimisteks kui ka hubasteks \u00f5htuteks. Kann sobib k\u00f5ikidele pliidipindadele \u2013 gaasi-, induktsiooni-, elektri- ja keraamilistele pliitidele \u2013, pakkudes maksimaalset mitmek\u00fclgsust.<\/p>\n<p data-start=\"614\" data-end=\"915\">Eemaldatav kaas v\u00f5imaldab kiiret ja mugavat t\u00e4itmist, samal ajal kui fikseeritud \u00fchelaineline vile annab m\u00e4rku, kui vesi keeb, tagades ohutuse ja efektiivsuse. Ergonomiline k\u00e4epide kuumakindla katte ja libisemiskindla silikoonpinnaga tagab kindla ning mugava haarde ka kuuma vedelikuga k\u00e4sitsemisel.<\/p>\n<ul>\n<li>Sobib k\u00f5igile pliidipindadele, sealhulgas induktsioonile.<\/li>\n<li><strong>Mahutavus: 2,3 l<\/strong><\/li>\n<li>Praktiline kallutuskaan kuumade vedelike ohutuks valamiseks<\/li>\n<li>Avanev kaas<\/li>\n<\/ul>\n<p>Veetaseme n\u00e4idik ja laserdatud logo.<\/p>\n<p>\u00dchekordne korpus: roostevaba teras, sisu roostevabast terasest.<\/p>\n<p>M\u00f5\u00f5dud (K \u00d7 L \u00d7 S): 27,7 \u00d7 24,3 \u00d7 20,5 cm.<\/p>\n<p>&nbsp;<\/p>\n<p><img loading=\"lazy\" decoding=\"async\" class=\"wp-image-4840\" src=\"http:\/\/tammetorubbq.ee\/wp-content\/uploads\/2026\/01\/Smeg_logo.svg-300x60.png\" alt=\"Smeg\" width=\"230\" height=\"46\" srcset=\"https:\/\/tammetorubbq.ee\/wp-content\/uploads\/2026\/01\/Smeg_logo.svg-300x60.png 300w, https:\/\/tammetorubbq.ee\/wp-content\/uploads\/2026\/01\/Smeg_logo.svg-1024x204.png 1024w, https:\/\/tammetorubbq.ee\/wp-content\/uploads\/2026\/01\/Smeg_logo.svg-768x153.png 768w, https:\/\/tammetorubbq.ee\/wp-content\/uploads\/2026\/01\/Smeg_logo.svg-1536x305.png 1536w, https:\/\/tammetorubbq.ee\/wp-content\/uploads\/2026\/01\/Smeg_logo.svg-2048x407.png 2048w, https:\/\/tammetorubbq.ee\/wp-content\/uploads\/2026\/01\/Smeg_logo.svg-18x4.png 18w, https:\/\/tammetorubbq.ee\/wp-content\/uploads\/2026\/01\/Smeg_logo.svg-600x119.png 600w, https:\/\/tammetorubbq.ee\/wp-content\/uploads\/2026\/01\/Smeg_logo.svg-64x13.png 64w\" sizes=\"auto, (max-width: 230px) 100vw, 230px\" \/><\/p>\n<p>&nbsp;<\/p>\n<p><a href=\"https:\/\/tammetorubbq.ee\/fi\/maksa-myohemmin\/\"><strong>OSTA NYT, MAKSA MY\u00d6HEMMIN<\/strong><\/a>\u00a0- korotonta!<\/p>\n<p><img loading=\"lazy\" decoding=\"async\" class=\"alignnone wp-image-2646\" src=\"http:\/\/tammetorubbq.ee\/wp-content\/uploads\/2023\/12\/inbank-wordmark.png\" alt=\"\" width=\"167\" height=\"75\" srcset=\"https:\/\/tammetorubbq.ee\/wp-content\/uploads\/2023\/12\/inbank-wordmark.png 300w, https:\/\/tammetorubbq.ee\/wp-content\/uploads\/2023\/12\/inbank-wordmark-18x8.png 18w, https:\/\/tammetorubbq.ee\/wp-content\/uploads\/2023\/12\/inbank-wordmark-64x29.png 64w\" sizes=\"auto, (max-width: 167px) 100vw, 167px\" \/><\/p>\n<p>Tarjoamme my\u00f6s mahdollisuuden maksaa my\u00f6hemmin - yhdess\u00e4, kahdessa tai kolmessa samansuuruisessa er\u00e4ss\u00e4 ilman korkoa tai lis\u00e4maksua.<\/p>\n<p>L\u00f6yd\u00e4t valikoiman eri maksuvaihtoehtoja ostoskoristamme.<\/p>","protected":false},"featured_media":5149,"comment_status":"closed","ping_status":"closed","template":"","meta":{"_uf_show_specific_survey":0,"_uf_disable_surveys":false},"pwb-brand":[275],"product_brand":[],"product_cat":[269],"product_tag":[308,276,307,286],"class_list":{"0":"post-5142","1":"product","2":"type-product","3":"status-publish","4":"has-post-thumbnail","6":"pwb-brand-smeg","7":"product_cat-veekeedukannud","8":"product_tag-roosa","9":"product_tag-smeg","10":"product_tag-smeg-wkf01","11":"product_tag-veekeedukann","13":"first","14":"instock","15":"taxable","16":"shipping-taxable","17":"purchasable","18":"product-type-simple"},"brands":[{"id":275,"name":"Smeg","slug":"smeg"}],"_links":{"self":[{"href":"https:\/\/tammetorubbq.ee\/fi\/wp-json\/wp\/v2\/product\/5142","targetHints":{"allow":["GET"]}}],"collection":[{"href":"https:\/\/tammetorubbq.ee\/fi\/wp-json\/wp\/v2\/product"}],"about":[{"href":"https:\/\/tammetorubbq.ee\/fi\/wp-json\/wp\/v2\/types\/product"}],"replies":[{"embeddable":true,"href":"https:\/\/tammetorubbq.ee\/fi\/wp-json\/wp\/v2\/comments?post=5142"}],"wp:featuredmedia":[{"embeddable":true,"href":"https:\/\/tammetorubbq.ee\/fi\/wp-json\/wp\/v2\/media\/5149"}],"wp:attachment":[{"href":"https:\/\/tammetorubbq.ee\/fi\/wp-json\/wp\/v2\/media?parent=5142"}],"wp:term":[{"taxonomy":"pwb-brand","embeddable":true,"href":"https:\/\/tammetorubbq.ee\/fi\/wp-json\/wp\/v2\/pwb-brand?post=5142"},{"taxonomy":"product_brand","embeddable":true,"href":"https:\/\/tammetorubbq.ee\/fi\/wp-json\/wp\/v2\/product_brand?post=5142"},{"taxonomy":"product_cat","embeddable":true,"href":"https:\/\/tammetorubbq.ee\/fi\/wp-json\/wp\/v2\/product_cat?post=5142"},{"taxonomy":"product_tag","embeddable":true,"href":"https:\/\/tammetorubbq.ee\/fi\/wp-json\/wp\/v2\/product_tag?post=5142"}],"curies":[{"name":"wp","href":"https:\/\/api.w.org\/{rel}","templated":true}]}}