{"id":516,"date":"2023-12-03T12:55:38","date_gmt":"2023-12-03T10:55:38","guid":{"rendered":"https:\/\/tammetorubbq.ee\/?post_type=product&#038;p=516"},"modified":"2026-04-19T22:00:36","modified_gmt":"2026-04-19T19:00:36","slug":"kamado-joe-kattila-joe-22-56-cm","status":"publish","type":"product","link":"https:\/\/tammetorubbq.ee\/fi\/product-2\/kamado-joe-kattila-joe-22-56-cm\/","title":{"rendered":"Kamado Joe Kettle Joe"},"content":{"rendered":"<p><strong>Tekniset tiedot<\/strong><\/p>\n<p>Paino 49 kg<\/p>\n<p>PAKKAUKSEN MITAT 74 \u00d7 120 \u00d7 110 cm<\/p>\n<p>&nbsp;<\/p>\n<p><strong>Garantii<\/strong> &#8211; Kamado Joe keraamilistele osadele kehtib piiratud eluaegne garantii (garantiitingimused: <strong><a href=\"https:\/\/tammetorubbq.ee\/wp-content\/uploads\/2026\/02\/Kamado_Joe_garantii.pdf\">katso t\u00e4st\u00e4<\/a><\/strong>); mukaan lukien keraamiset laatat, l\u00e4mp\u00f6heijastimet ja tiivistyslaatat 3 vuotta; metalli ja valurauta 5 vuotta; l\u00e4mp\u00f6mittari ja tiivisteet 1 vuosi.<\/p>","protected":false},"excerpt":{"rendered":"<h4>Kaasa kingitus + TASUTA tarne.<\/h4>\n<p><strong>Kamado Joe Kettle Joe\u2122 22-tuumainen hiiligrilli, jossa on ainutlaatuinen keraaminen hiilipannu, Sl\u014dRoller\u2122 ja puolikuun muotoiset grilliritil\u00e4t.<\/strong><\/p>\n<p>Tehokas keraaminen tulipes\u00e4 mahdollistaa pidemm\u00e4t kypsennysajat v\u00e4hemm\u00e4ll\u00e4 polttoaineenkulutuksella.<\/p>\n<p>2-tasoinen Divide &amp; Conquer\u00ae -j\u00e4rjestelm\u00e4 (puolikkaat grillit) mahdollistaa ruoan kypsent\u00e4misen eri l\u00e4mp\u00f6tiloissa - sek\u00e4 matalalla ett\u00e4 suoralla l\u00e4mm\u00f6ll\u00e4.<\/p>\n<p>Vallankumouksellinen Sl\u014dRoller\u2122 hyperbolinen savukammiolis\u00e4ke k\u00e4ytt\u00e4\u00e4 syklonista ilmavirtaustekniikkaa l\u00e4mm\u00f6n ja savun hallintaan.<\/p>\n<p>Grilliss\u00e4 on s\u00e4\u00e4dett\u00e4v\u00e4 kansi, jonka korkeutta voidaan s\u00e4\u00e4t\u00e4\u00e4 ja tarvittaessa poistaa kokonaan. Kun grillikansi on nostettu, Sl\u014dRoller\u2122-hyperbolinen savukammio voidaan asettaa grilliin, jolloin liha voidaan kypsent\u00e4\u00e4 matalalla l\u00e4mm\u00f6ll\u00e4 70 \u00b0C:sta 200 \u00b0C:een. Ilman Sl\u014dRoller\u2122-lis\u00e4osaa ruoka voidaan kypsent\u00e4\u00e4 suoraan grillin p\u00e4\u00e4ll\u00e4 korkealla l\u00e4mm\u00f6ll\u00e4.<\/p>\n<p>Kiukaassa on my\u00f6s k\u00e4tev\u00e4 tuhkalokero, ja siin\u00e4 on kaunis runko, jossa on lukittavat py\u00f6r\u00e4t.<\/p>\n<p>Grilliritil\u00e4 \u00d8 56 cm (22\")<\/p>\n<p>Kindlasti soovitame ka juurde osta\u00a0<a href=\"https:\/\/tammetorubbq.ee\/fi\/product-2\/kamado-joe-kettle-joe-iimastikukindel-grillikate\/\"><strong>ilmastikukindla grillikatte<\/strong><\/a>\u00a0mis pakub usaldusv\u00e4\u00e4rset kaitset vihma, lume, p\u00e4ikese ja mustuse eest, pikendades grilli eluiga ning hoides selle puhtana j\u00e4rgmiseks kasutuskorraks.<\/p>\n<p><span style=\"color: #000000;\"><strong>Oleme tootja Kamado Joe ametlik esindaja, edasim\u00fc\u00fcja Eestis!<\/strong><\/span><\/p>\n<p><img loading=\"lazy\" decoding=\"async\" class=\"wp-image-1531\" src=\"http:\/\/tammetorubbq.ee\/wp-content\/uploads\/2024\/03\/kamado-joe-logo-300x40.webp\" alt=\"Kamado Joe -logo\" width=\"173\" height=\"23\" srcset=\"https:\/\/tammetorubbq.ee\/wp-content\/uploads\/2024\/03\/kamado-joe-logo-300x40.webp 300w, https:\/\/tammetorubbq.ee\/wp-content\/uploads\/2024\/03\/kamado-joe-logo-768x104.webp 768w, https:\/\/tammetorubbq.ee\/wp-content\/uploads\/2024\/03\/kamado-joe-logo-18x2.webp 18w, https:\/\/tammetorubbq.ee\/wp-content\/uploads\/2024\/03\/kamado-joe-logo-600x81.webp 600w, https:\/\/tammetorubbq.ee\/wp-content\/uploads\/2024\/03\/kamado-joe-logo-64x9.webp 64w, https:\/\/tammetorubbq.ee\/wp-content\/uploads\/2024\/03\/kamado-joe-logo.webp 1024w\" sizes=\"auto, (max-width: 173px) 100vw, 173px\" \/><\/p>\n<p>&nbsp;<\/p>\n<p><a href=\"https:\/\/tammetorubbq.ee\/fi\/maksa-myohemmin\/\"><strong>OSTA NYT, MAKSA MY\u00d6HEMMIN<\/strong><\/a> - korotonta!<\/p>\n<p><img loading=\"lazy\" decoding=\"async\" class=\"alignnone wp-image-2646\" src=\"http:\/\/tammetorubbq.ee\/wp-content\/uploads\/2023\/12\/inbank-wordmark.png\" alt=\"Inbank\" width=\"164\" height=\"74\" srcset=\"https:\/\/tammetorubbq.ee\/wp-content\/uploads\/2023\/12\/inbank-wordmark.png 300w, https:\/\/tammetorubbq.ee\/wp-content\/uploads\/2023\/12\/inbank-wordmark-18x8.png 18w, https:\/\/tammetorubbq.ee\/wp-content\/uploads\/2023\/12\/inbank-wordmark-64x29.png 64w\" sizes=\"auto, (max-width: 164px) 100vw, 164px\" \/><\/p>\n<p>Tarjoamme my\u00f6s mahdollisuuden maksaa my\u00f6hemmin - yhdess\u00e4, kahdessa tai kolmessa samansuuruisessa er\u00e4ss\u00e4 ilman korkoa tai lis\u00e4maksua.<\/p>\n<p>L\u00f6yd\u00e4t valikoiman eri maksuvaihtoehtoja ostoskoristamme.<\/p>","protected":false},"featured_media":517,"comment_status":"open","ping_status":"closed","template":"","meta":{"_uf_show_specific_survey":0,"_uf_disable_surveys":false},"pwb-brand":[69],"product_brand":[],"product_cat":[53,55],"product_tag":[126,316,328,127,78],"class_list":{"0":"post-516","1":"product","2":"type-product","3":"status-publish","4":"has-post-thumbnail","6":"pwb-brand-kamado-joe","7":"product_cat-grillid","8":"product_cat-keraamilised-grillid","9":"product_tag-kamado-joe","10":"product_tag-kamado-joe-keraamiline-grill","11":"product_tag-kamado-joe-kettle-joe","12":"product_tag-keraamilised-grillid","13":"product_tag-soegrill","15":"first","16":"instock","17":"taxable","18":"shipping-taxable","19":"purchasable","20":"product-type-simple"},"brands":[{"id":69,"name":"Kamado Joe","slug":"kamado-joe"}],"_links":{"self":[{"href":"https:\/\/tammetorubbq.ee\/fi\/wp-json\/wp\/v2\/product\/516","targetHints":{"allow":["GET"]}}],"collection":[{"href":"https:\/\/tammetorubbq.ee\/fi\/wp-json\/wp\/v2\/product"}],"about":[{"href":"https:\/\/tammetorubbq.ee\/fi\/wp-json\/wp\/v2\/types\/product"}],"replies":[{"embeddable":true,"href":"https:\/\/tammetorubbq.ee\/fi\/wp-json\/wp\/v2\/comments?post=516"}],"wp:featuredmedia":[{"embeddable":true,"href":"https:\/\/tammetorubbq.ee\/fi\/wp-json\/wp\/v2\/media\/517"}],"wp:attachment":[{"href":"https:\/\/tammetorubbq.ee\/fi\/wp-json\/wp\/v2\/media?parent=516"}],"wp:term":[{"taxonomy":"pwb-brand","embeddable":true,"href":"https:\/\/tammetorubbq.ee\/fi\/wp-json\/wp\/v2\/pwb-brand?post=516"},{"taxonomy":"product_brand","embeddable":true,"href":"https:\/\/tammetorubbq.ee\/fi\/wp-json\/wp\/v2\/product_brand?post=516"},{"taxonomy":"product_cat","embeddable":true,"href":"https:\/\/tammetorubbq.ee\/fi\/wp-json\/wp\/v2\/product_cat?post=516"},{"taxonomy":"product_tag","embeddable":true,"href":"https:\/\/tammetorubbq.ee\/fi\/wp-json\/wp\/v2\/product_tag?post=516"}],"curies":[{"name":"wp","href":"https:\/\/api.w.org\/{rel}","templated":true}]}}