{"id":530,"date":"2023-12-03T15:13:23","date_gmt":"2023-12-03T13:13:23","guid":{"rendered":"https:\/\/tammetorubbq.ee\/?post_type=product&#038;p=530"},"modified":"2026-04-20T01:00:32","modified_gmt":"2026-04-19T22:00:32","slug":"pellettigrilli-traeger-ironwood-int","status":"publish","type":"product","link":"https:\/\/tammetorubbq.ee\/fi\/product-2\/pellettigrilli-traeger-ironwood-int\/","title":{"rendered":"Pellettigrilli Traeger Ironwood Int"},"content":{"rendered":"<p>Monipuoliset P.A.L. Pop-And-Lock\u00ae -r\u00e4\u00e4t\u00e4l\u00f6intimahdollisuudet auttavat sinua luomaan t\u00e4ydellisen grillin ruoanlaittotyyliisi.<\/p>\n<p>Smart Combustion\u2122-palamisen optimointitekniikka.<\/p>\n<p>T\u00e4ysin eristetty kaksoisvaipparakenne.<\/p>\n<p>EZ-Clean\u2122 uusi tuhkan ja rasvan ker\u00e4ysj\u00e4rjestelm\u00e4.<\/p>\n<p>WiFIRE\u00ae-yhteys\/sovellus, Super Smoke\u00ae-avustustoiminto. V\u00e4rillinen kosketusn\u00e4ytt\u00f6.<\/p>\n<p>ModiFIRE\u00ae -grilliritil\u00e4t, -rungot ja -alustat, jotka ovat yhteensopivia ModiFIRE\u00ae -grillien kanssa. Grillausvalo.<\/p>\n<p>Voidaan integroida huonekaluihin.<\/p>\n<p>10 vuoden rajoitettu takuu.<\/p>\n<p>&nbsp;<\/p>\n<p><strong>Pakkaus sis\u00e4lt\u00e4\u00e4<\/strong><\/p>\n<p>2 lihantunnistinta<\/p>\n<p>Kojelauta,<\/p>\n<p>Alahylly<\/p>\n<p>ModiFIRE-reunat<\/p>\n<p>Grillausalueen valaisin<\/p>\n<p>Pellettianturi<\/p>\n<p>Rautapuu on mukavalla py\u00f6rill\u00e4 varustetulla rungolla, ja sit\u00e4 on eritt\u00e4in helppo siirt\u00e4\u00e4.<\/p>\n<p>Selke\u00e4 ja helppolukuinen ohjauspaneeli, jossa on WIFIRE-valmius - hallitse grilli\u00e4si k\u00e4nnyk\u00e4st\u00e4si, miss\u00e4 ikin\u00e4 oletkin.<\/p>\n<p>&nbsp;<\/p>\n<p><strong>Tekniset tiedot <\/strong><\/p>\n<p>Keittoala: 3900 cm\u00b2<\/p>\n<p>Grillin mitat: 150 x 120 x 100 cm<\/p>\n<p>Paino 90 kg<\/p>","protected":false},"excerpt":{"rendered":"<p>Nosta ruoanlaitto seuraavalle tasolle uusilla Ironwood-grilleill\u00e4, jotka ovat t\u00e4ynn\u00e4 edistyksellisi\u00e4 ominaisuuksia, jotka takaavat loistavat tulokset joka kerta.<\/p>\n<p>&nbsp;<\/p>\n<p><img loading=\"lazy\" decoding=\"async\" class=\"size-medium wp-image-1509\" src=\"https:\/\/tammetorubbq.ee\/wp-content\/uploads\/2024\/03\/traeger-grills-logo-vector-300x167.png\" alt=\"Traegerin logo\" width=\"300\" height=\"167\" srcset=\"https:\/\/tammetorubbq.ee\/wp-content\/uploads\/2024\/03\/traeger-grills-logo-vector-300x167.png 300w, https:\/\/tammetorubbq.ee\/wp-content\/uploads\/2024\/03\/traeger-grills-logo-vector-768x427.png 768w, https:\/\/tammetorubbq.ee\/wp-content\/uploads\/2024\/03\/traeger-grills-logo-vector-18x10.png 18w, https:\/\/tammetorubbq.ee\/wp-content\/uploads\/2024\/03\/traeger-grills-logo-vector-600x333.png 600w, https:\/\/tammetorubbq.ee\/wp-content\/uploads\/2024\/03\/traeger-grills-logo-vector-64x36.png 64w, https:\/\/tammetorubbq.ee\/wp-content\/uploads\/2024\/03\/traeger-grills-logo-vector.png 900w\" sizes=\"auto, (max-width: 300px) 100vw, 300px\" \/><\/p>\n<p><a href=\"https:\/\/tammetorubbq.ee\/fi\/maksa-myohemmin\/\"><strong>OSTA NYT, MAKSA MY\u00d6HEMMIN<\/strong><\/a>\u00a0- korotonta!<\/p>\n<p><img loading=\"lazy\" decoding=\"async\" class=\"alignnone wp-image-2646\" src=\"http:\/\/tammetorubbq.ee\/wp-content\/uploads\/2023\/12\/inbank-wordmark.png\" alt=\"Inbank\" width=\"167\" height=\"75\" srcset=\"https:\/\/tammetorubbq.ee\/wp-content\/uploads\/2023\/12\/inbank-wordmark.png 300w, https:\/\/tammetorubbq.ee\/wp-content\/uploads\/2023\/12\/inbank-wordmark-18x8.png 18w, https:\/\/tammetorubbq.ee\/wp-content\/uploads\/2023\/12\/inbank-wordmark-64x29.png 64w\" sizes=\"auto, (max-width: 167px) 100vw, 167px\" \/><\/p>\n<p>Tarjoamme my\u00f6s mahdollisuuden maksaa my\u00f6hemmin - yhdess\u00e4, kahdessa tai kolmessa samansuuruisessa er\u00e4ss\u00e4 ilman korkoa tai lis\u00e4maksua.<\/p>\n<p>L\u00f6yd\u00e4t valikoiman eri maksuvaihtoehtoja ostoskoristamme.<\/p>","protected":false},"featured_media":531,"comment_status":"open","ping_status":"closed","template":"","meta":{"_uf_show_specific_survey":0,"_uf_disable_surveys":false},"pwb-brand":[62],"product_brand":[],"product_cat":[53,20,56],"product_tag":[135,141],"class_list":{"0":"post-530","1":"product","2":"type-product","3":"status-publish","4":"has-post-thumbnail","6":"pwb-brand-traeger","7":"product_cat-grillid","8":"product_cat-kampaania","9":"product_cat-pelletgrillid","10":"product_tag-pelletgrillid","11":"product_tag-traeger","13":"first","14":"instock","15":"sale","16":"taxable","17":"shipping-taxable","18":"purchasable","19":"product-type-simple"},"brands":[{"id":62,"name":"Traeger","slug":"traeger"}],"_links":{"self":[{"href":"https:\/\/tammetorubbq.ee\/fi\/wp-json\/wp\/v2\/product\/530","targetHints":{"allow":["GET"]}}],"collection":[{"href":"https:\/\/tammetorubbq.ee\/fi\/wp-json\/wp\/v2\/product"}],"about":[{"href":"https:\/\/tammetorubbq.ee\/fi\/wp-json\/wp\/v2\/types\/product"}],"replies":[{"embeddable":true,"href":"https:\/\/tammetorubbq.ee\/fi\/wp-json\/wp\/v2\/comments?post=530"}],"wp:featuredmedia":[{"embeddable":true,"href":"https:\/\/tammetorubbq.ee\/fi\/wp-json\/wp\/v2\/media\/531"}],"wp:attachment":[{"href":"https:\/\/tammetorubbq.ee\/fi\/wp-json\/wp\/v2\/media?parent=530"}],"wp:term":[{"taxonomy":"pwb-brand","embeddable":true,"href":"https:\/\/tammetorubbq.ee\/fi\/wp-json\/wp\/v2\/pwb-brand?post=530"},{"taxonomy":"product_brand","embeddable":true,"href":"https:\/\/tammetorubbq.ee\/fi\/wp-json\/wp\/v2\/product_brand?post=530"},{"taxonomy":"product_cat","embeddable":true,"href":"https:\/\/tammetorubbq.ee\/fi\/wp-json\/wp\/v2\/product_cat?post=530"},{"taxonomy":"product_tag","embeddable":true,"href":"https:\/\/tammetorubbq.ee\/fi\/wp-json\/wp\/v2\/product_tag?post=530"}],"curies":[{"name":"wp","href":"https:\/\/api.w.org\/{rel}","templated":true}]}}