{"id":534,"date":"2023-12-03T15:15:49","date_gmt":"2023-12-03T13:15:49","guid":{"rendered":"https:\/\/tammetorubbq.ee\/?post_type=product&#038;p=534"},"modified":"2026-04-20T00:00:29","modified_gmt":"2026-04-19T21:00:29","slug":"pellettigrilli-traeger-pro-22","status":"publish","type":"product","link":"https:\/\/tammetorubbq.ee\/fi\/product-2\/pellettigrilli-traeger-pro-22\/","title":{"rendered":"Pellettigrilli Traeger Pro 22"},"content":{"rendered":"<p>Yksinkertainen ohjauspaneeli, tukeva runko ja helppo huolto tekev\u00e4t t\u00e4st\u00e4 kodinkoneesta todellisen kodinkoneen vuosiksi eteenp\u00e4in. Tynnyrin muotoinen keittokammio on valmistettu pulverimaalatuista korkealaatuisista ter\u00e4ksist\u00e4, jotka muotonsa ansiosta takaavat t\u00e4ydellisen l\u00e4mm\u00f6n ja savun jakautumisen koko grilliss\u00e4. T\u00e4m\u00e4n ansiosta kaksitasoiset emaloidut ter\u00e4sritil\u00e4t kypsyv\u00e4t tasaisesti molemmilla tasoilla.<\/p>\n<p>Ohjauspaneelista voit asettaa l\u00e4mp\u00f6tilan ja valita sammutustilan grillauksen lopettamiseksi. Grillin mukana toimitetaan kaksi anturia lihan sis\u00e4l\u00e4mp\u00f6tilan seurantaa varten. Painamalla kerran \"Probe\"-painiketta n\u00e4et ensimm\u00e4isen anturin l\u00e4mp\u00f6tilan ja kaksi kertaa toisen anturin l\u00e4mp\u00f6tilan.<\/p>\n<p>Hienos\u00e4\u00e4detty grillin l\u00e4mp\u00f6tilatasapaino ja digitaalinen ohjausj\u00e4rjestelm\u00e4 takaavat herkullisen lopputuloksen. Pellettien tyhjennysaukon avulla voit poistaa palaneet pelletit nopeasti.<\/p>\n<p>Traegerin 22-tuumainen kulttigrilli kaikessa loistossaan. Todellinen retrokone. Vuosien myynti on osoittanut sen olevan eritt\u00e4in kest\u00e4v\u00e4 malli. Sen yksinkertainen ohjauspaneeli, tukeva runko ja helppo huolto tekev\u00e4t siit\u00e4 todellisen kodinkoneen vuosiksi eteenp\u00e4in. Tynnyrinmuotoinen keittokammio on valmistettu pulverimaalatuista laatuter\u00e4ksest\u00e4, joka muodon ansiosta takaa t\u00e4ydellisen l\u00e4mm\u00f6n ja savun jakautumisen koko grilliss\u00e4. T\u00e4m\u00e4n ansiosta kaksitasoiset emaloidut ter\u00e4sritil\u00e4t kypsyv\u00e4t tasaisesti molemmilla tasoilla. L\u00e4mp\u00f6tila voidaan s\u00e4\u00e4t\u00e4\u00e4 ohjauspaneelista, ja grillauksen lopettamiseksi voidaan valita sammutustila. Grillin mukana toimitetaan kaksi anturia lihan sis\u00e4l\u00e4mp\u00f6tilan seurantaa varten. Painamalla \"Probe\"-painiketta kerran n\u00e4ytet\u00e4\u00e4n ensimm\u00e4isen anturin l\u00e4mp\u00f6tila, painamalla sit\u00e4 kahdesti n\u00e4ytet\u00e4\u00e4n toisen anturin l\u00e4mp\u00f6tila. Grillin hienos\u00e4\u00e4detty l\u00e4mp\u00f6tilatasapaino ja digitaalinen ohjausj\u00e4rjestelm\u00e4 takaavat herkullisen lopputuloksen. Pellettien tyhjennysaukon avulla voit poistaa palaneet pelletit nopeasti.<\/p>\n<ul>\n<li>Pellettis\u00e4ili\u00f6n kapasiteetti 8 kg<\/li>\n<li>Grillauspinta-ala 3690 cm\u00b2<\/li>\n<li>Ensimm\u00e4inen grilliritil\u00e4 56 x 48 cm<\/li>\n<li>Toinen, ylempi grilliritil\u00e4 56 x 18 cm<\/li>\n<li>Kaksi lihan sis\u00e4l\u00e4mp\u00f6tilan anturia<\/li>\n<li>Rasva-\u00e4mp\u00e4ri ylim\u00e4\u00e4r\u00e4isen rasvan varastointiin<\/li>\n<li>Jalkalista rasvan poistoa varten (peitet\u00e4\u00e4n foliolla).<\/li>\n<li>Mitat 104 x 69 x 124 cm<\/li>\n<li>Paino 47 kg<\/li>\n<\/ul>\n<p>&nbsp;<\/p>\n<p><strong>Tekniset tiedot<\/strong><\/p>\n<p>Keittoala: 3690 cm\u00b2<\/p>\n<p>Grillauspinta: 56 x 45 cm ja 56 x 18 cm.<\/p>\n<p>Grillin mitat: 104 x 69 x 124 cm<\/p>\n<p>Piipun halkaisija: 55,8 cm<\/p>","protected":false},"excerpt":{"rendered":"<p>Traeger PRO 22 -pellettigrilli on maailman myydyin pellettigrilli ja todellinen pellettigrillin referenssi laadun ja kest\u00e4vyyden suhteen. Todellinen retrokone.<\/p>\n<p>Vuosien myynti on osoittanut sen olevan eritt\u00e4in kest\u00e4v\u00e4 malli.<\/p>\n<h6>Saadaval j\u00e4reltellimisel &#8211; enne ostu uuri tarnet.<\/h6>\n<p><img loading=\"lazy\" decoding=\"async\" class=\"size-medium wp-image-1509\" src=\"https:\/\/tammetorubbq.ee\/wp-content\/uploads\/2024\/03\/traeger-grills-logo-vector-300x167.png\" alt=\"Traegerin logo\" width=\"300\" height=\"167\" srcset=\"https:\/\/tammetorubbq.ee\/wp-content\/uploads\/2024\/03\/traeger-grills-logo-vector-300x167.png 300w, https:\/\/tammetorubbq.ee\/wp-content\/uploads\/2024\/03\/traeger-grills-logo-vector-768x427.png 768w, https:\/\/tammetorubbq.ee\/wp-content\/uploads\/2024\/03\/traeger-grills-logo-vector-18x10.png 18w, https:\/\/tammetorubbq.ee\/wp-content\/uploads\/2024\/03\/traeger-grills-logo-vector-600x333.png 600w, https:\/\/tammetorubbq.ee\/wp-content\/uploads\/2024\/03\/traeger-grills-logo-vector-64x36.png 64w, https:\/\/tammetorubbq.ee\/wp-content\/uploads\/2024\/03\/traeger-grills-logo-vector.png 900w\" sizes=\"auto, (max-width: 300px) 100vw, 300px\" \/><\/p>\n<p><a href=\"https:\/\/tammetorubbq.ee\/fi\/maksa-myohemmin\/\"><strong>OSTA NYT, MAKSA MY\u00d6HEMMIN<\/strong><\/a>\u00a0- korotonta!<\/p>\n<p><img loading=\"lazy\" decoding=\"async\" class=\"alignnone wp-image-2646\" src=\"http:\/\/tammetorubbq.ee\/wp-content\/uploads\/2023\/12\/inbank-wordmark.png\" alt=\"Inbank\" width=\"167\" height=\"75\" srcset=\"https:\/\/tammetorubbq.ee\/wp-content\/uploads\/2023\/12\/inbank-wordmark.png 300w, https:\/\/tammetorubbq.ee\/wp-content\/uploads\/2023\/12\/inbank-wordmark-18x8.png 18w, https:\/\/tammetorubbq.ee\/wp-content\/uploads\/2023\/12\/inbank-wordmark-64x29.png 64w\" sizes=\"auto, (max-width: 167px) 100vw, 167px\" \/><\/p>\n<p>Tarjoamme my\u00f6s mahdollisuuden maksaa my\u00f6hemmin - yhdess\u00e4, kahdessa tai kolmessa samansuuruisessa er\u00e4ss\u00e4 ilman korkoa tai lis\u00e4maksua.<\/p>\n<p>L\u00f6yd\u00e4t valikoiman eri maksuvaihtoehtoja ostoskoristamme.<\/p>","protected":false},"featured_media":535,"comment_status":"open","ping_status":"closed","template":"","meta":{"_uf_show_specific_survey":0,"_uf_disable_surveys":false},"pwb-brand":[62],"product_brand":[],"product_cat":[53,56],"product_tag":[135,141],"class_list":{"0":"post-534","1":"product","2":"type-product","3":"status-publish","4":"has-post-thumbnail","6":"pwb-brand-traeger","7":"product_cat-grillid","8":"product_cat-pelletgrillid","9":"product_tag-pelletgrillid","10":"product_tag-traeger","12":"first","13":"instock","14":"taxable","15":"shipping-taxable","16":"purchasable","17":"product-type-simple"},"brands":[{"id":62,"name":"Traeger","slug":"traeger"}],"_links":{"self":[{"href":"https:\/\/tammetorubbq.ee\/fi\/wp-json\/wp\/v2\/product\/534","targetHints":{"allow":["GET"]}}],"collection":[{"href":"https:\/\/tammetorubbq.ee\/fi\/wp-json\/wp\/v2\/product"}],"about":[{"href":"https:\/\/tammetorubbq.ee\/fi\/wp-json\/wp\/v2\/types\/product"}],"replies":[{"embeddable":true,"href":"https:\/\/tammetorubbq.ee\/fi\/wp-json\/wp\/v2\/comments?post=534"}],"wp:featuredmedia":[{"embeddable":true,"href":"https:\/\/tammetorubbq.ee\/fi\/wp-json\/wp\/v2\/media\/535"}],"wp:attachment":[{"href":"https:\/\/tammetorubbq.ee\/fi\/wp-json\/wp\/v2\/media?parent=534"}],"wp:term":[{"taxonomy":"pwb-brand","embeddable":true,"href":"https:\/\/tammetorubbq.ee\/fi\/wp-json\/wp\/v2\/pwb-brand?post=534"},{"taxonomy":"product_brand","embeddable":true,"href":"https:\/\/tammetorubbq.ee\/fi\/wp-json\/wp\/v2\/product_brand?post=534"},{"taxonomy":"product_cat","embeddable":true,"href":"https:\/\/tammetorubbq.ee\/fi\/wp-json\/wp\/v2\/product_cat?post=534"},{"taxonomy":"product_tag","embeddable":true,"href":"https:\/\/tammetorubbq.ee\/fi\/wp-json\/wp\/v2\/product_tag?post=534"}],"curies":[{"name":"wp","href":"https:\/\/api.w.org\/{rel}","templated":true}]}}