{"id":538,"date":"2023-12-03T15:19:01","date_gmt":"2023-12-03T13:19:01","guid":{"rendered":"https:\/\/tammetorubbq.ee\/?post_type=product&#038;p=538"},"modified":"2026-04-30T23:00:50","modified_gmt":"2026-04-30T20:00:50","slug":"pellettigrilli-traeger-pro-d2-575-wifi","status":"publish","type":"product","link":"https:\/\/tammetorubbq.ee\/fi\/toode\/pelletgrill-traeger-pro-d2-575-wifi\/","title":{"rendered":"Pellettigrilli Traeger Pro D2 575 WIFI"},"content":{"rendered":"<p>T\u00e4ss\u00e4 tukevasti rakennetussa pellettigrilliss\u00e4 on tiiviisti suljettu grillirunko, joka mahdollistaa parhaan l\u00e4mm\u00f6n ja aromien siirtymisen ruokaan. Tynnyrin muotoinen grillirunko on valmistettu korkealaatuisesta jauhemaalatusta ter\u00e4ksest\u00e4.<\/p>\n<p>Grilliss\u00e4 on kaksi tasoa posliiniemaloitujen ter\u00e4sritil\u00f6iden p\u00e4\u00e4ll\u00e4, jotka ovat helposti irrotettavissa.<\/p>\n<p>Traeger PRO on varustettu WIFIRE\u00ae-toiminnolla. Voit hallita grilli\u00e4 ja sen l\u00e4mp\u00f6tilaa helposti puhelimestasi Traeger-sovelluksen avulla. Traeger-sovelluksen avulla voit my\u00f6s tarkastella ja seurata grillin reseptej\u00e4.<\/p>\n<p>L\u00e4mp\u00f6tilan s\u00e4\u00e4t\u00f6 75 \u00b0C:sta 260 \u00b0C:een. Grillin ja ruoan l\u00e4mp\u00f6tila-anturit ovat lis\u00e4varusteena.<\/p>\n<p>D2\u00ae-teknologian voimansiirto ja TurboTemp-l\u00e4mm\u00f6ns\u00e4\u00e4t\u00f6 l\u00e4mmitt\u00e4v\u00e4t grillin nopeammin.<\/p>\n<p>Pellettikammion kapasiteetti 8 kg. Pellettien tyhjennysaukon avulla voit tyhjent\u00e4\u00e4 pelletit nopeasti ja t\u00e4ytt\u00e4\u00e4 pellettis\u00e4ili\u00f6n uudelleen ruoanlaittoon sopivimmilla pelleteill\u00e4.<\/p>\n<p>WOOD CHECKER -merkkivalo n\u00e4ytt\u00e4\u00e4 kammiossa olevien pellettien m\u00e4\u00e4r\u00e4n.<\/p>\n<p>GRILLIN OHJAUSJ\u00c4RJESTELM\u00c4 (Traeger-sovelluksen kautta).<\/p>\n<p>KEEP WARM -toiminto pit\u00e4\u00e4 ruoan oikeassa l\u00e4mp\u00f6tilassa tarjoiluun asti.<\/p>\n<p>Mobiilisovelluksella ohjattavan Traeger Pellet Grill PRO575 -grillin avulla voit grillata miss\u00e4 ikin\u00e4 oletkin - mets\u00e4retkell\u00e4, nojatuolissa istuen tai saunomassa yst\u00e4vien kanssa. Tarvitset t\u00e4h\u00e4n mukavuuteen vain Traeger-grillin ja \u00e4lypuhelimen kanssa yhteensopivan sovelluksen.<\/p>\n<p><strong>PRO 575:n avulla voit grillata nojatuolissa istuen!<\/strong><br \/>\nTraeger Digital Controller ProD2 WiFi -ohjaimella ja vastaavalla \u00e4lypuhelinsovelluksella voit hallita sek\u00e4 savun m\u00e4\u00e4r\u00e4\u00e4 ett\u00e4 l\u00e4mp\u00f6\u00e4. Voit kytke\u00e4 laitteen p\u00e4\u00e4lle ja pois p\u00e4\u00e4lt\u00e4, asettaa grillausajan jne. puhelimesi kautta. L\u00e4mp\u00f6tilan voi valita 73 \u00b0C:sta 260 \u00b0C:een (s\u00e4\u00e4t\u00f6askel 5 \u00b0C).<br \/>\nGrilliss\u00e4 on ruostumattomat, emaloidut ritil\u00e4t. Suuri perusritil\u00e4 ja pienempi yl\u00e4ritil\u00e4. Molemmat ritil\u00e4t grillaavat samalla tavalla, vain kaksi ritil\u00e4\u00e4, jotta useampi ruoka mahtuu grillattavaksi kerralla.<br \/>\nGrillaa, savusta, paista, hauduta, paahda tai valmista klassista grilliruokaa - kaikki luonnollisilla puupelleteill\u00e4. Valitse suosikkisi seitsem\u00e4st\u00e4 100%-luonnonpelletist\u00e4 ja t\u00e4yt\u00e4 s\u00e4ili\u00f6. L\u00e4mp\u00f6tilan voi asettaa manuaalisesti tai vastaavan Traeger-sovelluksen kautta. Kun valitset sovelluksen resepteist\u00e4, et tarvitse pienint\u00e4k\u00e4\u00e4n perustietoa grillaamisesta valmistaaksesi gourmet-aterian. Valmista grillattava ruoka ohjeiden mukaan ja napsauta \"COOK NEW \" -linkki\u00e4, ja Traeger-grilli huolehtii kaikesta automaattisesti.<br \/>\nNoin nelj\u00e4ss\u00e4 minuutissa pelletit ovat valmiita ja kypsennys voi alkaa. Kierukkaveto ty\u00f6nt\u00e4\u00e4 pelletit tulipes\u00e4\u00e4n ja sytytt\u00e4\u00e4 ne automaattisesti. Erityinen tuuletin pit\u00e4\u00e4 pelletit hehkumassa kuin pienoismallien takomossa. Traeger-pellettigrilliss\u00e4 on kaareva, soikea runko, joka takaa t\u00e4ydellisen l\u00e4mp\u00f6tilan ja savun jakautumisen koko grillauspinnalle. Tippuva rasva ja muut grillausj\u00e4tteet ohjataan v\u00e4likappaleen avulla poistokanavaan ja sielt\u00e4 aukon kautta grillin kyljess\u00e4 roikkuvaan rasvanerottimeen.<\/p>\n<p>Grilliritil\u00e4n alapuoli kannattaa peitt\u00e4\u00e4 foliolla - se on helpompi puhdistaa. Foliota ei tarvitse vaihtaa jokaisen k\u00e4ytt\u00f6kerran j\u00e4lkeen. Heit\u00e4 folio kolmannen k\u00e4ytt\u00f6kerran j\u00e4lkeen roskiin ja vaihda se uuteen. Puhdista samalla kela tuhkalla tai p\u00f6lynimurilla. T\u00e4m\u00e4 yksinkertainen ja vaivaton hoito takaa pitk\u00e4ik\u00e4isen grillin.<\/p>\n<p>Manuaalisesti kypsennett\u00e4ess\u00e4 voit my\u00f6s s\u00e4\u00e4t\u00e4\u00e4 ruoan sis\u00e4l\u00e4mp\u00f6tilaa. T\u00e4t\u00e4 varten grillin mukana toimitetaan anturi. Ty\u00f6nn\u00e4 anturi lihaan ennen kypsennyst\u00e4, ja yhdell\u00e4 painalluksella n\u00e4et sis\u00e4l\u00e4mp\u00f6tilan. Itse grillin sis\u00e4l\u00e4mp\u00f6tilan valvomiseksi grilli on varustettu erityisell\u00e4 automaattisella j\u00e4rjestelm\u00e4ll\u00e4, joka tarkistaa l\u00e4mp\u00f6tilan 50 kertaa minuutissa.<\/p>\n<p><strong>ERINOMAINEN L\u00c4MM\u00d6NJAKO<\/strong><br \/>\nKierukka on p\u00e4\u00e4llystetty erityisell\u00e4 levyll\u00e4, joka jakaa l\u00e4mm\u00f6n tasaisesti koko grilliin. Py\u00f6re\u00e4, soikea muoto auttaa l\u00e4mp\u00f6\u00e4 ja savua levi\u00e4m\u00e4\u00e4n kaikkialle.<\/p>\n<p><strong>AUTOMAATTINEN PELLETTIBUNKKERI<\/strong><br \/>\nT\u00e4yt\u00e4 s\u00e4ili\u00f6 \u00e4\u00e4ri\u00e4\u00e4n my\u00f6ten pelleteill\u00e4, ja s\u00e4ili\u00f6n pohjassa oleva kierukkaveto varmistaa, ett\u00e4 polttokammioon p\u00e4\u00e4see oikea m\u00e4\u00e4r\u00e4 pellettej\u00e4 valittua l\u00e4mp\u00f6tilaa varten. Pellettis\u00e4ili\u00f6n tilavuus on 8,16 kg, eli hieman yli puolet vakiopussin tilavuudesta.<\/p>\n<p><strong>AUTOMAATIO<\/strong><br \/>\nErityinen s\u00e4hk\u00f6sytytin sytytt\u00e4\u00e4 pelletit polttokammiossa. Sen sijaan, ett\u00e4 sytytt\u00e4isit tulen, ota kylm\u00e4 olut, grilli hoitaa tyls\u00e4n sytytysprosessin itse.<\/p>\n<p><strong>ENERGIA\u00a0<\/strong><br \/>\nKytke grilli s\u00e4hk\u00f6verkkoon. S\u00e4hk\u00f6\u00e4 tarvitaan ohjauskotelon ja l\u00e4mmittimen puhaltimen toimintaan.<br \/>\nVirrankulutus: 300 wattia ensimm\u00e4isten nelj\u00e4n minuutin aikana ja vain 50 wattia lopun kypsennysajan aikana.<\/p>\n<p><strong>AUTOMAATTINEN SAMMUTUS<\/strong><br \/>\nKun grillaus on p\u00e4\u00e4ttynyt, puhallin k\u00e4y viel\u00e4 viisi minuuttia, jolloin polttopunkki tyhjennet\u00e4\u00e4n tuhkasta ja hehkuvat pelletit sammutetaan.<\/p>\n<p><strong>TAKUU<\/strong><br \/>\nTraegerin pellettigrilleill\u00e4 on kolmen vuoden takuu.<\/p>\n<p>&nbsp;<\/p>\n<p><strong>Tekniset tiedot<\/strong><\/p>\n<p>Keittoala: 3690 cm\u00b2<\/p>\n<p>Grillauspinta: 56 x 48 cm ja 56 x 18 cm.<\/p>\n<p>Grillin mitat: 105 x 69 x 135 cm<\/p>\n<p>Piipun halkaisija: 55,8 cm<\/p>\n<p>Paino: 58,06 kg<\/p>","protected":false},"excerpt":{"rendered":"<p><strong data-start=\"0\" data-end=\"39\">Traeger Pro D2 575 WiFi pellettigrilli - <span style=\"color: #000080;\">MAAILMAN MYYDYIN PELLETTIGRILLI!<\/span><\/strong><\/p>\n<p>Todella \u00e4lyk\u00e4s pellettigrilli, jossa yhdistyv\u00e4t klassinen savun maku ja moderni teknologia! Traeger Pro 575 sopii sek\u00e4 hitaaseen savustamiseen ett\u00e4 nopeaan grillaamiseen. D2\u00ae-ohjausj\u00e4rjestelm\u00e4n ja WiFIRE\u00ae-teknologian avulla voit ohjata grilli\u00e4 k\u00e4tev\u00e4sti suoraan \u00e4lypuhelimellasi.<\/p>\n<ul data-start=\"331\" data-end=\"595\">\n<li data-start=\"331\" data-end=\"388\"><strong data-start=\"333\" data-end=\"349\">Grillipaikka<\/strong>: 3690 cm\u00b2 - mahtuu jopa 24 hampurilaista<\/li>\n<li data-start=\"389\" data-end=\"427\"><strong data-start=\"391\" data-end=\"414\">L\u00e4mp\u00f6tila-alue<\/strong>: 73-260 \u00b0C<\/li>\n<li data-start=\"428\" data-end=\"460\"><strong data-start=\"430\" data-end=\"448\">WiFi-yhteys<\/strong> (WiFIRE\u00ae)<\/li>\n<li data-start=\"461\" data-end=\"500\"><strong data-start=\"463\" data-end=\"477\">TurboTemp\u00ae<\/strong> - nopeampi l\u00e4mmitys<\/li>\n<li data-start=\"501\" data-end=\"530\"><strong data-start=\"503\" data-end=\"520\">Pellettis\u00e4ili\u00f6<\/strong>: 8,1 kg<\/li>\n<li data-start=\"531\" data-end=\"553\"><strong data-start=\"533\" data-end=\"541\">Paino<\/strong>: noin 58 kg<\/li>\n<li data-start=\"554\" data-end=\"595\"><strong data-start=\"556\" data-end=\"570\">Toimittaa<\/strong>: sis\u00e4ilman l\u00e4mp\u00f6tila-anturi<\/li>\n<\/ul>\n<p data-start=\"597\" data-end=\"712\">Mitmek\u00fclgne: grillib, suitsutab, k\u00fcpsetab, r\u00f6stib ja hautab!<br data-start=\"660\" data-end=\"663\" \/>Juhi oma grilli mobiilist \u2013 lihtne ja t\u00e4pne!<\/p>\n<p data-start=\"714\" data-end=\"774\" data-is-last-node=\"\" data-is-only-node=\"\"><em>Sopii vaativalle kotikokille, joka arvostaa makua ja mukavuutta.<\/em><\/p>\n<p>Katso Traeger Pro D2 575 -esittely. <strong><a href=\"https:\/\/youtu.be\/1Rqhcb3PB6g?si=CrGqRH0LY_53kDLU\">VIDEO<\/a><\/strong>.<\/p>\n<h6>Saadaval j\u00e4reltellimisel \u2013 enne ostu uuri tarnet.<\/h6>\n<p><img loading=\"lazy\" decoding=\"async\" class=\"wp-image-1509\" src=\"http:\/\/tammetorubbq.ee\/wp-content\/uploads\/2024\/03\/traeger-grills-logo-vector-300x167.png\" alt=\"Traegerin logo\" width=\"165\" height=\"92\" srcset=\"https:\/\/tammetorubbq.ee\/wp-content\/uploads\/2024\/03\/traeger-grills-logo-vector-300x167.png 300w, https:\/\/tammetorubbq.ee\/wp-content\/uploads\/2024\/03\/traeger-grills-logo-vector-768x427.png 768w, https:\/\/tammetorubbq.ee\/wp-content\/uploads\/2024\/03\/traeger-grills-logo-vector-18x10.png 18w, https:\/\/tammetorubbq.ee\/wp-content\/uploads\/2024\/03\/traeger-grills-logo-vector-600x333.png 600w, https:\/\/tammetorubbq.ee\/wp-content\/uploads\/2024\/03\/traeger-grills-logo-vector-64x36.png 64w, https:\/\/tammetorubbq.ee\/wp-content\/uploads\/2024\/03\/traeger-grills-logo-vector.png 900w\" sizes=\"auto, (max-width: 165px) 100vw, 165px\" \/><\/p>\n<p>&nbsp;<\/p>\n<p><a href=\"https:\/\/tammetorubbq.ee\/fi\/maksa-myohemmin\/\"><strong>OSTA NYT, MAKSA MY\u00d6HEMMIN<\/strong><\/a>\u00a0- korotonta!<\/p>\n<p><img loading=\"lazy\" decoding=\"async\" class=\"alignnone wp-image-2646\" src=\"http:\/\/tammetorubbq.ee\/wp-content\/uploads\/2023\/12\/inbank-wordmark.png\" alt=\"Inbank\" width=\"169\" height=\"76\" srcset=\"https:\/\/tammetorubbq.ee\/wp-content\/uploads\/2023\/12\/inbank-wordmark.png 300w, https:\/\/tammetorubbq.ee\/wp-content\/uploads\/2023\/12\/inbank-wordmark-18x8.png 18w, https:\/\/tammetorubbq.ee\/wp-content\/uploads\/2023\/12\/inbank-wordmark-64x29.png 64w\" sizes=\"auto, (max-width: 169px) 100vw, 169px\" \/><\/p>\n<p>Tarjoamme my\u00f6s mahdollisuuden maksaa my\u00f6hemmin - yhdess\u00e4, kahdessa tai kolmessa samansuuruisessa er\u00e4ss\u00e4 ilman korkoa tai lis\u00e4maksua.<\/p>\n<p>L\u00f6yd\u00e4t valikoiman eri maksuvaihtoehtoja ostoskoristamme.<\/p>","protected":false},"featured_media":539,"comment_status":"open","ping_status":"closed","template":"","meta":{"_uf_show_specific_survey":0,"_uf_disable_surveys":false},"pwb-brand":[62],"product_brand":[],"product_cat":[53,56],"product_tag":[135,141],"class_list":{"0":"post-538","1":"product","2":"type-product","3":"status-publish","4":"has-post-thumbnail","6":"pwb-brand-traeger","7":"product_cat-grillid","8":"product_cat-pelletgrillid","9":"product_tag-pelletgrillid","10":"product_tag-traeger","12":"first","13":"instock","14":"taxable","15":"shipping-taxable","16":"purchasable","17":"product-type-simple"},"brands":[{"id":62,"name":"Traeger","slug":"traeger"}],"_links":{"self":[{"href":"https:\/\/tammetorubbq.ee\/fi\/wp-json\/wp\/v2\/product\/538","targetHints":{"allow":["GET"]}}],"collection":[{"href":"https:\/\/tammetorubbq.ee\/fi\/wp-json\/wp\/v2\/product"}],"about":[{"href":"https:\/\/tammetorubbq.ee\/fi\/wp-json\/wp\/v2\/types\/product"}],"replies":[{"embeddable":true,"href":"https:\/\/tammetorubbq.ee\/fi\/wp-json\/wp\/v2\/comments?post=538"}],"wp:featuredmedia":[{"embeddable":true,"href":"https:\/\/tammetorubbq.ee\/fi\/wp-json\/wp\/v2\/media\/539"}],"wp:attachment":[{"href":"https:\/\/tammetorubbq.ee\/fi\/wp-json\/wp\/v2\/media?parent=538"}],"wp:term":[{"taxonomy":"pwb-brand","embeddable":true,"href":"https:\/\/tammetorubbq.ee\/fi\/wp-json\/wp\/v2\/pwb-brand?post=538"},{"taxonomy":"product_brand","embeddable":true,"href":"https:\/\/tammetorubbq.ee\/fi\/wp-json\/wp\/v2\/product_brand?post=538"},{"taxonomy":"product_cat","embeddable":true,"href":"https:\/\/tammetorubbq.ee\/fi\/wp-json\/wp\/v2\/product_cat?post=538"},{"taxonomy":"product_tag","embeddable":true,"href":"https:\/\/tammetorubbq.ee\/fi\/wp-json\/wp\/v2\/product_tag?post=538"}],"curies":[{"name":"wp","href":"https:\/\/api.w.org\/{rel}","templated":true}]}}