{"id":542,"date":"2023-12-03T15:21:15","date_gmt":"2023-12-03T13:21:15","guid":{"rendered":"https:\/\/tammetorubbq.ee\/?post_type=product&#038;p=542"},"modified":"2026-04-20T00:00:12","modified_gmt":"2026-04-19T21:00:12","slug":"pellettigrilli-traeger-ranger","status":"publish","type":"product","link":"https:\/\/tammetorubbq.ee\/fi\/product-2\/pellettigrilli-traeger-ranger\/","title":{"rendered":"Pellettigrilli Traeger Ranger"},"content":{"rendered":"<p>Traeger Ranger Pellet Grilli on suunniteltu varmistamaan, ett\u00e4 sinun ei tarvitse koskaan olla ilman herkkuruokaa edes pitkill\u00e4 matkoilla. Mukava ja kompakti Traeger Ranger on aina valmiina seikkailuihin. Kuljetuksen suhteen Traeger on ajatellut kaikkea. Laadukkaasti rakennetussa kannessa on klipsit, jotka sulkevat grillin tiiviisti. Kaikki on turvallisesti s\u00e4ilytetty Rangerissa kuljetusta varten. Kompaktiutensa ansiosta Ranger voidaan nopeasti pakata tavaratilaan. Kompaktista rakenteestaan huolimatta Ranger on t\u00e4ynn\u00e4 tekniikkaa. Rangeria ohjataan k\u00e4ytt\u00e4j\u00e4yst\u00e4v\u00e4llisesti digitaalisella ohjaimella. Ohjausyksikk\u00f6 pit\u00e4\u00e4 asetetun l\u00e4mp\u00f6tilan vakiona. Pellettien poltto tapahtuu t\u00e4ysin automaattisesti. Ajastintoiminnon lis\u00e4ksi Ranger loistaa kyvyll\u00e4\u00e4n kypsent\u00e4\u00e4 lihaa matalassa l\u00e4mp\u00f6tilassa pitk\u00e4\u00e4n. Mukana toimitetulla valurautaisella paistolevyll\u00e4 voi jopa paistaa kananmunan. Se on my\u00f6s hyv\u00e4 pit\u00e4m\u00e4\u00e4n grillattua ruokaa pitk\u00e4\u00e4n l\u00e4mpim\u00e4n\u00e4. L\u00e4mp\u00f6tila-anturin avulla tied\u00e4t aina lihan sis\u00e4l\u00e4mp\u00f6tilan. Traeger Rangerilla voit grillata, paistaa, paistaa, savustaa ja savustaa - kaikki yhdess\u00e4 laitteessa!  Traeger Rangeria voi k\u00e4ytt\u00e4\u00e4 miss\u00e4 tahansa, miss\u00e4 sinulla on s\u00e4hk\u00f6pistorasia - 220V virta.<\/p>\n<p>&nbsp;<\/p>\n<p>L\u00e4mp\u00f6tila-alue 75 - 230 \u00b0C<\/p>\n<p>L\u00e4mp\u00f6tilan s\u00e4\u00e4t\u00f6: digitaalinen ohjauspaneeli<\/p>\n<p>L\u00e4mp\u00f6tilan muutos 5 \u00b0C:n askelin<\/p>\n<p>L\u00e4mp\u00f6tila-antureiden lukum\u00e4\u00e4r\u00e4 1<\/p>\n<p>Pellettikammion tilavuus 3,6 kg<\/p>\n<p>Grillauspinta-ala yhteens\u00e4 1200 cm\u00b2<\/p>\n<p>Grilliritil\u00e4n mitat 30 x 40 cm<\/p>\n<p>Grilliritil\u00e4t 1 \/ Ter\u00e4s, posliinimaalatut<\/p>\n<p>Mitat koottuna (L x K x S) n. 53 x 33 x 51 cm.<\/p>\n<p>Kansi auki (L x K x S) n. 53 x 71 x 51 cm.<\/p>\n<p>Paino 27 kg<\/p>\n<p>Pakkauksen mitat n. 52 x 37 x 57 cm<\/p>\n<p>Materiaali ter\u00e4s, jauhemaalattu - 1 sis\u00e4inen l\u00e4mp\u00f6tila-anturi.<\/p>\n<p>Grillin j\u00e4\u00e4nn\u00f6s + malmrest<\/p>\n<p>Rasvanerotin ulkopuolella<\/p>\n<p>&nbsp;<\/p>\n<p><strong>Tekniset tiedot<\/strong><\/p>\n<p>Keittopinta: 1225 cm\u00b2<\/p>\n<p>Grillauspinta: 25 x 49 cm<\/p>\n<p>Grillin mitat: 53 x 51 x 33 cm<\/p>\n<p>Paino 27 kg<\/p>","protected":false},"excerpt":{"rendered":"<ul>\n<li>Traeger Ranger kannettava pieni ns. portfell pellettigrilli.<\/li>\n<li>Mukavan kokoisessa Ranger-grilliss\u00e4 on valurautainen paistopinta, joka lis\u00e4\u00e4 l\u00e4mp\u00f6\u00e4 ja makua ruokaan.<\/li>\n<li>Pellettikammioon mahtuu 3,6 kg Traeger-pellettej\u00e4, joten \"polttoainetta\" riitt\u00e4\u00e4 tuntikausien grillaamiseen. K\u00e4ytt\u00e4m\u00e4ll\u00e4 Traeger-pellettej\u00e4 varmistat, ett\u00e4 grilli toimii kunnolla.<\/li>\n<li>L\u00e4mp\u00f6tilaa voidaan s\u00e4\u00e4t\u00e4\u00e4 laajasti 230 \u00b0C:een asti.<\/li>\n<li>Grillin LED-n\u00e4yt\u00f6n avulla voit seurata grillin sis\u00e4l\u00e4mp\u00f6tilaa avaamatta kantta. Sen mukana toimitetaan l\u00e4mp\u00f6tila-anturi.<\/li>\n<\/ul>\n<p><img loading=\"lazy\" decoding=\"async\" class=\"wp-image-1509\" src=\"http:\/\/tammetorubbq.ee\/wp-content\/uploads\/2024\/03\/traeger-grills-logo-vector-300x167.png\" alt=\"Traegerin logo\" width=\"165\" height=\"92\" srcset=\"https:\/\/tammetorubbq.ee\/wp-content\/uploads\/2024\/03\/traeger-grills-logo-vector-300x167.png 300w, https:\/\/tammetorubbq.ee\/wp-content\/uploads\/2024\/03\/traeger-grills-logo-vector-768x427.png 768w, https:\/\/tammetorubbq.ee\/wp-content\/uploads\/2024\/03\/traeger-grills-logo-vector-18x10.png 18w, https:\/\/tammetorubbq.ee\/wp-content\/uploads\/2024\/03\/traeger-grills-logo-vector-600x333.png 600w, https:\/\/tammetorubbq.ee\/wp-content\/uploads\/2024\/03\/traeger-grills-logo-vector-64x36.png 64w, https:\/\/tammetorubbq.ee\/wp-content\/uploads\/2024\/03\/traeger-grills-logo-vector.png 900w\" sizes=\"auto, (max-width: 165px) 100vw, 165px\" \/><\/p>\n<p>&nbsp;<\/p>\n<p><a href=\"https:\/\/tammetorubbq.ee\/fi\/maksa-myohemmin\/\"><strong>OSTA NYT, MAKSA MY\u00d6HEMMIN<\/strong><\/a>\u00a0- korotonta!<\/p>\n<p><img loading=\"lazy\" decoding=\"async\" class=\"alignnone wp-image-2646\" src=\"http:\/\/tammetorubbq.ee\/wp-content\/uploads\/2023\/12\/inbank-wordmark.png\" alt=\"Inbank\" width=\"169\" height=\"76\" srcset=\"https:\/\/tammetorubbq.ee\/wp-content\/uploads\/2023\/12\/inbank-wordmark.png 300w, https:\/\/tammetorubbq.ee\/wp-content\/uploads\/2023\/12\/inbank-wordmark-18x8.png 18w, https:\/\/tammetorubbq.ee\/wp-content\/uploads\/2023\/12\/inbank-wordmark-64x29.png 64w\" sizes=\"auto, (max-width: 169px) 100vw, 169px\" \/><\/p>\n<p>Tarjoamme my\u00f6s mahdollisuuden maksaa my\u00f6hemmin - yhdess\u00e4, kahdessa tai kolmessa samansuuruisessa er\u00e4ss\u00e4 ilman korkoa tai lis\u00e4maksua.<\/p>\n<p>L\u00f6yd\u00e4t valikoiman eri maksuvaihtoehtoja ostoskoristamme.<\/p>","protected":false},"featured_media":543,"comment_status":"open","ping_status":"closed","template":"","meta":{"_uf_show_specific_survey":0,"_uf_disable_surveys":false},"pwb-brand":[62],"product_brand":[],"product_cat":[53,56],"product_tag":[135,141],"class_list":{"0":"post-542","1":"product","2":"type-product","3":"status-publish","4":"has-post-thumbnail","6":"pwb-brand-traeger","7":"product_cat-grillid","8":"product_cat-pelletgrillid","9":"product_tag-pelletgrillid","10":"product_tag-traeger","12":"first","13":"instock","14":"taxable","15":"shipping-taxable","16":"purchasable","17":"product-type-simple"},"brands":[{"id":62,"name":"Traeger","slug":"traeger"}],"_links":{"self":[{"href":"https:\/\/tammetorubbq.ee\/fi\/wp-json\/wp\/v2\/product\/542","targetHints":{"allow":["GET"]}}],"collection":[{"href":"https:\/\/tammetorubbq.ee\/fi\/wp-json\/wp\/v2\/product"}],"about":[{"href":"https:\/\/tammetorubbq.ee\/fi\/wp-json\/wp\/v2\/types\/product"}],"replies":[{"embeddable":true,"href":"https:\/\/tammetorubbq.ee\/fi\/wp-json\/wp\/v2\/comments?post=542"}],"wp:featuredmedia":[{"embeddable":true,"href":"https:\/\/tammetorubbq.ee\/fi\/wp-json\/wp\/v2\/media\/543"}],"wp:attachment":[{"href":"https:\/\/tammetorubbq.ee\/fi\/wp-json\/wp\/v2\/media?parent=542"}],"wp:term":[{"taxonomy":"pwb-brand","embeddable":true,"href":"https:\/\/tammetorubbq.ee\/fi\/wp-json\/wp\/v2\/pwb-brand?post=542"},{"taxonomy":"product_brand","embeddable":true,"href":"https:\/\/tammetorubbq.ee\/fi\/wp-json\/wp\/v2\/product_brand?post=542"},{"taxonomy":"product_cat","embeddable":true,"href":"https:\/\/tammetorubbq.ee\/fi\/wp-json\/wp\/v2\/product_cat?post=542"},{"taxonomy":"product_tag","embeddable":true,"href":"https:\/\/tammetorubbq.ee\/fi\/wp-json\/wp\/v2\/product_tag?post=542"}],"curies":[{"name":"wp","href":"https:\/\/api.w.org\/{rel}","templated":true}]}}