{"id":545,"date":"2023-12-03T15:23:59","date_gmt":"2023-12-03T13:23:59","guid":{"rendered":"https:\/\/tammetorubbq.ee\/?post_type=product&#038;p=545"},"modified":"2026-04-19T20:00:34","modified_gmt":"2026-04-19T17:00:34","slug":"pellettigrilli-traeger-timberline-d2-850-eol-wifi","status":"publish","type":"product","link":"https:\/\/tammetorubbq.ee\/fi\/product-2\/pellettigrilli-traeger-timberline-d2-850-eol-wifi\/","title":{"rendered":"Pellettigrilli Traeger Timberline D2 850 EOL WIFI Pellettigrilli Traeger Timberline D2 850 EOL WIFI"},"content":{"rendered":"<p>Traeger Timberline 850 -grilliss\u00e4 on tiiviisti suljettu, kaksoispinnoitettu grillirunko, joka mahdollistaa l\u00e4mm\u00f6n ja aromien siirtymisen ruokaan.<\/p>\n<p>Tynnyrin muotoinen grillirunko on valmistettu korkealaatuisesta jauhemaalatusta ter\u00e4ksest\u00e4.<\/p>\n<p>Grilliss\u00e4 on kaksi tasoa posliiniemaloituja ter\u00e4saukkoja, jotka ovat helposti irrotettavissa.<\/p>\n<p>Traeger Timberline on varustettu WIFIRE\u00ae-toiminnolla. Voit hallita grilli\u00e4 ja sen l\u00e4mp\u00f6tilaa helposti puhelimestasi Traeger App -sovelluksella. Voit my\u00f6s ladata Traeger App -sovelluksella reseptej\u00e4 grilliin.<\/p>\n<p>L\u00e4mp\u00f6tilan s\u00e4\u00e4t\u00f6 75 \u00b0C:sta 260 \u00b0C:een. L\u00e4mp\u00f6tila-anturi sis\u00e4ltyy.<\/p>\n<p>D2\u00ae-teknologian voimansiirto ja TurboTemp-l\u00e4mm\u00f6ns\u00e4\u00e4t\u00f6 l\u00e4mmitt\u00e4v\u00e4t grillin nopeammin.<\/p>\n<p>Pellettis\u00e4ili\u00f6n tilavuus 11 kg. Pellettien tyhjennysaukon avulla voit tyhjent\u00e4\u00e4 pelletit nopeasti ja t\u00e4ytt\u00e4\u00e4 pellettis\u00e4ili\u00f6n uudelleen ruoanlaittoon sopivimmilla pelleteill\u00e4.<\/p>\n<p>&nbsp;<\/p>\n<p>WOOD CHECKER -ilmaisin n\u00e4ytt\u00e4\u00e4 s\u00e4ili\u00f6ss\u00e4 olevien pellettien m\u00e4\u00e4r\u00e4n.<\/p>\n<p>GRILLIN OHJAUSJ\u00c4RJESTELM\u00c4 (Traeger-sovelluksen kautta).<\/p>\n<p>Traeger TRU CONVECTION\u00ae -j\u00e4rjestelm\u00e4 - kypsent\u00e4\u00e4 ruokaa jopa 20% nopeammin.<\/p>\n<p>SUPER SMOKE -toiminto luo t\u00e4ydellisen savuaromin (75\u00b0C-105\u00b0C) pyynn\u00f6st\u00e4.<\/p>\n<p>KEEP WARM -toiminto pit\u00e4\u00e4 ruoan oikeassa l\u00e4mp\u00f6tilassa tarjoiluun asti.<\/p>\n<p>&nbsp;<\/p>\n<p>Timberline 850 -pellettigrilli on Traegerin sovellusohjattu malli. Nyt voit grillata nojatuolista k\u00e4sin! D2 WiFi-ohjaimen ja vastaavan sovelluksen avulla voit hallita savun m\u00e4\u00e4r\u00e4\u00e4, l\u00e4mp\u00f6\u00e4, kytke\u00e4 laitteen p\u00e4\u00e4lle ja pois p\u00e4\u00e4lt\u00e4, asettaa grillausajan jne. Nyt voit nauttia grillist\u00e4si mukavasti istuimestasi k\u00e4sin. L\u00e4mp\u00f6tilan voi s\u00e4\u00e4t\u00e4\u00e4 74\u00b0C:sta 260\u00b0C:een (s\u00e4\u00e4t\u00f6askel 5\u00b0C). Pellettigrilli on varustettu kolminkertaisella ruostumattomasta ter\u00e4ksest\u00e4 valmistetulla ritil\u00e4j\u00e4rjestelm\u00e4ll\u00e4, joka lis\u00e4\u00e4 merkitt\u00e4v\u00e4sti grillattavien tuotteiden m\u00e4\u00e4r\u00e4\u00e4. Grillaa, savusta, paista, hauduta, paahda tai valmista klassinen grilli, kaikki luonnollisilla puupelleteill\u00e4. Valitse sopiva pelletti (saatavilla on kuusi eri puulajia), t\u00e4yt\u00e4 s\u00e4ili\u00f6 ja valitse sovelluksen resepteist\u00e4 mieleisesi resepti. Valmista grilli ohjeiden mukaan ja napsauta \"COOK NEW \" -linkki\u00e4, niin loput tehd\u00e4\u00e4n puolestasi. Noin nelj\u00e4ss\u00e4 minuutissa pelletit ovat valmiina ja grillaus voi alkaa. Kierukkakisko ty\u00f6nt\u00e4\u00e4 pelletit tulipes\u00e4\u00e4n ja syttyy automaattisesti. Erityinen tuuletin pit\u00e4\u00e4 pelletit hehkumassa kuin miniatyyrisess\u00e4 takomossa. Grillin kaareva runko takaa t\u00e4ydellisen l\u00e4mp\u00f6tilan ja savun jakautumisen koko grillauspinnalle. Tippuva rasva ja muut grillij\u00e4tteet valuvat poistokanavaan ja sielt\u00e4 grillin pohjassa olevaan erityiseen rasvakaukaloon. Kokeneemmille suosittelemme grilliritil\u00e4n alapuolen peitt\u00e4mist\u00e4 foliolla, jotta grilli pysyy l\u00e4hes huoltovapaana.<\/p>\n<p>&nbsp;<\/p>\n<p>Grillin sis\u00e4l\u00e4mp\u00f6tilan valvomiseksi se on varustettu erityisell\u00e4 automaattisella j\u00e4rjestelm\u00e4ll\u00e4, joka tarkistaa l\u00e4mp\u00f6tilan 50 kertaa minuutissa.<\/p>\n<p>Ruoan sis\u00e4l\u00e4mp\u00f6tila voidaan puolestaan tarkistaa vankalla l\u00e4mp\u00f6tila-anturilla.<\/p>\n<p>&nbsp;<\/p>\n<p><strong>ERINOMAINEN L\u00c4MM\u00d6NJAKO<\/strong><\/p>\n<p>Kierukka on p\u00e4\u00e4llystetty erityisell\u00e4 levyll\u00e4, joka jakaa l\u00e4mm\u00f6n tasaisesti koko grilliin. Py\u00f6re\u00e4 muoto auttaa l\u00e4mp\u00f6\u00e4 ja savua levi\u00e4m\u00e4\u00e4n kaikkialle. Uutuutena grillin kansi on kaksoisvaipallinen, mik\u00e4 v\u00e4hent\u00e4\u00e4 energiankulutusta ja on suuri etu talvella grillattaessa.<\/p>\n<p>&nbsp;<\/p>\n<p><strong>AUTOMAATTINEN PELLETTIBUNKKERI<\/strong><\/p>\n<p>T\u00e4yt\u00e4 s\u00e4ili\u00f6 \u00e4\u00e4ri\u00e4\u00e4n my\u00f6ten pelleteill\u00e4, ja s\u00e4ili\u00f6n pohjassa oleva kierukkaveto varmistaa, ett\u00e4 polttokammioon p\u00e4\u00e4see oikea m\u00e4\u00e4r\u00e4 pellettej\u00e4 valittua l\u00e4mp\u00f6tilaa varten.<\/p>\n<p>Pellettis\u00e4ili\u00f6n tilavuus 10,98kg<\/p>\n<p>&nbsp;<\/p>\n<p><strong>AUTOMAATIO<\/strong><\/p>\n<p>Erityinen sytytin sytytt\u00e4\u00e4 pelletit palotilassa. Kylm\u00e4n oluen juomisen sijaan grilli hoitaa tyls\u00e4n sytytysprosessin itse.<\/p>\n<p>&nbsp;<\/p>\n<p><strong>ENERGIA<\/strong><\/p>\n<p>Kytke grilli s\u00e4hk\u00f6verkkoon. S\u00e4hk\u00f6\u00e4 tarvitaan ohjauskotelon ja l\u00e4mmittimen puhaltimen toimintaan. Innovatiivinen TRU Comvection System -j\u00e4rjestelm\u00e4 takaa tasaisen l\u00e4mm\u00f6n ja savun jakautumisen koko grilliss\u00e4.<br \/>\nVirrankulutus: 300 wattia ensimm\u00e4isten nelj\u00e4n minuutin aikana ja vain 50 wattia lopun kypsennysajan aikana.<\/p>\n<p>&nbsp;<\/p>\n<p><strong>AUTOMAATTINEN SAMMUTUS<\/strong><\/p>\n<p>Kun grillaus on p\u00e4\u00e4ttynyt, puhallin k\u00e4y viel\u00e4 viisi minuuttia, jolloin polttopunkki tyhjennet\u00e4\u00e4n tuhkasta ja hehkuvat pelletit sammutetaan.<\/p>\n<p>&nbsp;<\/p>\n<p><strong>TAKUU<\/strong><\/p>\n<p>Traegerin pellettigrilleill\u00e4 on kolmen vuoden takuu.<\/p>\n<p>&nbsp;<\/p>\n<p><strong>LEIVONTA-ALUSTAT<\/strong><\/p>\n<p>Paistotelineet on valmistettu helposti puhdistettavasta ruostumattomasta ter\u00e4ksest\u00e4.<\/p>\n<p>Keittoala: 5480 cm\u00b2<\/p>\n<p>Levyjen mitat:<br \/>\n- ensimm\u00e4inen eli alempi taso 56 x 40cm<br \/>\n- toinen taso 56 x 36cm<br \/>\n- kolmas taso 56 x 23 cm<\/p>\n<p>&nbsp;<\/p>\n<p><strong>Tekniset tiedot<\/strong><br \/>\nKeittoala: 5480 cm\u00b2<\/p>\n<p>Grillauspinta: 56 x 40 cm ja 56 x 36 cm ja 56 x 23 cm.<\/p>\n<p>Piipun halkaisija 55 cm<\/p>\n<p>Grillin mitat (koottuna): n. 1171 x 694 x 1209 mm.<\/p>\n<p>Laatikon mitat: noin 1100 x 790 x 570 mm.<\/p>\n<p>Paino: 96,5 kg<\/p>\n<p>&nbsp;<\/p>\n<p>&nbsp;<\/p>\n<p><strong>VIDEO<\/strong><\/p>\n<p><a href=\"https:\/\/www.traeger.com\/pellet-grills\/timberline\/850\" target=\"_blank\" rel=\"noopener\">https:\/\/www.traeger.com\/pellet-grills\/timberline\/850<\/a><\/p>\n<p>&nbsp;<\/p>\n<p><strong>TRAEGER MOBILE APP (SOVELLUS)<\/strong><\/p>\n<p><a href=\"https:\/\/play.google.com\/store\/apps\/details?id=com.traegergrills.app\" target=\"_blank\" rel=\"noopener\">https:\/\/play.google.com\/store\/apps\/details?id=com.traegergrills.app<\/a><\/p>","protected":false},"excerpt":{"rendered":"<p>Traeger Timberline 850 -grilliss\u00e4 on tiiviisti suljettu, kaksoispinnoitettu grillirunko, joka mahdollistaa l\u00e4mm\u00f6n ja aromien siirtymisen ruokaan.<\/p>\n<p>Tynnyrin muotoinen grillirunko on valmistettu korkealaatuisesta jauhemaalatusta ter\u00e4ksest\u00e4.<\/p>\n<p><img loading=\"lazy\" decoding=\"async\" class=\"wp-image-1509\" src=\"http:\/\/tammetorubbq.ee\/wp-content\/uploads\/2024\/03\/traeger-grills-logo-vector-300x167.png\" alt=\"Traegerin logo\" width=\"165\" height=\"92\" srcset=\"https:\/\/tammetorubbq.ee\/wp-content\/uploads\/2024\/03\/traeger-grills-logo-vector-300x167.png 300w, https:\/\/tammetorubbq.ee\/wp-content\/uploads\/2024\/03\/traeger-grills-logo-vector-768x427.png 768w, https:\/\/tammetorubbq.ee\/wp-content\/uploads\/2024\/03\/traeger-grills-logo-vector-18x10.png 18w, https:\/\/tammetorubbq.ee\/wp-content\/uploads\/2024\/03\/traeger-grills-logo-vector-600x333.png 600w, https:\/\/tammetorubbq.ee\/wp-content\/uploads\/2024\/03\/traeger-grills-logo-vector-64x36.png 64w, https:\/\/tammetorubbq.ee\/wp-content\/uploads\/2024\/03\/traeger-grills-logo-vector.png 900w\" sizes=\"auto, (max-width: 165px) 100vw, 165px\" \/><\/p>\n<p>&nbsp;<\/p>\n<p><a href=\"https:\/\/tammetorubbq.ee\/fi\/maksa-myohemmin\/\"><strong>OSTA NYT, MAKSA MY\u00d6HEMMIN<\/strong><\/a>\u00a0- korotonta!<\/p>\n<p><img loading=\"lazy\" decoding=\"async\" class=\"alignnone wp-image-2646\" src=\"http:\/\/tammetorubbq.ee\/wp-content\/uploads\/2023\/12\/inbank-wordmark.png\" alt=\"Inbank\" width=\"169\" height=\"76\" srcset=\"https:\/\/tammetorubbq.ee\/wp-content\/uploads\/2023\/12\/inbank-wordmark.png 300w, https:\/\/tammetorubbq.ee\/wp-content\/uploads\/2023\/12\/inbank-wordmark-18x8.png 18w, https:\/\/tammetorubbq.ee\/wp-content\/uploads\/2023\/12\/inbank-wordmark-64x29.png 64w\" sizes=\"auto, (max-width: 169px) 100vw, 169px\" \/><\/p>\n<p>Tarjoamme my\u00f6s mahdollisuuden maksaa my\u00f6hemmin - yhdess\u00e4, kahdessa tai kolmessa samansuuruisessa er\u00e4ss\u00e4 ilman korkoa tai lis\u00e4maksua.<\/p>\n<p>L\u00f6yd\u00e4t valikoiman eri maksuvaihtoehtoja ostoskoristamme.<\/p>","protected":false},"featured_media":546,"comment_status":"open","ping_status":"closed","template":"","meta":{"_uf_show_specific_survey":0,"_uf_disable_surveys":false},"pwb-brand":[62],"product_brand":[],"product_cat":[53,20,56],"product_tag":[135,141],"class_list":{"0":"post-545","1":"product","2":"type-product","3":"status-publish","4":"has-post-thumbnail","6":"pwb-brand-traeger","7":"product_cat-grillid","8":"product_cat-kampaania","9":"product_cat-pelletgrillid","10":"product_tag-pelletgrillid","11":"product_tag-traeger","13":"first","14":"instock","15":"sale","16":"taxable","17":"shipping-taxable","18":"purchasable","19":"product-type-simple"},"brands":[{"id":62,"name":"Traeger","slug":"traeger"}],"_links":{"self":[{"href":"https:\/\/tammetorubbq.ee\/fi\/wp-json\/wp\/v2\/product\/545","targetHints":{"allow":["GET"]}}],"collection":[{"href":"https:\/\/tammetorubbq.ee\/fi\/wp-json\/wp\/v2\/product"}],"about":[{"href":"https:\/\/tammetorubbq.ee\/fi\/wp-json\/wp\/v2\/types\/product"}],"replies":[{"embeddable":true,"href":"https:\/\/tammetorubbq.ee\/fi\/wp-json\/wp\/v2\/comments?post=545"}],"wp:featuredmedia":[{"embeddable":true,"href":"https:\/\/tammetorubbq.ee\/fi\/wp-json\/wp\/v2\/media\/546"}],"wp:attachment":[{"href":"https:\/\/tammetorubbq.ee\/fi\/wp-json\/wp\/v2\/media?parent=545"}],"wp:term":[{"taxonomy":"pwb-brand","embeddable":true,"href":"https:\/\/tammetorubbq.ee\/fi\/wp-json\/wp\/v2\/pwb-brand?post=545"},{"taxonomy":"product_brand","embeddable":true,"href":"https:\/\/tammetorubbq.ee\/fi\/wp-json\/wp\/v2\/product_brand?post=545"},{"taxonomy":"product_cat","embeddable":true,"href":"https:\/\/tammetorubbq.ee\/fi\/wp-json\/wp\/v2\/product_cat?post=545"},{"taxonomy":"product_tag","embeddable":true,"href":"https:\/\/tammetorubbq.ee\/fi\/wp-json\/wp\/v2\/product_tag?post=545"}],"curies":[{"name":"wp","href":"https:\/\/api.w.org\/{rel}","templated":true}]}}