{"id":5492,"date":"2026-02-13T15:25:33","date_gmt":"2026-02-13T13:25:33","guid":{"rendered":"https:\/\/tammetorubbq.ee\/?post_type=product&#038;p=5492"},"modified":"2026-04-04T16:01:24","modified_gmt":"2026-04-04T13:01:24","slug":"proq-kulmsuitsupuru-pook-kott-12l","status":"publish","type":"product","link":"https:\/\/tammetorubbq.ee\/fi\/product-2\/proq-kulmsuitsupuru-pook-kott-12l\/","title":{"rendered":"ProQ k\u00fclmsuitsupuru \u2013 P\u00d6\u00d6K \u2013 kott 1,2L"},"content":{"rendered":"<h3 data-start=\"89\" data-end=\"130\"><strong>Parhaat vinkit kylm\u00e4\u00e4n tupakointiin<\/strong><\/h3>\n<p data-start=\"132\" data-end=\"397\"><strong data-start=\"132\" data-end=\"149\">Savustuspurut<\/strong><br data-start=\"149\" data-end=\"152\" \/>Nurmikon on oltava puhdas ja kuiva. Kostea hake ei pala kunnolla. S\u00e4ilyt\u00e4 purut kuivassa tilassa, kuivaa ne tarvittaessa mikroaaltouunissa (30 sekuntia kovalla l\u00e4mm\u00f6ll\u00e4) tai uunissa (90 \u00b0C 30 min. ajan). Jos purut eiv\u00e4t pala tasaisesti, k\u00e4yt\u00e4 kerroksittain 20% tammilastuja.<\/p>\n<p data-start=\"399\" data-end=\"603\"><strong data-start=\"399\" data-end=\"415\">Savukammio<\/strong><br data-start=\"415\" data-end=\"418\" \/>ProQ-generaattori toimii kaikissa kannellisissa grilleiss\u00e4 ja my\u00f6s kotitekoisissa savustuslaatikoissa. Kammion ei tarvitse olla ilmatiivis - tarvitaan vain pient\u00e4 ilmavirtausta alhaalta yl\u00f6sp\u00e4in.<\/p>\n<p data-start=\"605\" data-end=\"804\"><strong data-start=\"605\" data-end=\"622\">Valmistautuminen<\/strong><br data-start=\"622\" data-end=\"625\" \/>Tarkista, ettei generaattori ole vaurioitunut. T\u00e4yt\u00e4 purukumilla, napauta tasaiselle alustalle, paina kevyesti ja tasoita labyrintti sormella keskelt\u00e4, j\u00e4tt\u00e4en pintakerros hieman l\u00f6ys\u00e4ksi.<\/p>\n<p data-start=\"806\" data-end=\"1069\"><strong data-start=\"806\" data-end=\"819\">Sensuuri<\/strong><br data-start=\"819\" data-end=\"822\" \/>Aseta teelamppu tai suuntaa keitti\u00f6n poltin liekki\u00e4 kohti nurkkaan. Kun poltin syttyy, poista kynttil\u00e4 ja anna generaattorin palaa ulkona 5-10 minuuttia. Aseta se sitten savukammioon ja tarkista 30 minuutin kuluttua, ettei savu ole sammunut tai hyp\u00e4nnyt seuraavaan kanavaan.<\/p>\n<p data-start=\"1071\" data-end=\"1280\"><strong data-start=\"1071\" data-end=\"1092\">Kaasutuksen aikana<\/strong><br data-start=\"1092\" data-end=\"1095\" \/>Seuraa savun etenemist\u00e4 erityisesti pitk\u00e4n prosessin aikana. K\u00e4yt\u00e4 k\u00e4sineit\u00e4, kun poistat - generaattori voi olla kuuma. Kylm\u00e4savustus alle 21 \u00b0C:n l\u00e4mp\u00f6tiloissa, mieluiten viile\u00e4\u00e4n aikaan tai y\u00f6ll\u00e4.<\/p>\n<p data-start=\"1282\" data-end=\"1441\"><strong data-start=\"1282\" data-end=\"1297\">Puhdistus<\/strong><br data-start=\"1297\" data-end=\"1300\" \/>Tyhjenn\u00e4 tuhka palamattomaan astiaan. Jos hartsia tai nokea kertyy, liota generaattori saippuavedess\u00e4, harjaa ja kuivaa huolellisesti.<\/p>","protected":false},"excerpt":{"rendered":"<p data-start=\"60\" data-end=\"301\">100% ProQ-savustuslastut ovat luonnollisia ja kemikaalittomia, erityisesti kylm\u00e4savustukseen suunniteltuja.<\/p>\n<p data-start=\"60\" data-end=\"301\">Se antaa ruoalle hienon ja aromaattisen savun maun ja sopii erinomaisesti juuston, kalan, kinkun, pekonin, voin, suolan ja valkosipulin savustamiseen.<\/p>\n<p data-start=\"303\" data-end=\"526\" data-is-last-node=\"\" data-is-only-node=\"\">Hienoksi jauhetut lastut palavat hitaasti ja tasaisesti, mik\u00e4 takaa vakaan ja puhtaan savun koko savustusprosessin ajan.<\/p>\n<p data-start=\"303\" data-end=\"526\" data-is-last-node=\"\" data-is-only-node=\"\">Eriti mugav on seda kasutada koos\u00a0<a href=\"https:\/\/tammetorubbq.ee\/fi\/tuotetunniste\/kulmsuitsu-generaator\/\">kylm\u00e4savugeneraattorilla<\/a>, mutta se on yhteensopiva my\u00f6s muiden vastaavien laitteiden kanssa.<\/p>\n<p data-start=\"303\" data-end=\"526\" data-is-last-node=\"\" data-is-only-node=\"\"><img loading=\"lazy\" decoding=\"async\" class=\"\" src=\"http:\/\/tammetorubbq.ee\/wp-content\/uploads\/2023\/11\/Pro-Q.svg\" width=\"176\" height=\"103\" \/><\/p>","protected":false},"featured_media":5493,"comment_status":"closed","ping_status":"closed","template":"","meta":{"_uf_show_specific_survey":0,"_uf_disable_surveys":false},"pwb-brand":[75],"product_brand":[],"product_cat":[59],"product_tag":[313,312],"class_list":{"0":"post-5492","1":"product","2":"type-product","3":"status-publish","4":"has-post-thumbnail","6":"pwb-brand-proq","7":"product_cat-suitsuklotsid","8":"product_tag-kulmsuitsupuru","9":"product_tag-kulmsuitsutamine","11":"first","12":"instock","13":"taxable","14":"shipping-taxable","15":"purchasable","16":"product-type-simple"},"brands":[{"id":75,"name":"ProQ","slug":"proq"}],"_links":{"self":[{"href":"https:\/\/tammetorubbq.ee\/fi\/wp-json\/wp\/v2\/product\/5492","targetHints":{"allow":["GET"]}}],"collection":[{"href":"https:\/\/tammetorubbq.ee\/fi\/wp-json\/wp\/v2\/product"}],"about":[{"href":"https:\/\/tammetorubbq.ee\/fi\/wp-json\/wp\/v2\/types\/product"}],"replies":[{"embeddable":true,"href":"https:\/\/tammetorubbq.ee\/fi\/wp-json\/wp\/v2\/comments?post=5492"}],"wp:featuredmedia":[{"embeddable":true,"href":"https:\/\/tammetorubbq.ee\/fi\/wp-json\/wp\/v2\/media\/5493"}],"wp:attachment":[{"href":"https:\/\/tammetorubbq.ee\/fi\/wp-json\/wp\/v2\/media?parent=5492"}],"wp:term":[{"taxonomy":"pwb-brand","embeddable":true,"href":"https:\/\/tammetorubbq.ee\/fi\/wp-json\/wp\/v2\/pwb-brand?post=5492"},{"taxonomy":"product_brand","embeddable":true,"href":"https:\/\/tammetorubbq.ee\/fi\/wp-json\/wp\/v2\/product_brand?post=5492"},{"taxonomy":"product_cat","embeddable":true,"href":"https:\/\/tammetorubbq.ee\/fi\/wp-json\/wp\/v2\/product_cat?post=5492"},{"taxonomy":"product_tag","embeddable":true,"href":"https:\/\/tammetorubbq.ee\/fi\/wp-json\/wp\/v2\/product_tag?post=5492"}],"curies":[{"name":"wp","href":"https:\/\/api.w.org\/{rel}","templated":true}]}}