{"id":550,"date":"2023-12-03T15:26:30","date_gmt":"2023-12-03T13:26:30","guid":{"rendered":"https:\/\/tammetorubbq.ee\/?post_type=product&#038;p=550"},"modified":"2026-04-16T16:00:25","modified_gmt":"2026-04-16T13:00:25","slug":"pellettigrilli-traeger-timberline-xl-int-induktiokeittotasolla","status":"publish","type":"product","link":"https:\/\/tammetorubbq.ee\/fi\/product-2\/pellettigrilli-traeger-timberline-xl-int-induktiokeittotasolla\/","title":{"rendered":"Pellettigrilli Traeger Timberline XL Int induktiokeittotasolla"},"content":{"rendered":"<p>Nosta ruoanlaitto uudelle tasolle uusilla Timberline- ja Ironwood-grilleill\u00e4, jotka on varustettu edistyksellisill\u00e4 ominaisuuksilla, jotka takaavat loistavat tulokset joka kerta.<\/p>\n<p>Monipuoliset P.A.L. Pop-And-Lock\u00ae -r\u00e4\u00e4t\u00e4l\u00f6intimahdollisuudet auttavat sinua luomaan t\u00e4ydellisen grillin ruoanlaittotyyliisi.<\/p>\n<p>Smart Combustion\u2122-palamisen optimointitekniikka.<\/p>\n<p>T\u00e4ysin eristetty kaksoisvaipparakenne.<\/p>\n<p>Traeger Induction\u00ae -induktioliesi.<\/p>\n<p>EZ-Clean\u2122 uusi tuhkan ja rasvan ker\u00e4ysj\u00e4rjestelm\u00e4.<\/p>\n<p>WiFIRE\u00ae-yhteys\/sovellus, Super Smoke\u00ae-avustustoiminto. V\u00e4rillinen kosketusn\u00e4ytt\u00f6.<\/p>\n<p>ModiFIRE\u00ae -grilliritil\u00e4t, -rungot ja -alustat, jotka ovat yhteensopivia ModiFIRE\u00ae -grillien kanssa. Grillausvalo.<\/p>\n<p>Voidaan integroida huonekaluihin.<\/p>\n<p>10 vuoden rajoitettu takuu.<\/p>\n<p>&nbsp;<\/p>\n<p>Traegerin WiFIRE\u00ae-teknologian ansiosta voit hallita grilli\u00e4si miss\u00e4 ja milloin tahansa Traegerin \u00e4lykk\u00e4\u00e4n sovelluksen avulla. S\u00e4\u00e4d\u00e4 grillin l\u00e4mp\u00f6tilaa, hallitse ruokaa, aseta ajastimia ja muistutuksia, selaa yli 1600 alkuper\u00e4ist\u00e4 resepti\u00e4, kaikki puhelimellasi. Voit jopa ohjata grilli\u00e4 \u00e4\u00e4nikomennoilla Alexa\u00ae:n tai Google Home\u00ae:n kautta.<\/p>\n<p>Traegeri\u00a0<em>ModiFIRE\u00ae<\/em>\u00a0lis\u00e4varusteiden avulla voit helposti lis\u00e4t\u00e4 ja vaihtaa erilaisia keittotasoja, ja uusi.\u00a0<em>P.A.L. Pop-And-Lock\u00ae.<\/em>\u00a0lis\u00e4varustej\u00e4rjestelm\u00e4n avulla voit helposti konfiguroida hyllyt, s\u00e4ilytyslaatikot, lis\u00e4varustekoukut ja paljon muuta.<\/p>\n<p>My\u00f6s siisteydest\u00e4 on tullut tarpeetonta - rasva ja tuhka ker\u00e4\u00e4ntyv\u00e4t nyt yhteen, helposti saatavilla olevaan s\u00e4ili\u00f6\u00f6n, mik\u00e4 tekee siivoamisesta eritt\u00e4in helppoa. Heit\u00e4t t\u00e4hteet yksinkertaisesti pois yhdell\u00e4 folionpalalla.<\/p>\n<p>Traeger ei ole j\u00e4tt\u00e4nyt huomiotta yht\u00e4k\u00e4\u00e4n yksityiskohtaa, mik\u00e4 tarkoittaa, ett\u00e4 laadukkaat materiaalit ja k\u00e4sity\u00f6taito n\u00e4kyv\u00e4t jokaisessa neli\u00f6senttimetriss\u00e4. Kun t\u00e4h\u00e4n lis\u00e4t\u00e4\u00e4n eritt\u00e4in vankka rakenne ja kunnolliset materiaalit, saat maailman parhaan pellettigrillin t\u00e4ll\u00e4 hetkell\u00e4.<\/p>\n<p><u>\u00a0<\/u><\/p>\n<p><strong>Grillin tekniset ominaisuudet<\/strong><\/p>\n<p><em>\u00c4lyk\u00e4s palaminen\u2122<\/em>\u00a0teknologia - eritt\u00e4in tarkka l\u00e4mp\u00f6tilan s\u00e4\u00e4t\u00f6 ja yll\u00e4pito<\/p>\n<p>L\u00e4mp\u00f6tilan s\u00e4\u00e4t\u00f6: 75 - 260\u00b0C<\/p>\n<p>EvenFlow\u2122 Heat Shield -eristetty kaksisein\u00e4inen rakenne<\/p>\n<p><em>SwiftStart\u2122<\/em>\u00a0keraaminen k\u00e4ynnistin nopeaa k\u00e4ynnistyst\u00e4 varten<\/p>\n<p><em>FreeFlow\u2122<\/em>\u00a0tulipes\u00e4 lis\u00e4\u00e4 savun m\u00e4\u00e4r\u00e4\u00e4 ja v\u00e4hent\u00e4\u00e4 tuhkan kertymist\u00e4.<\/p>\n<p><em>Super Smoke\u00ae<\/em>\u00a0tupakointi<\/p>\n<p><em>Traeger Downdraft Exhaust\u00ae<\/em>\u00a0savunpoisto<\/p>\n<p>WiFi\u00ae-teknologia - tekee grillist\u00e4si \"\u00e4lykk\u00e4\u00e4n grillin\", jonka avulla voit hallita grilli\u00e4si mist\u00e4 tahansa.<\/p>\n<p><em>ModiFIRE\u00ae<\/em>\u00a0lis\u00e4varusteet mahdollistavat helpon vaihtamisen eri paistopintojen tai grillien v\u00e4lill\u00e4.<\/p>\n<p><em>Traeger Induction\u2122<\/em>\u00a0Induktioliesi grilliss\u00e4 kaikenlaisen ruoan valmistukseen.<\/p>\n<p><em>EZ-Clean\u2122<\/em>\u00a0rasva- ja tuhka-astia ker\u00e4\u00e4 rasvan ja tuhkan yhteen astiaan.<\/p>\n<p>Mukana 2 langatonta \"Meater\" ja 2 langallista Traeger-keittomittaria, joilla voit seurata keittoprosessia \u00e4lylaitteestasi.<\/p>\n<p>Pop and Lock (P.A.L) -varustusj\u00e4rjestelm\u00e4 tarvikkeille - kiv\u00e4\u00e4rin rihlassa, johon voit ripustaa koukkuja, maustehyllyn ja paperitelineen.<\/p>\n<p>Suuri sivulauta ja irrotettava bambuleikkuulauta magneettikiinnikkeell\u00e4<\/p>\n<p>S\u00e4ilytyskaappi ja puuhyllyt<\/p>\n<p>Kolme ruostumattomasta ter\u00e4ksest\u00e4 valmistettua tasoa<\/p>\n<p>Integroitu grillialueen valaistus<\/p>\n<p>Kosketusn\u00e4ytt\u00f6 helpottaa ohjausta<\/p>\n<p>Grillauspinta-ala: noin 8516,11 cm2.<\/p>\n<p>Yl\u00e4hylly: 2 (p\u00e4\u00e4llekk\u00e4in), 84 x 28 cm (L x S).<\/p>\n<p>Pohjalokero: 3 (vierekk\u00e4in), 28,5 x 46 cm (L x S), kokonaisleveys 85,5 cm.<\/p>\n<p>Pellettis\u00e4ili\u00f6n tilavuus: noin 10 kg.<\/p>\n<p>Pellettis\u00e4ili\u00f6anturi - ilmaisee pellettien loppumisen grillauksen aikana.<\/p>\n<p>Helppo pelletin vaihto<\/p>\n<p><em>StayDry\u2122<\/em>\u00a0pellettien varastointi<\/p>\n<p>Ruosteenestopinnoite<\/p>\n<p><em>Amazon Alexa<\/em>\u00a0ja\u00a0<em>Google Home<\/em>\u00a0\u00a0Yhteensopivuus<\/p>\n<p>Mitat: 129,54 x 180,34 x 63,5 cm.<\/p>\n<p>Paino: 131 kg<\/p>\n<p>K\u00e4ytt\u00f6j\u00e4nnite: 220 - 240 V 50\/60 Hz<\/p>\n<p>Energiantarve pellettien sy\u00f6tt\u00e4miseen: 300 W, kun haluttu l\u00e4mp\u00f6tila on saavutettu, noin 45 - 100 W.<\/p>\n<p>Induktioliesi: max. 1410 W<\/p>\n<p>Grilli voidaan integroida puutarhakalusteisiin.<\/p>\n<p>&nbsp;<\/p>\n<p>Timberline XL INT -grillill\u00e4 on 10 vuoden takuu kotelolle ja 3 vuoden takuu koko ohjausj\u00e4rjestelm\u00e4lle ja ter\u00e4sritil\u00f6ille.<\/p>","protected":false},"excerpt":{"rendered":"<p>Nosta ruoanlaitto uudelle tasolle uusilla Timberline- ja Ironwood-grilleill\u00e4, jotka on varustettu edistyksellisill\u00e4 ominaisuuksilla, jotka takaavat loistavat tulokset joka kerta.<\/p>\n<p><img loading=\"lazy\" decoding=\"async\" class=\"wp-image-1509\" src=\"http:\/\/tammetorubbq.ee\/wp-content\/uploads\/2024\/03\/traeger-grills-logo-vector-300x167.png\" alt=\"Traegerin logo\" width=\"165\" height=\"92\" srcset=\"https:\/\/tammetorubbq.ee\/wp-content\/uploads\/2024\/03\/traeger-grills-logo-vector-300x167.png 300w, https:\/\/tammetorubbq.ee\/wp-content\/uploads\/2024\/03\/traeger-grills-logo-vector-768x427.png 768w, https:\/\/tammetorubbq.ee\/wp-content\/uploads\/2024\/03\/traeger-grills-logo-vector-18x10.png 18w, https:\/\/tammetorubbq.ee\/wp-content\/uploads\/2024\/03\/traeger-grills-logo-vector-600x333.png 600w, https:\/\/tammetorubbq.ee\/wp-content\/uploads\/2024\/03\/traeger-grills-logo-vector-64x36.png 64w, https:\/\/tammetorubbq.ee\/wp-content\/uploads\/2024\/03\/traeger-grills-logo-vector.png 900w\" sizes=\"auto, (max-width: 165px) 100vw, 165px\" \/><\/p>\n<p>&nbsp;<\/p>\n<p><a href=\"https:\/\/tammetorubbq.ee\/fi\/maksa-myohemmin\/\"><strong>OSTA NYT, MAKSA MY\u00d6HEMMIN<\/strong><\/a>\u00a0- korotonta!<\/p>\n<p><img loading=\"lazy\" decoding=\"async\" class=\"alignnone wp-image-2646\" src=\"http:\/\/tammetorubbq.ee\/wp-content\/uploads\/2023\/12\/inbank-wordmark.png\" alt=\"Inbank\" width=\"169\" height=\"76\" srcset=\"https:\/\/tammetorubbq.ee\/wp-content\/uploads\/2023\/12\/inbank-wordmark.png 300w, https:\/\/tammetorubbq.ee\/wp-content\/uploads\/2023\/12\/inbank-wordmark-18x8.png 18w, https:\/\/tammetorubbq.ee\/wp-content\/uploads\/2023\/12\/inbank-wordmark-64x29.png 64w\" sizes=\"auto, (max-width: 169px) 100vw, 169px\" \/><\/p>\n<p>Tarjoamme my\u00f6s mahdollisuuden maksaa my\u00f6hemmin - yhdess\u00e4, kahdessa tai kolmessa samansuuruisessa er\u00e4ss\u00e4 ilman korkoa tai lis\u00e4maksua.<\/p>\n<p>L\u00f6yd\u00e4t valikoiman eri maksuvaihtoehtoja ostoskoristamme.<\/p>","protected":false},"featured_media":551,"comment_status":"open","ping_status":"closed","template":"","meta":{"_uf_show_specific_survey":0,"_uf_disable_surveys":false},"pwb-brand":[62],"product_brand":[],"product_cat":[53,20,56],"product_tag":[135,141],"class_list":{"0":"post-550","1":"product","2":"type-product","3":"status-publish","4":"has-post-thumbnail","6":"pwb-brand-traeger","7":"product_cat-grillid","8":"product_cat-kampaania","9":"product_cat-pelletgrillid","10":"product_tag-pelletgrillid","11":"product_tag-traeger","13":"first","14":"instock","15":"sale","16":"taxable","17":"shipping-taxable","18":"purchasable","19":"product-type-simple"},"brands":[{"id":62,"name":"Traeger","slug":"traeger"}],"_links":{"self":[{"href":"https:\/\/tammetorubbq.ee\/fi\/wp-json\/wp\/v2\/product\/550","targetHints":{"allow":["GET"]}}],"collection":[{"href":"https:\/\/tammetorubbq.ee\/fi\/wp-json\/wp\/v2\/product"}],"about":[{"href":"https:\/\/tammetorubbq.ee\/fi\/wp-json\/wp\/v2\/types\/product"}],"replies":[{"embeddable":true,"href":"https:\/\/tammetorubbq.ee\/fi\/wp-json\/wp\/v2\/comments?post=550"}],"wp:featuredmedia":[{"embeddable":true,"href":"https:\/\/tammetorubbq.ee\/fi\/wp-json\/wp\/v2\/media\/551"}],"wp:attachment":[{"href":"https:\/\/tammetorubbq.ee\/fi\/wp-json\/wp\/v2\/media?parent=550"}],"wp:term":[{"taxonomy":"pwb-brand","embeddable":true,"href":"https:\/\/tammetorubbq.ee\/fi\/wp-json\/wp\/v2\/pwb-brand?post=550"},{"taxonomy":"product_brand","embeddable":true,"href":"https:\/\/tammetorubbq.ee\/fi\/wp-json\/wp\/v2\/product_brand?post=550"},{"taxonomy":"product_cat","embeddable":true,"href":"https:\/\/tammetorubbq.ee\/fi\/wp-json\/wp\/v2\/product_cat?post=550"},{"taxonomy":"product_tag","embeddable":true,"href":"https:\/\/tammetorubbq.ee\/fi\/wp-json\/wp\/v2\/product_tag?post=550"}],"curies":[{"name":"wp","href":"https:\/\/api.w.org\/{rel}","templated":true}]}}