{"id":5704,"date":"2026-02-27T12:04:43","date_gmt":"2026-02-27T10:04:43","guid":{"rendered":"https:\/\/tammetorubbq.ee\/?post_type=product&#038;p=5704"},"modified":"2026-04-15T00:00:03","modified_gmt":"2026-04-14T21:00:03","slug":"kamado-joe-elektrilise-poord-grillvardaga-kupsetussusteem-joetisserie-classic-eu","status":"publish","type":"product","link":"https:\/\/tammetorubbq.ee\/fi\/product-2\/kamado-joe-elektrilise-poord-grillvardaga-kupsetussusteem-joetisserie-classic-eu\/","title":{"rendered":"Kamado Joe elektrilise p\u00f6\u00f6rd-grillvardaga k\u00fcpsetuss\u00fcsteem JoeTisserie Classic EU"},"content":{"rendered":"<p><strong data-start=\"1214\" data-end=\"1230\">Kokkuv\u00f5ttes:<\/strong> JoeTisserie on <strong data-start=\"1247\" data-end=\"1320\">automaatne, \u00fchtlane, paindlik ja kasutajas\u00f5bralik rotisserie-lahendus<\/strong>, mis muudab p\u00f6\u00f6rd-grillvardaga k\u00fcpsetamise Kamado Joe grillidel lihtsaks ja professionaalse tulemusega.<\/p>\n<p>&nbsp;<\/p>\n<p><iframe loading=\"lazy\" title=\"Kamado Joe | JoeTisserie\" width=\"500\" height=\"281\" src=\"https:\/\/www.youtube.com\/embed\/VEpCwgJQj20?feature=oembed\" frameborder=\"0\" allow=\"accelerometer; autoplay; clipboard-write; encrypted-media; gyroscope; picture-in-picture; web-share\" referrerpolicy=\"strict-origin-when-cross-origin\" allowfullscreen><\/iframe><\/p>","protected":false},"excerpt":{"rendered":"<p>Kamado Joe <strong data-start=\"12\" data-end=\"28\">JoeTisserie <\/strong>elektriline p\u00f6\u00f6rd-grillvardaga k\u00fcpsetuss\u00fcsteem on <strong data-start=\"79\" data-end=\"113\">t\u00e4iustatud rotisserie-lahendus<\/strong>, mis on m\u00f5eldud sujuvaks ja \u00fchtlaseks k\u00fcpsetamiseks Kamado Joe grillidel.<\/p>\n<p data-start=\"236\" data-end=\"267\"><strong>Elektriline p\u00f6\u00f6rdvarras<\/strong><\/p>\n<ul data-start=\"268\" data-end=\"462\">\n<li data-start=\"268\" data-end=\"383\">\n<p data-start=\"270\" data-end=\"383\">Mootoriga varras p\u00f6\u00f6rleb automaatselt, tagades <strong data-start=\"317\" data-end=\"349\">\u00fchtlase kuumuse ja k\u00fcpsemise<\/strong> kogu liha v\u00f5i muu roa ulatuses.<\/p>\n<\/li>\n<li data-start=\"384\" data-end=\"462\">\n<p data-start=\"386\" data-end=\"462\">V\u00e4ldib k\u00e4sitsi keeramise vajadust ja v\u00e4hendab k\u00fcpsetamisel tekkivaid vead.<\/p>\n<\/li>\n<\/ul>\n<p data-start=\"464\" data-end=\"481\"><strong>\u00dchilduvus<\/strong><\/p>\n<ul data-start=\"482\" data-end=\"641\">\n<li data-start=\"482\" data-end=\"543\">\n<p data-start=\"484\" data-end=\"543\">Sopii <strong data-start=\"490\" data-end=\"523\">Kamado Joe Classic <\/strong>grillimudelitele.<\/p>\n<\/li>\n<li data-start=\"544\" data-end=\"641\">\n<p data-start=\"546\" data-end=\"641\">\u00dchilduv erinevate lisatarvikutega, n\u00e4iteks <strong data-start=\"589\" data-end=\"638\">JoeTisserie\u00ae korvide ja lame-\/trumlikorvidega<\/strong>.<\/p>\n<\/li>\n<\/ul>\n<p data-start=\"643\" data-end=\"678\"><strong>Lihtne paigaldus ja kasutus<\/strong><\/p>\n<ul data-start=\"679\" data-end=\"854\">\n<li data-start=\"679\" data-end=\"760\">\n<p data-start=\"681\" data-end=\"760\"><strong data-start=\"681\" data-end=\"702\">Kiir\u00fchendusvarras<\/strong>, mis kinnitub mugavalt ja kindlalt rotisserie s\u00fcsteemi.<\/p>\n<\/li>\n<li data-start=\"761\" data-end=\"854\">\n<p data-start=\"763\" data-end=\"854\">Ei sega toitu ega takista korvide kasutamist, tagades <strong data-start=\"817\" data-end=\"851\">t\u00e4iusliku p\u00f6\u00f6rleva k\u00fcpsetamise<\/strong>.<\/p>\n<\/li>\n<\/ul>\n<p data-start=\"856\" data-end=\"876\"><strong>Moninaisuus<\/strong><\/p>\n<ul data-start=\"877\" data-end=\"1057\">\n<li data-start=\"877\" data-end=\"978\">\n<p data-start=\"879\" data-end=\"978\">V\u00f5imaldab k\u00fcpsetada terveid kanu, kalu, parte, kanatiibu, k\u00f6\u00f6givilju ja muid v\u00e4iksemaid roogasid.<\/p>\n<\/li>\n<li data-start=\"979\" data-end=\"1057\">\n<p data-start=\"981\" data-end=\"1057\">T\u00f6\u00f6tleb nii lamedaid kui ka trumlikorve, muutes k\u00fcpsetamise mitmek\u00fclgseks.<\/p>\n<\/li>\n<\/ul>\n<p data-start=\"1059\" data-end=\"1081\"><strong>Lihtne hooldus<\/strong><\/p>\n<ul data-start=\"1082\" data-end=\"1207\">\n<li data-start=\"1082\" data-end=\"1128\">\n<p data-start=\"1084\" data-end=\"1128\">K\u00f5rgekvaliteediline mittenakkuv viimistlus<\/p>\n<\/li>\n<li data-start=\"1129\" data-end=\"1207\">\n<p data-start=\"1131\" data-end=\"1207\">N\u00f5udepesumasinas pestavad osad, mis teevad koristamise kiireks ja mugavaks<\/p>\n<\/li>\n<\/ul>\n<p>&nbsp;<\/p>\n<p><strong>Oleme tootja Kamado Joe ametlik esindaja, edasim\u00fc\u00fcja Eestis!<\/strong><\/p>\n<p><img loading=\"lazy\" decoding=\"async\" class=\"alignnone wp-image-1531\" src=\"http:\/\/tammetorubbq.ee\/wp-content\/uploads\/2024\/03\/kamado-joe-logo-300x40.webp\" alt=\"Kamado Joe -logo\" width=\"180\" height=\"24\" srcset=\"https:\/\/tammetorubbq.ee\/wp-content\/uploads\/2024\/03\/kamado-joe-logo-300x40.webp 300w, https:\/\/tammetorubbq.ee\/wp-content\/uploads\/2024\/03\/kamado-joe-logo-768x104.webp 768w, https:\/\/tammetorubbq.ee\/wp-content\/uploads\/2024\/03\/kamado-joe-logo-18x2.webp 18w, https:\/\/tammetorubbq.ee\/wp-content\/uploads\/2024\/03\/kamado-joe-logo-600x81.webp 600w, https:\/\/tammetorubbq.ee\/wp-content\/uploads\/2024\/03\/kamado-joe-logo-64x9.webp 64w, https:\/\/tammetorubbq.ee\/wp-content\/uploads\/2024\/03\/kamado-joe-logo.webp 1024w\" sizes=\"auto, (max-width: 180px) 100vw, 180px\" \/><\/p>\n<p>&nbsp;<\/p>\n<p><a href=\"https:\/\/tammetorubbq.ee\/fi\/maksa-myohemmin\/\"><strong>OSTA NYT, MAKSA MY\u00d6HEMMIN<\/strong><\/a>\u00a0- korotonta!<\/p>\n<p><img loading=\"lazy\" decoding=\"async\" class=\"alignnone wp-image-2646\" src=\"http:\/\/tammetorubbq.ee\/wp-content\/uploads\/2023\/12\/inbank-wordmark.png\" alt=\"Inbank\" width=\"169\" height=\"76\" srcset=\"https:\/\/tammetorubbq.ee\/wp-content\/uploads\/2023\/12\/inbank-wordmark.png 300w, https:\/\/tammetorubbq.ee\/wp-content\/uploads\/2023\/12\/inbank-wordmark-18x8.png 18w, https:\/\/tammetorubbq.ee\/wp-content\/uploads\/2023\/12\/inbank-wordmark-64x29.png 64w\" sizes=\"auto, (max-width: 169px) 100vw, 169px\" \/><\/p>\n<p>Tarjoamme my\u00f6s mahdollisuuden maksaa my\u00f6hemmin - yhdess\u00e4, kahdessa tai kolmessa samansuuruisessa er\u00e4ss\u00e4 ilman korkoa tai lis\u00e4maksua.<\/p>\n<p>L\u00f6yd\u00e4t valikoiman eri maksuvaihtoehtoja ostoskoristamme.<\/p>","protected":false},"featured_media":5705,"comment_status":"closed","ping_status":"closed","template":"","meta":{"_uf_show_specific_survey":0,"_uf_disable_surveys":false},"pwb-brand":[69],"product_brand":[],"product_cat":[88],"product_tag":[324,126,325,323],"class_list":{"0":"post-5704","1":"product","2":"type-product","3":"status-publish","4":"has-post-thumbnail","6":"pwb-brand-kamado-joe","7":"product_cat-grillide-lisatarvikud","8":"product_tag-joetisserie","9":"product_tag-kamado-joe","10":"product_tag-kamado-joe-classic","11":"product_tag-kamado-joe-lisatarvikud","13":"first","14":"instock","15":"taxable","16":"shipping-taxable","17":"purchasable","18":"product-type-simple"},"brands":[{"id":69,"name":"Kamado Joe","slug":"kamado-joe"}],"_links":{"self":[{"href":"https:\/\/tammetorubbq.ee\/fi\/wp-json\/wp\/v2\/product\/5704","targetHints":{"allow":["GET"]}}],"collection":[{"href":"https:\/\/tammetorubbq.ee\/fi\/wp-json\/wp\/v2\/product"}],"about":[{"href":"https:\/\/tammetorubbq.ee\/fi\/wp-json\/wp\/v2\/types\/product"}],"replies":[{"embeddable":true,"href":"https:\/\/tammetorubbq.ee\/fi\/wp-json\/wp\/v2\/comments?post=5704"}],"wp:featuredmedia":[{"embeddable":true,"href":"https:\/\/tammetorubbq.ee\/fi\/wp-json\/wp\/v2\/media\/5705"}],"wp:attachment":[{"href":"https:\/\/tammetorubbq.ee\/fi\/wp-json\/wp\/v2\/media?parent=5704"}],"wp:term":[{"taxonomy":"pwb-brand","embeddable":true,"href":"https:\/\/tammetorubbq.ee\/fi\/wp-json\/wp\/v2\/pwb-brand?post=5704"},{"taxonomy":"product_brand","embeddable":true,"href":"https:\/\/tammetorubbq.ee\/fi\/wp-json\/wp\/v2\/product_brand?post=5704"},{"taxonomy":"product_cat","embeddable":true,"href":"https:\/\/tammetorubbq.ee\/fi\/wp-json\/wp\/v2\/product_cat?post=5704"},{"taxonomy":"product_tag","embeddable":true,"href":"https:\/\/tammetorubbq.ee\/fi\/wp-json\/wp\/v2\/product_tag?post=5704"}],"curies":[{"name":"wp","href":"https:\/\/api.w.org\/{rel}","templated":true}]}}