{"id":5888,"date":"2026-03-11T10:21:28","date_gmt":"2026-03-11T08:21:28","guid":{"rendered":"https:\/\/tammetorubbq.ee\/?post_type=product&#038;p=5888"},"modified":"2026-04-28T06:00:03","modified_gmt":"2026-04-28T03:00:03","slug":"maldon-helvessoola-kinkekomplekt-plekk-karbis-250g","status":"publish","type":"product","link":"https:\/\/tammetorubbq.ee\/fi\/toode\/maldon-helvessoola-kinkekomplekt-plekk-karbis-250g\/","title":{"rendered":"Maldonin hiutalesuola lahjapakkaus tinalaatikossa 250g"},"content":{"rendered":"<p><strong data-start=\"556\" data-end=\"572\">Varastointi: <\/strong>Hoida jahedas ja kuivas kohas.<\/p>\n<p>Vuodesta 1882 l\u00e4htien Osbornen perheyritys Maldon Salt Company Limited on tuottanut maailman arvostetuinta luonnollista merisuolapirtel\u00f6\u00e4. Maldonin hiutalesuolat ovat Organic Food Federationin hyv\u00e4ksymi\u00e4 ja Kosher-sertifioituja. Maldon-suoloja on saatavana l\u00e4hes kaikkialla maailmassa, ja ne ovat laadun ehdotonta huippua!<\/p>\n<ul>\n<li>Maldon sopii lihan, kalan, \u00e4yri\u00e4isten, vihannesten, kastikkeiden, keittojen ja marinadien maustamiseen. Sit\u00e4 k\u00e4ytet\u00e4\u00e4n kuitenkin p\u00e4\u00e4asiassa antamaan ruoalle lopullinen maku, esimerkiksi ravistamalla lihaa juuri ennen sy\u00f6mist\u00e4.<\/li>\n<li>Maldonin suolahiutaleet vapauttavat suolaisuutensa hieman makealla vivahteella ja tuovat ruokaan lis\u00e4\u00e4 herkullista rakennetta ja suussa sulavaa rapeutta.<\/li>\n<li>Maldonin pehme\u00e4t, rapeat ja ihanan ohuet suolahiutaleet ovat raikkaan intensiivisi\u00e4 ja puhtaan makuisia ja sis\u00e4lt\u00e4v\u00e4t t\u00e4ydellisen tasapainon luonnollisia mineraaleja, jotka parantavat mit\u00e4 tahansa ruokaa!<\/li>\n<li>Kun k\u00e4yt\u00e4t Maldon-hiutaleita, k\u00e4yt\u00e4t v\u00e4hemm\u00e4n suolaa kuin muuten, koska hiutaleet ovat eritt\u00e4in ohuita ja ne lis\u00e4t\u00e4\u00e4n lihaan p\u00e4\u00e4asiassa grillauksen\/paahtamisen j\u00e4lkeen (juuri ennen sy\u00f6mist\u00e4), joten suolaa lis\u00e4t\u00e4\u00e4n yleens\u00e4 paljon v\u00e4hemm\u00e4n. Suolan rapeus suussa avaa my\u00f6s makuhermojamme ja saa lihan (ruoan) maistumaan paljon paremmalta.<\/li>\n<\/ul>\n<p>My\u00f6s Maldonin suolan k\u00e4ytt\u00f6 on tullut yh\u00e4 suositummaksi Virossa.<\/p>","protected":false},"excerpt":{"rendered":"<h5><strong>Kinkige erakordne maitseelamus!<\/strong><\/h5>\n<p>\u00dcle sajandi pikkuse k\u00e4sit\u00f6\u00f6traditsiooniga Maldon Sea Salt on kvaliteedi ja maitse puhtuse s\u00fcmbol, mida kasutavad tippkokad \u00fcle maailma. See kinkekomplekt on praktiline kingitus neile, kes hindavad head toitu ja kvaliteetseid koostisosi.<\/p>\n<p>Maldon Sea Salt helbed\u00a0on oma tuntud p\u00fcramiidse kujuga, looduslikult mineraalirikkad ja kergesti murenevad. Helbed lahustuvad kiiresti ja \u00fchtlaselt. Need sobivad ideaalselt nii toidu viimistlemiseks kui serveerimisel lisamiseks.<\/p>\n<p data-start=\"600\" data-end=\"616\"><strong data-start=\"600\" data-end=\"614\">Toimittaa<\/strong><\/p>\n<ul>\n<li data-start=\"619\" data-end=\"664\">1 \u00d7 Maldon Sea Salt Original plekk-karp<\/li>\n<li data-start=\"667\" data-end=\"723\">1 \u00d7 Maldon Sea Salt helbelise meresoola karp 250 g<\/li>\n<\/ul>\n<p data-start=\"725\" data-end=\"908\">Sobib liha, kala, k\u00f6\u00f6giviljade, salatite ja magustoitude maitsestamiseks. T\u00e4nu oma \u00f5rnale tekstuurile on Maldoni helvessool ka ideaalne serveerimisel viimistluseks.<\/p>\n<p data-start=\"725\" data-end=\"908\">\n<p><img loading=\"lazy\" decoding=\"async\" class=\"size-medium wp-image-1589\" src=\"https:\/\/tammetorubbq.ee\/wp-content\/uploads\/2024\/04\/Maldon-salt-logo-300x225.png\" alt=\"Maldonin suola\" width=\"300\" height=\"225\" srcset=\"https:\/\/tammetorubbq.ee\/wp-content\/uploads\/2024\/04\/Maldon-salt-logo-300x225.png 300w, https:\/\/tammetorubbq.ee\/wp-content\/uploads\/2024\/04\/Maldon-salt-logo-16x12.png 16w, https:\/\/tammetorubbq.ee\/wp-content\/uploads\/2024\/04\/Maldon-salt-logo-64x48.png 64w, https:\/\/tammetorubbq.ee\/wp-content\/uploads\/2024\/04\/Maldon-salt-logo.png 600w\" sizes=\"auto, (max-width: 300px) 100vw, 300px\" \/><\/p>\n<p>&nbsp;<\/p>","protected":false},"featured_media":5889,"comment_status":"closed","ping_status":"closed","template":"","meta":{"_uf_show_specific_survey":0,"_uf_disable_surveys":false},"pwb-brand":[91],"product_brand":[],"product_cat":[90],"product_tag":[311,237],"class_list":{"0":"post-5888","1":"product","2":"type-product","3":"status-publish","4":"has-post-thumbnail","6":"pwb-brand-maldon","7":"product_cat-soolad","8":"product_tag-maldon","9":"product_tag-meresool","11":"first","12":"instock","13":"taxable","14":"shipping-taxable","15":"purchasable","16":"product-type-simple"},"brands":[{"id":91,"name":"Maldon","slug":"maldon"}],"_links":{"self":[{"href":"https:\/\/tammetorubbq.ee\/fi\/wp-json\/wp\/v2\/product\/5888","targetHints":{"allow":["GET"]}}],"collection":[{"href":"https:\/\/tammetorubbq.ee\/fi\/wp-json\/wp\/v2\/product"}],"about":[{"href":"https:\/\/tammetorubbq.ee\/fi\/wp-json\/wp\/v2\/types\/product"}],"replies":[{"embeddable":true,"href":"https:\/\/tammetorubbq.ee\/fi\/wp-json\/wp\/v2\/comments?post=5888"}],"wp:featuredmedia":[{"embeddable":true,"href":"https:\/\/tammetorubbq.ee\/fi\/wp-json\/wp\/v2\/media\/5889"}],"wp:attachment":[{"href":"https:\/\/tammetorubbq.ee\/fi\/wp-json\/wp\/v2\/media?parent=5888"}],"wp:term":[{"taxonomy":"pwb-brand","embeddable":true,"href":"https:\/\/tammetorubbq.ee\/fi\/wp-json\/wp\/v2\/pwb-brand?post=5888"},{"taxonomy":"product_brand","embeddable":true,"href":"https:\/\/tammetorubbq.ee\/fi\/wp-json\/wp\/v2\/product_brand?post=5888"},{"taxonomy":"product_cat","embeddable":true,"href":"https:\/\/tammetorubbq.ee\/fi\/wp-json\/wp\/v2\/product_cat?post=5888"},{"taxonomy":"product_tag","embeddable":true,"href":"https:\/\/tammetorubbq.ee\/fi\/wp-json\/wp\/v2\/product_tag?post=5888"}],"curies":[{"name":"wp","href":"https:\/\/api.w.org\/{rel}","templated":true}]}}