{"id":602,"date":"2023-12-04T10:40:12","date_gmt":"2023-12-04T08:40:12","guid":{"rendered":"https:\/\/tammetorubbq.ee\/?post_type=product&#038;p=602"},"modified":"2026-04-19T21:00:41","modified_gmt":"2026-04-19T18:00:41","slug":"mausteseos-classic-bbq-rub-200g","status":"publish","type":"product","link":"https:\/\/tammetorubbq.ee\/fi\/product-2\/mausteseos-classic-bbq-rub-200g\/","title":{"rendered":"Classic BBQ Rub 200g"},"content":{"rendered":"<p class=\"p1\">Ainutlaatuinen tuoksu ja maku!<\/p>\n<p class=\"p1\">Liev\u00e4sti mausteinen klassinen BBQ-mausteseos<\/p>\n<p class=\"p1\">Ihanteellinen sianlihalle (erityisesti kyljykset, lapa, niska) ja my\u00f6s muulle lihalle.<\/p>\n<p class=\"p1\">Klassinen BBQ RUB on vankka valinta kaikille grillimestareille. Paras Pulled Pork syntyy maustamalla se t\u00e4ll\u00e4 mausteella.<\/p>\n<p class=\"p1\">Maustaminen riitt\u00e4\u00e4, mutta paksumman lihan kypsennyksen on tapahduttava miedolla l\u00e4mm\u00f6ll\u00e4, jotta liha pehmenee ja maku p\u00e4\u00e4see imeytym\u00e4\u00e4n lihaan kypsennyksen aikana.<\/p>\n<p class=\"p1\">Kun maustat BBQ RUBilla, voit halutessasi lis\u00e4t\u00e4 lihaan my\u00f6s hieman laadukasta kylm\u00e4puristettua oliivi\u00f6ljy\u00e4. Voit my\u00f6s sekoittaa rubia muihin erilaisiin mausteisiin halutun lopputuloksen saavuttamiseksi.<\/p>\n<p class=\"p1\">Ainesosat: suola (31%), sokeri, kuivattu glukoosisiirappi, aromit (sis\u00e4lt\u00e4\u00e4 sinappia), sipulijauhe, valkosipulirakeet, happamuudens\u00e4\u00e4t\u00f6aine E330 eli sitruunahappo, mausteuute (selleri).<\/p>\n<p class=\"p1\">S\u00e4ilyt\u00e4 huoneenl\u00e4mm\u00f6ss\u00e4 kuivassa paikassa.<\/p>\n<p class=\"p1\">Valmistetaan yksinomaan Yhdistyneess\u00e4 kuningaskunnassa Enn Tobrelutsun luoman erikoisreseptin mukaan.<\/p>","protected":false},"excerpt":{"rendered":"<p class=\"p1\">Ainutlaatuinen tuoksu ja maku!<\/p>\n<p class=\"p1\">Liev\u00e4sti mausteinen klassinen BBQ-mausteseos<\/p>\n<p class=\"p1\">Ihanteellinen sianlihalle (erityisesti kyljykset, lapa, niska) ja my\u00f6s muulle lihalle.<\/p>\n<p class=\"p1\">Klassinen BBQ RUB on vankka valinta kaikille grillimestareille. Paras Pulled Pork syntyy maustamalla se t\u00e4ll\u00e4 mausteella.<\/p>\n<p>&nbsp;<\/p>\n<p><img loading=\"lazy\" decoding=\"async\" class=\"alignnone  wp-image-650\" src=\"https:\/\/tammetorubbq.ee\/wp-content\/uploads\/2023\/11\/BBQ-Entertainment-N-Catering-Enn-Tobreluts-Logo-300x127.png\" alt=\"bbqentertainment logo\" width=\"267\" height=\"113\" srcset=\"https:\/\/tammetorubbq.ee\/wp-content\/uploads\/2023\/11\/BBQ-Entertainment-N-Catering-Enn-Tobreluts-Logo-300x127.png 300w, https:\/\/tammetorubbq.ee\/wp-content\/uploads\/2023\/11\/BBQ-Entertainment-N-Catering-Enn-Tobreluts-Logo-18x8.png 18w, https:\/\/tammetorubbq.ee\/wp-content\/uploads\/2023\/11\/BBQ-Entertainment-N-Catering-Enn-Tobreluts-Logo-600x254.png 600w, https:\/\/tammetorubbq.ee\/wp-content\/uploads\/2023\/11\/BBQ-Entertainment-N-Catering-Enn-Tobreluts-Logo-64x27.png 64w, https:\/\/tammetorubbq.ee\/wp-content\/uploads\/2023\/11\/BBQ-Entertainment-N-Catering-Enn-Tobreluts-Logo.png 628w\" sizes=\"auto, (max-width: 267px) 100vw, 267px\" \/><\/p>","protected":false},"featured_media":606,"comment_status":"open","ping_status":"closed","template":"","meta":{"_uf_show_specific_survey":0,"_uf_disable_surveys":false},"pwb-brand":[183],"product_brand":[],"product_cat":[21],"product_tag":[280,166,114,122],"class_list":{"0":"post-602","1":"product","2":"type-product","3":"status-publish","4":"has-post-thumbnail","6":"pwb-brand-bbq-entertainment","7":"product_cat-maitseainesegud","8":"product_tag-enn-tobreluts","9":"product_tag-rebitudliha","10":"product_tag-sealiha","11":"product_tag-searibi","13":"first","14":"instock","15":"taxable","16":"shipping-taxable","17":"purchasable","18":"product-type-simple"},"brands":[{"id":183,"name":"BBQ Viihde","slug":"bbq-entertainment"}],"_links":{"self":[{"href":"https:\/\/tammetorubbq.ee\/fi\/wp-json\/wp\/v2\/product\/602","targetHints":{"allow":["GET"]}}],"collection":[{"href":"https:\/\/tammetorubbq.ee\/fi\/wp-json\/wp\/v2\/product"}],"about":[{"href":"https:\/\/tammetorubbq.ee\/fi\/wp-json\/wp\/v2\/types\/product"}],"replies":[{"embeddable":true,"href":"https:\/\/tammetorubbq.ee\/fi\/wp-json\/wp\/v2\/comments?post=602"}],"wp:featuredmedia":[{"embeddable":true,"href":"https:\/\/tammetorubbq.ee\/fi\/wp-json\/wp\/v2\/media\/606"}],"wp:attachment":[{"href":"https:\/\/tammetorubbq.ee\/fi\/wp-json\/wp\/v2\/media?parent=602"}],"wp:term":[{"taxonomy":"pwb-brand","embeddable":true,"href":"https:\/\/tammetorubbq.ee\/fi\/wp-json\/wp\/v2\/pwb-brand?post=602"},{"taxonomy":"product_brand","embeddable":true,"href":"https:\/\/tammetorubbq.ee\/fi\/wp-json\/wp\/v2\/product_brand?post=602"},{"taxonomy":"product_cat","embeddable":true,"href":"https:\/\/tammetorubbq.ee\/fi\/wp-json\/wp\/v2\/product_cat?post=602"},{"taxonomy":"product_tag","embeddable":true,"href":"https:\/\/tammetorubbq.ee\/fi\/wp-json\/wp\/v2\/product_tag?post=602"}],"curies":[{"name":"wp","href":"https:\/\/api.w.org\/{rel}","templated":true}]}}