{"id":615,"date":"2023-12-04T10:59:42","date_gmt":"2023-12-04T08:59:42","guid":{"rendered":"https:\/\/tammetorubbq.ee\/?post_type=product&#038;p=615"},"modified":"2026-05-02T08:00:07","modified_gmt":"2026-05-02T05:00:07","slug":"bbq-grilli-folio-folio-folio-30m","status":"publish","type":"product","link":"https:\/\/tammetorubbq.ee\/fi\/toode\/bbq-grill-ulipaks-foolium-30m\/","title":{"rendered":"BBQ &amp; GRILL 30m folio p\u00e4\u00e4llyspakkaus"},"content":{"rendered":"<p class=\"p1\">30 metri\u00e4 per rulla, annostelulaatikossa, jossa on leikkuri.<\/p>\n<p class=\"p1\">Kalvo on 44 cm leve\u00e4 ja 21 mikronia paksu (eli eritt\u00e4in leve\u00e4, paksu ja vahva).<\/p>\n<p class=\"p1\">Se on paras folio ty\u00f6h\u00f6n, grillaukseen ja jokap\u00e4iv\u00e4iseen k\u00e4ytt\u00f6\u00f6n keitti\u00f6ss\u00e4.<\/p>\n<p class=\"p1\">Laadukas, kest\u00e4v\u00e4 ja l\u00e4mm\u00f6nkest\u00e4v\u00e4.<\/p>","protected":false},"excerpt":{"rendered":"<p class=\"p1\">30 metri\u00e4 per rulla, annostelulaatikossa, jossa on leikkuri.<\/p>\n<p class=\"p1\">Kalvo on 44 cm leve\u00e4 ja 21 mikronia paksu (eli eritt\u00e4in leve\u00e4, paksu ja vahva).<\/p>\n<p class=\"p1\">Se on paras folio ty\u00f6h\u00f6n, grillaukseen ja jokap\u00e4iv\u00e4iseen k\u00e4ytt\u00f6\u00f6n keitti\u00f6ss\u00e4.<\/p>\n<p class=\"p1\">Laadukas, kest\u00e4v\u00e4 ja l\u00e4mm\u00f6nkest\u00e4v\u00e4.<\/p>","protected":false},"featured_media":616,"comment_status":"open","ping_status":"closed","template":"","meta":{"_uf_show_specific_survey":0,"_uf_disable_surveys":false},"pwb-brand":[],"product_brand":[],"product_cat":[30],"product_tag":[358,134],"class_list":{"0":"post-615","1":"product","2":"type-product","3":"status-publish","4":"has-post-thumbnail","6":"product_cat-grillimise-tarvikud","7":"product_tag-foolium","8":"product_tag-grillimise-tarvikud","10":"first","11":"instock","12":"taxable","13":"shipping-taxable","14":"purchasable","15":"product-type-simple"},"brands":[],"_links":{"self":[{"href":"https:\/\/tammetorubbq.ee\/fi\/wp-json\/wp\/v2\/product\/615","targetHints":{"allow":["GET"]}}],"collection":[{"href":"https:\/\/tammetorubbq.ee\/fi\/wp-json\/wp\/v2\/product"}],"about":[{"href":"https:\/\/tammetorubbq.ee\/fi\/wp-json\/wp\/v2\/types\/product"}],"replies":[{"embeddable":true,"href":"https:\/\/tammetorubbq.ee\/fi\/wp-json\/wp\/v2\/comments?post=615"}],"wp:featuredmedia":[{"embeddable":true,"href":"https:\/\/tammetorubbq.ee\/fi\/wp-json\/wp\/v2\/media\/616"}],"wp:attachment":[{"href":"https:\/\/tammetorubbq.ee\/fi\/wp-json\/wp\/v2\/media?parent=615"}],"wp:term":[{"taxonomy":"pwb-brand","embeddable":true,"href":"https:\/\/tammetorubbq.ee\/fi\/wp-json\/wp\/v2\/pwb-brand?post=615"},{"taxonomy":"product_brand","embeddable":true,"href":"https:\/\/tammetorubbq.ee\/fi\/wp-json\/wp\/v2\/product_brand?post=615"},{"taxonomy":"product_cat","embeddable":true,"href":"https:\/\/tammetorubbq.ee\/fi\/wp-json\/wp\/v2\/product_cat?post=615"},{"taxonomy":"product_tag","embeddable":true,"href":"https:\/\/tammetorubbq.ee\/fi\/wp-json\/wp\/v2\/product_tag?post=615"}],"curies":[{"name":"wp","href":"https:\/\/api.w.org\/{rel}","templated":true}]}}