{"id":6170,"date":"2026-03-23T10:10:10","date_gmt":"2026-03-23T08:10:10","guid":{"rendered":"https:\/\/tammetorubbq.ee\/?post_type=product&#038;p=6170"},"modified":"2026-05-10T01:00:12","modified_gmt":"2026-05-09T22:00:12","slug":"napoleon-kolmeosaline-grillitarvikute-premium-komplekt","status":"publish","type":"product","link":"https:\/\/tammetorubbq.ee\/fi\/toode\/napoleon-kolmeosaline-grillitarvikute-premium-komplekt\/","title":{"rendered":"Napoleonin kolmiosainen premium-grillaustarvikesarja"},"content":{"rendered":"<h5 data-start=\"121\" data-end=\"152\"><strong>Miksi valita Napoleon Grilli?<\/strong><\/h5>\n<p class=\"\" data-start=\"154\" data-end=\"369\"><strong data-start=\"154\" data-end=\"166\">Napoleon<\/strong>\u00a0on kanadalainen perheyritys, joka on kehitt\u00e4nyt korkealaatuisia grillej\u00e4 ja ulkokeittoratkaisuja vuosikymmeni\u00e4. Br\u00e4ndi on maailmanlaajuisesti tunnettu luotettavuudestaan, innovatiivisuudestaan ja pitk\u00e4ik\u00e4isyydest\u00e4\u00e4n.<\/p>\n<p class=\"\" data-start=\"371\" data-end=\"751\">Mik\u00e4 tahansa\u00a0<strong data-start=\"375\" data-end=\"394\">Napoleonin grilli<\/strong>\u00a0on suunniteltu tarjoamaan tarkkaa l\u00e4mm\u00f6ns\u00e4\u00e4t\u00f6\u00e4, vankkaa rakennetta ja miellytt\u00e4v\u00e4\u00e4 k\u00e4ytt\u00f6kokemusta. Olipa kyseess\u00e4 hiili-, kaasu- tai pellettigrilli, Napoleon yhdist\u00e4\u00e4 modernin muotoilun k\u00e4yt\u00e4nn\u00f6llisiin ratkaisuihin: ruostumattomasta ter\u00e4ksest\u00e4 valmistetut polttimet, valurautagrillit, JETFIRE\u2122-sytytysj\u00e4rjestelm\u00e4, ACCU-PROBE\u2122-l\u00e4mp\u00f6mittari ja \u00e4lykk\u00e4\u00e4t s\u00e4ilytysvaihtoehdot ovat vain muutamia esimerkkej\u00e4.<\/p>\n<p class=\"\" data-start=\"753\" data-end=\"994\"><strong data-start=\"753\" data-end=\"777\">Napoleonin tuotevalikoima<\/strong>\u00a0kattaa kaikki tarpeet - kannettavista malleista t\u00e4ydellisiin ulkokeitti\u00f6ratkaisuihin. Jos arvostat luotettavuutta, toiminnallisuutta ja monipuolisuutta grillaamiseen ymp\u00e4ri vuoden, Napoleon on oikea valinta.<\/p>","protected":false},"excerpt":{"rendered":"<h5>Grilltangid, -labidas ja -puhastushari<\/h5>\n<p data-start=\"170\" data-end=\"492\">T\u00f5sta oma grillimine uuele tasemele Napoleon Premium 3-osalise grillitarvikute komplektiga, mis on loodud mugavuse, kontrolli ja vastupidavuse tagamiseks. Komplekti kuuluvad Napoleon QuickClick\u2122 \u00fche k\u00e4ega kasutatavad tangid, 3-k\u00fclgse faasitud servaga grillilabidas ning tugev roostevabast terasest harjastega puhastushari.<\/p>\n<p data-start=\"494\" data-end=\"772\">QuickClick\u2122 tangid muudavad toidu k\u00e4sitlemise grillil eriti lihtsaks ja mugavaks. Grillilabida 3-k\u00fclgne faasitud serv v\u00f5imaldab toitu t\u00f5sta ja p\u00f6\u00f6rata iga nurga alt. Puhastushari aitab eemaldada rooste, katlakivi ja kinnip\u00f5lenud j\u00e4\u00e4gid, hoides grillresti puhta ja kasutusvalmis.<\/p>\n<p data-start=\"774\" data-end=\"1137\">K\u00f5ik t\u00f6\u00f6riistad on valmistatud vastupidavast roostevabast terasest ning varustatud libisemiskindla k\u00e4epidemega, et kasutamine oleks turvaline ja mugav. Alumiiniumisulamist riputusavad toimivad \u00fchtlasi pudeliavajatena, et t\u00f6\u00f6riistad oleksid alati k\u00e4ep\u00e4rast. Tangid ja grillilabidas on n\u00f5udepesumasinas pestavad, kuid pikema eluea tagamiseks on soovitatav k\u00e4sipesu.<\/p>\n<h5 data-section-id=\"1064f1e\" data-start=\"1139\" data-end=\"1155\"><strong>T\u00e4rkeimm\u00e4t ominaisuudet<\/strong><\/h5>\n<ul data-start=\"1156\" data-end=\"1664\">\n<li data-section-id=\"1ryz1he\" data-start=\"1156\" data-end=\"1225\">Premium 3-osaline komplekt mugavaks ja vastupidavaks grillimiseks<\/li>\n<li data-section-id=\"1vzyh12\" data-start=\"1226\" data-end=\"1284\">Napoleon QuickClick\u2122 \u00fche k\u00e4ega kasutatavad grilltangid<\/li>\n<li data-section-id=\"3t7t5o\" data-start=\"1285\" data-end=\"1374\">3-k\u00fclgne faasitud servaga grillilabidas toidu p\u00f6\u00f6ramiseks ja t\u00f5stmiseks iga nurga alt<\/li>\n<li data-section-id=\"4f1a5h\" data-start=\"1375\" data-end=\"1425\">Sooneline disain t\u00e4psemaks toidu k\u00e4sitlemiseks<\/li>\n<li data-section-id=\"4ibyg8\" data-start=\"1426\" data-end=\"1491\">Roostevabast terasest konstruktsioon pikaajaliseks kasutuseks<\/li>\n<li data-section-id=\"1e9u0yb\" data-start=\"1492\" data-end=\"1595\">Tugevate roostevabast terasest harjastega puhastushari rooste ja kinnip\u00f5lenud j\u00e4\u00e4kide eemaldamiseks<\/li>\n<li data-section-id=\"nh71n6\" data-start=\"1596\" data-end=\"1664\">Libisemiskindlad k\u00e4epidemed turvaliseks ja kindlaks kasutamiseks<\/li>\n<\/ul>\n<p><img loading=\"lazy\" decoding=\"async\" class=\"wp-image-2098\" src=\"http:\/\/tammetorubbq.ee\/wp-content\/uploads\/2024\/11\/napoleon-gas-grills-logo-vector-1-300x124.png\" alt=\"napoleon kaasugrillit logo vektori\" width=\"174\" height=\"72\" srcset=\"https:\/\/tammetorubbq.ee\/wp-content\/uploads\/2024\/11\/napoleon-gas-grills-logo-vector-1-300x124.png 300w, https:\/\/tammetorubbq.ee\/wp-content\/uploads\/2024\/11\/napoleon-gas-grills-logo-vector-1-768x317.png 768w, https:\/\/tammetorubbq.ee\/wp-content\/uploads\/2024\/11\/napoleon-gas-grills-logo-vector-1-18x7.png 18w, https:\/\/tammetorubbq.ee\/wp-content\/uploads\/2024\/11\/napoleon-gas-grills-logo-vector-1-600x248.png 600w, https:\/\/tammetorubbq.ee\/wp-content\/uploads\/2024\/11\/napoleon-gas-grills-logo-vector-1-64x26.png 64w, https:\/\/tammetorubbq.ee\/wp-content\/uploads\/2024\/11\/napoleon-gas-grills-logo-vector-1.png 847w\" sizes=\"auto, (max-width: 174px) 100vw, 174px\" \/><\/p>","protected":false},"featured_media":6171,"comment_status":"closed","ping_status":"closed","template":"","meta":{"_uf_show_specific_survey":0,"_uf_disable_surveys":false},"pwb-brand":[101],"product_brand":[389],"product_cat":[30],"product_tag":[356,134,357,355],"class_list":{"0":"post-6170","1":"product","2":"type-product","3":"status-publish","4":"has-post-thumbnail","6":"pwb-brand-napoleon","7":"product_brand-napoleon","8":"product_cat-grillimise-tarvikud","9":"product_tag-grilli-labidas","10":"product_tag-grillimise-tarvikud","11":"product_tag-grillresti-puhastushari","12":"product_tag-grilltangid","14":"first","15":"instock","16":"taxable","17":"shipping-taxable","18":"purchasable","19":"product-type-simple"},"brands":[{"id":101,"name":"Napoleon","slug":"napoleon"}],"_links":{"self":[{"href":"https:\/\/tammetorubbq.ee\/fi\/wp-json\/wp\/v2\/product\/6170","targetHints":{"allow":["GET"]}}],"collection":[{"href":"https:\/\/tammetorubbq.ee\/fi\/wp-json\/wp\/v2\/product"}],"about":[{"href":"https:\/\/tammetorubbq.ee\/fi\/wp-json\/wp\/v2\/types\/product"}],"replies":[{"embeddable":true,"href":"https:\/\/tammetorubbq.ee\/fi\/wp-json\/wp\/v2\/comments?post=6170"}],"wp:featuredmedia":[{"embeddable":true,"href":"https:\/\/tammetorubbq.ee\/fi\/wp-json\/wp\/v2\/media\/6171"}],"wp:attachment":[{"href":"https:\/\/tammetorubbq.ee\/fi\/wp-json\/wp\/v2\/media?parent=6170"}],"wp:term":[{"taxonomy":"pwb-brand","embeddable":true,"href":"https:\/\/tammetorubbq.ee\/fi\/wp-json\/wp\/v2\/pwb-brand?post=6170"},{"taxonomy":"product_brand","embeddable":true,"href":"https:\/\/tammetorubbq.ee\/fi\/wp-json\/wp\/v2\/product_brand?post=6170"},{"taxonomy":"product_cat","embeddable":true,"href":"https:\/\/tammetorubbq.ee\/fi\/wp-json\/wp\/v2\/product_cat?post=6170"},{"taxonomy":"product_tag","embeddable":true,"href":"https:\/\/tammetorubbq.ee\/fi\/wp-json\/wp\/v2\/product_tag?post=6170"}],"curies":[{"name":"wp","href":"https:\/\/api.w.org\/{rel}","templated":true}]}}