{"id":6356,"date":"2026-04-01T12:36:26","date_gmt":"2026-04-01T09:36:26","guid":{"rendered":"https:\/\/tammetorubbq.ee\/?post_type=product&#038;p=6356"},"modified":"2026-04-13T20:01:25","modified_gmt":"2026-04-13T17:01:25","slug":"franklin-bbq-brisket-spice-rub-326g","status":"publish","type":"product","link":"https:\/\/tammetorubbq.ee\/fi\/product-2\/franklin-bbq-brisket-spice-rub-326g\/","title":{"rendered":"Franklin BBQ Brisket Spice Rub 326g"},"content":{"rendered":"<p><strong data-start=\"81\" data-end=\"97\">Ainesosat: <\/strong>Sool, must pipar, k\u00fc\u00fcslauk, sibul, suhkur, paprika, v\u00fcrtsid, shiitake seene pulber, tomati pulber, sinep, r\u00e4nidioksiid (vaba voolavuse aine). Sisaldab sinepit.<\/p>\n<p>GLUTEENIVABA, KO\u0160\u0160ER, ILMA TEHISMAITSEAINETE JA MSG-ta<\/p>\n<p><strong>Toitev\u00e4\u00e4rtuste teave<\/strong><\/p>\n<table>\n<thead>\n<tr>\n<th>Portsjoni suurus<\/th>\n<th>\u00bc tl (1 g)<\/th>\n<\/tr>\n<\/thead>\n<tbody>\n<tr>\n<td>Energiat<\/td>\n<td>0 kcal \/ 0 kJ<\/td>\n<\/tr>\n<tr>\n<td>Rasvad<\/td>\n<td>0 g<\/td>\n<\/tr>\n<tr>\n<td>\u2013 millest k\u00fcllastunud<\/td>\n<td>0 g<\/td>\n<\/tr>\n<tr>\n<td>S\u00fcsivesikud<\/td>\n<td>0 g<\/td>\n<\/tr>\n<tr>\n<td>\u2013 millest suhkrud<\/td>\n<td>0 g<\/td>\n<\/tr>\n<tr>\n<td>Valgud<\/td>\n<td>0 g<\/td>\n<\/tr>\n<tr>\n<td>Sool<\/td>\n<td>180 mg<\/td>\n<\/tr>\n<\/tbody>\n<\/table>\n<p><iframe loading=\"lazy\" title=\"Franklin Barbecue - Brisket Spice Rub\" width=\"500\" height=\"281\" src=\"https:\/\/www.youtube.com\/embed\/xh1O9x60YTM?feature=oembed&#038;enablejsapi=1&#038;origin=https:\/\/tammetorubbq.ee\" frameborder=\"0\" allow=\"accelerometer; autoplay; clipboard-write; encrypted-media; gyroscope; picture-in-picture; web-share\" referrerpolicy=\"strict-origin-when-cross-origin\" allowfullscreen><\/iframe><\/p>\n<p>&nbsp;<\/p>\n<p>&nbsp;<\/p>","protected":false},"excerpt":{"rendered":"<h5><\/h5>\n<h5><strong>Autentne Texase BBQ maitse, lihtne kasutada, t\u00e4iuslik tasakaal<\/strong><\/h5>\n<p data-start=\"96\" data-end=\"282\">Premium-kvaliteediga maitseaine, mis on valmistatud Aaron Franklini t\u00e4pselt jahvatatud 16 mesh mustast piprast, j\u00e4medast kosheri soolast ja t\u00e4iuslikult tasakaalustatud v\u00fcrtside segust.<\/p>\n<p data-start=\"284\" data-end=\"400\">See rub on samasugune, mida kasutatakse maailmakuulsate brisketide maitsestamiseks Franklin Barbecue igap\u00e4evaselt.<\/p>\n<p data-start=\"284\" data-end=\"400\">Austinist, Texasest p\u00e4rit Franklin Barbecue on kuulus oma aeglaselt suitsutatud liharoogade poolest. Proovi nende legendaarset brisketit, poolribisid v\u00f5i sealiha, mis on valmistatud traditsioonilise Texase meetodiga, pakkudes rikkalikku maitset ja t\u00e4iuslikku suitsu aroomi.<\/p>\n<p data-start=\"284\" data-end=\"400\"><img loading=\"lazy\" decoding=\"async\" class=\"alignnone wp-image-1842\" src=\"http:\/\/tammetorubbq.ee\/wp-content\/uploads\/2024\/07\/Franklin-BBQ-logo.svg\" alt=\"Franklin BBQ:n logo\" width=\"195\" height=\"110\" \/><\/p>","protected":false},"featured_media":6357,"comment_status":"closed","ping_status":"closed","template":"","meta":{"_uf_show_specific_survey":0,"_uf_disable_surveys":false},"pwb-brand":[83],"product_brand":[],"product_cat":[21],"product_tag":[176,369,121,114,123,119,165],"class_list":{"0":"post-6356","1":"product","2":"type-product","3":"status-publish","4":"has-post-thumbnail","6":"pwb-brand-franklin-barbecue","7":"product_cat-maitseainesegud","8":"product_tag-brisket","9":"product_tag-franklin-bbq","10":"product_tag-koogiviljad","11":"product_tag-sealiha","12":"product_tag-steik","13":"product_tag-veiseliha","14":"product_tag-veiseribi","16":"first","17":"instock","18":"taxable","19":"shipping-taxable","20":"purchasable","21":"product-type-simple"},"brands":[{"id":83,"name":"Franklin Barbecue","slug":"franklin-barbecue"}],"_links":{"self":[{"href":"https:\/\/tammetorubbq.ee\/fi\/wp-json\/wp\/v2\/product\/6356","targetHints":{"allow":["GET"]}}],"collection":[{"href":"https:\/\/tammetorubbq.ee\/fi\/wp-json\/wp\/v2\/product"}],"about":[{"href":"https:\/\/tammetorubbq.ee\/fi\/wp-json\/wp\/v2\/types\/product"}],"replies":[{"embeddable":true,"href":"https:\/\/tammetorubbq.ee\/fi\/wp-json\/wp\/v2\/comments?post=6356"}],"wp:featuredmedia":[{"embeddable":true,"href":"https:\/\/tammetorubbq.ee\/fi\/wp-json\/wp\/v2\/media\/6357"}],"wp:attachment":[{"href":"https:\/\/tammetorubbq.ee\/fi\/wp-json\/wp\/v2\/media?parent=6356"}],"wp:term":[{"taxonomy":"pwb-brand","embeddable":true,"href":"https:\/\/tammetorubbq.ee\/fi\/wp-json\/wp\/v2\/pwb-brand?post=6356"},{"taxonomy":"product_brand","embeddable":true,"href":"https:\/\/tammetorubbq.ee\/fi\/wp-json\/wp\/v2\/product_brand?post=6356"},{"taxonomy":"product_cat","embeddable":true,"href":"https:\/\/tammetorubbq.ee\/fi\/wp-json\/wp\/v2\/product_cat?post=6356"},{"taxonomy":"product_tag","embeddable":true,"href":"https:\/\/tammetorubbq.ee\/fi\/wp-json\/wp\/v2\/product_tag?post=6356"}],"curies":[{"name":"wp","href":"https:\/\/api.w.org\/{rel}","templated":true}]}}