{"id":6358,"date":"2026-04-01T12:58:32","date_gmt":"2026-04-01T09:58:32","guid":{"rendered":"https:\/\/tammetorubbq.ee\/?post_type=product&#038;p=6358"},"modified":"2026-04-09T17:01:53","modified_gmt":"2026-04-09T14:01:53","slug":"sucklebusters-texas-pecan-bbq-rub-113g","status":"publish","type":"product","link":"https:\/\/tammetorubbq.ee\/fi\/product-2\/sucklebusters-texas-pecan-bbq-rub-113g\/","title":{"rendered":"SuckleBusters Texas Pecan BBQ Rub 113g"},"content":{"rendered":"<p><strong>Ainesosat<\/strong>: Suhkur, meresool, pruun suhkur, paprika, t\u0161illipulber, k\u00fc\u00fcslauk, sibul, must pipar, looduslik suitsumaitse, pekanip\u00e4hkli\u00f5li, v\u00fcrtsid ja r\u00e4nidioksiid.<\/p>\n<p>&nbsp;<\/p>","protected":false},"excerpt":{"rendered":"<h5 data-start=\"72\" data-end=\"164\"><\/h5>\n<h5 data-start=\"72\" data-end=\"164\"><strong>Texase traditsioon maitse ja p\u00e4hklilise magususega<\/strong><\/h5>\n<p data-start=\"166\" data-end=\"382\">Magus ja kergelt v\u00fcrtsikas, SuckleBusters Texas Pecan BBQ Rub toob Texase BBQ traditsiooni otse teie grillile. T\u00e4pselt valitud v\u00fcrtside segu ja rikast pekanip\u00e4hkli maitset annab lihale ainulaadse ja maitsva n\u00fcansi.<\/p>\n<p data-start=\"384\" data-end=\"558\">Seda rub\u2019i saab kasutada nii suitsutamisel, r\u00f6stitamisel kui ka grillimisel, luues lihale maitsva kooriku, mis hoiab mahlad sees ja pakub iga suut\u00e4iega maitsete s\u00fcmfooniat.<\/p>\n<p data-start=\"560\" data-end=\"812\"><strong>Sobib suurep\u00e4raselt ribide, linnuliha ja muude lihal\u00f5ikude maitsestamiseks<\/strong>, andes autentse Texase BBQ h\u00f5ngu. Olenemata sellest, kas olete kogenud pitmaster v\u00f5i kodune grillientusiast, saab see rub teie igap\u00e4evasest grillimisest t\u00f5elise gurmeeelamuse.<\/p>\n<p data-start=\"560\" data-end=\"812\">\n<p><img loading=\"lazy\" decoding=\"async\" class=\"wp-image-6359\" src=\"https:\/\/tammetorubbq.ee\/wp-content\/uploads\/2026\/04\/SuckleBusters-logo-300x150.webp\" alt=\"SuckleBusters logo\" width=\"262\" height=\"131\" srcset=\"https:\/\/tammetorubbq.ee\/wp-content\/uploads\/2026\/04\/SuckleBusters-logo-300x150.webp 300w, https:\/\/tammetorubbq.ee\/wp-content\/uploads\/2026\/04\/SuckleBusters-logo-1024x512.webp 1024w, https:\/\/tammetorubbq.ee\/wp-content\/uploads\/2026\/04\/SuckleBusters-logo-768x384.webp 768w, https:\/\/tammetorubbq.ee\/wp-content\/uploads\/2026\/04\/SuckleBusters-logo-1536x768.webp 1536w, https:\/\/tammetorubbq.ee\/wp-content\/uploads\/2026\/04\/SuckleBusters-logo-18x9.webp 18w, https:\/\/tammetorubbq.ee\/wp-content\/uploads\/2026\/04\/SuckleBusters-logo-600x300.webp 600w, https:\/\/tammetorubbq.ee\/wp-content\/uploads\/2026\/04\/SuckleBusters-logo-64x32.webp 64w, https:\/\/tammetorubbq.ee\/wp-content\/uploads\/2026\/04\/SuckleBusters-logo.webp 2000w\" sizes=\"auto, (max-width: 262px) 100vw, 262px\" \/><\/p>","protected":false},"featured_media":6360,"comment_status":"closed","ping_status":"closed","template":"","meta":{"_uf_show_specific_survey":0,"_uf_disable_surveys":false},"pwb-brand":[370],"product_brand":[],"product_cat":[21],"product_tag":[118,159,114,122,371],"class_list":{"0":"post-6358","1":"product","2":"type-product","3":"status-publish","4":"has-post-thumbnail","6":"pwb-brand-sucklebusters","7":"product_cat-maitseainesegud","8":"product_tag-kanaliha","9":"product_tag-kanatiivad","10":"product_tag-sealiha","11":"product_tag-searibi","12":"product_tag-sucklebusters","14":"first","15":"instock","16":"taxable","17":"shipping-taxable","18":"purchasable","19":"product-type-simple"},"brands":[{"id":370,"name":"SuckleBusters","slug":"sucklebusters"}],"_links":{"self":[{"href":"https:\/\/tammetorubbq.ee\/fi\/wp-json\/wp\/v2\/product\/6358","targetHints":{"allow":["GET"]}}],"collection":[{"href":"https:\/\/tammetorubbq.ee\/fi\/wp-json\/wp\/v2\/product"}],"about":[{"href":"https:\/\/tammetorubbq.ee\/fi\/wp-json\/wp\/v2\/types\/product"}],"replies":[{"embeddable":true,"href":"https:\/\/tammetorubbq.ee\/fi\/wp-json\/wp\/v2\/comments?post=6358"}],"wp:featuredmedia":[{"embeddable":true,"href":"https:\/\/tammetorubbq.ee\/fi\/wp-json\/wp\/v2\/media\/6360"}],"wp:attachment":[{"href":"https:\/\/tammetorubbq.ee\/fi\/wp-json\/wp\/v2\/media?parent=6358"}],"wp:term":[{"taxonomy":"pwb-brand","embeddable":true,"href":"https:\/\/tammetorubbq.ee\/fi\/wp-json\/wp\/v2\/pwb-brand?post=6358"},{"taxonomy":"product_brand","embeddable":true,"href":"https:\/\/tammetorubbq.ee\/fi\/wp-json\/wp\/v2\/product_brand?post=6358"},{"taxonomy":"product_cat","embeddable":true,"href":"https:\/\/tammetorubbq.ee\/fi\/wp-json\/wp\/v2\/product_cat?post=6358"},{"taxonomy":"product_tag","embeddable":true,"href":"https:\/\/tammetorubbq.ee\/fi\/wp-json\/wp\/v2\/product_tag?post=6358"}],"curies":[{"name":"wp","href":"https:\/\/api.w.org\/{rel}","templated":true}]}}