{"id":6367,"date":"2026-04-01T13:22:58","date_gmt":"2026-04-01T10:22:58","guid":{"rendered":"https:\/\/tammetorubbq.ee\/?post_type=product&#038;p=6367"},"modified":"2026-04-09T20:00:58","modified_gmt":"2026-04-09T17:00:58","slug":"sucklebusters-bamm-habanero-bbq-rub-404g","status":"publish","type":"product","link":"https:\/\/tammetorubbq.ee\/fi\/product-2\/sucklebusters-bamm-habanero-bbq-rub-404g\/","title":{"rendered":"SuckleBusters BAMM! Habanero BBQ Rub 404g"},"content":{"rendered":"<p><strong>Ainesosat:<\/strong> Meresool, turbinado-suhkur, pruun suhkur, must pipar, t\u0161illipipar, habanero pulber, v\u00fcrtsid ja r\u00e4nidioksiid (alla 2% kleepumise v\u00e4ltimiseks).<\/p>","protected":false},"excerpt":{"rendered":"<h5>Texase stiilis plahvatus <strong>\u2013 v\u00f5imas, s\u00e4rtsakas ja maitserikas segu, mis annab igale lihale t\u00f5eliselt tulise karakteri.<\/strong><\/h5>\n<p data-start=\"107\" data-end=\"449\"><strong data-start=\"118\" data-end=\"161\">BAMM Sweet Heat BBQ Rub\u2019i<\/strong> \u2013 ahvatlev segu, mis lisab teie roogadele vastupandamatult maitsva n\u00fcansi. Kapseldage toitudesse t\u00e4iuslik tasakaal julge v\u00fcrtsikuse ja nauditava magususe vahel. Hoolikalt loodud, et t\u00f5sta teie grillimise taset, muudab see mitmek\u00fclgne maitseaine tavalised road erakordseteks elamusteks.<\/p>\n<p data-start=\"451\" data-end=\"694\">BAMM Sweet Heat rub on valitud nii, et see tooks esile parima teie lemmiklihades, olgu tegemist grillimise, suitsutamise v\u00f5i r\u00f6stimisega. V\u00fcrtside ainulaadne kombinatsioon loob maitsva fusiiooni, mis paneb teie maitsemeeled tantsima r\u00f5\u00f5must.<\/p>\n<p data-start=\"451\" data-end=\"694\"><strong>Kasuta seda ribidele, kanalihale, sealihale v\u00f5i isegi k\u00f6\u00f6giviljadele<\/strong>, et kohe saada maitserikast elamust, mis k\u00f6idab k\u00f5iki laua taga. Naudi <strong data-start=\"1143\" data-end=\"1164\">BAMM Sweet Heat\u2019i<\/strong> maagilist \u00fchendust \u2013 kus v\u00fcrtsikas kohtub magusaga millest s\u00fcnnib unustamatu maitseelamus.<\/p>\n<p data-start=\"451\" data-end=\"694\">\n<p><img loading=\"lazy\" decoding=\"async\" class=\"size-medium wp-image-6359\" src=\"https:\/\/tammetorubbq.ee\/wp-content\/uploads\/2026\/04\/SuckleBusters-logo-300x150.webp\" alt=\"SuckleBusters logo\" width=\"300\" height=\"150\" srcset=\"https:\/\/tammetorubbq.ee\/wp-content\/uploads\/2026\/04\/SuckleBusters-logo-300x150.webp 300w, https:\/\/tammetorubbq.ee\/wp-content\/uploads\/2026\/04\/SuckleBusters-logo-1024x512.webp 1024w, https:\/\/tammetorubbq.ee\/wp-content\/uploads\/2026\/04\/SuckleBusters-logo-768x384.webp 768w, https:\/\/tammetorubbq.ee\/wp-content\/uploads\/2026\/04\/SuckleBusters-logo-1536x768.webp 1536w, https:\/\/tammetorubbq.ee\/wp-content\/uploads\/2026\/04\/SuckleBusters-logo-18x9.webp 18w, https:\/\/tammetorubbq.ee\/wp-content\/uploads\/2026\/04\/SuckleBusters-logo-600x300.webp 600w, https:\/\/tammetorubbq.ee\/wp-content\/uploads\/2026\/04\/SuckleBusters-logo-64x32.webp 64w, https:\/\/tammetorubbq.ee\/wp-content\/uploads\/2026\/04\/SuckleBusters-logo.webp 2000w\" sizes=\"auto, (max-width: 300px) 100vw, 300px\" \/><\/p>\n<p data-start=\"451\" data-end=\"694\">","protected":false},"featured_media":6369,"comment_status":"closed","ping_status":"closed","template":"","meta":{"_uf_show_specific_survey":0,"_uf_disable_surveys":false},"pwb-brand":[370],"product_brand":[],"product_cat":[21],"product_tag":[118,159,121,114,122,371],"class_list":{"0":"post-6367","1":"product","2":"type-product","3":"status-publish","4":"has-post-thumbnail","6":"pwb-brand-sucklebusters","7":"product_cat-maitseainesegud","8":"product_tag-kanaliha","9":"product_tag-kanatiivad","10":"product_tag-koogiviljad","11":"product_tag-sealiha","12":"product_tag-searibi","13":"product_tag-sucklebusters","15":"first","16":"instock","17":"taxable","18":"shipping-taxable","19":"purchasable","20":"product-type-simple"},"brands":[{"id":370,"name":"SuckleBusters","slug":"sucklebusters"}],"_links":{"self":[{"href":"https:\/\/tammetorubbq.ee\/fi\/wp-json\/wp\/v2\/product\/6367","targetHints":{"allow":["GET"]}}],"collection":[{"href":"https:\/\/tammetorubbq.ee\/fi\/wp-json\/wp\/v2\/product"}],"about":[{"href":"https:\/\/tammetorubbq.ee\/fi\/wp-json\/wp\/v2\/types\/product"}],"replies":[{"embeddable":true,"href":"https:\/\/tammetorubbq.ee\/fi\/wp-json\/wp\/v2\/comments?post=6367"}],"wp:featuredmedia":[{"embeddable":true,"href":"https:\/\/tammetorubbq.ee\/fi\/wp-json\/wp\/v2\/media\/6369"}],"wp:attachment":[{"href":"https:\/\/tammetorubbq.ee\/fi\/wp-json\/wp\/v2\/media?parent=6367"}],"wp:term":[{"taxonomy":"pwb-brand","embeddable":true,"href":"https:\/\/tammetorubbq.ee\/fi\/wp-json\/wp\/v2\/pwb-brand?post=6367"},{"taxonomy":"product_brand","embeddable":true,"href":"https:\/\/tammetorubbq.ee\/fi\/wp-json\/wp\/v2\/product_brand?post=6367"},{"taxonomy":"product_cat","embeddable":true,"href":"https:\/\/tammetorubbq.ee\/fi\/wp-json\/wp\/v2\/product_cat?post=6367"},{"taxonomy":"product_tag","embeddable":true,"href":"https:\/\/tammetorubbq.ee\/fi\/wp-json\/wp\/v2\/product_tag?post=6367"}],"curies":[{"name":"wp","href":"https:\/\/api.w.org\/{rel}","templated":true}]}}