{"id":6384,"date":"2026-04-02T10:16:16","date_gmt":"2026-04-02T07:16:16","guid":{"rendered":"https:\/\/tammetorubbq.ee\/?post_type=product&#038;p=6384"},"modified":"2026-04-15T02:00:05","modified_gmt":"2026-04-14T23:00:05","slug":"heath-riles-beef-rub-311g","status":"publish","type":"product","link":"https:\/\/tammetorubbq.ee\/fi\/product-2\/heath-riles-beef-rub-311g\/","title":{"rendered":"Heath Riles Beef Rub 311g"},"content":{"rendered":"<p><strong data-start=\"81\" data-end=\"97\">Ainesosat: <\/strong>Sool, v\u00fcrtsid, kuivatatud k\u00fc\u00fcslauk, looduslik maitseaine (sojavalk), paprika oleoresiin ning v\u00e4hem kui 2% trikaltsiumfosfaati paakumise v\u00e4ltimiseks.<\/p>\n<p><strong>Toitumisalane teave (100 g kohta)<\/strong><\/p>\n<table>\n<thead>\n<tr>\n<th><strong>Toitev\u00e4\u00e4rtus<\/strong><\/th>\n<th><strong>Kogus<\/strong><\/th>\n<\/tr>\n<\/thead>\n<tbody>\n<tr>\n<td>Energia<\/td>\n<td>1046 kJ \/ 250 kcal<\/td>\n<\/tr>\n<tr>\n<td>Rasvad<\/td>\n<td>0 g<\/td>\n<\/tr>\n<tr>\n<td>\u2013 millest k\u00fcllastunud rasvhapped<\/td>\n<td>0 g<\/td>\n<\/tr>\n<tr>\n<td>S\u00fcsivesikud<\/td>\n<td>50 g<\/td>\n<\/tr>\n<tr>\n<td>\u2013 millest suhkrud<\/td>\n<td>0 g<\/td>\n<\/tr>\n<tr>\n<td>Valgud<\/td>\n<td>0 g<\/td>\n<\/tr>\n<tr>\n<td>Sool<\/td>\n<td>39 g<\/td>\n<\/tr>\n<\/tbody>\n<\/table>\n<p>&nbsp;<\/p>\n<h5><strong>Heath Riles on mies, joka on voittanut lukemattomia titteleit\u00e4 maailmanmestaruusluokassa.<\/strong><\/h5>","protected":false},"excerpt":{"rendered":"<p data-start=\"125\" data-end=\"456\">Maitseainesegu mis on <strong>loodud spetsiaalselt veiseliha maitse esiletoomiseks<\/strong>, kuid sobib suurep\u00e4raselt ka teistele lihadele ja isegi k\u00f6\u00f6giviljadele. Segu sisaldab klassikalisi BBQ-maitseid nagu sool, must pipar, k\u00fc\u00fcslauk, t\u0161illipulber ja paprika, mis annavad lihale tugeva, tasakaalus ja kergelt v\u00fcrtsika maitse.<\/p>\n<p data-start=\"458\" data-end=\"723\">Kuigi nimi viitab veiselihale, ei tasu end sellest piirata \u2013 see rub <strong>sobib v\u00e4ga h\u00e4sti ka kanale, sealihale, ribidele, burgeritele ja mereandidele<\/strong>. Seda v\u00f5ib kasutada ka k\u00f6\u00f6giviljade maitsestamiseks, kui soovid neile tugevamat ja suitsust BBQ-stiilis maitset lisada.<\/p>\n<p data-start=\"725\" data-end=\"1149\">Heath Riles Beef Rub on j\u00f5ulise iseloomuga veiserub, mis toob punase liha maitse esile puhta, selge ja tugeva profiiliga. Segu on loodud r\u00f5hutama lihas olevaid looduslikke mahlasid ja umami-toone \u2013 tugev must pipar, tasakaalus soolasus ning k\u00fc\u00fcslauk loovad lihale s\u00fcgava ja ausa maitse. Grillimisel v\u00f5i suitsutamisel aitab see maitseainesegu tekitada lihale ilusa tumeda kooriku, tugeva aroomi ja klassikalise BBQ-karakteri.<\/p>\n<p data-start=\"1151\" data-end=\"1500\" data-is-last-node=\"\" data-is-only-node=\"\">Tegemist on v\u00f5istlustasemel maitseaineseguga, mida kasutavad ka BBQ-v\u00f5istlustel osalevad grillmeistrid. See on ideaalne valik brisketile, steikidele, veiseribidele, burgeripihvidele ja \u00fcldiselt kogu punase liha valmistamiseks. Kui soovid, et liha maitse oleks esikohal ja maitseainesegu seda lihtsalt v\u00f5imendaks, on Beef rub selleks v\u00e4ga \u00f5ige valik.<\/p>\n<p data-start=\"1151\" data-end=\"1500\" data-is-last-node=\"\" data-is-only-node=\"\"><img loading=\"lazy\" decoding=\"async\" class=\"\" src=\"https:\/\/tammetorubbq.ee\/wp-content\/uploads\/2024\/02\/Heath-Riles-Logo-SQ-300x300.png\" width=\"167\" height=\"167\" \/><\/p>","protected":false},"featured_media":6385,"comment_status":"closed","ping_status":"closed","template":"","meta":{"_uf_show_specific_survey":0,"_uf_disable_surveys":false},"pwb-brand":[84],"product_brand":[],"product_cat":[21],"product_tag":[347,118,121,114,122,123,119,165],"class_list":{"0":"post-6384","1":"product","2":"type-product","3":"status-publish","4":"has-post-thumbnail","6":"pwb-brand-heath-riles","7":"product_cat-maitseainesegud","8":"product_tag-heath-riles","9":"product_tag-kanaliha","10":"product_tag-koogiviljad","11":"product_tag-sealiha","12":"product_tag-searibi","13":"product_tag-steik","14":"product_tag-veiseliha","15":"product_tag-veiseribi","17":"first","18":"instock","19":"taxable","20":"shipping-taxable","21":"purchasable","22":"product-type-simple"},"brands":[{"id":84,"name":"Heath Riles","slug":"heath-riles"}],"_links":{"self":[{"href":"https:\/\/tammetorubbq.ee\/fi\/wp-json\/wp\/v2\/product\/6384","targetHints":{"allow":["GET"]}}],"collection":[{"href":"https:\/\/tammetorubbq.ee\/fi\/wp-json\/wp\/v2\/product"}],"about":[{"href":"https:\/\/tammetorubbq.ee\/fi\/wp-json\/wp\/v2\/types\/product"}],"replies":[{"embeddable":true,"href":"https:\/\/tammetorubbq.ee\/fi\/wp-json\/wp\/v2\/comments?post=6384"}],"wp:featuredmedia":[{"embeddable":true,"href":"https:\/\/tammetorubbq.ee\/fi\/wp-json\/wp\/v2\/media\/6385"}],"wp:attachment":[{"href":"https:\/\/tammetorubbq.ee\/fi\/wp-json\/wp\/v2\/media?parent=6384"}],"wp:term":[{"taxonomy":"pwb-brand","embeddable":true,"href":"https:\/\/tammetorubbq.ee\/fi\/wp-json\/wp\/v2\/pwb-brand?post=6384"},{"taxonomy":"product_brand","embeddable":true,"href":"https:\/\/tammetorubbq.ee\/fi\/wp-json\/wp\/v2\/product_brand?post=6384"},{"taxonomy":"product_cat","embeddable":true,"href":"https:\/\/tammetorubbq.ee\/fi\/wp-json\/wp\/v2\/product_cat?post=6384"},{"taxonomy":"product_tag","embeddable":true,"href":"https:\/\/tammetorubbq.ee\/fi\/wp-json\/wp\/v2\/product_tag?post=6384"}],"curies":[{"name":"wp","href":"https:\/\/api.w.org\/{rel}","templated":true}]}}