{"id":6638,"date":"2026-04-14T15:11:40","date_gmt":"2026-04-14T12:11:40","guid":{"rendered":"https:\/\/tammetorubbq.ee\/?post_type=product&#038;p=6638"},"modified":"2026-04-15T01:00:15","modified_gmt":"2026-04-14T22:00:15","slug":"oaka-bbq-truhvli-bbq-kaste-290g","status":"publish","type":"product","link":"https:\/\/tammetorubbq.ee\/fi\/product-2\/oaka-bbq-truhvli-bbq-kaste-290g\/","title":{"rendered":"Oak\u2019a BBQ Tr\u00fchvli BBQ kaste 290g"},"content":{"rendered":"<p data-start=\"95\" data-end=\"412\"><strong data-start=\"95\" data-end=\"111\">Ainesosat: <\/strong>vesi, magus paprikap\u00fcree, suhkur, \u00f5una\u00e4\u00e4dikas, tr\u00fchvlip\u00fcree (4%), sool, tr\u00fchvlimahl (2,2%), tr\u00fchvli\u00f5li (1,5%), sibulapulber, k\u00fc\u00fcslaugupulber, habanero t\u0161illi, stabilisaatorid (guarkummi, ksantaankummi), s\u00e4ilitusaine (kaaliumsorbaat).<br data-start=\"347\" data-end=\"350\" \/>Magusa paprikap\u00fcree ja tr\u00fchvlitooted on p\u00e4rit Euroopa Liidust.<\/p>\n<p data-start=\"414\" data-end=\"570\"><strong data-start=\"414\" data-end=\"430\">S\u00e4ilitamine: <\/strong>Hoida temperatuuril 0 \u00b0C kuni +25 \u00b0C.<br data-start=\"470\" data-end=\"473\" \/>P\u00e4rast avamist hoida k\u00fclmkapis temperatuuril +2 \u00b0C kuni +6 \u00b0C ning tarbida m\u00f5istliku aja jooksul.<\/p>\n<table>\n<thead>\n<tr>\n<th>Toitaineline info (100 g kohta)<\/th>\n<th>V\u00e4\u00e4rtus<\/th>\n<\/tr>\n<\/thead>\n<tbody>\n<tr>\n<td>Energiav\u00e4\u00e4rtus<\/td>\n<td>520 kJ \/ 120 kcal<\/td>\n<\/tr>\n<tr>\n<td>Rasvad<\/td>\n<td>2,7 g<\/td>\n<\/tr>\n<tr>\n<td>\u2013 millest k\u00fcllastunud rasvhapped<\/td>\n<td>0,4 g<\/td>\n<\/tr>\n<tr>\n<td>S\u00fcsivesikud<\/td>\n<td>23,0 g<\/td>\n<\/tr>\n<tr>\n<td>\u2013 millest suhkrud<\/td>\n<td>21,9 g<\/td>\n<\/tr>\n<tr>\n<td>Valgud<\/td>\n<td>1,0 g<\/td>\n<\/tr>\n<tr>\n<td>Sool<\/td>\n<td>3,5 g<\/td>\n<\/tr>\n<\/tbody>\n<\/table>","protected":false},"excerpt":{"rendered":"<p data-start=\"103\" data-end=\"428\">Oak\u2019a BBQ premium-klassi Tr\u00fchvli BBQ kaste on elegantne ja maitsek\u00fcllane segu klassikalisest suitsusest BBQ-maitsest ning tr\u00fchvli luksuslikust ja maal\u00e4hedasest s\u00fcgavusest.<\/p>\n<p data-start=\"103\" data-end=\"428\">Kaste on valmistatud kvaliteetsest tr\u00fchvlip\u00fcreest, -mahlast ja -\u00f5list, pakkudes rafineeritud maitseprofiili, mis muudab igap\u00e4evase grillimise gurmee-elamuseks.<\/p>\n<p data-start=\"430\" data-end=\"590\">Tasakaalustatud magusus suhkru ning \u00f5rn teravus habanero t\u0161illide n\u00e4ol loovad mitmek\u00fclgse ja rikkaliku kastme neile, kes hindavad julgeid maitseid.<\/p>\n<ul data-start=\"96\" data-end=\"644\">\n<li data-section-id=\"1vsqo6z\" data-start=\"96\" data-end=\"270\"><strong data-start=\"98\" data-end=\"122\">Gurmee glasuurimine:<\/strong> Pintselda kastet steikidele, pardifileele v\u00f5i portobello seentele k\u00fcpsetamise viimases etapis, et saavutada l\u00e4ikiv ja tr\u00fchvliaroomiga viimistlus.<\/li>\n<li data-section-id=\"1wclsm9\" data-start=\"272\" data-end=\"407\"><strong data-start=\"274\" data-end=\"295\">Premium burgerid:<\/strong> Kasuta kastet wagyu- v\u00f5i veiselihaburgerite erilise m\u00e4\u00e4rdena, et lisada rikkalik ja umami-maitseline s\u00fcgavus.<\/li>\n<li data-section-id=\"glns63\" data-start=\"409\" data-end=\"529\"><strong data-start=\"411\" data-end=\"425\">Dipikaste:<\/strong> Sobib ideaalselt tr\u00fchvlifriikartulite, r\u00f6stitud kartulite v\u00f5i gurmee eelroogade k\u00f5rvale dipikastmena.<\/li>\n<li data-section-id=\"7ly63f\" data-start=\"531\" data-end=\"644\"><strong data-start=\"533\" data-end=\"548\">Viimistlus:<\/strong> Nirista kastet grillitud k\u00f6\u00f6giviljadele v\u00f5i kasuta seda aluseks rafineeritud BBQ-marinaadile.<\/li>\n<\/ul>\n<div class=\"flex flex-col text-sm pb-25\">\n<section class=\"text-token-text-primary w-full focus:outline-none [--shadow-height:45px] has-data-writing-block:pointer-events-none has-data-writing-block:-mt-(--shadow-height) has-data-writing-block:pt-(--shadow-height) [&amp;:has([data-writing-block])&gt;*]:pointer-events-auto scroll-mt-[calc(var(--header-height)+min(200px,max(70px,20svh)))]\" dir=\"auto\" data-turn-id=\"request-WEB:28c81414-927a-48d4-9f94-a86d0e602202-1\" data-testid=\"conversation-turn-4\" data-scroll-anchor=\"true\" data-turn=\"assistant\">\n<div class=\"text-base my-auto mx-auto pb-10 [--thread-content-margin:var(--thread-content-margin-xs,calc(var(--spacing)*4))] @w-sm\/main:[--thread-content-margin:var(--thread-content-margin-sm,calc(var(--spacing)*6))] @w-lg\/main:[--thread-content-margin:var(--thread-content-margin-lg,calc(var(--spacing)*16))] px-(--thread-content-margin)\">\n<div class=\"[--thread-content-max-width:40rem] @w-lg\/main:[--thread-content-max-width:48rem] mx-auto max-w-(--thread-content-max-width) flex-1 group\/turn-messages focus-visible:outline-hidden relative flex w-full min-w-0 flex-col agent-turn\">\n<div class=\"mt-3 w-full empty:hidden\">\n<div class=\"text-center\">\n<p data-start=\"0\" data-end=\"33\"><strong>Traditsioon, kirg ja elustiil<\/strong><\/p>\n<p data-start=\"35\" data-end=\"307\">Oak\u2019A BBQ ei valmista lihtsalt kastmeid ja maitseainesegusid \u2013 nende eesm\u00e4rk on luua julgeid ja unustamatuid BBQ-elamusi. Iga Oak\u2019A BBQ kastmepudel, iga n\u00e4put\u00e4is maitseainesegu ja iga glasuur on k\u00e4sitsi loodud, et viia sinu grillimine t\u00f5elise kulinaarse rituaali tasemele.<\/p>\n<p data-start=\"309\" data-end=\"547\" data-is-last-node=\"\" data-is-only-node=\"\">BBQ on palju enamat kui lihtsalt toit. See on traditsioon, kirg ja viis inimesi kokku tuua. Kogu maailmas hinnatakse BBQ-d selle rikkalike maitsete, aeglaselt k\u00fcpsetatud t\u00e4iuslikkuse ning r\u00f5\u00f5mu p\u00e4rast, mida pakub otse tulelt jagatud eine.<\/p>\n<\/div>\n<\/div>\n<\/div>\n<\/div>\n<\/section>\n<\/div>\n<div class=\"pointer-events-none h-px w-px absolute bottom-0\" aria-hidden=\"true\" data-edge=\"true\"><\/div>\n<p><img loading=\"lazy\" decoding=\"async\" class=\" wp-image-6555\" src=\"https:\/\/tammetorubbq.ee\/wp-content\/uploads\/2026\/04\/Oaka-BBQ-logo-300x250.png\" alt=\"Oak\u2019a BBQ logo\" width=\"147\" height=\"123\" srcset=\"https:\/\/tammetorubbq.ee\/wp-content\/uploads\/2026\/04\/Oaka-BBQ-logo-300x250.png 300w, https:\/\/tammetorubbq.ee\/wp-content\/uploads\/2026\/04\/Oaka-BBQ-logo-1024x853.png 1024w, https:\/\/tammetorubbq.ee\/wp-content\/uploads\/2026\/04\/Oaka-BBQ-logo-768x640.png 768w, https:\/\/tammetorubbq.ee\/wp-content\/uploads\/2026\/04\/Oaka-BBQ-logo-14x12.png 14w, https:\/\/tammetorubbq.ee\/wp-content\/uploads\/2026\/04\/Oaka-BBQ-logo-600x500.png 600w, https:\/\/tammetorubbq.ee\/wp-content\/uploads\/2026\/04\/Oaka-BBQ-logo-64x53.png 64w, https:\/\/tammetorubbq.ee\/wp-content\/uploads\/2026\/04\/Oaka-BBQ-logo.png 1205w\" sizes=\"auto, (max-width: 147px) 100vw, 147px\" \/><\/p>\n","protected":false},"featured_media":6641,"comment_status":"closed","ping_status":"closed","template":"","meta":{"_uf_show_specific_survey":0,"_uf_disable_surveys":false},"pwb-brand":[383],"product_brand":[384],"product_cat":[22],"product_tag":[138,118,159,385,386,161,123,119],"class_list":{"0":"post-6638","1":"product","2":"type-product","3":"status-publish","4":"has-post-thumbnail","6":"pwb-brand-oaka-bbq","7":"product_brand-oaka-bbq","8":"product_cat-kastmed-ja-marinaadid","9":"product_tag-burger","10":"product_tag-kanaliha","11":"product_tag-kanatiivad","12":"product_tag-oaka-bbq","13":"product_tag-oaka-bbq-kaste","14":"product_tag-pizza","15":"product_tag-steik","16":"product_tag-veiseliha","18":"first","19":"outofstock","20":"taxable","21":"shipping-taxable","22":"purchasable","23":"product-type-simple"},"brands":[{"id":383,"name":"Oak\u2019a BBQ","slug":"oaka-bbq"}],"_links":{"self":[{"href":"https:\/\/tammetorubbq.ee\/fi\/wp-json\/wp\/v2\/product\/6638","targetHints":{"allow":["GET"]}}],"collection":[{"href":"https:\/\/tammetorubbq.ee\/fi\/wp-json\/wp\/v2\/product"}],"about":[{"href":"https:\/\/tammetorubbq.ee\/fi\/wp-json\/wp\/v2\/types\/product"}],"replies":[{"embeddable":true,"href":"https:\/\/tammetorubbq.ee\/fi\/wp-json\/wp\/v2\/comments?post=6638"}],"wp:featuredmedia":[{"embeddable":true,"href":"https:\/\/tammetorubbq.ee\/fi\/wp-json\/wp\/v2\/media\/6641"}],"wp:attachment":[{"href":"https:\/\/tammetorubbq.ee\/fi\/wp-json\/wp\/v2\/media?parent=6638"}],"wp:term":[{"taxonomy":"pwb-brand","embeddable":true,"href":"https:\/\/tammetorubbq.ee\/fi\/wp-json\/wp\/v2\/pwb-brand?post=6638"},{"taxonomy":"product_brand","embeddable":true,"href":"https:\/\/tammetorubbq.ee\/fi\/wp-json\/wp\/v2\/product_brand?post=6638"},{"taxonomy":"product_cat","embeddable":true,"href":"https:\/\/tammetorubbq.ee\/fi\/wp-json\/wp\/v2\/product_cat?post=6638"},{"taxonomy":"product_tag","embeddable":true,"href":"https:\/\/tammetorubbq.ee\/fi\/wp-json\/wp\/v2\/product_tag?post=6638"}],"curies":[{"name":"wp","href":"https:\/\/api.w.org\/{rel}","templated":true}]}}