{"id":6659,"date":"2026-04-15T11:45:45","date_gmt":"2026-04-15T08:45:45","guid":{"rendered":"https:\/\/tammetorubbq.ee\/?post_type=product&#038;p=6659"},"modified":"2026-04-16T23:00:22","modified_gmt":"2026-04-16T20:00:22","slug":"oaka-bbq-ouna-glasuurkaste-420g","status":"publish","type":"product","link":"https:\/\/tammetorubbq.ee\/fi\/product-2\/oaka-bbq-ouna-glasuurkaste-420g\/","title":{"rendered":"Oak\u2019a BBQ \u00f5una glasuurkaste 420g"},"content":{"rendered":"<p><strong data-start=\"97\" data-end=\"113\">Ainesosat: <\/strong>\u00f5unamahl (58%), suhkur, karamelliseeritud suhkrusiirup, sool, happesuse regulaatorid (\u00e4\u00e4dikhape, sidrunhape), paksendaja (modifitseeritud t\u00e4rklis), v\u00fcrtsid, jalape\u00f1o ekstrakt, stabilisaatorid (guarkummi, ksantaankummi), s\u00e4ilitusaine (kaaliumsorbaat).<\/p>\n<table>\n<thead>\n<tr>\n<th>Toitaineline info (100 g kohta)<\/th>\n<th>V\u00e4\u00e4rtus<\/th>\n<\/tr>\n<\/thead>\n<tbody>\n<tr>\n<td>Energiav\u00e4\u00e4rtus<\/td>\n<td>1130 kJ \/ 270 kcal<\/td>\n<\/tr>\n<tr>\n<td>Rasvad<\/td>\n<td>5,9 g<\/td>\n<\/tr>\n<tr>\n<td>\u2013 millest k\u00fcllastunud rasvhapped<\/td>\n<td>3,9 g<\/td>\n<\/tr>\n<tr>\n<td>S\u00fcsivesikud<\/td>\n<td>53,4 g<\/td>\n<\/tr>\n<tr>\n<td>\u2013 millest suhkrud<\/td>\n<td>53,2 g<\/td>\n<\/tr>\n<tr>\n<td>Valgud<\/td>\n<td>0,5 g<\/td>\n<\/tr>\n<tr>\n<td>Sool<\/td>\n<td>0,7 g<\/td>\n<\/tr>\n<\/tbody>\n<\/table>","protected":false},"excerpt":{"rendered":"<p data-start=\"103\" data-end=\"265\">Oak\u2019a BBQ Apple Glaze on aromaatne magushapu glasuurkaste, mis on valmistatud \u00f5unamahlast ning annab roogadele kerge s\u00e4rtsakuse ja tasakaalustatud maitseprofiili.<\/p>\n<p data-start=\"267\" data-end=\"398\">Sobib suurep\u00e4raselt liha marineerimiseks, grillimiseks ja glasuurimiseks, samuti salatite ning igap\u00e4evaste roogade maitsestamiseks.<\/p>\n<ul>\n<li data-section-id=\"7ub4n4\" data-start=\"96\" data-end=\"264\"><strong data-start=\"98\" data-end=\"111\">Liharoad:<\/strong><br data-start=\"111\" data-end=\"114\" \/>Sobib suurep\u00e4raselt ahjus k\u00fcpsetatud ja grillitud lihale nagu kana, sealiha v\u00f5i veiseliha. \u00d5unaglasuur lisab roale loomulikku magus-haput maitset.<\/li>\n<li data-section-id=\"1vbvkm8\" data-start=\"266\" data-end=\"404\"><strong data-start=\"268\" data-end=\"277\">Kala:<\/strong><br data-start=\"277\" data-end=\"280\" \/>Kasuta \u00f5unaglasuuri kala, n\u00e4iteks l\u00f5he, marineerimiseks v\u00f5i glasuurimiseks, et saavutada magususe ja soolasuse tasakaal.<\/li>\n<li data-section-id=\"86b8t8\" data-start=\"406\" data-end=\"570\"><strong data-start=\"408\" data-end=\"423\">Grillimine:<\/strong><br data-start=\"423\" data-end=\"426\" \/>Ideaalne kasutamiseks ahjus v\u00f5i grillil. Pintselda kastet lihale 5\u201310 minutit enne valmimist, et anda sellele kuldne l\u00e4ige ja meeldiv aroom.<\/li>\n<li data-section-id=\"185vxnx\" data-start=\"572\" data-end=\"862\">\n<p data-start=\"574\" data-end=\"730\"><strong data-start=\"574\" data-end=\"611\">Suupisted ja grillitud puuviljad:<\/strong><br data-start=\"611\" data-end=\"614\" \/>Serveeri \u00f5unaglasuuri juustude, p\u00e4hklite ja puuviljade k\u00f5rval, et luua huvitav ja maitsev suupistelaual kooslus.<\/p>\n<p data-start=\"734\" data-end=\"862\">Grilli puuvilju (nt virsikuid v\u00f5i ananassi) ja glasuuriga \u00fcle kattes lisa neile meeldiv hapukus, magusus ja kaunis viimistlus.<\/p>\n<\/li>\n<\/ul>\n<div class=\"flex flex-col text-sm pb-25\">\n<section class=\"text-token-text-primary w-full focus:outline-none [--shadow-height:45px] has-data-writing-block:pointer-events-none has-data-writing-block:-mt-(--shadow-height) has-data-writing-block:pt-(--shadow-height) [&amp;:has([data-writing-block])&gt;*]:pointer-events-auto scroll-mt-[calc(var(--header-height)+min(200px,max(70px,20svh)))]\" dir=\"auto\" data-turn-id=\"request-WEB:28c81414-927a-48d4-9f94-a86d0e602202-1\" data-testid=\"conversation-turn-4\" data-scroll-anchor=\"true\" data-turn=\"assistant\">\n<div class=\"text-base my-auto mx-auto pb-10 [--thread-content-margin:var(--thread-content-margin-xs,calc(var(--spacing)*4))] @w-sm\/main:[--thread-content-margin:var(--thread-content-margin-sm,calc(var(--spacing)*6))] @w-lg\/main:[--thread-content-margin:var(--thread-content-margin-lg,calc(var(--spacing)*16))] px-(--thread-content-margin)\">\n<div class=\"[--thread-content-max-width:40rem] @w-lg\/main:[--thread-content-max-width:48rem] mx-auto max-w-(--thread-content-max-width) flex-1 group\/turn-messages focus-visible:outline-hidden relative flex w-full min-w-0 flex-col agent-turn\">\n<div class=\"mt-3 w-full empty:hidden\">\n<div class=\"text-center\">\n<p data-start=\"0\" data-end=\"33\"><strong>Traditsioon, kirg ja elustiil<\/strong><\/p>\n<p data-start=\"35\" data-end=\"307\">Oak\u2019A BBQ ei valmista lihtsalt kastmeid ja maitseainesegusid \u2013 nende eesm\u00e4rk on luua julgeid ja unustamatuid BBQ-elamusi. Iga Oak\u2019A BBQ kastmepudel, iga n\u00e4put\u00e4is maitseainesegu ja iga glasuur on k\u00e4sitsi loodud, et viia sinu grillimine t\u00f5elise kulinaarse rituaali tasemele.<\/p>\n<p data-start=\"309\" data-end=\"547\" data-is-last-node=\"\" data-is-only-node=\"\">BBQ on palju enamat kui lihtsalt toit. See on traditsioon, kirg ja viis inimesi kokku tuua. Kogu maailmas hinnatakse BBQ-d selle rikkalike maitsete, aeglaselt k\u00fcpsetatud t\u00e4iuslikkuse ning r\u00f5\u00f5mu p\u00e4rast, mida pakub otse tulelt jagatud eine.<\/p>\n<\/div>\n<\/div>\n<\/div>\n<\/div>\n<\/section>\n<\/div>\n<div class=\"pointer-events-none h-px w-px absolute bottom-0\" aria-hidden=\"true\" data-edge=\"true\"><\/div>\n<p><img loading=\"lazy\" decoding=\"async\" class=\" wp-image-6555\" src=\"https:\/\/tammetorubbq.ee\/wp-content\/uploads\/2026\/04\/Oaka-BBQ-logo-300x250.png\" alt=\"Oak\u2019a BBQ logo\" width=\"147\" height=\"123\" srcset=\"https:\/\/tammetorubbq.ee\/wp-content\/uploads\/2026\/04\/Oaka-BBQ-logo-300x250.png 300w, https:\/\/tammetorubbq.ee\/wp-content\/uploads\/2026\/04\/Oaka-BBQ-logo-1024x853.png 1024w, https:\/\/tammetorubbq.ee\/wp-content\/uploads\/2026\/04\/Oaka-BBQ-logo-768x640.png 768w, https:\/\/tammetorubbq.ee\/wp-content\/uploads\/2026\/04\/Oaka-BBQ-logo-14x12.png 14w, https:\/\/tammetorubbq.ee\/wp-content\/uploads\/2026\/04\/Oaka-BBQ-logo-600x500.png 600w, https:\/\/tammetorubbq.ee\/wp-content\/uploads\/2026\/04\/Oaka-BBQ-logo-64x53.png 64w, https:\/\/tammetorubbq.ee\/wp-content\/uploads\/2026\/04\/Oaka-BBQ-logo.png 1205w\" sizes=\"auto, (max-width: 147px) 100vw, 147px\" \/><\/p>\n","protected":false},"featured_media":6660,"comment_status":"closed","ping_status":"closed","template":"","meta":{"_uf_show_specific_survey":0,"_uf_disable_surveys":false},"pwb-brand":[383],"product_brand":[384],"product_cat":[22],"product_tag":[138,118,159,120,385,386,161,114,119],"class_list":{"0":"post-6659","1":"product","2":"type-product","3":"status-publish","4":"has-post-thumbnail","6":"pwb-brand-oaka-bbq","7":"product_brand-oaka-bbq","8":"product_cat-kastmed-ja-marinaadid","9":"product_tag-burger","10":"product_tag-kanaliha","11":"product_tag-kanatiivad","12":"product_tag-mereannid","13":"product_tag-oaka-bbq","14":"product_tag-oaka-bbq-kaste","15":"product_tag-pizza","16":"product_tag-sealiha","17":"product_tag-veiseliha","19":"first","20":"instock","21":"taxable","22":"shipping-taxable","23":"purchasable","24":"product-type-simple"},"brands":[{"id":383,"name":"Oak\u2019a BBQ","slug":"oaka-bbq"}],"_links":{"self":[{"href":"https:\/\/tammetorubbq.ee\/fi\/wp-json\/wp\/v2\/product\/6659","targetHints":{"allow":["GET"]}}],"collection":[{"href":"https:\/\/tammetorubbq.ee\/fi\/wp-json\/wp\/v2\/product"}],"about":[{"href":"https:\/\/tammetorubbq.ee\/fi\/wp-json\/wp\/v2\/types\/product"}],"replies":[{"embeddable":true,"href":"https:\/\/tammetorubbq.ee\/fi\/wp-json\/wp\/v2\/comments?post=6659"}],"wp:featuredmedia":[{"embeddable":true,"href":"https:\/\/tammetorubbq.ee\/fi\/wp-json\/wp\/v2\/media\/6660"}],"wp:attachment":[{"href":"https:\/\/tammetorubbq.ee\/fi\/wp-json\/wp\/v2\/media?parent=6659"}],"wp:term":[{"taxonomy":"pwb-brand","embeddable":true,"href":"https:\/\/tammetorubbq.ee\/fi\/wp-json\/wp\/v2\/pwb-brand?post=6659"},{"taxonomy":"product_brand","embeddable":true,"href":"https:\/\/tammetorubbq.ee\/fi\/wp-json\/wp\/v2\/product_brand?post=6659"},{"taxonomy":"product_cat","embeddable":true,"href":"https:\/\/tammetorubbq.ee\/fi\/wp-json\/wp\/v2\/product_cat?post=6659"},{"taxonomy":"product_tag","embeddable":true,"href":"https:\/\/tammetorubbq.ee\/fi\/wp-json\/wp\/v2\/product_tag?post=6659"}],"curies":[{"name":"wp","href":"https:\/\/api.w.org\/{rel}","templated":true}]}}