{"id":6663,"date":"2026-04-15T13:19:44","date_gmt":"2026-04-15T10:19:44","guid":{"rendered":"https:\/\/tammetorubbq.ee\/?post_type=product&#038;p=6663"},"modified":"2026-04-15T23:00:25","modified_gmt":"2026-04-15T20:00:25","slug":"oaka-bbq-jalapeno-magus-tsillikaste-600g","status":"publish","type":"product","link":"https:\/\/tammetorubbq.ee\/fi\/product-2\/oaka-bbq-jalapeno-magus-tsillikaste-600g\/","title":{"rendered":"Oak\u2019a BBQ jalape\u00f1o magus t\u0161illikaste 600g"},"content":{"rendered":"<p data-start=\"108\" data-end=\"405\"><strong data-start=\"108\" data-end=\"124\">Ainesosat: <\/strong>vesi, suhkur, riisi\u00e4\u00e4dikas, jalape\u00f1o t\u0161illid (5%), spinat (3%), sool, roheline paprika, modifitseeritud t\u00e4rklis, k\u00fc\u00fcslaugugraanulid, karri, k\u00fc\u00fcslauguekstrakt, ingver, happesuse regulaator (sidrunhape), stabilisaatorid (ksantaankummi, guarkummi), s\u00e4ilitusaine (kaaliumsorbaat).<\/p>\n<p data-start=\"407\" data-end=\"563\"><strong data-start=\"407\" data-end=\"423\">S\u00e4ilitamine: <\/strong>hoida temperatuuril 0 \u00b0C kuni +25 \u00b0C. P\u00e4rast avamist hoida k\u00fclmkapis temperatuuril +2 \u00b0C kuni +6 \u00b0C ning tarbida m\u00f5istliku aja jooksul.<\/p>\n<table>\n<thead>\n<tr>\n<th>Toitaineline info (100 g kohta)<\/th>\n<th>V\u00e4\u00e4rtus<\/th>\n<\/tr>\n<\/thead>\n<tbody>\n<tr>\n<td>Energiav\u00e4\u00e4rtus<\/td>\n<td>604 kJ \/ 141 kcal<\/td>\n<\/tr>\n<tr>\n<td>Rasvad<\/td>\n<td>0,1 g<\/td>\n<\/tr>\n<tr>\n<td>\u2013 millest k\u00fcllastunud rasvhapped<\/td>\n<td>0,0 g<\/td>\n<\/tr>\n<tr>\n<td>S\u00fcsivesikud<\/td>\n<td>38,0 g<\/td>\n<\/tr>\n<tr>\n<td>\u2013 millest suhkrud<\/td>\n<td>30,0 g<\/td>\n<\/tr>\n<tr>\n<td>Valgud<\/td>\n<td>2,6 g<\/td>\n<\/tr>\n<tr>\n<td>Sool<\/td>\n<td>2,1 g<\/td>\n<\/tr>\n<\/tbody>\n<\/table>","protected":false},"excerpt":{"rendered":"<p data-start=\"112\" data-end=\"352\">Oak\u2019a BBQ Jalape\u00f1o Sweet Chilli kaste on magushapu ja kergelt v\u00fcrtsikas kaste, mis \u00fchendab jalape\u00f1o t\u0161illi ja spinati maitsed. Tulemuseks on mitmek\u00fclgne kaste, mis sobib nii igap\u00e4evasteks toitudeks kui ka erilisemate roogade valmistamiseks.<\/p>\n<p data-start=\"354\" data-end=\"569\">Sobib suurep\u00e4raselt liha marineerimiseks, grillimiseks, vokiroogadesse ning dipikastmena kasutamiseks. Ideaalne valik Mehhiko k\u00f6\u00f6gi roogade juurde, kuid lisab kerge v\u00fcrtsika aktsendi ka paljudele teistele roogadele.<\/p>\n<ul data-start=\"96\" data-end=\"947\">\n<li data-section-id=\"1u9j8jy\" data-start=\"96\" data-end=\"254\"><strong data-start=\"98\" data-end=\"112\">Dipikaste:<\/strong> Serveeri kastet praetud suupistete k\u00f5rvale, n\u00e4iteks nachod, kevadrullid v\u00f5i praetud krevetid, et lisada roale magusaid ja v\u00fcrtsikaid noote.<\/li>\n<li data-section-id=\"1v62hfv\" data-start=\"256\" data-end=\"427\"><strong data-start=\"258\" data-end=\"276\">Marineerimine:<\/strong> Marineeri kana, sealiha v\u00f5i mereande jalape\u00f1o magusas t\u0161illikastmes enne k\u00fcpsetamist v\u00f5i grillimist, et saavutada rikkalik ja maitsek\u00fcllane tulemus.<\/li>\n<li data-section-id=\"1g6gdoc\" data-start=\"429\" data-end=\"574\"><strong data-start=\"431\" data-end=\"454\">Roogade pealiskiht:<\/strong> Lisa kastet vokiroogadele v\u00f5i kasuta seda burgerite, tacode ja burritode pealiskastmena, et t\u00e4iustada maitseprofiili.<\/li>\n<li data-section-id=\"1375db6\" data-start=\"576\" data-end=\"708\"><strong data-start=\"578\" data-end=\"596\">Pasta ja riis:<\/strong> Sega veidi magusat t\u0161illikastet keedetud riisi v\u00f5i pastaroogadesse, et luua huvitav ja eriline maitsekooslus.<\/li>\n<li data-section-id=\"15a8q3y\" data-start=\"710\" data-end=\"812\"><strong data-start=\"712\" data-end=\"728\">Salatikaste:<\/strong> Kasuta kastet salatikastmena, et anda salatitele v\u00e4rske ja rikkalik maitsen\u00fcanss.<\/li>\n<li data-section-id=\"zukfy5\" data-start=\"814\" data-end=\"947\"><strong data-start=\"816\" data-end=\"832\">Sn\u00e4kivaagen:<\/strong> Lisa kastet sn\u00e4kivaagnale, et pakkuda p\u00f5nevat maitsekontrasti juustu, k\u00f6\u00f6giviljade ja teiste suupistete k\u00f5rvale.<\/li>\n<\/ul>\n<div class=\"flex flex-col text-sm pb-25\">\n<section class=\"text-token-text-primary w-full focus:outline-none [--shadow-height:45px] has-data-writing-block:pointer-events-none has-data-writing-block:-mt-(--shadow-height) has-data-writing-block:pt-(--shadow-height) [&amp;:has([data-writing-block])&gt;*]:pointer-events-auto scroll-mt-[calc(var(--header-height)+min(200px,max(70px,20svh)))]\" dir=\"auto\" data-turn-id=\"request-WEB:28c81414-927a-48d4-9f94-a86d0e602202-1\" data-testid=\"conversation-turn-4\" data-scroll-anchor=\"true\" data-turn=\"assistant\">\n<div class=\"text-base my-auto mx-auto pb-10 [--thread-content-margin:var(--thread-content-margin-xs,calc(var(--spacing)*4))] @w-sm\/main:[--thread-content-margin:var(--thread-content-margin-sm,calc(var(--spacing)*6))] @w-lg\/main:[--thread-content-margin:var(--thread-content-margin-lg,calc(var(--spacing)*16))] px-(--thread-content-margin)\">\n<div class=\"[--thread-content-max-width:40rem] @w-lg\/main:[--thread-content-max-width:48rem] mx-auto max-w-(--thread-content-max-width) flex-1 group\/turn-messages focus-visible:outline-hidden relative flex w-full min-w-0 flex-col agent-turn\">\n<div class=\"mt-3 w-full empty:hidden\">\n<div class=\"text-center\">\n<p data-start=\"0\" data-end=\"33\"><strong>Traditsioon, kirg ja elustiil<\/strong><\/p>\n<p data-start=\"35\" data-end=\"307\">Oak\u2019A BBQ ei valmista lihtsalt kastmeid ja maitseainesegusid \u2013 nende eesm\u00e4rk on luua julgeid ja unustamatuid BBQ-elamusi. Iga Oak\u2019A BBQ kastmepudel, iga n\u00e4put\u00e4is maitseainesegu ja iga glasuur on k\u00e4sitsi loodud, et viia sinu grillimine t\u00f5elise kulinaarse rituaali tasemele.<\/p>\n<p data-start=\"309\" data-end=\"547\" data-is-last-node=\"\" data-is-only-node=\"\">BBQ on palju enamat kui lihtsalt toit. See on traditsioon, kirg ja viis inimesi kokku tuua. Kogu maailmas hinnatakse BBQ-d selle rikkalike maitsete, aeglaselt k\u00fcpsetatud t\u00e4iuslikkuse ning r\u00f5\u00f5mu p\u00e4rast, mida pakub otse tulelt jagatud eine.<\/p>\n<\/div>\n<\/div>\n<\/div>\n<\/div>\n<\/section>\n<\/div>\n<div class=\"pointer-events-none h-px w-px absolute bottom-0\" aria-hidden=\"true\" data-edge=\"true\"><\/div>\n<p><img loading=\"lazy\" decoding=\"async\" class=\" wp-image-6555\" src=\"https:\/\/tammetorubbq.ee\/wp-content\/uploads\/2026\/04\/Oaka-BBQ-logo-300x250.png\" alt=\"Oak\u2019a BBQ logo\" width=\"147\" height=\"123\" srcset=\"https:\/\/tammetorubbq.ee\/wp-content\/uploads\/2026\/04\/Oaka-BBQ-logo-300x250.png 300w, https:\/\/tammetorubbq.ee\/wp-content\/uploads\/2026\/04\/Oaka-BBQ-logo-1024x853.png 1024w, https:\/\/tammetorubbq.ee\/wp-content\/uploads\/2026\/04\/Oaka-BBQ-logo-768x640.png 768w, https:\/\/tammetorubbq.ee\/wp-content\/uploads\/2026\/04\/Oaka-BBQ-logo-14x12.png 14w, https:\/\/tammetorubbq.ee\/wp-content\/uploads\/2026\/04\/Oaka-BBQ-logo-600x500.png 600w, https:\/\/tammetorubbq.ee\/wp-content\/uploads\/2026\/04\/Oaka-BBQ-logo-64x53.png 64w, https:\/\/tammetorubbq.ee\/wp-content\/uploads\/2026\/04\/Oaka-BBQ-logo.png 1205w\" sizes=\"auto, (max-width: 147px) 100vw, 147px\" \/><\/p>\n","protected":false},"featured_media":6664,"comment_status":"closed","ping_status":"closed","template":"","meta":{"_uf_show_specific_survey":0,"_uf_disable_surveys":false},"pwb-brand":[383],"product_brand":[384],"product_cat":[22],"product_tag":[118,121,120,385,386,161,114,119],"class_list":{"0":"post-6663","1":"product","2":"type-product","3":"status-publish","4":"has-post-thumbnail","6":"pwb-brand-oaka-bbq","7":"product_brand-oaka-bbq","8":"product_cat-kastmed-ja-marinaadid","9":"product_tag-kanaliha","10":"product_tag-koogiviljad","11":"product_tag-mereannid","12":"product_tag-oaka-bbq","13":"product_tag-oaka-bbq-kaste","14":"product_tag-pizza","15":"product_tag-sealiha","16":"product_tag-veiseliha","18":"first","19":"instock","20":"taxable","21":"shipping-taxable","22":"purchasable","23":"product-type-simple"},"brands":[{"id":383,"name":"Oak\u2019a BBQ","slug":"oaka-bbq"}],"_links":{"self":[{"href":"https:\/\/tammetorubbq.ee\/fi\/wp-json\/wp\/v2\/product\/6663","targetHints":{"allow":["GET"]}}],"collection":[{"href":"https:\/\/tammetorubbq.ee\/fi\/wp-json\/wp\/v2\/product"}],"about":[{"href":"https:\/\/tammetorubbq.ee\/fi\/wp-json\/wp\/v2\/types\/product"}],"replies":[{"embeddable":true,"href":"https:\/\/tammetorubbq.ee\/fi\/wp-json\/wp\/v2\/comments?post=6663"}],"wp:featuredmedia":[{"embeddable":true,"href":"https:\/\/tammetorubbq.ee\/fi\/wp-json\/wp\/v2\/media\/6664"}],"wp:attachment":[{"href":"https:\/\/tammetorubbq.ee\/fi\/wp-json\/wp\/v2\/media?parent=6663"}],"wp:term":[{"taxonomy":"pwb-brand","embeddable":true,"href":"https:\/\/tammetorubbq.ee\/fi\/wp-json\/wp\/v2\/pwb-brand?post=6663"},{"taxonomy":"product_brand","embeddable":true,"href":"https:\/\/tammetorubbq.ee\/fi\/wp-json\/wp\/v2\/product_brand?post=6663"},{"taxonomy":"product_cat","embeddable":true,"href":"https:\/\/tammetorubbq.ee\/fi\/wp-json\/wp\/v2\/product_cat?post=6663"},{"taxonomy":"product_tag","embeddable":true,"href":"https:\/\/tammetorubbq.ee\/fi\/wp-json\/wp\/v2\/product_tag?post=6663"}],"curies":[{"name":"wp","href":"https:\/\/api.w.org\/{rel}","templated":true}]}}