{"id":6665,"date":"2026-04-15T13:27:47","date_gmt":"2026-04-15T10:27:47","guid":{"rendered":"https:\/\/tammetorubbq.ee\/?post_type=product&#038;p=6665"},"modified":"2026-04-15T23:00:25","modified_gmt":"2026-04-15T20:00:25","slug":"oaka-bbq-mango-ja-habanero-magushapu-kaste-600g","status":"publish","type":"product","link":"https:\/\/tammetorubbq.ee\/fi\/product-2\/oaka-bbq-mango-ja-habanero-magushapu-kaste-600g\/","title":{"rendered":"Oak\u2019a BBQ mango ja habanero magushapu kaste 600g"},"content":{"rendered":"<p data-start=\"108\" data-end=\"465\"><strong data-start=\"108\" data-end=\"124\">Ainesosat: <\/strong>mangop\u00fcree (30,6%), vesi, valge veini\u00e4\u00e4dikas, suhkur, apelsinimahla kontsentraat, dekstroos, tomatipasta, sool, modifitseeritud t\u00e4rklis, t\u0161illihelbed, k\u00fc\u00fcslaugugraanulid, t\u0161illipasta, habanero t\u0161illid (0,2%), cayenne\u2019i pipar, stabilisaatorid (guarkummi, ksantaankummi), looduslik suitsu aroom, s\u00e4ilitusaine (kaaliumsorbaat), sidrunhape.<\/p>\n<p data-start=\"467\" data-end=\"625\"><strong data-start=\"467\" data-end=\"483\">S\u00e4ilitamine: <\/strong>hoida temperatuuril 0 \u00b0C kuni +25 \u00b0C. P\u00e4rast avamist hoida k\u00fclmkapis temperatuuril +2 \u00b0C kuni +6 \u00b0C ning tarbida m\u00f5istliku aja jooksul.<\/p>\n<table>\n<thead>\n<tr>\n<th>Toitaineline info (100 g kohta)<\/th>\n<th>V\u00e4\u00e4rtus<\/th>\n<\/tr>\n<\/thead>\n<tbody>\n<tr>\n<td>Energiav\u00e4\u00e4rtus<\/td>\n<td>501 kJ \/ 119 kcal<\/td>\n<\/tr>\n<tr>\n<td>Rasvad<\/td>\n<td>0,20 g<\/td>\n<\/tr>\n<tr>\n<td>\u2013 millest k\u00fcllastunud rasvhapped<\/td>\n<td>0,03 g<\/td>\n<\/tr>\n<tr>\n<td>S\u00fcsivesikud<\/td>\n<td>28,0 g<\/td>\n<\/tr>\n<tr>\n<td>\u2013 millest suhkrud<\/td>\n<td>24,0 g<\/td>\n<\/tr>\n<tr>\n<td>Valgud<\/td>\n<td>0,9 g<\/td>\n<\/tr>\n<tr>\n<td>Sool<\/td>\n<td>1,1 g<\/td>\n<\/tr>\n<\/tbody>\n<\/table>","protected":false},"excerpt":{"rendered":"<p data-start=\"119\" data-end=\"318\">Oak\u2019a BBQ mango ja habanero magushapu kaste on puuviljase ja v\u00fcrtsika iseloomuga kaste, mis \u00fchendab mango magususe ning habanero t\u0161illi teravuse. Tulemuseks on p\u00f5nev ja tasakaalustatud maitsekooslus.<\/p>\n<p data-start=\"320\" data-end=\"467\">Sobib suurep\u00e4raselt grillitud liha ja kala k\u00f5rvale, riisi- ja salatitoitude juurde ning on suurep\u00e4rane valik liha v\u00f5i k\u00f6\u00f6giviljade marineerimiseks.<\/p>\n<ul data-start=\"96\" data-end=\"957\">\n<li data-section-id=\"goqlvy\" data-start=\"96\" data-end=\"233\"><strong data-start=\"98\" data-end=\"116\">Marineerimine:<\/strong> Ideaalne liha v\u00f5i mereandide marineerimiseks enne grillimist, andes roogadele aromaatse ja maitsek\u00fcllase tulemuse.<\/li>\n<li data-section-id=\"sjbqjp\" data-start=\"235\" data-end=\"347\"><strong data-start=\"237\" data-end=\"259\">Tacod ja burritod:<\/strong> Sobib kastmeks traditsioonilistele Mehhiko roogadele, lisades magusust ja v\u00fcrtsikust.<\/li>\n<li data-section-id=\"13o9xn\" data-start=\"349\" data-end=\"458\"><strong data-start=\"351\" data-end=\"363\">Salatid:<\/strong> Kasuta kastmena salatites v\u00f5i puuviljasalatites, muutes need mahlasemaks ja maitserikkamaks.<\/li>\n<li data-section-id=\"10f2hcp\" data-start=\"460\" data-end=\"590\"><strong data-start=\"462\" data-end=\"485\">Pitad ja tortillad:<\/strong> Sobib kasutamiseks pitade ja tortillade t\u00e4idiseks, et luua eksootilisi ja kergelt v\u00fcrtsikaid roogasid.<\/li>\n<li data-section-id=\"zg3qck\" data-start=\"592\" data-end=\"734\"><strong data-start=\"594\" data-end=\"608\">Mereannid:<\/strong> Sobib suurep\u00e4raselt grillitud v\u00f5i ahjus k\u00fcpsetatud mereandidega (krevetid, kalmaar), lisades troopilise ja v\u00fcrtsika n\u00fcansi.<\/li>\n<li data-section-id=\"1ocjjvj\" data-start=\"736\" data-end=\"849\"><strong data-start=\"738\" data-end=\"749\">Sn\u00e4kid:<\/strong> Serveeri dipikastmena praetud suupistete k\u00f5rvale, pakkudes rikkalikku ja v\u00fcrtsikat maitseelamust.<\/li>\n<li data-section-id=\"1kju11b\" data-start=\"851\" data-end=\"957\"><strong data-start=\"853\" data-end=\"867\">Grillroad:<\/strong> Ideaalne grillitud toitude juurde, rikastades neid aromaatse ja maitsek\u00fcllase kastmega.<\/li>\n<\/ul>\n<div class=\"flex flex-col text-sm pb-25\">\n<section class=\"text-token-text-primary w-full focus:outline-none [--shadow-height:45px] has-data-writing-block:pointer-events-none has-data-writing-block:-mt-(--shadow-height) has-data-writing-block:pt-(--shadow-height) [&amp;:has([data-writing-block])&gt;*]:pointer-events-auto scroll-mt-[calc(var(--header-height)+min(200px,max(70px,20svh)))]\" dir=\"auto\" data-turn-id=\"request-WEB:28c81414-927a-48d4-9f94-a86d0e602202-1\" data-testid=\"conversation-turn-4\" data-scroll-anchor=\"true\" data-turn=\"assistant\">\n<div class=\"text-base my-auto mx-auto pb-10 [--thread-content-margin:var(--thread-content-margin-xs,calc(var(--spacing)*4))] @w-sm\/main:[--thread-content-margin:var(--thread-content-margin-sm,calc(var(--spacing)*6))] @w-lg\/main:[--thread-content-margin:var(--thread-content-margin-lg,calc(var(--spacing)*16))] px-(--thread-content-margin)\">\n<div class=\"[--thread-content-max-width:40rem] @w-lg\/main:[--thread-content-max-width:48rem] mx-auto max-w-(--thread-content-max-width) flex-1 group\/turn-messages focus-visible:outline-hidden relative flex w-full min-w-0 flex-col agent-turn\">\n<div class=\"mt-3 w-full empty:hidden\">\n<div class=\"text-center\">\n<p data-start=\"0\" data-end=\"33\"><strong>Traditsioon, kirg ja elustiil<\/strong><\/p>\n<p data-start=\"35\" data-end=\"307\">Oak\u2019A BBQ ei valmista lihtsalt kastmeid ja maitseainesegusid \u2013 nende eesm\u00e4rk on luua julgeid ja unustamatuid BBQ-elamusi. Iga Oak\u2019A BBQ kastmepudel, iga n\u00e4put\u00e4is maitseainesegu ja iga glasuur on k\u00e4sitsi loodud, et viia sinu grillimine t\u00f5elise kulinaarse rituaali tasemele.<\/p>\n<p data-start=\"309\" data-end=\"547\" data-is-last-node=\"\" data-is-only-node=\"\">BBQ on palju enamat kui lihtsalt toit. See on traditsioon, kirg ja viis inimesi kokku tuua. Kogu maailmas hinnatakse BBQ-d selle rikkalike maitsete, aeglaselt k\u00fcpsetatud t\u00e4iuslikkuse ning r\u00f5\u00f5mu p\u00e4rast, mida pakub otse tulelt jagatud eine.<\/p>\n<\/div>\n<\/div>\n<\/div>\n<\/div>\n<\/section>\n<\/div>\n<div class=\"pointer-events-none h-px w-px absolute bottom-0\" aria-hidden=\"true\" data-edge=\"true\"><\/div>\n<p><img loading=\"lazy\" decoding=\"async\" class=\" wp-image-6555\" src=\"https:\/\/tammetorubbq.ee\/wp-content\/uploads\/2026\/04\/Oaka-BBQ-logo-300x250.png\" alt=\"Oak\u2019a BBQ logo\" width=\"147\" height=\"123\" srcset=\"https:\/\/tammetorubbq.ee\/wp-content\/uploads\/2026\/04\/Oaka-BBQ-logo-300x250.png 300w, https:\/\/tammetorubbq.ee\/wp-content\/uploads\/2026\/04\/Oaka-BBQ-logo-1024x853.png 1024w, https:\/\/tammetorubbq.ee\/wp-content\/uploads\/2026\/04\/Oaka-BBQ-logo-768x640.png 768w, https:\/\/tammetorubbq.ee\/wp-content\/uploads\/2026\/04\/Oaka-BBQ-logo-14x12.png 14w, https:\/\/tammetorubbq.ee\/wp-content\/uploads\/2026\/04\/Oaka-BBQ-logo-600x500.png 600w, https:\/\/tammetorubbq.ee\/wp-content\/uploads\/2026\/04\/Oaka-BBQ-logo-64x53.png 64w, https:\/\/tammetorubbq.ee\/wp-content\/uploads\/2026\/04\/Oaka-BBQ-logo.png 1205w\" sizes=\"auto, (max-width: 147px) 100vw, 147px\" \/><\/p>\n","protected":false},"featured_media":6667,"comment_status":"closed","ping_status":"closed","template":"","meta":{"_uf_show_specific_survey":0,"_uf_disable_surveys":false},"pwb-brand":[383],"product_brand":[384],"product_cat":[22],"product_tag":[118,121,120,385,386,161,114,119],"class_list":{"0":"post-6665","1":"product","2":"type-product","3":"status-publish","4":"has-post-thumbnail","6":"pwb-brand-oaka-bbq","7":"product_brand-oaka-bbq","8":"product_cat-kastmed-ja-marinaadid","9":"product_tag-kanaliha","10":"product_tag-koogiviljad","11":"product_tag-mereannid","12":"product_tag-oaka-bbq","13":"product_tag-oaka-bbq-kaste","14":"product_tag-pizza","15":"product_tag-sealiha","16":"product_tag-veiseliha","18":"first","19":"instock","20":"taxable","21":"shipping-taxable","22":"purchasable","23":"product-type-simple"},"brands":[{"id":383,"name":"Oak\u2019a BBQ","slug":"oaka-bbq"}],"_links":{"self":[{"href":"https:\/\/tammetorubbq.ee\/fi\/wp-json\/wp\/v2\/product\/6665","targetHints":{"allow":["GET"]}}],"collection":[{"href":"https:\/\/tammetorubbq.ee\/fi\/wp-json\/wp\/v2\/product"}],"about":[{"href":"https:\/\/tammetorubbq.ee\/fi\/wp-json\/wp\/v2\/types\/product"}],"replies":[{"embeddable":true,"href":"https:\/\/tammetorubbq.ee\/fi\/wp-json\/wp\/v2\/comments?post=6665"}],"wp:featuredmedia":[{"embeddable":true,"href":"https:\/\/tammetorubbq.ee\/fi\/wp-json\/wp\/v2\/media\/6667"}],"wp:attachment":[{"href":"https:\/\/tammetorubbq.ee\/fi\/wp-json\/wp\/v2\/media?parent=6665"}],"wp:term":[{"taxonomy":"pwb-brand","embeddable":true,"href":"https:\/\/tammetorubbq.ee\/fi\/wp-json\/wp\/v2\/pwb-brand?post=6665"},{"taxonomy":"product_brand","embeddable":true,"href":"https:\/\/tammetorubbq.ee\/fi\/wp-json\/wp\/v2\/product_brand?post=6665"},{"taxonomy":"product_cat","embeddable":true,"href":"https:\/\/tammetorubbq.ee\/fi\/wp-json\/wp\/v2\/product_cat?post=6665"},{"taxonomy":"product_tag","embeddable":true,"href":"https:\/\/tammetorubbq.ee\/fi\/wp-json\/wp\/v2\/product_tag?post=6665"}],"curies":[{"name":"wp","href":"https:\/\/api.w.org\/{rel}","templated":true}]}}