{"id":6668,"date":"2026-04-15T13:38:58","date_gmt":"2026-04-15T10:38:58","guid":{"rendered":"https:\/\/tammetorubbq.ee\/?post_type=product&#038;p=6668"},"modified":"2026-04-15T20:00:21","modified_gmt":"2026-04-15T17:00:21","slug":"oaka-bbq-aprikoosi-magushapu-kaste-600g","status":"publish","type":"product","link":"https:\/\/tammetorubbq.ee\/fi\/product-2\/oaka-bbq-aprikoosi-magushapu-kaste-600g\/","title":{"rendered":"Oak\u2019a BBQ aprikoosi magushapu kaste 600g"},"content":{"rendered":"<p data-start=\"108\" data-end=\"376\"><strong data-start=\"108\" data-end=\"124\">Ainesosat: <\/strong>aprikoosip\u00fcree (40,6%), vesi, suhkur, dekstroos, karamelliseeritud suhkur, sool, modifitseeritud t\u00e4rklis, \u00e4\u00e4dikhape, rapsi\u00f5li, paprikalaastud, v\u00fcrtsiekstraktid, sidrunhape, stabilisaatorid (ksantaankummi, guarkummi), s\u00e4ilitusaine (kaaliumsorbaat).<\/p>\n<p data-start=\"378\" data-end=\"536\"><strong data-start=\"378\" data-end=\"394\">S\u00e4ilitamine: <\/strong>hoida temperatuuril 0 \u00b0C kuni +25 \u00b0C. P\u00e4rast avamist hoida k\u00fclmkapis temperatuuril +2 \u00b0C kuni +6 \u00b0C ning tarbida m\u00f5istliku aja jooksul.<\/p>\n<table>\n<thead>\n<tr>\n<th>Toitaineline info (100 g kohta)<\/th>\n<th>V\u00e4\u00e4rtus<\/th>\n<\/tr>\n<\/thead>\n<tbody>\n<tr>\n<td>Energiav\u00e4\u00e4rtus<\/td>\n<td>560 kJ \/ 141 kcal<\/td>\n<\/tr>\n<tr>\n<td>Rasvad<\/td>\n<td>1,0 g<\/td>\n<\/tr>\n<tr>\n<td>\u2013 millest k\u00fcllastunud rasvhapped<\/td>\n<td>0,07 g<\/td>\n<\/tr>\n<tr>\n<td>S\u00fcsivesikud<\/td>\n<td>30,5 g<\/td>\n<\/tr>\n<tr>\n<td>\u2013 millest suhkrud<\/td>\n<td>27,8 g<\/td>\n<\/tr>\n<tr>\n<td>Valgud<\/td>\n<td>0,2 g<\/td>\n<\/tr>\n<tr>\n<td>Sool<\/td>\n<td>1,1 g<\/td>\n<\/tr>\n<\/tbody>\n<\/table>","protected":false},"excerpt":{"rendered":"<p data-start=\"113\" data-end=\"261\">Oak\u2019a BBQ magushapu kaste aprikoosiga \u00fchendab aprikooside loodusliku magususe meeldiva hapukusega, andes roogadele v\u00e4rskuse ja erilise maitsen\u00fcansi.<\/p>\n<p data-start=\"263\" data-end=\"375\">Sobib suurep\u00e4raselt kana, grilltoitude, salatite, erinevate suupistete ning igap\u00e4evaste roogade maitsestamiseks.<\/p>\n<ul>\n<li data-section-id=\"1aj6wt9\" data-start=\"96\" data-end=\"232\"><strong data-start=\"98\" data-end=\"121\">Liha marineerimine:<\/strong> Marineeri kana, sealiha v\u00f5i veiseliha enne ahjus k\u00fcpsetamist v\u00f5i grillimist, et anda roale magushapu maitse.<\/li>\n<li data-section-id=\"4bqhrx\" data-start=\"234\" data-end=\"351\"><strong data-start=\"236\" data-end=\"255\">K\u00f6\u00f6giviljaroad:<\/strong> Lisa kastet praetud v\u00f5i r\u00f6stitud k\u00f6\u00f6giviljadele, et rikastada rooga magushapu maitsen\u00fcansiga.<\/li>\n<li data-section-id=\"ilaxe0\" data-start=\"353\" data-end=\"468\"><strong data-start=\"355\" data-end=\"371\">Salatikaste:<\/strong> Kasuta kastet salatikastmena, et anda salatile rikkalikum maitse ja selgelt v\u00e4ljendunud aroom.<\/li>\n<li data-section-id=\"140hggl\" data-start=\"470\" data-end=\"621\"><strong data-start=\"472\" data-end=\"487\">Grillimine:<\/strong> Pintselda kastet otse grillitud v\u00f5i ahjus k\u00fcpsetatud lihale. Sobib h\u00e4sti glasuuriks, luues maitsek\u00fcllase ja kergelt kleepuva katte.<\/li>\n<li data-section-id=\"xanwp0\" data-start=\"623\" data-end=\"760\"><strong data-start=\"625\" data-end=\"647\">Praetud suupisted:<\/strong> Magushapu kaste sobib suurep\u00e4raselt praetud suupistete k\u00f5rvale, nagu kanat\u00fckid, sealiha ampsud ja muud sn\u00e4kid.<\/li>\n<\/ul>\n<div class=\"flex flex-col text-sm pb-25\">\n<section class=\"text-token-text-primary w-full focus:outline-none [--shadow-height:45px] has-data-writing-block:pointer-events-none has-data-writing-block:-mt-(--shadow-height) has-data-writing-block:pt-(--shadow-height) [&amp;:has([data-writing-block])&gt;*]:pointer-events-auto scroll-mt-[calc(var(--header-height)+min(200px,max(70px,20svh)))]\" dir=\"auto\" data-turn-id=\"request-WEB:28c81414-927a-48d4-9f94-a86d0e602202-1\" data-testid=\"conversation-turn-4\" data-scroll-anchor=\"true\" data-turn=\"assistant\">\n<div class=\"text-base my-auto mx-auto pb-10 [--thread-content-margin:var(--thread-content-margin-xs,calc(var(--spacing)*4))] @w-sm\/main:[--thread-content-margin:var(--thread-content-margin-sm,calc(var(--spacing)*6))] @w-lg\/main:[--thread-content-margin:var(--thread-content-margin-lg,calc(var(--spacing)*16))] px-(--thread-content-margin)\">\n<div class=\"[--thread-content-max-width:40rem] @w-lg\/main:[--thread-content-max-width:48rem] mx-auto max-w-(--thread-content-max-width) flex-1 group\/turn-messages focus-visible:outline-hidden relative flex w-full min-w-0 flex-col agent-turn\">\n<div class=\"mt-3 w-full empty:hidden\">\n<div class=\"text-center\">\n<p data-start=\"0\" data-end=\"33\"><strong>Traditsioon, kirg ja elustiil<\/strong><\/p>\n<p data-start=\"35\" data-end=\"307\">Oak\u2019A BBQ ei valmista lihtsalt kastmeid ja maitseainesegusid \u2013 nende eesm\u00e4rk on luua julgeid ja unustamatuid BBQ-elamusi. Iga Oak\u2019A BBQ kastmepudel, iga n\u00e4put\u00e4is maitseainesegu ja iga glasuur on k\u00e4sitsi loodud, et viia sinu grillimine t\u00f5elise kulinaarse rituaali tasemele.<\/p>\n<p data-start=\"309\" data-end=\"547\" data-is-last-node=\"\" data-is-only-node=\"\">BBQ on palju enamat kui lihtsalt toit. See on traditsioon, kirg ja viis inimesi kokku tuua. Kogu maailmas hinnatakse BBQ-d selle rikkalike maitsete, aeglaselt k\u00fcpsetatud t\u00e4iuslikkuse ning r\u00f5\u00f5mu p\u00e4rast, mida pakub otse tulelt jagatud eine.<\/p>\n<\/div>\n<\/div>\n<\/div>\n<\/div>\n<\/section>\n<\/div>\n<div class=\"pointer-events-none h-px w-px absolute bottom-0\" aria-hidden=\"true\" data-edge=\"true\"><\/div>\n<p><img loading=\"lazy\" decoding=\"async\" class=\" wp-image-6555\" src=\"https:\/\/tammetorubbq.ee\/wp-content\/uploads\/2026\/04\/Oaka-BBQ-logo-300x250.png\" alt=\"Oak\u2019a BBQ logo\" width=\"147\" height=\"123\" srcset=\"https:\/\/tammetorubbq.ee\/wp-content\/uploads\/2026\/04\/Oaka-BBQ-logo-300x250.png 300w, https:\/\/tammetorubbq.ee\/wp-content\/uploads\/2026\/04\/Oaka-BBQ-logo-1024x853.png 1024w, https:\/\/tammetorubbq.ee\/wp-content\/uploads\/2026\/04\/Oaka-BBQ-logo-768x640.png 768w, https:\/\/tammetorubbq.ee\/wp-content\/uploads\/2026\/04\/Oaka-BBQ-logo-14x12.png 14w, https:\/\/tammetorubbq.ee\/wp-content\/uploads\/2026\/04\/Oaka-BBQ-logo-600x500.png 600w, https:\/\/tammetorubbq.ee\/wp-content\/uploads\/2026\/04\/Oaka-BBQ-logo-64x53.png 64w, https:\/\/tammetorubbq.ee\/wp-content\/uploads\/2026\/04\/Oaka-BBQ-logo.png 1205w\" sizes=\"auto, (max-width: 147px) 100vw, 147px\" \/><\/p>\n","protected":false},"featured_media":6669,"comment_status":"closed","ping_status":"closed","template":"","meta":{"_uf_show_specific_survey":0,"_uf_disable_surveys":false},"pwb-brand":[383],"product_brand":[384],"product_cat":[22],"product_tag":[118,121,120,385,386,161,114,119],"class_list":{"0":"post-6668","1":"product","2":"type-product","3":"status-publish","4":"has-post-thumbnail","6":"pwb-brand-oaka-bbq","7":"product_brand-oaka-bbq","8":"product_cat-kastmed-ja-marinaadid","9":"product_tag-kanaliha","10":"product_tag-koogiviljad","11":"product_tag-mereannid","12":"product_tag-oaka-bbq","13":"product_tag-oaka-bbq-kaste","14":"product_tag-pizza","15":"product_tag-sealiha","16":"product_tag-veiseliha","18":"first","19":"instock","20":"taxable","21":"shipping-taxable","22":"purchasable","23":"product-type-simple"},"brands":[{"id":383,"name":"Oak\u2019a BBQ","slug":"oaka-bbq"}],"_links":{"self":[{"href":"https:\/\/tammetorubbq.ee\/fi\/wp-json\/wp\/v2\/product\/6668","targetHints":{"allow":["GET"]}}],"collection":[{"href":"https:\/\/tammetorubbq.ee\/fi\/wp-json\/wp\/v2\/product"}],"about":[{"href":"https:\/\/tammetorubbq.ee\/fi\/wp-json\/wp\/v2\/types\/product"}],"replies":[{"embeddable":true,"href":"https:\/\/tammetorubbq.ee\/fi\/wp-json\/wp\/v2\/comments?post=6668"}],"wp:featuredmedia":[{"embeddable":true,"href":"https:\/\/tammetorubbq.ee\/fi\/wp-json\/wp\/v2\/media\/6669"}],"wp:attachment":[{"href":"https:\/\/tammetorubbq.ee\/fi\/wp-json\/wp\/v2\/media?parent=6668"}],"wp:term":[{"taxonomy":"pwb-brand","embeddable":true,"href":"https:\/\/tammetorubbq.ee\/fi\/wp-json\/wp\/v2\/pwb-brand?post=6668"},{"taxonomy":"product_brand","embeddable":true,"href":"https:\/\/tammetorubbq.ee\/fi\/wp-json\/wp\/v2\/product_brand?post=6668"},{"taxonomy":"product_cat","embeddable":true,"href":"https:\/\/tammetorubbq.ee\/fi\/wp-json\/wp\/v2\/product_cat?post=6668"},{"taxonomy":"product_tag","embeddable":true,"href":"https:\/\/tammetorubbq.ee\/fi\/wp-json\/wp\/v2\/product_tag?post=6668"}],"curies":[{"name":"wp","href":"https:\/\/api.w.org\/{rel}","templated":true}]}}