{"id":6674,"date":"2026-04-15T13:54:07","date_gmt":"2026-04-15T10:54:07","guid":{"rendered":"https:\/\/tammetorubbq.ee\/?post_type=product&#038;p=6674"},"modified":"2026-04-15T21:01:06","modified_gmt":"2026-04-15T18:01:06","slug":"oaka-bbq-steak-burger-rub-140g","status":"publish","type":"product","link":"https:\/\/tammetorubbq.ee\/fi\/product-2\/oaka-bbq-steak-burger-rub-140g\/","title":{"rendered":"Oak\u2019a BBQ Steak &#038; Burger Rub 140g"},"content":{"rendered":"<p><strong data-start=\"88\" data-end=\"104\">Ainesosat: <\/strong>k\u00fc\u00fcslaugugraanulid, sool, purustatud pipar, magus paprika pulber, suhkur, koriander, suitsutatud paprika pulber, cayenne\u2019i pipar, sibulapulber, jahvatatud k\u00f6\u00f6mned, looduslik maitsetugevdaja, kuivatatud till, oregano, selleri pulber, murulaugu ekstrakt, kardemon, rapsi\u00f5li, loorberilehed, paakumisvastane aine (r\u00e4nidioksiid).<\/p>","protected":false},"excerpt":{"rendered":"<p data-start=\"118\" data-end=\"369\">Oak\u2019a BBQ Steak &amp; Burger maitseainesegu on hoolikalt koostatud segu, mis on spetsiaalselt loodud steikide ja burgerite maitse esiletoomiseks. Segu \u00fchendab kvaliteetsed koostisosad, mis annavad roogadele rikkaliku, intensiivse ja v\u00e4ljendusrikka maitse.<\/p>\n<p data-start=\"371\" data-end=\"539\">Sobib suurep\u00e4raselt grillimiseks, pannil praadimiseks ja marineerimiseks. Samuti on see ideaalne teiste BBQ roogade valmistamiseks, muutes iga ampsu veelgi maitsvamaks.<\/p>\n<ul data-start=\"96\" data-end=\"702\">\n<li data-section-id=\"1jvswpp\" data-start=\"96\" data-end=\"242\"><strong data-start=\"98\" data-end=\"113\">Grillimine:<\/strong> Raputa maitseainesegu steikidele ja burgeritele m\u00f5lemalt poolt enne grillimist, et saavutada mahlane ja maitsek\u00fcllane tulemus.<\/li>\n<li data-section-id=\"13j61op\" data-start=\"244\" data-end=\"340\"><strong data-start=\"246\" data-end=\"259\">Burgerid:<\/strong> Kasuta segu burgeripihvide valmistamisel, et anda neile lisamaitset ja aroomi.<\/li>\n<li data-section-id=\"waibdo\" data-start=\"342\" data-end=\"439\"><strong data-start=\"344\" data-end=\"357\">Hautised:<\/strong> Lisa maitseainesegu hautistele, et anda roale rohkem s\u00fcgavust ja intensiivsust.<\/li>\n<li data-section-id=\"ft26s8\" data-start=\"441\" data-end=\"591\"><strong data-start=\"443\" data-end=\"470\">Kr\u00f5be pind:<\/strong> Kanna segu lihale v\u00f5i kalale enne suitsutamist, et luua maitsev ja aromaatne kr\u00f5be koorik ning esile tuua suitsuaroom.<\/li>\n<li data-section-id=\"11bxbtk\" data-start=\"593\" data-end=\"702\"><strong data-start=\"595\" data-end=\"617\">Ahjus k\u00fcpsetamine:<\/strong> Raputa liha v\u00f5i k\u00f6\u00f6giviljadele enne ahjus k\u00fcpsetamist, et rikastada nende maitset.<\/li>\n<\/ul>\n<div class=\"flex flex-col text-sm pb-25\">\n<section class=\"text-token-text-primary w-full focus:outline-none [--shadow-height:45px] has-data-writing-block:pointer-events-none has-data-writing-block:-mt-(--shadow-height) has-data-writing-block:pt-(--shadow-height) [&amp;:has([data-writing-block])&gt;*]:pointer-events-auto scroll-mt-[calc(var(--header-height)+min(200px,max(70px,20svh)))]\" dir=\"auto\" data-turn-id=\"request-WEB:28c81414-927a-48d4-9f94-a86d0e602202-1\" data-testid=\"conversation-turn-4\" data-scroll-anchor=\"true\" data-turn=\"assistant\">\n<div class=\"text-base my-auto mx-auto pb-10 [--thread-content-margin:var(--thread-content-margin-xs,calc(var(--spacing)*4))] @w-sm\/main:[--thread-content-margin:var(--thread-content-margin-sm,calc(var(--spacing)*6))] @w-lg\/main:[--thread-content-margin:var(--thread-content-margin-lg,calc(var(--spacing)*16))] px-(--thread-content-margin)\">\n<div class=\"[--thread-content-max-width:40rem] @w-lg\/main:[--thread-content-max-width:48rem] mx-auto max-w-(--thread-content-max-width) flex-1 group\/turn-messages focus-visible:outline-hidden relative flex w-full min-w-0 flex-col agent-turn\">\n<div class=\"mt-3 w-full empty:hidden\">\n<div class=\"text-center\">\n<p data-start=\"0\" data-end=\"33\"><strong>Traditsioon, kirg ja elustiil<\/strong><\/p>\n<p data-start=\"35\" data-end=\"307\">Oak\u2019A BBQ ei valmista lihtsalt kastmeid ja maitseainesegusid \u2013 nende eesm\u00e4rk on luua julgeid ja unustamatuid BBQ-elamusi. Iga Oak\u2019A BBQ kastmepudel, iga n\u00e4put\u00e4is maitseainesegu ja iga glasuur on k\u00e4sitsi loodud, et viia sinu grillimine t\u00f5elise kulinaarse rituaali tasemele.<\/p>\n<p data-start=\"309\" data-end=\"547\" data-is-last-node=\"\" data-is-only-node=\"\">BBQ on palju enamat kui lihtsalt toit. See on traditsioon, kirg ja viis inimesi kokku tuua. Kogu maailmas hinnatakse BBQ-d selle rikkalike maitsete, aeglaselt k\u00fcpsetatud t\u00e4iuslikkuse ning r\u00f5\u00f5mu p\u00e4rast, mida pakub otse tulelt jagatud eine.<\/p>\n<\/div>\n<\/div>\n<\/div>\n<\/div>\n<\/section>\n<\/div>\n<div class=\"pointer-events-none h-px w-px absolute bottom-0\" aria-hidden=\"true\" data-edge=\"true\"><\/div>\n<p><img loading=\"lazy\" decoding=\"async\" class=\" wp-image-6555\" src=\"https:\/\/tammetorubbq.ee\/wp-content\/uploads\/2026\/04\/Oaka-BBQ-logo-300x250.png\" alt=\"Oak\u2019a BBQ logo\" width=\"147\" height=\"123\" srcset=\"https:\/\/tammetorubbq.ee\/wp-content\/uploads\/2026\/04\/Oaka-BBQ-logo-300x250.png 300w, https:\/\/tammetorubbq.ee\/wp-content\/uploads\/2026\/04\/Oaka-BBQ-logo-1024x853.png 1024w, https:\/\/tammetorubbq.ee\/wp-content\/uploads\/2026\/04\/Oaka-BBQ-logo-768x640.png 768w, https:\/\/tammetorubbq.ee\/wp-content\/uploads\/2026\/04\/Oaka-BBQ-logo-14x12.png 14w, https:\/\/tammetorubbq.ee\/wp-content\/uploads\/2026\/04\/Oaka-BBQ-logo-600x500.png 600w, https:\/\/tammetorubbq.ee\/wp-content\/uploads\/2026\/04\/Oaka-BBQ-logo-64x53.png 64w, https:\/\/tammetorubbq.ee\/wp-content\/uploads\/2026\/04\/Oaka-BBQ-logo.png 1205w\" sizes=\"auto, (max-width: 147px) 100vw, 147px\" \/><\/p>\n","protected":false},"featured_media":6675,"comment_status":"closed","ping_status":"closed","template":"","meta":{"_uf_show_specific_survey":0,"_uf_disable_surveys":false},"pwb-brand":[383],"product_brand":[384],"product_cat":[21],"product_tag":[138,385,394,166,114,122,119,165],"class_list":{"0":"post-6674","1":"product","2":"type-product","3":"status-publish","4":"has-post-thumbnail","6":"pwb-brand-oaka-bbq","7":"product_brand-oaka-bbq","8":"product_cat-maitseainesegud","9":"product_tag-burger","10":"product_tag-oaka-bbq","11":"product_tag-oaka-bbq-rub","12":"product_tag-rebitudliha","13":"product_tag-sealiha","14":"product_tag-searibi","15":"product_tag-veiseliha","16":"product_tag-veiseribi","18":"first","19":"instock","20":"taxable","21":"shipping-taxable","22":"purchasable","23":"product-type-simple"},"brands":[{"id":383,"name":"Oak\u2019a BBQ","slug":"oaka-bbq"}],"_links":{"self":[{"href":"https:\/\/tammetorubbq.ee\/fi\/wp-json\/wp\/v2\/product\/6674","targetHints":{"allow":["GET"]}}],"collection":[{"href":"https:\/\/tammetorubbq.ee\/fi\/wp-json\/wp\/v2\/product"}],"about":[{"href":"https:\/\/tammetorubbq.ee\/fi\/wp-json\/wp\/v2\/types\/product"}],"replies":[{"embeddable":true,"href":"https:\/\/tammetorubbq.ee\/fi\/wp-json\/wp\/v2\/comments?post=6674"}],"wp:featuredmedia":[{"embeddable":true,"href":"https:\/\/tammetorubbq.ee\/fi\/wp-json\/wp\/v2\/media\/6675"}],"wp:attachment":[{"href":"https:\/\/tammetorubbq.ee\/fi\/wp-json\/wp\/v2\/media?parent=6674"}],"wp:term":[{"taxonomy":"pwb-brand","embeddable":true,"href":"https:\/\/tammetorubbq.ee\/fi\/wp-json\/wp\/v2\/pwb-brand?post=6674"},{"taxonomy":"product_brand","embeddable":true,"href":"https:\/\/tammetorubbq.ee\/fi\/wp-json\/wp\/v2\/product_brand?post=6674"},{"taxonomy":"product_cat","embeddable":true,"href":"https:\/\/tammetorubbq.ee\/fi\/wp-json\/wp\/v2\/product_cat?post=6674"},{"taxonomy":"product_tag","embeddable":true,"href":"https:\/\/tammetorubbq.ee\/fi\/wp-json\/wp\/v2\/product_tag?post=6674"}],"curies":[{"name":"wp","href":"https:\/\/api.w.org\/{rel}","templated":true}]}}